{"id":4146,"date":"2014-06-20T09:14:00","date_gmt":"2014-06-20T09:14:00","guid":{"rendered":"http:\/\/www.pagodethienminh.fr\/?page_id=4146"},"modified":"2014-10-03T14:19:48","modified_gmt":"2014-10-03T14:19:48","slug":"phat-thich-ca-sakyamuni-bouddha","status":"publish","type":"page","link":"https:\/\/www.pagodethienminh.fr\/?page_id=4146","title":{"rendered":"Ph\u1eadt Th\u00edch Ca &#8211; Sakyamuni"},"content":{"rendered":"<p style=\"text-align: justify;\"><a href=\"https:\/\/www.pagodethienminh.fr\/?attachment_id=116\" rel=\"attachment wp-att-116\"><img loading=\"lazy\" decoding=\"async\" class=\"alignleft size-full wp-image-116\" title=\"Cuoc_Doi_Duc_Phat_03-250x300\" src=\"https:\/\/www.pagodethienminh.fr\/wp-content\/uploads\/2011\/04\/Cuoc_Doi_Duc_Phat_03-250x3001.jpg\" alt=\"\" width=\"250\" height=\"300\" srcset=\"https:\/\/www.pagodethienminh.fr\/wp-content\/uploads\/2011\/04\/Cuoc_Doi_Duc_Phat_03-250x3001.jpg 250w, https:\/\/www.pagodethienminh.fr\/wp-content\/uploads\/2011\/04\/Cuoc_Doi_Duc_Phat_03-250x3001-125x150.jpg 125w\" sizes=\"auto, (max-width: 250px) 100vw, 250px\" \/><\/a>Le bouddha est n\u00e9 en Inde il y a plus de 2550 ans dans la ville de Kapilavastu (situ\u00e9e aujourd\u2019hui au N\u00e9pal). Avant de devenir l&#8217;Eveill\u00e9 ou l&#8217;Illumin\u00e9, le Bouddha \u00e9tait un prince de la lign\u00e9e des Sakya, dont le nom f\u00fbt Prince Siddh\u00e2rta. N\u00e9 d\u2019une famille royale, son p\u00e8re Suddhodana \u00e9tait le roi des Sakya et sa m\u00e8re, la reine Mayadevi.<\/p>\n<p style=\"text-align: justify;\">Sept jours apr\u00e8s sa naissance, la reine Mayadevi quitta ce monde et ce fut sa tante Mahaprajapati Gautama qui l&#8217;avait \u00e9lev\u00e9. De nature calme et consciencieuse, il arriva tr\u00e8s vite \u00e0 s&#8217;\u00e9lever vers sa propre intronisation et \u00e0 se tourner vers la m\u00e9ditation. Sa compassion et son amour vers les \u00eatres vivants l&#8217;emmen\u00e8rent vers une approche de l&#8217;existence de la souffrance.<\/p>\n<p style=\"text-align: justify;\"><a href=\"https:\/\/www.pagodethienminh.fr\/?attachment_id=118\" rel=\"attachment wp-att-118\"><img loading=\"lazy\" decoding=\"async\" class=\"alignright size-full wp-image-118\" title=\"Cuoc_Doi_Duc_Phat_12-250x300\" src=\"https:\/\/www.pagodethienminh.fr\/wp-content\/uploads\/2011\/04\/Cuoc_Doi_Duc_Phat_12-250x300.jpg\" alt=\"\" width=\"250\" height=\"300\" srcset=\"https:\/\/www.pagodethienminh.fr\/wp-content\/uploads\/2011\/04\/Cuoc_Doi_Duc_Phat_12-250x300.jpg 250w, https:\/\/www.pagodethienminh.fr\/wp-content\/uploads\/2011\/04\/Cuoc_Doi_Duc_Phat_12-250x300-125x150.jpg 125w\" sizes=\"auto, (max-width: 250px) 100vw, 250px\" \/><\/a>Intelligent et physiquement fort, le Prince excellait dans toutes les disciplines et d\u00e9passait ses ma\u00eetres. Sa Sagesse le guida vers des visions de compassion et d&#8217;amour bienveillant pour lib\u00e9rer les \u00eatres de la souffrance. L&#8217;enfance et l&#8217;adolescence du Prince se d\u00e9roulaient dans la richesse, dans un monde de d\u00e9sir, de beaut\u00e9 mondaine et du bonheur \u00e9ph\u00e9m\u00e8re et superficiel. Tr\u00e8s vite lass\u00e9 par ces richesses et ces joies mondaines, il s\u2019isola pour m\u00e9diter et pour s\u2019\u00e9loigner du bonheur illusoire, jusqu&#8217;au jour o\u00f9 il a eu quatre visions \u00e0 la sortie du palais:<\/p>\n<ol>\n<li><strong>La 1<sup>\u00e8re<\/sup> : un vieillard, souffrance due \u00e0 la vieillesse<\/strong><\/li>\n<li><strong>La 2<sup>\u00e8me<\/sup> : un malade, souffrance due \u00e0 la maladie<\/strong><\/li>\n<li><strong>La 3<sup>\u00e8me<\/sup> : un mort, souffrance due \u00e0 la mort<\/strong><\/li>\n<li style=\"text-align: left;\"><strong>La 4<sup>\u00e8me<\/sup> : un renon\u00e7ant moine,\u00a0s\u00e9r\u00e9nit\u00e9\u00a0due \u00e0 la m\u00e9ditation<\/strong><\/li>\n<\/ol>\n<p style=\"text-align: justify;\">Les trois premiers \u00e9tats lui r\u00e9v\u00e9l\u00e8rent l&#8217;existence r\u00e9elle de la souffrance, et le quatri\u00e8me \u00e9tat fut une voie qui mena \u00e0 la cession de la souffrance, \u00e9tat de paix int\u00e9rieure. A ce moment, le Prince se posa 3 questions suivantes:<\/p>\n<ol>\n<li><em><strong>D&#8217;o\u00f9 venons-nous avant notre naissance?<\/strong><\/em><\/li>\n<li><em><strong>Apr\u00e8s notre mort o\u00f9 irons-nous?<\/strong><\/em><\/li>\n<li><em><strong>Est-ce que la mort marque l&#8217;extinction compl\u00e8te de ce corps et de cet esprit?<\/strong><\/em><\/li>\n<\/ol>\n<p style=\"text-align: justify;\">Ce fut dans ces interrogations que le Prince d\u00e9cida \u00e0 l&#8217;\u00e2ge de 29 ans de quitter sa vie princi\u00e8re en abandonnant son palais, sa famille en tant que renon\u00e7ant moine pour aller chercher la V\u00e9rit\u00e9 \u00e0 ses questions. La souffrance et l&#8217;ignorance des \u00eatres nourrissaient les qualit\u00e9s de Compassion et de Bienveillance du Prince. Son parcours de pratiquant et de renon\u00e7ant fut au d\u00e9but difficile: disciple de plusieurs courants spirituels et pratiquant de 6 ann\u00e9es de mortification, le Prince finit alors au bord de l&#8217;\u00e9puisement physique et mental et fr\u00f4la la mort. A ce moment une jeune femme du nom de Sujatta lui fit offrande d&#8217;un bol de lait. Ce don lui a permis de prendre conscience que la voie de l&#8217;asc\u00e9tisme \u00e9tait une des voies extr\u00eames qui ne pourrait pas le mener \u00e0 l&#8217;illumination et encore moins \u00e0 se lib\u00e9rer de la souffrance physique et mentale.<\/p>\n<p style=\"text-align: justify;\">Cette compr\u00e9hension le lan\u00e7a \u00e0 pers\u00e9v\u00e9rer et \u00e0 continuer dans une pratique juste. Et ce fut dans l\u2019approfondissement de la m\u00e9ditation que le Prince a compris\u00a0clairement l&#8217;origine de l\u2019existence de ce corps ainsi que la vraie nature de l\u2019esprit. Le Prince a ainsi d\u00e9couvert la Voie du Milieu.<\/p>\n<p style=\"text-align: justify;\"><a href=\"https:\/\/www.pagodethienminh.fr\/?attachment_id=119\" rel=\"attachment wp-att-119\"><img loading=\"lazy\" decoding=\"async\" class=\"alignleft size-full wp-image-119\" title=\"Cuoc_Doi_Duc_Phat_18-250x300\" src=\"https:\/\/www.pagodethienminh.fr\/wp-content\/uploads\/2011\/04\/Cuoc_Doi_Duc_Phat_18-250x300.jpg\" alt=\"\" width=\"250\" height=\"300\" srcset=\"https:\/\/www.pagodethienminh.fr\/wp-content\/uploads\/2011\/04\/Cuoc_Doi_Duc_Phat_18-250x300.jpg 250w, https:\/\/www.pagodethienminh.fr\/wp-content\/uploads\/2011\/04\/Cuoc_Doi_Duc_Phat_18-250x300-125x150.jpg 125w\" sizes=\"auto, (max-width: 250px) 100vw, 250px\" \/><\/a>C\u2019est en d\u00e9veloppant la patience et la pers\u00e9v\u00e9rance dans la recherche de la v\u00e9rit\u00e9, qu\u2019il a atteint apr\u00e8s 49 jours de m\u00e9ditation intense sous l&#8217;arbre de Bodhi l\u2019Eveil. Cet \u00e9tat d\u2019Eveil lui a permis de remettre tous les morceaux du puzzle de son cycle de renaissances et de morts, li\u00e9 \u00e0 la loi universelle de causalit\u00e9. Il a compris la cause de l\u2019emprisonnement des \u00eatres de ce cycle et le moyen de s\u2019en lib\u00e9rer, car lui-m\u00eame en \u00e9tait le prisonnier. La d\u00e9couverte fondamentale sur l&#8217;existence et la vraie nature de l&#8217;esprit, sur le lien \u00e9troit entre le corps spirituel et la conception de l&#8217;environnement, sur le Samsara bas\u00e9 sur les illusions de l&#8217;existence, fut pour le Bouddha, dit l\u2019Eveill\u00e9, la r\u00e9ponse \u00e0 ses interrogations.<\/p>\n<p style=\"text-align: justify;\">Heureux de son \u00e9veil et de sa compr\u00e9hension fondamentale sur les causes des souffrances et les rem\u00e8des pour en gu\u00e9rir, le Bouddha partit donner son premier sermon \u00e0 ces anciens maitres et ses compagnons de route, au parc des Gazelles, pr\u00e8s de Sarnath, B\u00e9nar\u00e8s. Son 1<sup>er<\/sup> enseignement d\u00e9crivait et expliquait les Quatre Nobles V\u00e9rit\u00e9s, qui constituent la base fondamentale de tous les enseignements du Bouddha sur la souffrance, l\u2019origine de la souffrance, la cessation de la souffrance et la voie menant \u00e0 la cessation de la souffrance. Ce fut durant 45 ann\u00e9es de sa vie que le Bouddha a parcouru une grande partie de l&#8217;Inde avec son nombre incalculable de disciples pour r\u00e9pandre le dharma, qui constitue de nos jours l\u2019ensemble des enseignements du Bouddha. D\u00e9s lors, trois grands courants du bouddhisme ont vu le jour gr\u00e2ce au Bouddha et \u00e0 sa facilit\u00e9 d\u2019adapter son savoir et ses rem\u00e8des en fonction des \u00e9tats des \u00eatres. Ces trois courants sont:<\/p>\n<ol>\n<li><em><strong>Le petit V\u00e9hicule &#8211; Th\u00e9ravada<\/strong><\/em><\/li>\n<li><em><strong>Le grand V\u00e9hicule &#8211; Mahayana<\/strong><\/em><\/li>\n<li><em><strong>Le v\u00e9hicule de diamant ou tantrique &#8211; Vajrayana<\/strong><\/em><\/li>\n<\/ol>\n<p><a href=\"https:\/\/www.pagodethienminh.fr\/?attachment_id=120\" rel=\"attachment wp-att-120\"><img loading=\"lazy\" decoding=\"async\" class=\"aligncenter size-full wp-image-120\" title=\"Cuoc_Doi_Duc_Phat_26-250x300\" src=\"https:\/\/www.pagodethienminh.fr\/wp-content\/uploads\/2011\/04\/Cuoc_Doi_Duc_Phat_26-250x300.jpg\" alt=\"\" width=\"250\" height=\"300\" srcset=\"https:\/\/www.pagodethienminh.fr\/wp-content\/uploads\/2011\/04\/Cuoc_Doi_Duc_Phat_26-250x300.jpg 250w, https:\/\/www.pagodethienminh.fr\/wp-content\/uploads\/2011\/04\/Cuoc_Doi_Duc_Phat_26-250x300-125x150.jpg 125w\" sizes=\"auto, (max-width: 250px) 100vw, 250px\" \/><\/a><\/p>\n<p style=\"text-align: justify;\">Et ce fut \u00e0 l&#8217;\u00e2ge de 80 ans que le Bouddha abandonna son corps physique de sa derni\u00e8re renaissance dans ce monde. Son extinction lui a permis de rentrer en paranibba\u00f1a, laissant apr\u00e8s cr\u00e9mation de son corps 84000 reliques divis\u00e9es en 3 parts pour les 3 sph\u00e8res.<\/p>\n","protected":false},"excerpt":{"rendered":"<p>Le bouddha est n\u00e9 en Inde il y a plus de 2550 ans dans la ville de Kapilavastu (situ\u00e9e aujourd\u2019hui au N\u00e9pal). Avant de devenir \u2026 <a class=\"continue-reading-link\" href=\"https:\/\/www.pagodethienminh.fr\/?page_id=4146\">Continue \u00e0 lire <span class=\"meta-nav\">&rarr; <\/span><\/a><\/p>\n","protected":false},"author":1,"featured_media":0,"parent":35,"menu_order":0,"comment_status":"closed","ping_status":"closed","template":"template-onecolumn.php","meta":{"_mc_calendar":[],"footnotes":""},"class_list":["post-4146","page","type-page","status-publish","hentry"],"_links":{"self":[{"href":"https:\/\/www.pagodethienminh.fr\/index.php?rest_route=\/wp\/v2\/pages\/4146","targetHints":{"allow":["GET"]}}],"collection":[{"href":"https:\/\/www.pagodethienminh.fr\/index.php?rest_route=\/wp\/v2\/pages"}],"about":[{"href":"https:\/\/www.pagodethienminh.fr\/index.php?rest_route=\/wp\/v2\/types\/page"}],"author":[{"embeddable":true,"href":"https:\/\/www.pagodethienminh.fr\/index.php?rest_route=\/wp\/v2\/users\/1"}],"replies":[{"embeddable":true,"href":"https:\/\/www.pagodethienminh.fr\/index.php?rest_route=%2Fwp%2Fv2%2Fcomments&post=4146"}],"version-history":[{"count":3,"href":"https:\/\/www.pagodethienminh.fr\/index.php?rest_route=\/wp\/v2\/pages\/4146\/revisions"}],"predecessor-version":[{"id":4375,"href":"https:\/\/www.pagodethienminh.fr\/index.php?rest_route=\/wp\/v2\/pages\/4146\/revisions\/4375"}],"up":[{"embeddable":true,"href":"https:\/\/www.pagodethienminh.fr\/index.php?rest_route=\/wp\/v2\/pages\/35"}],"wp:attachment":[{"href":"https:\/\/www.pagodethienminh.fr\/index.php?rest_route=%2Fwp%2Fv2%2Fmedia&parent=4146"}],"curies":[{"name":"wp","href":"https:\/\/api.w.org\/{rel}","templated":true}]}}