{"id":4137,"date":"2014-06-20T08:36:05","date_gmt":"2014-06-20T08:36:05","guid":{"rendered":"http:\/\/www.pagodethienminh.fr\/?page_id=4137"},"modified":"2019-01-30T12:53:22","modified_gmt":"2019-01-30T12:53:22","slug":"bodhisattvas-bo-tat","status":"publish","type":"page","link":"https:\/\/www.pagodethienminh.fr\/?page_id=4137","title":{"rendered":"Bodhisattvas &#8211; B\u1ed3 T\u00e1t"},"content":{"rendered":"<h1 id=\"firstHeading\" class=\"firstHeading\" lang=\"vi\" style=\"text-align: justify;\"><span dir=\"auto\">B\u1ed3 T\u00e1t &#8211;\u00a0Bodhisattvas<\/span><\/h1>\n<p style=\"color: #252525; text-align: justify;\"><b>B\u1ed3 T\u00e1t<\/b>\u00a0l\u00e0 l\u1ed1i vi\u1ebft t\u1eaft c\u1ee7a\u00a0<b>B\u1ed3-\u0111\u1ec1-t\u00e1t-\u0111\u00f3a<\/b>\u00a0(sa.\u00a0<i>bodhisattva<\/i>), c\u00e1ch phi\u00ean \u00e2m ti\u1ebfng Ph\u1ea1n\u00a0<i>bodhisattva<\/i>\u00a0sang H\u00e1n-Vi\u1ec7t, d\u1ecbch \u00fd l\u00e0\u00a0<b>Gi\u00e1c h\u1eefu t\u00ecnh<\/b>, ho\u1eb7c\u00a0<b>\u0110\u1ea1i s\u0129<\/b>. Trong\u00a0<a style=\"color: #0b0080;\" title=\"Ph\u1eadt gi\u00e1o\" href=\"http:\/\/vi.wikipedia.org\/wiki\/Ph%E1%BA%ADt_gi%C3%A1o\">Ph\u1eadt gi\u00e1o<\/a>\u00a0<a style=\"color: #0b0080;\" title=\"\u0110\u1ea1i th\u1eeba\" href=\"http:\/\/vi.wikipedia.org\/wiki\/%C4%90%E1%BA%A1i_th%E1%BB%ABa\">\u0110\u1ea1i th\u1eeba<\/a>, B\u1ed3 T\u00e1t l\u00e0 m\u1ed9t h\u00e0nh gi\u1ea3 sau khi h\u00e0nh tr\u00ec c\u00e1c\u00a0<a style=\"color: #0b0080;\" title=\"Ba-la-m\u1eadt-\u0111a\" href=\"http:\/\/vi.wikipedia.org\/wiki\/Ba-la-m%E1%BA%ADt-%C4%91a\">Ba-la-m\u1eadt-\u0111a<\/a>\u00a0\u0111\u00e3 t\u1ef1u Ph\u1eadt qu\u1ea3, nh\u01b0ng nguy\u1ec7n kh\u00f4ng nh\u1eadp\u00a0<a style=\"color: #0b0080;\" title=\"Ni\u1ebft-b\u00e0n\" href=\"http:\/\/vi.wikipedia.org\/wiki\/Ni%E1%BA%BFt-b%C3%A0n\">Ni\u1ebft-b\u00e0n<\/a>\u00a0khi ch\u00fang sinh ch\u01b0a\u00a0<a style=\"color: #0b0080;\" title=\"Gi\u00e1c ng\u1ed9\" href=\"http:\/\/vi.wikipedia.org\/wiki\/Gi%C3%A1c_ng%E1%BB%99\">gi\u00e1c ng\u1ed9<\/a>.<\/p>\n<p style=\"color: #252525; text-align: justify;\">Y\u1ebfu t\u1ed1 c\u01a1 b\u1ea3n c\u1ee7a B\u1ed3 T\u00e1t l\u00e0 l\u00f2ng\u00a0<a class=\"new\" style=\"color: #a55858;\" title=\"T\u1eeb bi (trang ch\u01b0a \u0111\u01b0\u1ee3c vi\u1ebft)\" href=\"http:\/\/vi.wikipedia.org\/w\/index.php?title=T%E1%BB%AB_bi&amp;action=edit&amp;redlink=1\">T\u1eeb bi<\/a>\u00a0\u0111i song song v\u1edbi\u00a0<a style=\"color: #0b0080;\" title=\"B\u00e1t-nh\u00e3\" href=\"http:\/\/vi.wikipedia.org\/wiki\/B%C3%A1t-nh%C3%A3\">Tr\u00ed hu\u1ec7<\/a>. Ch\u01b0 B\u1ed3 T\u00e1t th\u01b0\u1eddng c\u1ee9u \u0111\u1ed9 ch\u00fang sinh v\u00e0 s\u1eb5n s\u00e0ng th\u1ee5 l\u00e3nh t\u1ea5t c\u1ea3 m\u1ecdi \u0111au kh\u1ed5 c\u1ee7a ch\u00fang sinh c\u0169ng nh\u01b0 h\u1ed3i h\u01b0\u1edbng ph\u00fac \u0111\u1ee9c m\u00ecnh cho k\u1ebb kh\u00e1c. Con \u0111\u01b0\u1eddng tu h\u1ecdc c\u1ee7a B\u1ed3 t\u00e1t b\u1eaft \u0111\u1ea7u b\u1eb1ng luy\u1ec7n t\u00e2m\u00a0<a style=\"color: #0b0080;\" title=\"B\u1ed3-\u0111\u1ec1\" href=\"http:\/\/vi.wikipedia.org\/wiki\/B%E1%BB%93-%C4%91%E1%BB%81\">B\u1ed3-\u0111\u1ec1<\/a>\u00a0v\u00e0 gi\u1eef\u00a0<a class=\"new\" style=\"color: #a55858;\" title=\"B\u1ed3 T\u00e1t h\u1ea1nh nguy\u1ec7n (trang ch\u01b0a \u0111\u01b0\u1ee3c vi\u1ebft)\" href=\"http:\/\/vi.wikipedia.org\/w\/index.php?title=B%E1%BB%93_T%C3%A1t_h%E1%BA%A1nh_nguy%E1%BB%87n&amp;action=edit&amp;redlink=1\">B\u1ed3 T\u00e1t h\u1ea1nh nguy\u1ec7n<\/a>. H\u00e0nh tr\u00ecnh tu h\u1ecdc c\u1ee7a B\u1ed3 T\u00e1t theo kinh Hoa Nghi\u00eam th\u00ec c\u00f3 52 qu\u1ea3 v\u1ecb g\u1ed3m Th\u1eadp T\u00ednh, Th\u1eadp Tr\u1ee5, Th\u1eadp H\u1ea1nh, Th\u1eadp H\u1ed3i H\u01b0\u1edbng,\u00a0<a style=\"color: #0b0080;\" title=\"Th\u1eadp \u0111\u1ecba\" href=\"http:\/\/vi.wikipedia.org\/wiki\/Th%E1%BA%ADp_%C4%91%E1%BB%8Ba\">Th\u1eadp \u0111\u1ecba<\/a>\u00a0v\u00e0 hai qu\u1ea3 v\u1ecb cu\u1ed1i c\u00f9ng l\u00e0 \u0110\u1eb3ng gi\u00e1c v\u00e0 Di\u1ec7u gi\u00e1c.<\/p>\n<h2 style=\"text-align: justify;\"><span id=\"Kh.C3.A1c_bi.E1.BB.87t_gi.E1.BB.AFa_.C4.90.E1.BA.A1i_th.E1.BB.ABa_v.C3.A0_Ti.E1.BB.83u_th.E1.BB.ABa\" class=\"mw-headline\">Kh\u00e1c bi\u1ec7t gi\u1eefa \u0110\u1ea1i th\u1eeba v\u00e0 Ti\u1ec3u th\u1eeba &#8211; Les diff\u00e9rences entre Mahayana et Hinayana<\/span><\/h2>\n<p style=\"text-align: justify;\">H\u00ecnh \u1ea3nh B\u1ed3 T\u00e1t c\u1ee7a\u00a0<a style=\"color: #0b0080;\" title=\"\u0110\u1ea1i th\u1eeba\" href=\"http:\/\/vi.wikipedia.org\/wiki\/%C4%90%E1%BA%A1i_th%E1%BB%ABa\">\u0110\u1ea1i th\u1eeba<\/a>\u00a0t\u01b0\u01a1ng t\u1ef1 nh\u01b0\u00a0<a style=\"color: #0b0080;\" title=\"A-la-h\u00e1n\" href=\"http:\/\/vi.wikipedia.org\/wiki\/A-la-h%C3%A1n\">A-la-h\u00e1n<\/a>\u00a0c\u1ee7a\u00a0<a style=\"color: #0b0080;\" title=\"Ti\u1ec3u th\u1eeba\" href=\"http:\/\/vi.wikipedia.org\/wiki\/Ti%E1%BB%83u_th%E1%BB%ABa\">Ti\u1ec3u th\u1eeba<\/a>, trong \u0111\u00f3 A-la-h\u00e1n t\u1eadp trung v\u00e0o s\u1ef1 gi\u1ea3i tho\u00e1t cho ch\u00ednh m\u00ecnh.<\/p>\n<p style=\"text-align: justify;\">Trong nhi\u1ec1u kinh Nikaya,\u00a0<a style=\"color: #0b0080;\" title=\"A-la-h\u00e1n\" href=\"http:\/\/vi.wikipedia.org\/wiki\/A-la-h%C3%A1n\">A-la-h\u00e1n<\/a>\u00a0l\u00e0 m\u1ed9t b\u1eadc Th\u00e1nh ho\u00e0n h\u1ea3o, \u0111\u1ea7y l\u00f2ng t\u1eeb bi th\u01b0\u01a1ng y\u00eau ch\u00fang sinh nh\u01b0ng d\u1ea5u k\u00edn trong phong c\u00e1ch tr\u1ea7m m\u1eb7c hi\u1ec1n l\u00e0nh. Th\u1eadt s\u1ef1 th\u00ec kh\u00e1i ni\u1ec7m B\u1ed3 t\u00e1t \u0111\u00e3 \u0111\u01b0\u1ee3c t\u00ecm th\u1ea5y trong c\u00e1c kinh Ti\u1ec3u th\u1eeba, nh\u1ea5t l\u00e0 khi n\u00f3i v\u1ec1 c\u00e1c ti\u1ec1n th\u00e2n \u0111\u1ee9c\u00a0<a style=\"color: #0b0080;\" title=\"T\u1ea5t-\u0111\u1ea1t-\u0111a C\u1ed3-\u0111\u00e0m\" href=\"http:\/\/vi.wikipedia.org\/wiki\/T%E1%BA%A5t-%C4%91%E1%BA%A1t-%C4%91a_C%E1%BB%93-%C4%91%C3%A0m\">Ph\u1eadt Th\u00edch-ca<\/a>\u00a0(<i><a style=\"color: #0b0080;\" title=\"B\u1ea3n sinh kinh\" href=\"http:\/\/vi.wikipedia.org\/wiki\/B%E1%BA%A3n_sinh_kinh\">B\u1ea3n sinh kinh<\/a><\/i>). Trong \u0110\u1ea1i th\u1eeba, khi n\u00f3i \u0111\u1ebfn B\u1ed3 T\u00e1t, ng\u01b0\u1eddi ta xem \u0111\u00f3 l\u00e0 ti\u1ec1n th\u00e2n c\u1ee7a c\u00e1c v\u1ecb Ph\u1eadt t\u01b0\u01a1ng lai. \u0110\u1ea1i th\u1eeba chia l\u00e0m hai h\u1ea1ng B\u1ed3 T\u00e1t: B\u1ed3 T\u00e1t \u0111ang s\u1ed1ng tr\u00ean\u00a0<a style=\"color: #0b0080;\" title=\"Tr\u00e1i \u0110\u1ea5t\" href=\"http:\/\/vi.wikipedia.org\/wiki\/Tr%C3%A1i_%C4%90%E1%BA%A5t\">Tr\u00e1i \u0110\u1ea5t<\/a>\u00a0v\u00e0 B\u1ed3 T\u00e1t si\u00eau vi\u1ec7t. C\u00e1c v\u1ecb \u0111ang s\u1ed1ng tr\u00ean Tr\u00e1i \u0110\u1ea5t l\u00e0 nh\u1eefng ng\u01b0\u1eddi \u0111\u1ea7y l\u00f2ng t\u1eeb bi, gi\u00fap \u0111\u1ee1 ch\u00fang sinh, h\u01b0\u1edbng v\u1ec1 Ph\u1eadt qu\u1ea3. C\u00e1c v\u1ecb B\u1ed3 T\u00e1t si\u00eau vi\u1ec7t l\u00e0 ng\u01b0\u1eddi \u0111\u00e3 \u0111\u1ea1t c\u00e1c h\u1ea1nh\u00a0<a class=\"mw-redirect\" style=\"color: #0b0080;\" title=\"Ba-la-m\u1eadt\" href=\"http:\/\/vi.wikipedia.org\/wiki\/Ba-la-m%E1%BA%ADt\">Ba-la-m\u1eadt<\/a>\u00a0v\u00e0\u00a0<a class=\"new\" style=\"color: #a55858;\" title=\"Ph\u1eadt qu\u1ea3 (trang ch\u01b0a \u0111\u01b0\u1ee3c vi\u1ebft)\" href=\"http:\/\/vi.wikipedia.org\/w\/index.php?title=Ph%E1%BA%ADt_qu%E1%BA%A3&amp;action=edit&amp;redlink=1\">Ph\u1eadt qu\u1ea3<\/a>\u00a0\u2013 nh\u01b0ng ch\u01b0a nh\u1eadp Ni\u1ebft-b\u00e0n. \u0110\u00f3 l\u00e0 c\u00e1c v\u1ecb \u0111\u00e3 \u0111\u1ea1t\u00a0<a class=\"new\" style=\"color: #a55858;\" title=\"Nh\u1ea5t thi\u1ebft tr\u00ed (trang ch\u01b0a \u0111\u01b0\u1ee3c vi\u1ebft)\" href=\"http:\/\/vi.wikipedia.org\/w\/index.php?title=Nh%E1%BA%A5t_thi%E1%BA%BFt_tr%C3%AD&amp;action=edit&amp;redlink=1\">Nh\u1ea5t thi\u1ebft tr\u00ed<\/a>, kh\u00f4ng c\u00f2n \u1edf trong\u00a0<a style=\"color: #0b0080;\" title=\"Lu\u00e2n h\u1ed3i\" href=\"http:\/\/vi.wikipedia.org\/wiki\/Lu%C3%A2n_h%E1%BB%93i\">Lu\u00e2n h\u1ed3i<\/a>, xu\u1ea5t hi\u1ec7n trong th\u1ebf gian d\u01b0\u1edbi nhi\u1ec1u d\u1ea1ng kh\u00e1c nhau \u0111\u1ec3 c\u1ee9u \u0111\u1ed9 ch\u00fang sinh. \u0110\u00f3 l\u00e0 c\u00e1c v\u1ecb \u0111\u01b0\u1ee3c Ph\u1eadt t\u1eed t\u00f4n th\u1edd v\u00e0 \u0111\u1ea3nh l\u1ec5, quan tr\u1ecdng nh\u1ea5t l\u00e0 c\u00e1c v\u1ecb B\u1ed3 T\u00e1t\u00a0<a style=\"color: #0b0080;\" title=\"Qu\u00e1n Th\u1ebf \u00c2m\" href=\"http:\/\/vi.wikipedia.org\/wiki\/Qu%C3%A1n_Th%E1%BA%BF_%C3%82m\">Qu\u00e1n Th\u1ebf \u00c2m<\/a>\u00a0,\u00a0<a style=\"color: #0b0080;\" title=\"V\u0103n-th\u00f9-s\u01b0-l\u1ee3i\" href=\"http:\/\/vi.wikipedia.org\/wiki\/V%C4%83n-th%C3%B9-s%C6%B0-l%E1%BB%A3i\">V\u0103n-th\u00f9-s\u01b0-l\u1ee3i<\/a>\u00a0,\u00a0<a class=\"mw-redirect\" style=\"color: #0b0080;\" title=\"\u0110\u1ecba T\u1ea1ng B\u1ed3 T\u00e1t\" href=\"http:\/\/vi.wikipedia.org\/wiki\/%C4%90%E1%BB%8Ba_T%E1%BA%A1ng_B%E1%BB%93_T%C3%A1t\">\u0110\u1ecba T\u1ea1ng<\/a>\u00a0,\u00a0<a style=\"color: #0b0080;\" title=\"\u0110\u1ea1i Th\u1ebf Ch\u00ed\" href=\"http:\/\/vi.wikipedia.org\/wiki\/%C4%90%E1%BA%A1i_Th%E1%BA%BF_Ch%C3%AD\">\u0110\u1ea1i Th\u1ebf Ch\u00ed<\/a>\u00a0v\u00e0\u00a0<a style=\"color: #0b0080;\" title=\"Ph\u1ed5 Hi\u1ec1n\" href=\"http:\/\/vi.wikipedia.org\/wiki\/Ph%E1%BB%95_Hi%E1%BB%81n\">Ph\u1ed5 Hi\u1ec1n<\/a>.<\/p>\n<h2 style=\"text-align: justify;\"><span id=\"Nh.E1.BB.AFng_ng.C6.B0.E1.BB.9Di_c.C3.B3_t.E1.BA.A5m_l.C3.B2ng_bao_la\" class=\"mw-headline\">Nh\u1eefng ng\u01b0\u1eddi c\u00f3 t\u1ea5m l\u00f2ng bao la &#8211; Personnes ayant une ouverture infinie<\/span><\/h2>\n<p style=\"text-align: justify;\">Th\u1eadt ra trong \u0111\u1ea1o Ph\u1eadt, ng\u01b0\u1eddi ta hi\u1ec3u t\u1eeb B\u1ed3 T\u00e1t v\u1edbi ngh\u0129a kh\u00e1 r\u1ed9ng, kh\u00f4ng h\u1eb3n ch\u1ec9 l\u00e0 nh\u1eefng v\u1ecb B\u1ed3 T\u00e1t th\u1ea7n th\u00f4ng qu\u1ea3ng \u0111\u1ea1i \u1ea9n hi\u1ec7n kh\u1eafp n\u01a1i tr\u00ean c\u00f5i cao v\u1eddi, m\u00e0 c\u00f2n l\u00e0 nh\u1eefng ng\u01b0\u1eddi c\u00f3 t\u1ea5m l\u00f2ng \u0111\u1ed9 l\u01b0\u1ee3ng nh\u00e2n \u00e1i, s\u1ed1ng gi\u1eefa cu\u1ed9c \u0111\u1eddi th\u1ef1c t\u1ebf n\u00e0y. Ch\u00ednh v\u00ec \u00fd ngh\u0129a r\u1ed9ng l\u1edbn c\u1ee7a B\u1ed3 T\u00e1t nh\u01b0 v\u1eady n\u00ean h\u00ecnh \u1ea3nh c\u1ee7a \u0111\u1ea1o Ph\u1eadt g\u1ea7n g\u0169i, \u0111\u1eb9p \u0111\u1ebd v\u00e0 s\u1ed1ng \u0111\u1ed9ng.<\/p>\n<p style=\"text-align: justify;\">M\u1ed9t ng\u01b0\u1eddi \u0111\u01b0\u1ee3c g\u1ecdi l\u00e0 B\u1ed3 T\u00e1t l\u00e0 ng\u01b0\u1eddi th\u01b0\u01a1ng y\u00eau m\u1ecdi ng\u01b0\u1eddi xung quanh m\u00ecnh, s\u1eb5n l\u00f2ng gi\u00fap \u0111\u1ee1 khi c\u00f3 th\u1ec3, d\u01b0\u1eddng nh\u01b0 ch\u1eb3ng th\u1ea5y gi\u1eadn gh\u00e9t ai. Nh\u1eefng t\u00e2m h\u1ea1nh nh\u01b0 th\u1ebf r\u1ea5t ph\u00f9 h\u1ee3p v\u1edbi ti\u00eau chu\u1ea9n c\u1ee7a m\u1ed9t v\u1ecb ch\u1ee9ng Th\u00e1nh qu\u1ea3 Tu \u0111\u00e0 ho\u00e0n tr\u1edf l\u00ean. \u1ede\u00a0<a style=\"color: #0b0080;\" title=\"Vi\u1ec7t Nam\" href=\"http:\/\/vi.wikipedia.org\/wiki\/Vi%E1%BB%87t_Nam\">Vi\u1ec7t Nam<\/a>,\u00a0<a style=\"color: #0b0080;\" title=\"Nguy\u1ec5n H\u1eefu D\u1eadt\" href=\"http:\/\/vi.wikipedia.org\/wiki\/Nguy%E1%BB%85n_H%E1%BB%AFu_D%E1%BA%ADt\">Nguy\u1ec5n H\u1eefu D\u1eadt<\/a>\u00a0(m\u1ed9t v\u1ecb quan s\u1ed1ng v\u00e0o th\u1eddi\u00a0<a style=\"color: #0b0080;\" title=\"Ch\u00faa Nguy\u1ec5n\" href=\"http:\/\/vi.wikipedia.org\/wiki\/Ch%C3%BAa_Nguy%E1%BB%85n\">ch\u00faa Nguy\u1ec5n<\/a>\u00a0\u1edf\u00a0<a style=\"color: #0b0080;\" title=\"\u0110\u00e0ng Trong\" href=\"http:\/\/vi.wikipedia.org\/wiki\/%C4%90%C3%A0ng_Trong\">\u0110\u00e0ng trong<\/a>) sau khi m\u1ea5t, \u0111\u01b0\u1ee3c nh\u00e2n d\u00e2n \u1edf\u00a0<a style=\"color: #0b0080;\" title=\"Qu\u1ea3ng B\u00ecnh\" href=\"http:\/\/vi.wikipedia.org\/wiki\/Qu%E1%BA%A3ng_B%C3%ACnh\">Qu\u1ea3ng B\u00ecnh<\/a>ti\u1ebfc nh\u1edb, g\u1ecdi l\u00e0 B\u1ed3 T\u00e1t, l\u1eadp \u0111\u1ec1n th\u1edd \u1edf\u00a0<a style=\"color: #0b0080;\" title=\"Th\u1ea1ch X\u00e1\" href=\"http:\/\/vi.wikipedia.org\/wiki\/Th%E1%BA%A1ch_X%C3%A1\">Th\u1ea1ch X\u00e1<\/a>.<sup id=\"cite_ref-1\" class=\"reference\"><a style=\"color: #0b0080;\" href=\"http:\/\/vi.wikipedia.org\/wiki\/B%E1%BB%93_T%C3%A1t#cite_note-1\">[1]<\/a><\/sup><\/p>\n<h2 style=\"text-align: justify;\"><span id=\"Danh_s.C3.A1ch_m.E1.BB.99t_s.E1.BB.91_v.E1.BB.8B_B.E1.BB.93_T.C3.A1t\" class=\"mw-headline\">Danh s\u00e1ch m\u1ed9t s\u1ed1 v\u1ecb B\u1ed3 T\u00e1t &#8211; Liste de quelques Bodhisattavas<\/span><\/h2>\n<ul>\n<li style=\"text-align: justify;\"><a class=\"new\" style=\"color: #a55858;\" title=\"H\u01b0 Kh\u00f4ng T\u1ea1ng (trang ch\u01b0a \u0111\u01b0\u1ee3c vi\u1ebft)\" href=\"http:\/\/vi.wikipedia.org\/w\/index.php?title=H%C6%B0_Kh%C3%B4ng_T%E1%BA%A1ng&amp;action=edit&amp;redlink=1\">H\u01b0 Kh\u00f4ng T\u1ea1ng<\/a>\u00a0( sa.\u00a0<i>\u0101k\u0101\u015bagarbha<\/i>, ja.\u00a0<i>kok\u016bz\u014d<\/i>)<\/li>\n<li style=\"text-align: justify;\"><a style=\"color: #0b0080;\" title=\"Qu\u00e1n Th\u1ebf \u00c2m\" href=\"http:\/\/vi.wikipedia.org\/wiki\/Qu%C3%A1n_Th%E1%BA%BF_%C3%82m\">Qu\u00e1n Th\u1ebf \u00c2m<\/a>\u00a0( sa.\u00a0<i>avalokite\u015bvara<\/i>, ja.\u00a0<i>kanzeon<\/i>)<\/li>\n<li style=\"text-align: justify;\"><a class=\"mw-redirect\" style=\"color: #0b0080;\" title=\"\u0110\u1ecba T\u1ea1ng B\u1ed3 T\u00e1t\" href=\"http:\/\/vi.wikipedia.org\/wiki\/%C4%90%E1%BB%8Ba_T%E1%BA%A1ng_B%E1%BB%93_T%C3%A1t\">\u0110\u1ecba T\u1ea1ng<\/a>\u00a0( sa.\u00a0<i>k\u1e63itigarbha<\/i>, ja.\u00a0<i>jiz\u014d<\/i>)<\/li>\n<li style=\"text-align: justify;\"><a style=\"color: #0b0080;\" title=\"\u0110\u1ea1i Th\u1ebf Ch\u00ed\" href=\"http:\/\/vi.wikipedia.org\/wiki\/%C4%90%E1%BA%A1i_Th%E1%BA%BF_Ch%C3%AD\">\u0110\u1ea1i Th\u1ebf Ch\u00ed<\/a>\u00a0(sa.\u00a0<i>mahasth\u0101mapr\u0101pta<\/i>, ja.\u00a0<i>daiseishi<\/i>)<\/li>\n<li style=\"text-align: justify;\"><a style=\"color: #0b0080;\" title=\"Di-l\u1eb7c\" href=\"http:\/\/vi.wikipedia.org\/wiki\/Di-l%E1%BA%B7c\">Di-l\u1eb7c<\/a>\u00a0(sa.\u00a0<i>maitreya<\/i>, ja.\u00a0<i>miroku<\/i>)<\/li>\n<li style=\"text-align: justify;\"><a style=\"color: #0b0080;\" title=\"V\u0103n-th\u00f9-s\u01b0-l\u1ee3i\" href=\"http:\/\/vi.wikipedia.org\/wiki\/V%C4%83n-th%C3%B9-s%C6%B0-l%E1%BB%A3i\">V\u0103n-th\u00f9-s\u01b0-l\u1ee3i<\/a>\u00a0(sa.\u00a0<i>ma\u00f1ju\u015br\u012b<\/i>, ja.\u00a0<i>monju<\/i>)<\/li>\n<li style=\"text-align: justify;\"><a style=\"color: #0b0080;\" title=\"Ph\u1ed5 Hi\u1ec1n\" href=\"http:\/\/vi.wikipedia.org\/wiki\/Ph%E1%BB%95_Hi%E1%BB%81n\">Ph\u1ed5 Hi\u1ec1n<\/a>\u00a0(sa.\u00a0<i>samantabhadra<\/i>, ja.\u00a0<i>fugen<\/i>)<\/li>\n<li style=\"text-align: justify;\"><a class=\"new\" style=\"color: #a55858;\" title=\"Kim C\u01b0\u01a1ng Th\u1ee7 (trang ch\u01b0a \u0111\u01b0\u1ee3c vi\u1ebft)\" href=\"http:\/\/vi.wikipedia.org\/w\/index.php?title=Kim_C%C6%B0%C6%A1ng_Th%E1%BB%A7&amp;action=edit&amp;redlink=1\">Kim C\u01b0\u01a1ng Th\u1ee7<\/a>\u00a0(sa.\u00a0<i>vajrap\u0101\u1e47i<\/i>, ja.\u00a0<i>kong\u014dshu<\/i>)<\/li>\n<\/ul>\n","protected":false},"excerpt":{"rendered":"<p>B\u1ed3 T\u00e1t &#8211;\u00a0Bodhisattvas B\u1ed3 T\u00e1t\u00a0l\u00e0 l\u1ed1i vi\u1ebft t\u1eaft c\u1ee7a\u00a0B\u1ed3-\u0111\u1ec1-t\u00e1t-\u0111\u00f3a\u00a0(sa.\u00a0bodhisattva), c\u00e1ch phi\u00ean \u00e2m ti\u1ebfng Ph\u1ea1n\u00a0bodhisattva\u00a0sang H\u00e1n-Vi\u1ec7t, d\u1ecbch \u00fd l\u00e0\u00a0Gi\u00e1c h\u1eefu t\u00ecnh, ho\u1eb7c\u00a0\u0110\u1ea1i s\u0129. Trong\u00a0Ph\u1eadt gi\u00e1o\u00a0\u0110\u1ea1i th\u1eeba, \u2026 <a class=\"continue-reading-link\" href=\"https:\/\/www.pagodethienminh.fr\/?page_id=4137\">Continue \u00e0 lire <span class=\"meta-nav\">&rarr; <\/span><\/a><\/p>\n","protected":false},"author":1,"featured_media":0,"parent":6336,"menu_order":4,"comment_status":"closed","ping_status":"closed","template":"template-onecolumn.php","meta":{"_mc_calendar":[],"footnotes":""},"class_list":["post-4137","page","type-page","status-publish","hentry"],"_links":{"self":[{"href":"https:\/\/www.pagodethienminh.fr\/index.php?rest_route=\/wp\/v2\/pages\/4137","targetHints":{"allow":["GET"]}}],"collection":[{"href":"https:\/\/www.pagodethienminh.fr\/index.php?rest_route=\/wp\/v2\/pages"}],"about":[{"href":"https:\/\/www.pagodethienminh.fr\/index.php?rest_route=\/wp\/v2\/types\/page"}],"author":[{"embeddable":true,"href":"https:\/\/www.pagodethienminh.fr\/index.php?rest_route=\/wp\/v2\/users\/1"}],"replies":[{"embeddable":true,"href":"https:\/\/www.pagodethienminh.fr\/index.php?rest_route=%2Fwp%2Fv2%2Fcomments&post=4137"}],"version-history":[{"count":3,"href":"https:\/\/www.pagodethienminh.fr\/index.php?rest_route=\/wp\/v2\/pages\/4137\/revisions"}],"predecessor-version":[{"id":4140,"href":"https:\/\/www.pagodethienminh.fr\/index.php?rest_route=\/wp\/v2\/pages\/4137\/revisions\/4140"}],"up":[{"embeddable":true,"href":"https:\/\/www.pagodethienminh.fr\/index.php?rest_route=\/wp\/v2\/pages\/6336"}],"wp:attachment":[{"href":"https:\/\/www.pagodethienminh.fr\/index.php?rest_route=%2Fwp%2Fv2%2Fmedia&parent=4137"}],"curies":[{"name":"wp","href":"https:\/\/api.w.org\/{rel}","templated":true}]}}