{"id":41,"date":"2011-04-29T19:52:21","date_gmt":"2011-04-29T19:52:21","guid":{"rendered":"http:\/\/www.pagodethienminh.fr\/?page_id=41"},"modified":"2019-01-30T12:56:59","modified_gmt":"2019-01-30T12:56:59","slug":"6-articles","status":"publish","type":"page","link":"https:\/\/www.pagodethienminh.fr\/?page_id=41","title":{"rendered":"Articles"},"content":{"rendered":"<p>Une des grandes peurs de la vie est celle<\/p>\n<p>de ne plus poss\u00e9der les choses qu&#8217;on poss\u00e8de<\/p>\n<p>ou<\/p>\n<p>de ne pas pouvoir poss\u00e9der les choses qu&#8217;on d\u00e9sire poss\u00e9der<\/p>\n<p>Avoir une conception de &#8220;poss\u00e9der&#8221; ou &#8220;d\u00e9sirer poss\u00e9der&#8221; est la cause de la peur de ne plus pouvoir &#8220;poss\u00e9der&#8221;.<\/p>\n<p>Comment<\/p>\n<p><em>&#8220;En&#8221; avoir est la cause de la peur, pourquoi ? pour cause de ne pas &#8220;en&#8221; avoir<\/em><br \/>\n<em>Ne pas &#8220;en&#8221; avoir est la cause de la peur, pourquoi ? pour cause de ne plus &#8220;en&#8221; avoir<\/em><br \/>\n<em>&#8220;En&#8221; avoir ou ne pas &#8220;en&#8221; avoir est la cause de la peur<\/em><br \/>\n<em>Alors quel sera le moment o\u00f9 la peur ne sera-t-elle plus cr\u00e9\u00e9e?<\/em><br \/>\n<em>Celui o\u00f9 la cause de la peur n&#8217;a plus d&#8217;existence,<\/em><br \/>\n<em>C&#8217;est \u00e0 dire &#8220;en&#8221; avoir et ne pas &#8220;en&#8221; avoir ne font plus partie des conceptions de l&#8217;esprit.<\/em><\/p>\n<p><strong><em>&#8220;C\u00f3&#8221; l\u00e0 nguy\u00ean nh\u00e2n c\u1ee7a c\u00e1i s\u1ee3, v\u00ec sao? v\u00ec s\u1ee3 kh\u00f4ng c\u00f2n\u00a0<strong><em>n\u1eeda<\/em><\/strong><\/em><\/strong><br \/>\n<strong><em>Kh\u00f4ng &#8220;c\u00f3&#8221; l\u00e0 nguy\u00ean nh\u00e2n c\u1ee7a c\u00e1i s\u1ee3, v\u00ec sao? v\u00ec s\u1ee3 kh\u00f4ng c\u00f2n n\u1eeda<\/em><\/strong><br \/>\n<strong><em>&#8220;C\u00f3&#8221; ho\u1eb7c\u00a0kh\u00f4ng &#8220;c\u00f3&#8221; l\u00e0 nguy\u00ean nh\u00e2n c\u1ee7a c\u00e1i s\u1ee3<\/em><\/strong><br \/>\n<strong><em>Khi n\u00e0o c\u00e1i s\u1ee3 kh\u00f4ng \u0111\u01b0\u1ee3c ph\u00e1t tri\u1ec3n n\u1eeda\u00a0?<\/em><\/strong><br \/>\n<strong><em>Khi m\u00e0 nguy\u00ean nh\u00e2n c\u1ee7a c\u00e1i s\u1ee3 kh\u00f4ng c\u00f2n n\u1eeda<\/em><\/strong><br \/>\n<strong><em>T\u1ee9c l\u00e0 &#8220;c\u00f3&#8221; v\u00e0 kh\u00f4ng &#8220;c\u00f3&#8221; kh\u00f4ng c\u00f2n \u1edf trong quan ni\u1ec7m c\u1ee7a t\u00e2m.<\/em><\/strong><\/p>\n","protected":false},"excerpt":{"rendered":"<p>Une des grandes peurs de la vie est celle de ne plus poss\u00e9der les choses qu&#8217;on poss\u00e8de ou de ne pas pouvoir poss\u00e9der les choses \u2026 <a class=\"continue-reading-link\" href=\"https:\/\/www.pagodethienminh.fr\/?page_id=41\">Continue \u00e0 lire <span class=\"meta-nav\">&rarr; <\/span><\/a><\/p>\n","protected":false},"author":1,"featured_media":0,"parent":6336,"menu_order":8,"comment_status":"closed","ping_status":"closed","template":"","meta":{"_mc_calendar":[],"footnotes":""},"class_list":["post-41","page","type-page","status-publish","hentry"],"_links":{"self":[{"href":"https:\/\/www.pagodethienminh.fr\/index.php?rest_route=\/wp\/v2\/pages\/41","targetHints":{"allow":["GET"]}}],"collection":[{"href":"https:\/\/www.pagodethienminh.fr\/index.php?rest_route=\/wp\/v2\/pages"}],"about":[{"href":"https:\/\/www.pagodethienminh.fr\/index.php?rest_route=\/wp\/v2\/types\/page"}],"author":[{"embeddable":true,"href":"https:\/\/www.pagodethienminh.fr\/index.php?rest_route=\/wp\/v2\/users\/1"}],"replies":[{"embeddable":true,"href":"https:\/\/www.pagodethienminh.fr\/index.php?rest_route=%2Fwp%2Fv2%2Fcomments&post=41"}],"version-history":[{"count":9,"href":"https:\/\/www.pagodethienminh.fr\/index.php?rest_route=\/wp\/v2\/pages\/41\/revisions"}],"predecessor-version":[{"id":4258,"href":"https:\/\/www.pagodethienminh.fr\/index.php?rest_route=\/wp\/v2\/pages\/41\/revisions\/4258"}],"up":[{"embeddable":true,"href":"https:\/\/www.pagodethienminh.fr\/index.php?rest_route=\/wp\/v2\/pages\/6336"}],"wp:attachment":[{"href":"https:\/\/www.pagodethienminh.fr\/index.php?rest_route=%2Fwp%2Fv2%2Fmedia&parent=41"}],"curies":[{"name":"wp","href":"https:\/\/api.w.org\/{rel}","templated":true}]}}