{"id":407,"date":"2011-05-03T11:40:12","date_gmt":"2011-05-03T11:40:12","guid":{"rendered":"http:\/\/www.pagodethienminh.fr\/?page_id=407"},"modified":"2012-08-05T12:54:30","modified_gmt":"2012-08-05T12:54:30","slug":"1-pagode","status":"publish","type":"page","link":"https:\/\/www.pagodethienminh.fr\/?page_id=407","title":{"rendered":"Paysage Pagode"},"content":{"rendered":"<p>Pr\u00e9paratifs pour la c\u00e9r\u00e9monie d&#8217;intronisation des statues au temple<br \/>\n<iframe loading=\"lazy\" src=\"http:\/\/www.youtube.com\/embed\/hQY8yWhQU-4\" frameborder=\"0\" width=\"425\" height=\"349\"><\/iframe><\/p>\n<p>D\u00e9couverte des statues<br \/>\n<iframe loading=\"lazy\" src=\"http:\/\/www.dailymotion.com\/embed\/video\/xd0sne?width=560&amp;theme=none&amp;wmode=transparent\" frameborder=\"0\" width=\"560\" height=\"420\"><\/iframe><br \/>\n<a href=\"http:\/\/www.dailymotion.com\/video\/xd0sne_decouverte-des-statues_lifestyle\" target=\"_blank\">D\u00e9couverte des Statues<\/a> <em>par <a href=\"http:\/\/www.dailymotion.com\/ilyscao\" target=\"_blank\">ilyscao<\/a><\/em><\/p>\n<p>Le printemps au temple<br \/>\n<iframe loading=\"lazy\" src=\"http:\/\/www.dailymotion.com\/embed\/video\/xd0gmq?width=560&amp;theme=none&amp;wmode=transparent\" frameborder=\"0\" width=\"560\" height=\"420\"><\/iframe><br \/>\n<a href=\"http:\/\/www.dailymotion.com\/video\/xd0gmq_la-pagode-thien-minh-sous-la-douceu_lifestyle\" target=\"_blank\">La pagode Thien Minh sous la douceur printaniere<\/a> <em>par <a href=\"http:\/\/www.dailymotion.com\/ilyscao\" target=\"_blank\">ilyscao<\/a><\/em><\/p>\n<p>Reportage sur la Pagode F\u00e9vrier 2011 (TLM) : <a href=\"http:\/\/ma-tvideo.france2.fr\/video\/iLyROoafzk6Q.html\">Vie de quartier<\/a><\/p>\n<p><strong>23 Janvier 2012, TLM \u00e9dition de 12h :<\/strong><br \/>\n<iframe loading=\"lazy\" src=\"http:\/\/www.dailymotion.com\/embed\/video\/xnxmhw\" frameborder=\"0\" width=\"480\" height=\"360\"><\/iframe><br \/>\n<a href=\"http:\/\/www.dailymotion.com\/video\/xnxmhw_l-annee-du-dragon-a-lyon_creation\" target=\"_blank\">L&#8217;ann\u00e9e du dragon \u00e0 Lyon<\/a> <em>par <a href=\"http:\/\/www.dailymotion.com\/telelyonmetropole\" target=\"_blank\">telelyonmetropole<\/a><\/em><\/p>\n<p><strong>23 Janvier 2012, TLM Edition de 18h30 :<\/strong><\/p>\n<p><iframe loading=\"lazy\" src=\"http:\/\/www.dailymotion.com\/embed\/video\/xnybyf\" frameborder=\"0\" width=\"480\" height=\"360\"><\/iframe><br \/>\n<a href=\"http:\/\/www.dailymotion.com\/video\/xnybyf_lyon-fete-le-nouvel-an-chinois_creation\" target=\"_blank\">Lyon f\u00eate le Nouvel An Chinois!<\/a> <em>par <a href=\"http:\/\/www.dailymotion.com\/telelyonmetropole\" target=\"_blank\">telelyonmetropole<\/a><\/em><\/p>\n<p><strong>23 Janvier 2012, FRANCE 3 Edition r\u00e9gionale 19\/20 :<\/strong><br \/>\n<iframe loading=\"lazy\" src=\"http:\/\/www.dailymotion.com\/embed\/video\/xnzyrf\" frameborder=\"0\" width=\"480\" height=\"270\"><\/iframe><br \/>\n<a href=\"http:\/\/www.dailymotion.com\/video\/xnzyrf_france-3-nouvel-an-2012-tet-2012-sous-le-signe-du-dragon_lifestyle\" target=\"_blank\">FRANCE 3 Nouvel An 2012 &#8211; Tet 2012 sous le signe&#8230;<\/a> <em>par <a href=\"http:\/\/www.dailymotion.com\/ilyscao\" target=\"_blank\">ilyscao<\/a><\/em><\/p>\n","protected":false},"excerpt":{"rendered":"<p>Pr\u00e9paratifs pour la c\u00e9r\u00e9monie d&#8217;intronisation des statues au temple D\u00e9couverte des statues D\u00e9couverte des Statues par ilyscao Le printemps au temple La pagode Thien Minh \u2026 <a class=\"continue-reading-link\" href=\"https:\/\/www.pagodethienminh.fr\/?page_id=407\">Continue \u00e0 lire <span class=\"meta-nav\">&rarr; <\/span><\/a><\/p>\n","protected":false},"author":1,"featured_media":0,"parent":2610,"menu_order":1,"comment_status":"closed","ping_status":"closed","template":"","meta":{"_mc_calendar":[],"footnotes":""},"class_list":["post-407","page","type-page","status-publish","hentry"],"_links":{"self":[{"href":"https:\/\/www.pagodethienminh.fr\/index.php?rest_route=\/wp\/v2\/pages\/407","targetHints":{"allow":["GET"]}}],"collection":[{"href":"https:\/\/www.pagodethienminh.fr\/index.php?rest_route=\/wp\/v2\/pages"}],"about":[{"href":"https:\/\/www.pagodethienminh.fr\/index.php?rest_route=\/wp\/v2\/types\/page"}],"author":[{"embeddable":true,"href":"https:\/\/www.pagodethienminh.fr\/index.php?rest_route=\/wp\/v2\/users\/1"}],"replies":[{"embeddable":true,"href":"https:\/\/www.pagodethienminh.fr\/index.php?rest_route=%2Fwp%2Fv2%2Fcomments&post=407"}],"version-history":[{"count":13,"href":"https:\/\/www.pagodethienminh.fr\/index.php?rest_route=\/wp\/v2\/pages\/407\/revisions"}],"predecessor-version":[{"id":2619,"href":"https:\/\/www.pagodethienminh.fr\/index.php?rest_route=\/wp\/v2\/pages\/407\/revisions\/2619"}],"up":[{"embeddable":true,"href":"https:\/\/www.pagodethienminh.fr\/index.php?rest_route=\/wp\/v2\/pages\/2610"}],"wp:attachment":[{"href":"https:\/\/www.pagodethienminh.fr\/index.php?rest_route=%2Fwp%2Fv2%2Fmedia&parent=407"}],"curies":[{"name":"wp","href":"https:\/\/api.w.org\/{rel}","templated":true}]}}