{"id":3976,"date":"2014-02-14T10:32:36","date_gmt":"2014-02-14T10:32:36","guid":{"rendered":"http:\/\/www.pagodethienminh.fr\/?page_id=3976"},"modified":"2014-03-20T10:23:15","modified_gmt":"2014-03-20T10:23:15","slug":"nghi-thuc-tung-nam-gioi","status":"publish","type":"page","link":"https:\/\/www.pagodethienminh.fr\/?page_id=3976","title":{"rendered":"NGHI TH\u1ee8C T\u1ee4NG N\u0102M GI\u1edaI"},"content":{"rendered":"<p style=\"text-align: center;\">NGHI TH\u1ee8C<br \/>\nT\u1ee4NG N\u0102M GI\u1edaI<\/p>\n<p style=\"text-align: center;\">&#8212; o0o &#8212;<\/p>\n<p style=\"text-align: center;\">http:\/\/www.tuvien.com\/gioi_luat\/show.php?get=1&#038;id=29tungnamgioi<\/p>\n<p>Vi Y\u1ebft Ma: \u0110\u1ea1i ch\u00fang \u0111\u00e3 t\u1eadp h\u1ecdp \u0111\u1ea7y \u0111\u1ee7 ch\u01b0a ?<\/p>\n<p>V\u1ecb Th\u1ee7 Ch\u00fang: Th\u01b0a, \u0111\u1ea1i ch\u00fang \u0111\u00e3 t\u1eadp h\u1ecdp \u0111\u1ea7y \u0111\u1ee7.<\/p>\n<p>V\u1ecb Y\u1ebft Ma: C\u00f3 s\u1ef1 h\u00f2a h\u1ee3p kh\u00f4ng ?<\/p>\n<p>V\u1ecb Th\u1ee7 Ch\u00fang: Th\u01b0a, c\u00f3 s\u1ef1 h\u00f2a h\u1ee3p.<\/p>\n<p>V\u1ecb Y\u1ebft Ma: C\u00f3 v\u1ecb n\u00e0o v\u1eafng m\u1eb7t \u0111\u00e3 y\u00eau c\u1ea7u \u0111\u01b0\u1ee3c \u0111\u1ea1i di\u1ec7n v\u00e0 g\u1edfi theo s\u1ef1 thanh t\u1ecbnh kh\u00f4ng ?<\/p>\n<p>V\u1ecb Th\u1ee7 Ch\u00fang: Kh\u00f4ng c\u00f3. (Trong tr\u01b0\u1eddng h\u1ee3p c\u00f3 th\u00ec n\u00f3i (v\u00ed d\u1ee5): \u201cC\u00f3 c\u1eadn s\u1ef1 nam, Nguy\u1ec5n V\u0103n \u00dd ph\u00e1p danh T\u00e2m Khai, v\u00ec l\u00fd do s\u1ee9c kh\u1ecfe kh\u00f4ng \u0111\u1ebfn t\u1ee5ng gi\u1edbi \u0111\u01b0\u1ee3c, \u0111\u00e3 y\u00eau c\u1ea7u c\u1eadn s\u1ef1 n\u1eef, Tr\u1ea7n Th\u1ecb Xuy\u1ebfn ph\u00e1p danh T\u00e2m Quy \u0111\u1ea1i di\u1ec7n v\u00e0 g\u1edfi theo s\u1ef1 thanh tinh.\u201d)<\/p>\n<p>V\u1ecb Y\u1ebft Ma: \u0110\u1ea1i ch\u00fang h\u00f4m nay t\u1eadp h\u1ecdp c\u00f3 ch\u1ee7 \u0111\u00edch g\u00ec ?<\/p>\n<p>V\u1ecb Th\u1ee7 Ch\u00fang: Th\u01b0a, \u0111\u1ec3 th\u1ef1c hi\u1ec7n y\u1ebft ma t\u1ee5ng N\u0103m Gi\u1edbi,<\/p>\n<p>V\u1ecb Y\u1ebft Ma: Xin \u0111\u1ea1i ch\u00fang c\u00e1c v\u1ecb c\u1eadn s\u1ef1 n\u1eef v\u00e0 c\u1eadn s\u1ef1 nam l\u1eafng nghe ! H\u00f4m nay l\u00e0 ng\u00e0y (\u2026\/\u2026\/\u2026), ng\u00e0y \u0111\u01b0\u1ee3c ch\u1ecdn \u0111\u1ec3 thuy\u1ebft t\u1ee5ng quy gi\u1edbi, ch\u00fang ta \u0111\u00e3 t\u1eadp h\u1ecdp \u0111\u00fang gi\u1edd gi\u1ea5c, \u0111\u1ea1i ch\u00fang \u0111\u1ed3ng \u00fd s\u1eb5n s\u00e0ng nghe thuy\u1ebft \u0111\u1ecdc quy gi\u1edbi trong tinh th\u1ea7n h\u00f2a h\u1ee3p, nh\u01b0 v\u1eady, vi\u1ec7c t\u1ee5ng gi\u1edbi l\u00e0 h\u1ee3p ph\u00e1p. B\u1ea1ch nh\u01b0 th\u1ebf, th\u00ec ph\u00e9p t\u00e1c b\u1ea1ch c\u00f3 th\u00e0nh hay kh\u00f4ng ?<\/p>\n<p>(\u0110\u1ea1i ch\u00fang \u0111\u00e1p: Th\u00e0nh.)<\/p>\n<p>\u0110\u1ea1i ch\u00fang! \u0110\u00e2y l\u00e0 l\u00fac ch\u00fang ta tuy\u00ean thuy\u1ebft N\u0103m Gi\u1edbi. N\u0103m Gi\u1edbi l\u00e0 n\u1ec1n t\u1ea3ng cho m\u1ed9t cu\u1ed9c s\u1ed1ng c\u00f3 h\u1ea1nh ph\u00fac v\u00e0 c\u00f3 ch\u00ed h\u01b0\u1edbng v\u1ecb tha, c\u00f3 n\u0103ng l\u1ef1c b\u1ea3o v\u1ec7 s\u1ef1 s\u1ed1ng v\u00e0 l\u00e0m \u0111\u1eb9p cho cu\u1ed9c \u0111\u1eddi. Xin c\u00e1c v\u1ecb \u0111\u00e3 th\u1ecd tr\u00ec N\u0103m Gi\u1edbi qu\u1ef3 l\u00ean, ch\u1eafp tay b\u00fap sen, h\u01b0\u1edbng v\u1ec1 \u0111\u1ee9c B\u1ed5n S\u01b0.<\/p>\n<p>\u0110\u1ea1i ch\u00fang! N\u0103m Gi\u1edbi l\u00e0 nh\u1eefng nguy\u00ean t\u1eafc h\u01b0\u1edbng d\u1eabn ch\u00fang ta v\u1ec1 h\u01b0\u1edbng an l\u1ea1c, gi\u1ea3i tho\u00e1t v\u00e0 gi\u00e1c ng\u1ed9. N\u0103m Gi\u1edbi l\u00e0 n\u1ec1n t\u1ea3ng c\u1ee7a h\u1ea1nh ph\u00fac c\u00e1 nh\u00e2n, h\u1ea1nh ph\u00fac c\u1ee7a gia \u0111\u00ecnh v\u00e0 c\u1ee7a x\u00e3 h\u1ed9i. H\u1ecdc h\u1ecfi v\u00e0 th\u1ef1c h\u00e0nh theo N\u0103m Gi\u1edbi, ta s\u1ebd \u0111i \u0111\u00fang con \u0111\u01b0\u1eddng ch\u00e1nh ph\u00e1p, ta s\u1ebd tr\u00e1nh \u0111\u01b0\u1ee3c l\u1ed7i l\u1ea7m, kh\u1ed5 \u0111au, s\u1ee3 h\u00e3i v\u00e0 th\u1ea5t v\u1ecdng, ta s\u1ebd x\u00e2y d\u1ef1ng \u0111\u01b0\u1ee3c an l\u1ea1c h\u1ea1nh ph\u00fac cho ta, cho gia \u0111\u00ecnh ta v\u00e0 \u0111\u00f3ng g\u00f3p v\u00e0o ph\u1ea9m ch\u1ea5t an l\u1ea1c v\u00e0 h\u00f2a b\u00ecnh c\u1ee7a x\u00e3 h\u1ed9i.<\/p>\n<p>\u0110\u00e2y l\u00e0 gi\u1edbi t\u01b0\u1edbng c\u1ee7a N\u0103m Gi\u1edbi. Ch\u00fang ta h\u00e3y l\u1eafng nghe t\u1eebng gi\u1edbi m\u1ed9t v\u1edbi t\u00e2m h\u1ed3n thanh t\u1ecbnh, l\u1ea5y gi\u1edbi lu\u1eadt l\u00e0m t\u1ea5m g\u01b0\u01a1ng trong v\u1eaft \u0111\u1ec3 soi chi\u1ebfu n\u1ed9i t\u00e2m m\u00ecnh. Xin im l\u1eb7ng th\u1edf v\u00e0 im l\u1eb7ng tr\u1ea3 l\u1eddi \u201cc\u00f3\u201d m\u1ed7i khi th\u1ea5y m\u00ecnh trong hai tu\u1ea7n qua c\u00f3 c\u1ed1 g\u1eafng h\u1ecdc h\u1ecfi v\u00e0 h\u00e0nh tr\u00ec nh\u1eefng gi\u1edbi lu\u1eadt \u0111\u01b0\u1ee3c tuy\u00ean \u0111\u1ecdc.<\/p>\n<p>\u0110\u00e2y l\u00e0 Gi\u1edbi Th\u1ee9 Nh\u1ea5t:<\/p>\n<p>&#8211; \u00dd th\u1ee9c \u0111\u01b0\u1ee3c nh\u1eefng kh\u1ed5 \u0111au do s\u1ef1 s\u00e1t h\u1ea1i g\u00e2y ra, con xin h\u1ecdc theo h\u1ea1nh \u0111\u1ea1i bi \u0111\u1ec3 b\u1ea3o v\u1ec7 s\u1ef1 s\u1ed1ng c\u1ee7a m\u1ecdi ng\u01b0\u1eddi v\u00e0 m\u1ecdi lo\u00e0i. Con nguy\u1ec7n s\u1ebd kh\u00f4ng gi\u1ebft h\u1ea1i sinh m\u1ea1ng, kh\u00f4ng t\u00e1n th\u00e0nh s\u1ef1 gi\u1ebft ch\u00f3c v\u00e0 kh\u00f4ng \u0111\u1ec3 k\u1ebb kh\u00e1c gi\u1ebft h\u1ea1i, d\u00f9 l\u00e0 trong t\u00e2m t\u01b0\u1edfng hay trong c\u00e1ch s\u1ed1ng h\u00e0ng ng\u00e0y c\u1ee7a con.<\/p>\n<p>\u0110\u00f3 l\u00e0 Gi\u1edbi Th\u1ee9 Nh\u1ea5t c\u1ee7a N\u0103m Gi\u1edbi. Trong hai tu\u1ea7n qua, qu\u00fd v\u1ecb c\u00f3 c\u1ed1 g\u1eafng h\u1ecdc h\u1ecfi v\u00e0 h\u00e0nh tr\u00ec gi\u1edbi \u1ea5y hay kh\u00f4ng ? (ba h\u01a1i th\u1edf, chu\u00f4ng).<\/p>\n<p>\u0110\u00e2y l\u00e0 Gi\u1edbi Th\u1ee9 Hai:<\/p>\n<p>&#8211; \u00dd th\u1ee9c \u0111\u01b0\u1ee3c nh\u1eefng kh\u1ed5 \u0111au do l\u01b0\u1eddng g\u1ea1t, tr\u1ed9m c\u1eafp v\u00e0 b\u1ea5t c\u00f4ng x\u00e3 h\u1ed9i g\u00e2y ra, con xin h\u1ecdc theo h\u1ea1nh \u0111\u1ea1i t\u1eeb \u0111\u1ec3 \u0111em ni\u1ec1m vui s\u1ed1ng v\u00e0 an l\u1ea1c cho m\u1ecdi ng\u01b0\u1eddi v\u00e0 m\u1ecdi lo\u00e0i, \u0111\u1ec3 chia x\u1ebb th\u00ec gi\u1edd, n\u0103ng l\u1ef1c v\u00e0 t\u00e0i v\u1eadt c\u1ee7a con v\u1edbIi nh\u1eefng k\u1ebb \u0111ang th\u1eadt s\u1ef1 thi\u1ebfu th\u1ed1n. Con nguy\u1ec7n kh\u00f4ng l\u1ea5y l\u00e0m t\u01b0 h\u1eefu b\u1ea5t c\u1ee9 m\u1ed9t c\u1ee7a c\u1ea3i n\u00e0o kh\u00f4ng ph\u1ea3i do m\u00ecnh t\u1ea1o ra. Con nguy\u1ec7n t\u00f4n tr\u1ecdng quy\u1ec1n t\u01b0 h\u1eefu c\u1ee7a k\u1ebb kh\u00e1c, nh\u01b0ng c\u0169ng nguy\u1ec7n ng\u0103n ng\u1eeba k\u1ebb kh\u00e1c kh\u00f4ng cho h\u1ecd t\u00edch tr\u1eef v\u00e0 l\u00e0m gi\u00e0u m\u1ed9t c\u00e1ch b\u1ea5t l\u01b0\u01a1ng tr\u00ean s\u1ef1 \u0111au kh\u1ed5 c\u1ee7a con ng\u01b0\u1eddi v\u00e0 c\u1ee7a mu\u00f4n lo\u1ea1i.<\/p>\n<p>\u0110\u00f3 l\u00e0 Gi\u1edbi Th\u1ee9 Hai c\u1ee7a N\u0103m Gi\u1edbi. Trong hai tu\u1ea7n qua, qu\u00fd v\u1ecb c\u00f3 c\u1ed1 g\u1eafng h\u1ecdc h\u1ecfi v\u00e0 h\u00e0nh tr\u00ec gi\u1edbi \u1ea5y hay kh\u00f4ng ? (ba h\u01a1i th\u1edf, chu\u00f4ng).<\/p>\n<p>\u0110\u00e2y l\u00e0 Gi\u1edbi Th\u1ee9 Ba:<\/p>\n<p>&#8211; \u00dd th\u1ee9c \u0111\u01b0\u1ee3c nh\u1eefng kh\u1ed5 \u0111au do th\u00f3i t\u00e0 d\u00e2m g\u00e2y ra, con xin h\u1ecdc theo tinh th\u1ea7n tr\u00e1ch nhi\u1ec7m \u0111\u1ec3 gi\u00fap b\u1ea3o v\u1ec7 ti\u1ebft h\u1ea1nh v\u00e0 s\u1ef1 an to\u00e0n c\u1ee7a m\u1ecdi ng\u01b0\u1eddi v\u00e0 m\u1ecdi gia \u0111\u00ecnh trong x\u00e3 h\u1ed9i. Con nguy\u1ec7n kh\u00f4ng \u0103n n\u1eb1m v\u1edbi nh\u1eefng ng\u01b0\u1eddi kh\u00f4ng ph\u1ea3i l\u00e0 v\u1ee3 hay ch\u1ed3ng c\u1ee7a con. Con \u00fd th\u1ee9c \u0111\u01b0\u1ee3c r\u1eb1ng nh\u1eefng h\u00e0nh \u0111\u1ed9ng b\u1ea5t ch\u00e1nh s\u1ebd g\u00e2y ra nh\u1eefng \u0111au kh\u1ed5 cho k\u1ebb kh\u00e1c v\u00e0 cho ch\u00ednh con. Con bi\u1ebft mu\u1ed1n b\u1ea3o v\u1ec7 h\u1ea1nh ph\u00fac c\u1ee7a m\u00ecnh v\u00e0 c\u1ee7a k\u1ebb kh\u00e1c th\u00ec ph\u1ea3i bi\u1ebft t\u00f4n tr\u1ecdng nh\u1eefng cam k\u1ebft c\u1ee7a m\u00ecnh v\u00e0 c\u1ee7a k\u1ebb kh\u00e1c. Con s\u1ebd l\u00e0m m\u1ecdi c\u00e1ch c\u00f3 th\u1ec3 \u0111\u1ec3 b\u1ea3o v\u1ec7 tr\u1ebb em, kh\u00f4ng cho n\u1ea1n t\u00e0 d\u00e2m ti\u1ebfp t\u1ee5c g\u00e2y n\u00ean s\u1ef1 \u0111\u1ed5 v\u1ee1 c\u1ee7a c\u00e1c gia \u0111\u00ecnh v\u00e0 c\u1ee7a \u0111\u1eddi s\u1ed1ng l\u1ee9a \u0111\u00f4i.<\/p>\n<p>\u0110\u00f3 l\u00e0 Gi\u1edbi Th\u1ee9 Ba c\u1ee7a N\u0103m Gi\u1edbi. Trong hai tu\u1ea7n qua, qu\u00fd v\u1ecb c\u00f3 c\u1ed1 g\u1eafng h\u1ecdc h\u1ecfi v\u00e0 h\u00e0nh tr\u00ec gi\u1edbi \u1ea5y hay kh\u00f4ng ? (ba h\u01a1i th\u1edf, chu\u00f4ng).<\/p>\n<p>\u0110\u00e2y l\u00e0 gi\u1edbi th\u1ee9 T\u01b0:<\/p>\n<p>&#8211; \u00dd th\u1ee9c \u0111\u01b0\u1ee3c nh\u1eefng kh\u1ed5 \u0111au do l\u1eddi n\u00f3i thi\u1ebfu ch\u00e1nh ni\u1ec7m g\u00e2y ra, con xin h\u1ecdc theo h\u1ea1nh \u00e1i ng\u1eef v\u00e0 l\u1eafng nghe \u0111\u1ec3 d\u00e2ng t\u1eb7ng ni\u1ec1m vui cho ng\u01b0\u1eddi v\u00e0 l\u00e0m v\u01a1i b\u1edbt kh\u1ed5 \u0111au c\u1ee7a ng\u01b0\u1eddi. Bi\u1ebft r\u1eb1ng l\u1edbi n\u00f3i c\u00f3 th\u1ec3 \u0111em l\u1ea1i h\u1ea1nh ph\u00fac ho\u1eb7c kh\u1ed5 \u0111au cho ng\u01b0\u1eddi, con nguy\u1ec7n ch\u1ec9 n\u00f3i nh\u1eefng l\u1eddi c\u00f3 th\u1ec3 g\u00e2y th\u00eam ni\u1ec1m t\u1ef1 tin, an vui v\u00e0 hy v\u1ecdng, nh\u1eefng l\u1eddi ch\u00e2n th\u1eadt c\u00f3 gi\u00e1 tr\u1ecb x\u00e2y d\u1ef1ng s\u1ef1 hi\u1ec3u bi\u1ebft v\u00e0 h\u00f2a gi\u1ea3i. Con nguy\u1ec7n kh\u00f4ng n\u00f3i nh\u1eefng \u0111i\u1ec1u sai v\u1edbi s\u1ef1 th\u1eadt, kh\u00f4ng n\u00f3i nh\u1eefng l\u1eddi g\u00e2y chia r\u1ebd v\u00e0 c\u0103m th\u00f9. Con nguy\u1ec7n kh\u00f4ng loan truy\u1ec1n nh\u1eefng tin m\u00e0 con kh\u00f4ng bi\u1ebft ch\u1eafc. Con nguy\u1ec7n kh\u00f4ng n\u00f3i nh\u1eefng \u0111i\u1ec1u c\u00f3 th\u1ec3 t\u1ea1o n\u00ean s\u1ef1 b\u1ea5t h\u00f2a trong gia \u0111\u00ecnh v\u00e0 \u0111o\u00e0n th\u1ec3, nh\u1eefng \u0111i\u1ec1u c\u00f3 th\u1ec3 l\u00e0m tan v\u1ee1 gia \u0111\u00ecnh v\u00e0 \u0111o\u00e0n th\u1ec3.<\/p>\n<p>\u0110\u00f3 l\u00e0 Gi\u1edbi Th\u1ee9 T\u01b0 c\u1ee7a N\u0103m Gi\u1edbi. Trong hai tu\u1ea7n qua, qu\u00fd v\u1ecb c\u00f3 c\u1ed1 g\u1eafng h\u1ecdc h\u1ecfi v\u00e0 h\u00e0nh tr\u00ec gi\u1edbi \u1ea5y hay kh\u00f4ng ? (ba h\u01a1i th\u1edf, chu\u00f4ng).<\/p>\n<p>\u0110\u00e2y l\u00e0 Gi\u1edbi Th\u1ee9 N\u0103m:<\/p>\n<p>&#8211; \u00dd th\u1ee9c \u0111\u01b0\u1ee3c nh\u1eefng kh\u1ed5 \u0111au do s\u1ef1 s\u1eed d\u1ee5ng ma t\u00fay v\u00e0 \u0111\u1ed9c t\u1ed1 g\u00e2y ra, con xin h\u1ecdc c\u00e1ch chuy\u1ec3n h\u00f3a th\u00e2n t\u00e2m, x\u00e2y d\u1ef1ng s\u1ee9c kh\u1ecfe th\u00e2n th\u1ec3 v\u00e0 t\u00e2m h\u1ed3n b\u1eb1ng c\u00e1ch th\u1ef1c t\u1eadp ch\u00e1nh ni\u1ec7m trong vi\u1ec7c \u0103n u\u1ed1ng v\u00e0 ti\u00eau th\u1ee5. Con nguy\u1ec7n ch\u1ec9 ti\u00eau th\u1ee5 nh\u1eefng g\u00ec c\u00f3 th\u1ec3 \u0111em l\u1ea1i an l\u1ea1c cho th\u00e2n t\u00e2m con, v\u00e0 cho th\u00e2n t\u00e2m gia \u0111\u00ecnh v\u00e0 x\u00e3 h\u1ed9i con. Con nguy\u1ec7n kh\u00f4ng u\u1ed1ng r\u01b0\u1ee3u, kh\u00f4ng s\u1eed d\u1ee5ng c\u00e1c ch\u1ea5t ma t\u00fay, kh\u00f4ng \u0103n u\u1ed1ng ho\u1eb7c ti\u00eau th\u1ee5 nh\u1eefng s\u1ea3n ph\u1ea9m c\u00f3 \u0111\u1ed9c t\u1ed1 trong \u0111\u00f3 c\u00f3 m\u1ed9t s\u1ed1 s\u1ea3n ph\u1ea9m truy\u1ec1n thanh, truy\u1ec1n h\u00ecnh, s\u00e1ch b\u00e1o, phim \u1ea3nh v\u00e0 chuy\u1ec7n tr\u00f2. Con bi\u1ebft r\u1eb1ng t\u00e0n ho\u1ea1i th\u00e2n t\u00e2m b\u1eb1ng r\u01b0\u1ee3u v\u00e0 c\u00e1c \u0111\u1ed9c t\u1ed1 \u1ea5y l\u00e0 ph\u1ea3n b\u1ed9i t\u1ed5 ti\u00ean, cha m\u1eb9 v\u00e0 c\u0169ng l\u00e0 ph\u1ea3n b\u1ed9i c\u00e1c th\u1ebf h\u1ec7 t\u01b0\u01a1ng lai. Con nguy\u1ec7n chuy\u1ec3n h\u00f3a b\u1ea1o \u0111\u1ed9ng, c\u0103m th\u00f9, s\u1ee3 h\u00e3i v\u00e0 bu\u1ed3n gi\u1eadn b\u1eb1ng c\u00e1ch th\u1ef1c t\u1eadp ph\u00e9p ki\u00ean c\u1eef cho con, cho gia \u0111\u00ecnh con v\u00e0 cho x\u00e3 h\u1ed9i. Con bi\u1ebft ph\u00e9p ki\u00eang khem n\u00e0y r\u1ea5t thi\u1ebft y\u1ebfu \u0111\u1ec3 chuy\u1ec3n h\u00f3a t\u1ef1 th\u00e2n, t\u00e2m th\u1ee9c c\u1ed9ng \u0111\u1ed3ng v\u00e0 x\u00e3 h\u1ed9i.<\/p>\n<p>\u0110\u00f3 l\u00e0 Gi\u1edbi Th\u1ee9 N\u0103m c\u1ee7a N\u0103m Gi\u1edbi. Trong hai tu\u1ea7n qua, qu\u00fd v\u1ecb c\u00f3 c\u1ed1 g\u1eafng h\u1ecdc h\u1ecfi v\u00e0 h\u00e0nh tr\u00ec gi\u1edbi \u1ea5y hay kh\u00f4ng ? (ba h\u01a1i th\u1edf, chu\u00f4ng).<\/p>\n<p>\u0110\u1ea1i ch\u00fang ! Ch\u00fang ta \u0111\u00e3 tuy\u00ean \u0111\u1ecdc xong N\u0103m Gi\u1edbi qu\u00fd b\u00e1u, n\u1ec1n t\u1ea3ng c\u1ee7a h\u1ea1nh ph\u00fac gia \u0111\u00ecnh v\u00e0 ch\u1ea5t li\u1ec7u c\u1ee7a ch\u00ed nguy\u1ec7n l\u1ee3i tha. B\u1ee5t d\u1ea1y ch\u00fang ta ph\u1ea3i \u00f4n t\u1ee5ng th\u01b0\u1eddng xuy\u00ean gi\u1edbi t\u01b0\u1edbng m\u1ed7i th\u00e1ng \u00edt nh\u1ea5t l\u00e0 m\u1ed9t l\u1ea7n, \u0111\u1ec3 s\u1ef1 h\u1ecdc h\u1ecfi v\u00e0 h\u00e0nh tr\u00ec N\u0103m Gi\u1edbi c\u00e0ng ng\u00e0y c\u00e0ng s\u00e2u s\u1eafc v\u00e0 l\u1edbn r\u1ed9ng. Nghe chu\u00f4ng, xin l\u1ea1y xu\u1ed1ng ba l\u1ea1y \u0111\u1ec3 t\u1ecf l\u00f2ng t\u00f4n k\u00ednh v\u00e0 bi\u1ebft \u01a1n Tam B\u1ea3o tr\u01b0\u1edbc khi ng\u1ed3i xu\u1ed1ng.<\/p>\n<p>(Ni\u1ec7m B\u1ee5t)<\/p>\n<p>Xin \u0111\u1ea1i ch\u00fang nhi\u1ebfp t\u00e2m tr\u00ec ni\u1ec7m h\u1ed3ng danh ch\u01b0 B\u1ee5t v\u00e0 ch\u01b0 v\u1ecb B\u1ed3 T\u00e1t theo ph\u01b0\u01a1ng ph\u00e1p tr\u00ec danh nh\u1ea5t t\u00e2m b\u1ea5t lo\u1ea1n. (m\u1ed7i danh hi\u1ec7u ba l\u1ea7n)<\/p>\n<p>Nam m\u00f4 \u0111\u1ee9c B\u1ed5n S\u01b0 B\u1ee5t Th\u00edch Ca M\u00e2u Ni (C)<\/p>\n<p>Nam m\u00f4 \u0111\u1ee9c B\u1ed3 T\u00e1t \u0110\u1ea1i Tr\u00ed V\u0103n Th\u00f9 S\u01b0 L\u1ee3i (C)<\/p>\n<p>Nam m\u00f4 \u0111\u1ee9c B\u1ed3 T\u00e1t \u0110\u1ea1i H\u1ea1nh Ph\u1ed5 Hi\u1ec1n (C)<\/p>\n<p>Nam m\u00f4 \u0111\u1ee9c B\u1ed3 T\u00e1t \u0110\u1ea1i bi Quan \u00c2m (C)<\/p>\n<p>Nam m\u00f4 \u0111\u1ee9c B\u1ed3 T\u00e1t \u0110\u1ea1i Nguy\u1ec7n \u0110\u1ecba T\u1ea1ng V\u01b0\u01a1ng (CC)<\/p>\n<p>(Quy Nguy\u1ec7n)<\/p>\n<p>Tr\u1ea7m h\u01b0\u01a1ng x\u00f4ng ng\u00e1t \u0111i\u1ec7n<\/p>\n<p>Sen n\u1edf B\u1ee5t hi\u1ec7n th\u00e2n<\/p>\n<p>Ph\u00e1p gi\u1edbi th\u00e0nh thanh t\u1ecbnh<\/p>\n<p>Ch\u00fang sanh l\u1eafng nghi\u1ec7p tr\u1ea7n. (C)<\/p>\n<p>\u0110\u1ec7 t\u1eed t\u00e2m th\u00e0nh<\/p>\n<p>H\u01b0\u1edbng v\u1ec1 Tam B\u1ea3o<\/p>\n<p>B\u1ee5t l\u00e0 th\u1ea7y ch\u1ec9 \u0111\u1ea1o<\/p>\n<p>B\u1eadc t\u1ec9nh th\u1ee9c v\u1eb9n to\u00e0n<\/p>\n<p>T\u01b0\u1edbng t\u1ed1t \u0111oan trang<\/p>\n<p>Tr\u00ed v\u00e0 bi vi\u00ean m\u00e3n. (C)<\/p>\n<p>Ph\u00e1p l\u00e0 con \u0111\u01b0\u1eddng s\u00e1ng<\/p>\n<p>D\u1eabn ng\u01b0\u1eddi tho\u00e1t c\u00f5i m\u00ea<\/p>\n<p>\u0110\u01b0a con tr\u1edf v\u1ec1<\/p>\n<p>S\u1ed1ng cu\u1ed9c \u0111\u1eddi t\u1ec9nh th\u1ee9c. (C)<\/p>\n<p>T\u0103ng l\u00e0 \u0111o\u00e0n th\u1ec3 \u0111\u1eb9p<\/p>\n<p>C\u00f9ng \u0111i tr\u00ean \u0111\u01b0\u1eddng vui<\/p>\n<p>Tu T\u1eadp gi\u1ea3i tho\u00e1t<\/p>\n<p>L\u00e0m an l\u1ea1c cu\u1ed9c \u0111\u1eddi. (C)<\/p>\n<p>\u0110\u1ec7 t\u1eed n\u01b0\u01a1ng nh\u1edd Tam B\u1ea3o<\/p>\n<p>Tr\u00ean con \u0111\u01b0\u1eddng h\u1ecdc \u0111\u1ea1o<\/p>\n<p>Bi\u1ebft Tam B\u1ea3o c\u1ee7a t\u1ef1 t\u00e2m<\/p>\n<p>Nguy\u1ec7n xin chuy\u00ean c\u1ea7n<\/p>\n<p>L\u00e0m s\u00e1ng l\u00f2ng ba vi\u00ean ng\u1ecdc qu\u00fd. (C)<\/p>\n<p>Nguy\u1ec7n theo h\u01a1i th\u1edf<\/p>\n<p>N\u1edf n\u1ee5 c\u01b0\u1eddi t\u01b0\u01a1i<\/p>\n<p>Nguy\u1ec7n h\u1ecdc nh\u00ecn cu\u1ed9c \u0111\u1eddi<\/p>\n<p>B\u1eb1ng con m\u1eaft qu\u00e1n chi\u1ebfu<\/p>\n<p>Nguy\u1ec7n xin t\u00ecm hi\u1ec3u<\/p>\n<p>N\u1ed7i kh\u1ed5 c\u1ee7a m\u1ecdi lo\u1ea1i<\/p>\n<p>T\u1eadp t\u1eeb bi<\/p>\n<p>H\u00e0nh h\u1ef7 x\u1ea3<\/p>\n<p>S\u00e1ng cho ng\u01b0\u1eddi th\u00eam ni\u1ec1m vui<\/p>\n<p>Chi\u1ec1u gi\u00fap ng\u01b0\u1eddi b\u1edbt kh\u1ed5<\/p>\n<p>\u0110\u1ec7 t\u1eed nguy\u1ec7n s\u1ed1ng cu\u1ed9c \u0111\u1eddi thi\u1ec3u d\u1ee5c<\/p>\n<p>N\u1ebfp s\u1ed1ng l\u00e0nh m\u1ea1nh an h\u00f2a<\/p>\n<p>Cho th\u00e2n th\u1ec3 ki\u1ec7n kh\u01b0\u01a1ng<\/p>\n<p>Nguy\u1ec7n r\u1ee7 b\u1ecf \u00e2u lo<\/p>\n<p>H\u1ecdc tha th\u1ee9 bao dung<\/p>\n<p>Cho t\u00e2m t\u01b0 nh\u1eb9 nh\u00f5m<\/p>\n<p>\u0110\u1ec7 t\u1eed nguy\u1ec7n \u01a1n s\u00e2u \u0111\u1ec1n b\u00e1o<\/p>\n<p>\u01a0n cha m\u1eb9 \u01a1n th\u1ea7y<\/p>\n<p>\u01a0n b\u00e8 b\u1ea1n ch\u00fang sanh<\/p>\n<p>Nguy\u1ec7n tu h\u1ecdc tinh chuy\u00ean<\/p>\n<p>Cho c\u00e2y bi tr\u00ed n\u1edf hoa<\/p>\n<p>Mong m\u1ed9t ng\u00e0y kia<\/p>\n<p>C\u00f3 kh\u1ea3 n\u0103ng c\u1ee9u \u0111\u1ed9 m\u1ecdi lo\u00e0i<\/p>\n<p>V\u01b0\u1ee3t ra ngo\u00e0i c\u00f5i kh\u1ed5. (C)<\/p>\n<p>Xin nguy\u1ec7n B\u1ee5t, Ph\u00e1p, T\u0103ng ch\u1ee9ng minh<\/p>\n<p>Gia h\u1ed9 cho \u0111\u1ec7 t\u1eed ch\u00fang con<\/p>\n<p>Vi\u00ean th\u00e0nh \u0111\u1ea1i nguy\u1ec7n. (CC)<\/p>\n<p>(Quay V\u1ec1 N\u01b0\u01a1ng T\u1ef1a)<\/p>\n<p>Con v\u1ec1 n\u01b0\u01a1ng t\u1ef1a B\u1ee5t, ng\u01b0\u1eddi \u0111\u01b0a \u0111\u01b0\u1eddng ch\u1ec9 l\u1ed1i cho con trong cu\u1ed9c \u0111\u1eddi.<\/p>\n<p>Con v\u1ec1 n\u01b0\u01a1ng t\u1ef1a Ph\u00e1p, con \u0111\u01b0\u1eddng c\u1ee7a t\u00ecnh th\u01b0\u01a1ng v\u00e0 s\u1ef1 hi\u1ec3u bi\u1ebft.<\/p>\n<p>Con v\u1ec1 n\u01b0\u01a1ng t\u1ef1a T\u0103ng, \u0111o\u00e0n th\u1ec3 c\u1ee7a nh\u1eefng ng\u01b0\u1eddi nguy\u1ec7n s\u1ed1ng cu\u1ed9c \u0111\u1eddi t\u1ec9nh th\u1ee9c.(C)<\/p>\n<p>\u0110\u00e3 v\u1ec1 n\u01b0\u01a1ng t\u1ef1a B\u1ee5t, con \u0111ang c\u00f3 h\u01b0\u1edbng \u0111i s\u00e1ng \u0111\u1eb9p trong cu\u1ed9c \u0111\u1eddi.<\/p>\n<p>\u0110\u00e3 v\u1ec1 n\u01b0\u01a1ng t\u1ef1a Ph\u00e1p, con \u0111ang \u0111\u01b0\u1ee3c h\u1ecdc h\u1ecfi v\u00e0 tu t\u1eadp c\u00e1c ph\u00e1p m\u00f4n chuy\u1ec3n h\u00f3a.<\/p>\n<p>\u0110\u00e3 v\u1ec1 n\u01b0ong t\u1ef1a T\u0103ng, con \u0111ang \u0111\u01b0\u1ee3c t\u0103ng th\u00e2n soi s\u00e1ng, d\u00ecu d\u1eaft v\u00e0 n\u00e2ng \u0111\u1ee1 tr\u00ean con \u0111\u01b0\u1eddng th\u1ef1c t\u1eadp. (C)<\/p>\n<p>V\u1ec1 n\u01b0\u01a1ng B\u1ee5t trong con, xin nguy\u1ec7n cho m\u1ecdi ng\u01b0\u1eddi, th\u1ec3 nh\u1eadn \u0111\u01b0\u1ee3c gi\u00e1c t\u00ednh, s\u1edbm m\u1edf l\u00f2ng B\u1ed3 \u0110\u1ec1.<\/p>\n<p>V\u1ec1 n\u01b0\u01a1ng Ph\u00e1p trong con, xin nguy\u1ec7n cho m\u1ecdi ng\u01b0\u1eddi, n\u1eafm v\u1eefng c\u00e1c ph\u00e1p m\u00f4n, c\u00f9ng l\u00ean \u0111\u01b0\u1eddng chuy\u1ec3n h\u00f3a.<\/p>\n<p>V\u1ec1 n\u01b0\u01a1ng T\u0103ng trong con, xin nguy\u1ec7n cho m\u1ecdi ng\u01b0\u1eddi, x\u00e2y d\u1ef1ng n\u00ean b\u1ed1n ch\u00fang, nhi\u1ebfp h\u00f3a \u0111\u01b0\u1ee3c mu\u00f4n lo\u00e0i. (CC)<\/p>\n<p>H\u1ed3i H\u01b0\u1edbng<\/p>\n<p>Tr\u00ec gi\u1edbi ph\u00e1p th\u00e2m di\u1ec7u<\/p>\n<p>T\u1ea1o c\u00f4ng \u0111\u1ee9c v\u00f4 bi\u00ean<\/p>\n<p>\u0110\u1ec7 t\u1eed xin h\u1ed1i h\u01b0\u1edbng<\/p>\n<p>Cho ch\u00fang sinh m\u1ecdi mi\u1ec1n. (C)<\/p>\n<p>Ph\u00e1p m\u00f4n xin nguy\u1ec7n h\u1ecdc<\/p>\n<p>\u00c2n ngh\u0129a xin nguy\u1ec7n \u0111\u1ec1n<\/p>\n<p>Phi\u1ec1n n\u00e3o xin nguy\u1ec7n \u0111o\u1ea1n<\/p>\n<p>Qu\u1ea3 B\u1ee5t xin ch\u1ee9ng n\u00ean. (CCC)<\/p>\n<p>Source: Nghi Th\u1ee9c T\u1ee5ng Ni\u1ec7m \u0110\u1ea1i To\u00e0n, To\u00e0n B\u1eb1ng Qu\u1ed1c, Th\u00edch Nh\u1ea5t H\u1ea1nh, L\u00e1 B\u1ed1i 1999.<\/p>\n","protected":false},"excerpt":{"rendered":"<p>NGHI TH\u1ee8C T\u1ee4NG N\u0102M GI\u1edaI &#8212; o0o &#8212; http:\/\/www.tuvien.com\/gioi_luat\/show.php?get=1&#038;id=29tungnamgioi Vi Y\u1ebft Ma: \u0110\u1ea1i ch\u00fang \u0111\u00e3 t\u1eadp h\u1ecdp \u0111\u1ea7y \u0111\u1ee7 ch\u01b0a ? V\u1ecb Th\u1ee7 Ch\u00fang: Th\u01b0a, \u2026 <a class=\"continue-reading-link\" href=\"https:\/\/www.pagodethienminh.fr\/?page_id=3976\">Continue \u00e0 lire <span class=\"meta-nav\">&rarr; <\/span><\/a><\/p>\n","protected":false},"author":1,"featured_media":0,"parent":1599,"menu_order":59,"comment_status":"closed","ping_status":"closed","template":"template-onecolumn.php","meta":{"_mc_calendar":[],"footnotes":""},"class_list":["post-3976","page","type-page","status-publish","hentry"],"_links":{"self":[{"href":"https:\/\/www.pagodethienminh.fr\/index.php?rest_route=\/wp\/v2\/pages\/3976","targetHints":{"allow":["GET"]}}],"collection":[{"href":"https:\/\/www.pagodethienminh.fr\/index.php?rest_route=\/wp\/v2\/pages"}],"about":[{"href":"https:\/\/www.pagodethienminh.fr\/index.php?rest_route=\/wp\/v2\/types\/page"}],"author":[{"embeddable":true,"href":"https:\/\/www.pagodethienminh.fr\/index.php?rest_route=\/wp\/v2\/users\/1"}],"replies":[{"embeddable":true,"href":"https:\/\/www.pagodethienminh.fr\/index.php?rest_route=%2Fwp%2Fv2%2Fcomments&post=3976"}],"version-history":[{"count":2,"href":"https:\/\/www.pagodethienminh.fr\/index.php?rest_route=\/wp\/v2\/pages\/3976\/revisions"}],"predecessor-version":[{"id":3978,"href":"https:\/\/www.pagodethienminh.fr\/index.php?rest_route=\/wp\/v2\/pages\/3976\/revisions\/3978"}],"up":[{"embeddable":true,"href":"https:\/\/www.pagodethienminh.fr\/index.php?rest_route=\/wp\/v2\/pages\/1599"}],"wp:attachment":[{"href":"https:\/\/www.pagodethienminh.fr\/index.php?rest_route=%2Fwp%2Fv2%2Fmedia&parent=3976"}],"curies":[{"name":"wp","href":"https:\/\/api.w.org\/{rel}","templated":true}]}}