{"id":3968,"date":"2014-02-13T13:07:23","date_gmt":"2014-02-13T13:07:23","guid":{"rendered":"http:\/\/www.pagodethienminh.fr\/?page_id=3968"},"modified":"2014-02-13T15:30:53","modified_gmt":"2014-02-13T15:30:53","slug":"2014-2","status":"publish","type":"page","link":"https:\/\/www.pagodethienminh.fr\/?page_id=3968","title":{"rendered":"2014"},"content":{"rendered":"<p><strong><em>30\/01\/2014 : Soir du R\u00e9veillon du Nouvel An Vietnamien au temple bouddhiste Thi\u00ean Minh<\/em><\/strong><\/p>\n<p>La pagode a organis\u00e9 comme chaque ann\u00e9e le r\u00e9veillon du Nouvel An Asiatique, sous le signe du Cheval en accueillant la communaut\u00e9 catholique vietnamienne de la r\u00e9gion lyonnaise: symbole de l&#8217;harmonie et du partage. <\/p>\n<p><embed type=\"application\/x-shockwave-flash\" src=\"https:\/\/static.googleusercontent.com\/external_content\/picasaweb.googleusercontent.com\/slideshow.swf\" width=\"600\" height=\"400\" flashvars=\"host=picasaweb.google.com&#038;hl=fr&#038;feat=flashalbum&#038;RGB=0x000000&#038;feed=https%3A%2F%2Fpicasaweb.google.com%2Fdata%2Ffeed%2Fapi%2Fuser%2F111353345480249497066%2Falbumid%2F5979882346475166305%3Falt%3Drss%26kind%3Dphoto%26hl%3Dfr\" pluginspage=\"http:\/\/www.macromedia.com\/go\/getflashplayer\"><\/embed><\/p>\n<p>&nbsp;<\/p>\n<p><strong><em>31\/01\/2014 : Jour de l&#8217;an veitnamien au temple bouddhiste Thi\u00ean Minh<\/em><\/strong><\/p>\n<p>Cette journ\u00e9e est \u00e2rtag\u00e9 en deux parties, la premi\u00e8re marque la tradition du jour de l&#8217;an avec les p\u00e9tards et la danse du dragon, et la deuxi\u00e8me partie, les souhaits de sant\u00e9 et de paix de la nouvelle ann\u00e9e suivies de la distribution de porte bonheur des v\u00e9n\u00e9rables. <\/p>\n<p><embed type=\"application\/x-shockwave-flash\" src=\"https:\/\/static.googleusercontent.com\/external_content\/picasaweb.googleusercontent.com\/slideshow.swf\" width=\"600\" height=\"400\" flashvars=\"host=picasaweb.google.com&#038;hl=fr&#038;feat=flashalbum&#038;RGB=0x000000&#038;feed=https%3A%2F%2Fpicasaweb.google.com%2Fdata%2Ffeed%2Fapi%2Fuser%2F111353345480249497066%2Falbumid%2F5979886306714708017%3Falt%3Drss%26kind%3Dphoto%26hl%3Dfr\" pluginspage=\"http:\/\/www.macromedia.com\/go\/getflashplayer\"><\/embed><\/p>\n<p>&nbsp;<\/p>\n<p><strong><em>09\/02\/2014 : Spectacle Nouvel An Asiatique \u00e0 la salle Juliot Curie &#8211; V\u00e9nissieux <\/em><\/strong><\/p>\n<p>La pagode a organis\u00e9 comme chaque ann\u00e9e, un spectacle de danses et de chants traditionnels \u00e0 l&#8217;occasion du Nouvel An Asiatique, cette ann\u00e9e sous le signe du Cheval. <\/p>\n<p><embed type=\"application\/x-shockwave-flash\" src=\"https:\/\/static.googleusercontent.com\/external_content\/picasaweb.googleusercontent.com\/slideshow.swf\" width=\"600\" height=\"400\" flashvars=\"host=picasaweb.google.com&#038;hl=fr&#038;feat=flashalbum&#038;RGB=0x000000&#038;feed=https%3A%2F%2Fpicasaweb.google.com%2Fdata%2Ffeed%2Fapi%2Fuser%2F111353345480249497066%2Falbumid%2F5979898658118211393%3Falt%3Drss%26kind%3Dphoto%26hl%3Dfr\" pluginspage=\"http:\/\/www.macromedia.com\/go\/getflashplayer\"><\/embed><\/p>\n<p>&nbsp;<\/p>\n","protected":false},"excerpt":{"rendered":"<p>30\/01\/2014 : Soir du R\u00e9veillon du Nouvel An Vietnamien au temple bouddhiste Thi\u00ean Minh La pagode a organis\u00e9 comme chaque ann\u00e9e le r\u00e9veillon du Nouvel \u2026 <a class=\"continue-reading-link\" href=\"https:\/\/www.pagodethienminh.fr\/?page_id=3968\">Continue \u00e0 lire <span class=\"meta-nav\">&rarr; <\/span><\/a><\/p>\n","protected":false},"author":1,"featured_media":0,"parent":304,"menu_order":0,"comment_status":"closed","ping_status":"closed","template":"template-onecolumn.php","meta":{"_mc_calendar":[],"footnotes":""},"class_list":["post-3968","page","type-page","status-publish","hentry"],"_links":{"self":[{"href":"https:\/\/www.pagodethienminh.fr\/index.php?rest_route=\/wp\/v2\/pages\/3968","targetHints":{"allow":["GET"]}}],"collection":[{"href":"https:\/\/www.pagodethienminh.fr\/index.php?rest_route=\/wp\/v2\/pages"}],"about":[{"href":"https:\/\/www.pagodethienminh.fr\/index.php?rest_route=\/wp\/v2\/types\/page"}],"author":[{"embeddable":true,"href":"https:\/\/www.pagodethienminh.fr\/index.php?rest_route=\/wp\/v2\/users\/1"}],"replies":[{"embeddable":true,"href":"https:\/\/www.pagodethienminh.fr\/index.php?rest_route=%2Fwp%2Fv2%2Fcomments&post=3968"}],"version-history":[{"count":5,"href":"https:\/\/www.pagodethienminh.fr\/index.php?rest_route=\/wp\/v2\/pages\/3968\/revisions"}],"predecessor-version":[{"id":3970,"href":"https:\/\/www.pagodethienminh.fr\/index.php?rest_route=\/wp\/v2\/pages\/3968\/revisions\/3970"}],"up":[{"embeddable":true,"href":"https:\/\/www.pagodethienminh.fr\/index.php?rest_route=\/wp\/v2\/pages\/304"}],"wp:attachment":[{"href":"https:\/\/www.pagodethienminh.fr\/index.php?rest_route=%2Fwp%2Fv2%2Fmedia&parent=3968"}],"curies":[{"name":"wp","href":"https:\/\/api.w.org\/{rel}","templated":true}]}}