{"id":3961,"date":"2014-02-13T12:39:00","date_gmt":"2014-02-13T12:39:00","guid":{"rendered":"http:\/\/www.pagodethienminh.fr\/?page_id=3961"},"modified":"2014-09-01T20:11:32","modified_gmt":"2014-09-01T20:11:32","slug":"2015-2","status":"publish","type":"page","link":"https:\/\/www.pagodethienminh.fr\/?page_id=3961","title":{"rendered":"2014"},"content":{"rendered":"<p>09\/02\/14 : T\u1ebft Xu\u00e2n &#8211; Nouvel An Lyon &#8211; Salle des F\u00eate Juliot Curie (V\u00e9nissieux)<br \/>\nComme tous les ans Le groupe de la famille des Jeunes bouddhistes de la pagode Thi\u00ean Minh ont particip\u00e9 \u00e0 un spectacle traditionnel \u00e0 l&#8217;occasion du Nouvel An Vietnamien organis\u00e9 le 09\/02\/2014 \u00e0 la salle de Spectacle \u00e0 V\u00e9nissieux.<\/p>\n<p>Danse 1: GDPT Thien Minh &#8211; Tet ve mien tay<br \/>\n<iframe loading=\"lazy\" src=\"\/\/www.youtube.com\/embed\/sz6Curm4qD8?rel=0\" width=\"640\" height=\"360\" frameborder=\"0\" allowfullscreen=\"allowfullscreen\"><\/iframe><\/p>\n<p>Danse 2: GDPT Thien Minh &#8211; Saigon que huong toi<br \/>\n<iframe loading=\"lazy\" src=\"\/\/www.youtube.com\/embed\/TJE_nx1hU88?rel=0\" width=\"640\" height=\"360\" frameborder=\"0\" allowfullscreen=\"allowfullscreen\"><\/iframe><\/p>\n<p>Danse 3: GDPT Thien Minh &#8211; Tuoi mua xuan<br \/>\n<iframe loading=\"lazy\" src=\"\/\/www.youtube.com\/embed\/mFT8dllq08M?rel=0\" width=\"640\" height=\"360\" frameborder=\"0\" allowfullscreen=\"allowfullscreen\"><\/iframe><\/p>\n<p>Danse 4: GDPT Thien Minh &#8211; Nghe Ben Saigon<br \/>\n<iframe loading=\"lazy\" src=\"\/\/www.youtube.com\/embed\/e1f9FNS85Uk?rel=0\" width=\"640\" height=\"360\" frameborder=\"0\" allowfullscreen=\"allowfullscreen\"><\/iframe><\/p>\n<p>Danse 5: GDPT Thien Minh &#8211; Em la hoa hong nho<br \/>\n<iframe loading=\"lazy\" src=\"\/\/www.youtube.com\/embed\/WLPi556yZZA?rel=0\" width=\"640\" height=\"360\" frameborder=\"0\" allowfullscreen=\"allowfullscreen\"><\/iframe><\/p>\n<p>Danse 6: GDPT Thien Minh &#8211; Tuoi Mua Xuan<br \/>\n<iframe loading=\"lazy\" src=\"\/\/www.youtube.com\/embed\/f3Wng9rbKSo?rel=0\" width=\"640\" height=\"360\" frameborder=\"0\" allowfullscreen=\"allowfullscreen\"><\/iframe><\/p>\n<p>Danse 7: GDPT Thien Minh &#8211; Uniformes traditionnels d&#8217;\u00e9tudiants<br \/>\n<iframe loading=\"lazy\" src=\"\/\/www.youtube.com\/embed\/qQ5DzuCfJbY?rel=0\" width=\"640\" height=\"360\" frameborder=\"0\" allowfullscreen=\"allowfullscreen\"><\/iframe><\/p>\n<p>Danse 8: GDPT Thien Minh &#8211; Tuniques traditionnelles et chapeaux coniques<br \/>\n<iframe loading=\"lazy\" src=\"\/\/www.youtube.com\/embed\/geBMhk6DMho?rel=0\" width=\"640\" height=\"360\" frameborder=\"0\" allowfullscreen=\"allowfullscreen\"><\/iframe><\/p>\n<p>Danse 9: GDPT Thien Minh &#8211; Chau Pha<br \/>\n<iframe loading=\"lazy\" src=\"\/\/www.youtube.com\/embed\/cyNXBINFY88?rel=0\" width=\"640\" height=\"360\" frameborder=\"0\" allowfullscreen=\"allowfullscreen\"><\/iframe><\/p>\n<p>Danse 10 : Mua Lan Salle<\/p>\n<p>&#8212;&#8212;&#8212;&#8212;&#8212;&#8212;&#8212;&#8212;&#8212;&#8212;&#8212;&#8212;&#8212;&#8212;&#8212;&#8212;&#8212;&#8212;&#8212;&#8212;&#8212;&#8212;&#8212;&#8212;&#8212;&#8212;&#8212;&#8212;&#8212;&#8212;&#8212;&#8212;&#8212;&#8212;<\/p>\n<p>Ph\u1eadt \u0110\u1ea3n P.L. 2558 &#8211; 2014 &#8211; V\u00e9sak 2014 : 7 b\u00e0i m\u00faa &#8211; 7 Danses<\/p>\n<p>Mu\u00e1 1 : Danse 1<br \/>\n<iframe loading=\"lazy\" src=\"\/\/www.youtube.com\/embed\/o4cis7mXw0s\" width=\"640\" height=\"360\" frameborder=\"0\" allowfullscreen=\"allowfullscreen\"><\/iframe><\/p>\n<p>Mu\u00e1 2 : Danse 2<br \/>\n<iframe loading=\"lazy\" src=\"\/\/www.youtube.com\/embed\/CVccI9XPeNI\" width=\"640\" height=\"360\" frameborder=\"0\" allowfullscreen=\"allowfullscreen\"><\/iframe><\/p>\n<p>Mu\u00e1 3 : Danse 3<br \/>\n<iframe loading=\"lazy\" src=\"\/\/www.youtube.com\/embed\/ohY1AeGWH0A\" width=\"640\" height=\"360\" frameborder=\"0\" allowfullscreen=\"allowfullscreen\"><\/iframe><\/p>\n<p>Mu\u00e1 4 : Danse 4<br \/>\n<iframe loading=\"lazy\" src=\"\/\/www.youtube.com\/embed\/iR6E4qZpQbM\" width=\"640\" height=\"360\" frameborder=\"0\" allowfullscreen=\"allowfullscreen\"><\/iframe><\/p>\n<p>Mu\u00e1 5 : Danse 5<br \/>\n<iframe loading=\"lazy\" src=\"\/\/www.youtube.com\/embed\/K2Og9oV77Y4\" width=\"640\" height=\"360\" frameborder=\"0\" allowfullscreen=\"allowfullscreen\"><\/iframe><\/p>\n<p>Mu\u00e1 6 : Danse 6<br \/>\n<iframe loading=\"lazy\" src=\"\/\/www.youtube.com\/embed\/pukonAM9tcs\" width=\"640\" height=\"360\" frameborder=\"0\" allowfullscreen=\"allowfullscreen\"><\/iframe><\/p>\n<p>Mu\u00e1 7 : Danse 7<br \/>\n<iframe loading=\"lazy\" src=\"\/\/www.youtube.com\/embed\/iBf8C-BP68Q\" width=\"640\" height=\"360\" frameborder=\"0\" allowfullscreen=\"allowfullscreen\"><\/iframe><\/p>\n<p>Hop Ca &#8211; Chorale<br \/>\n<iframe loading=\"lazy\" src=\"\/\/www.youtube.com\/embed\/16vp0gXp9C0\" width=\"640\" height=\"360\" frameborder=\"0\" allowfullscreen=\"allowfullscreen\"><\/iframe><\/p>\n<p>Tai Chi &#8211; Qi Gong<br \/>\n<iframe loading=\"lazy\" src=\"\/\/www.youtube.com\/embed\/k0KX1CPF7cw\" width=\"640\" height=\"360\" frameborder=\"0\" allowfullscreen=\"allowfullscreen\"><\/iframe><\/p>\n<p>&#8212;&#8212;&#8212;&#8212;&#8212;&#8212;&#8212;&#8212;&#8212;&#8212;&#8212;&#8212;&#8212;&#8212;&#8212;&#8212;&#8212;&#8212;&#8212;&#8212;&#8212;&#8212;&#8212;&#8212;&#8212;&#8212;&#8212;&#8212;&#8212;&#8212;&#8212;&#8212;&#8212;&#8212;<\/p>\n<p>Vu Lan P.L. 2558 &#8211; 2014 &#8211; Ullumbana 2014 : 6 b\u00e0i m\u00faa &#8211; 6 Danses<\/p>\n<p>Mu\u00e1 1 : Danse 1<br \/>\n<iframe loading=\"lazy\" width=\"640\" height=\"360\" src=\"\/\/www.youtube.com\/embed\/Zr5TxrN9ns4?rel=0\" frameborder=\"0\" allowfullscreen><\/iframe><\/p>\n<p>Mu\u00e1 2 : Danse 2<br \/>\n<iframe loading=\"lazy\" width=\"640\" height=\"360\" src=\"\/\/www.youtube.com\/embed\/fEeVpnmCIuo?rel=0\" frameborder=\"0\" allowfullscreen><\/iframe><\/p>\n<p>Mu\u00e1 3 : Danse 3<br \/>\n<iframe loading=\"lazy\" width=\"640\" height=\"360\" src=\"\/\/www.youtube.com\/embed\/AAtB9qx2Fm0?rel=0\" frameborder=\"0\" allowfullscreen><\/iframe><\/p>\n<p>Mu\u00e1 4 : Danse 4<br \/>\n<iframe loading=\"lazy\" width=\"640\" height=\"360\" src=\"\/\/www.youtube.com\/embed\/Wp18hWFgjcI?rel=0\" frameborder=\"0\" allowfullscreen><\/iframe><\/p>\n<p>Mu\u00e1 5 : Danse 5<br \/>\n<iframe loading=\"lazy\" width=\"640\" height=\"360\" src=\"\/\/www.youtube.com\/embed\/5A9ym-JeZh4?rel=0\" frameborder=\"0\" allowfullscreen><\/iframe><\/p>\n<p>Mu\u00e1 6 : Danse 6<br \/>\n<iframe loading=\"lazy\" width=\"640\" height=\"360\" src=\"\/\/www.youtube.com\/embed\/6b840gHXAPU?rel=0\" frameborder=\"0\" allowfullscreen><\/iframe><\/p>\n","protected":false},"excerpt":{"rendered":"<p>09\/02\/14 : T\u1ebft Xu\u00e2n &#8211; Nouvel An Lyon &#8211; Salle des F\u00eate Juliot Curie (V\u00e9nissieux) Comme tous les ans Le groupe de la famille des \u2026 <a class=\"continue-reading-link\" href=\"https:\/\/www.pagodethienminh.fr\/?page_id=3961\">Continue \u00e0 lire <span class=\"meta-nav\">&rarr; <\/span><\/a><\/p>\n","protected":false},"author":1,"featured_media":0,"parent":2602,"menu_order":8,"comment_status":"closed","ping_status":"closed","template":"template-onecolumn.php","meta":{"_mc_calendar":[],"footnotes":""},"class_list":["post-3961","page","type-page","status-publish","hentry"],"_links":{"self":[{"href":"https:\/\/www.pagodethienminh.fr\/index.php?rest_route=\/wp\/v2\/pages\/3961","targetHints":{"allow":["GET"]}}],"collection":[{"href":"https:\/\/www.pagodethienminh.fr\/index.php?rest_route=\/wp\/v2\/pages"}],"about":[{"href":"https:\/\/www.pagodethienminh.fr\/index.php?rest_route=\/wp\/v2\/types\/page"}],"author":[{"embeddable":true,"href":"https:\/\/www.pagodethienminh.fr\/index.php?rest_route=\/wp\/v2\/users\/1"}],"replies":[{"embeddable":true,"href":"https:\/\/www.pagodethienminh.fr\/index.php?rest_route=%2Fwp%2Fv2%2Fcomments&post=3961"}],"version-history":[{"count":9,"href":"https:\/\/www.pagodethienminh.fr\/index.php?rest_route=\/wp\/v2\/pages\/3961\/revisions"}],"predecessor-version":[{"id":4284,"href":"https:\/\/www.pagodethienminh.fr\/index.php?rest_route=\/wp\/v2\/pages\/3961\/revisions\/4284"}],"up":[{"embeddable":true,"href":"https:\/\/www.pagodethienminh.fr\/index.php?rest_route=\/wp\/v2\/pages\/2602"}],"wp:attachment":[{"href":"https:\/\/www.pagodethienminh.fr\/index.php?rest_route=%2Fwp%2Fv2%2Fmedia&parent=3961"}],"curies":[{"name":"wp","href":"https:\/\/api.w.org\/{rel}","templated":true}]}}