{"id":3821,"date":"2013-10-09T08:26:03","date_gmt":"2013-10-09T08:26:03","guid":{"rendered":"http:\/\/www.pagodethienminh.fr\/?page_id=3821"},"modified":"2014-11-24T13:33:51","modified_gmt":"2014-11-24T13:33:51","slug":"annee-2014","status":"publish","type":"page","link":"https:\/\/www.pagodethienminh.fr\/?page_id=3821","title":{"rendered":"Ann\u00e9e 2014"},"content":{"rendered":"<div>\n<p align=\"center\"><strong>Ch\u01b0\u01a1ng tr\u00ecnh sinh ho\u1ea1t : 13h30 -&gt; 17h15<\/strong><\/p>\n<\/div>\n<address>\u00a0<strong>13g30<\/strong>\u00a0: l\u1ec5 Ph\u1eadt \u2013 c\u00e9r\u00e9monie g\u0111pt, m\u00e9ditation<\/address>\n<address><strong>14g00<\/strong>\u00a0: Ph\u1eadt Ph\u00e1p (Th\u1ea7y QVi\u00ean &#8211; Ch\u00fa Long &#8211; Anh Vincent) &#8211; enseignt<\/address>\n<address><strong>15g00<\/strong>\u00a0: gi\u00e3i lao &#8211; pause<\/address>\n<address><strong>15g10<\/strong>\u00a0: chuy\u00ean m\u00f4n (sous groupe : s\u00e9curit\u00e9, d\u00e9bat, thuy\u1ebft tr\u00ecnh &#8230;)<\/address>\n<address><strong>16g00<\/strong>\u00a0: b\u1ea3n sinh h\u1ecdat G\u0110PT, t\u1ef1 tr\u1ecb &#8211; auto gestion<\/address>\n<address><strong>16g30<\/strong>\u00a0: sinh h\u1ecdat t\u1eadp th\u1ec3 (tai chi &#8211; tr\u00f2 ch\u01a1i) \u2013 jeux en groupe<\/address>\n<address><strong>17g15<\/strong>\u00a0: k\u1ebft gi\u00e2y<\/address>\n<p>&#8212;&#8212;&#8212;&#8212;&#8212;&#8212;&#8212;&#8212;&#8212;&#8212;&#8212;&#8212;&#8212;&#8212;&#8212;&#8212;&#8212;&#8212;&#8212;&#8212;&#8212;&#8212;&#8212;&#8212;&#8212;&#8212;&#8212;&#8212;&#8212;&#8212;-<\/p>\n<p><b>Dimanche 05\/01\/2014: Sinh Hoat \u2013 Ch\u00f9a (Pagode)<\/b><\/p>\n<p><b>Dimanche 19\/01\/2014: Sinh Hoat \u2013 Ch\u00f9a (Pagode)<\/b><\/p>\n<p>Jeudi 30\/01\/2014: \u0110\u00eam Gao Th\u1eeba \u2013 Ch\u00f9a (Pagode)<\/p>\n<p>Vendredi 31\/01\/2014: T\u1ebft \u2013 Ch\u00f9a (Pagode)<\/p>\n<p><b>Samedi 01\/02\/2014\u00a0: T\u1ebft Nantes<\/b><\/p>\n<p><b>Dimanche 09\/02\/2014: T\u1ebft \u00e0 la salle V\u00e9nissieux<\/b><\/p>\n<p>Dimanche 16\/02\/2014\u00a0: R\u1eb1m \u2013 Ch\u00f9a (Pagode)<\/p>\n<p><b>Dimanche 23\/02\/2014\u00a0: H\u1ed9i Cao Ni\u00ean\u00a0 \u2013 Ch\u00f9a (Pagode)<\/b><\/p>\n<p><b>Dimanche 02\/03\/2014\u00a0: Sinh Hoat \u2013 Ch\u00f9a (Pagode)<\/b><\/p>\n<p><b>Dimanche 16\/03\/2014: Sinh Hoat \u2013 Ch\u00f9a (Pagode)<\/b><\/p>\n<p><b>Dimanche 30\/03\/2014: Sinh Hoat \u2013 Ch\u00f9a (Pagode)<\/b><\/p>\n<p><b>Dimanche 13\/04\/2014: Sinh Hoat \u2013 Ch\u00f9a (Pagode)<\/b><\/p>\n<p><b>Samedi \u2013 Lundi 19-20-21\/04\/2014: Tr\u1ea1i Toulouse<\/b><\/p>\n<p>Dimanche<b>\u00a0<\/b>04\/05\u00a0\u00a0\u00a0\u00a0\u00a0 Sinh Ho\u1ea1t (Ch\u00f9a Thi\u1ec7n Minh &#8211; Pagode)<\/p>\n<p><b><b>Dimanche\u00a0<\/b>11\/05\u00a0\u00a0\u00a0\u00a0 Ph\u1eadt \u0110\u1ea3n Valence (Ch\u00f9a Valence &#8211; 163 B, route de Mont\u00e9lier)<\/b><\/p>\n<p>Dimanche<b>\u00a0<\/b>18\/05\u00a0\u00a0\u00a0\u00a0\u00a0 Sinh Ho\u1ea1t cho ng\u00e0nh Thanh &amp; Thi\u1ebfu ( &gt;12 ans) (Ch\u00f9a Thi\u1ec7n Minh)<\/p>\n<p>Dimanche<b>\u00a0<\/b>18\/05\u00a0\u00a0\u00a0\u00a0\u00a0 Sortie Parc de la T\u00eate d&#8217;Or pour les Oanh V\u0169<\/p>\n<p><b><b>Dimanche\u00a0<\/b>25\/05\u00a0\u00a0\u00a0\u00a0 Ph\u1eadt \u0110\u1ea3n Lyon \u00a0(Ch\u00f9a-Pagode)<\/b><b>\u00a0<\/b><\/p>\n<p>Samedi &amp; Dimanche<b>\u00a0<\/b>07-08\/06 Week end sp\u00e9cial \u00e0 Valence (Ch\u00f9a Valence)<\/p>\n<p>Dimanche<b>\u00a0<\/b>15\/06\u00a0\u00a0\u00a0\u00a0\u00a0 Sinh Ho\u1ea1t (Ch\u00f9a Thi\u1ec7n Minh &#8211; Pagode)<\/p>\n<p>Samedi 21\/06\u00a0\u00a0\u00a0\u00a0\u00a0 F\u00eate de la musique (La Gravi\u00e8re)<\/p>\n<p><b><b>Dimanche\u00a0<\/b>22\/06\u00a0\u00a0\u00a0\u00a0 Com Xa Hoi (Ch\u00f9a Thi\u1ec7n Minh &#8211; Pagode)<\/b><b>\u00a0<\/b><\/p>\n<p><b>Mardi 01 au Jeudi 10\/07\u00a0\u00a0\u00a0\u00a0 Kh\u00f3a Tu H\u1ecdc en Suisse<\/b><\/p>\n<p>Dimanche<b>\u00a0<\/b>13\/07\u00a0\u00a0\u00a0\u00a0\u00a0 Pique Nique (Lac)<\/p>\n<p>Dimanche<b>\u00a0<\/b>24\/08\u00a0\u00a0\u00a0\u00a0\u00a0 Sinh Ho\u1ea1t (Ch\u00f9a Thi\u1ec7n Minh &#8211; Pagode)<\/p>\n<p><b><b>Dimanche\u00a0<\/b>31\/08\u00a0\u00a0\u00a0\u00a0 Vu Lan (Ch\u00f9a Thi\u1ec7n Minh &#8211; Pagode)<\/b><b>\u00a0<\/b><\/p>\n<p><b><b>Dimanche\u00a007<\/b>\/09\u00a0\u00a0\u00a0\u00a0 Trung Thu \u2013 F\u00eate des Enfants (Ch\u00f9a Thi\u1ec7n Minh &#8211; Pagode)<\/b><\/p>\n<p>Dim 21\/09: 13h15-17h Sinh Ho\u1ea1t &#8211; Ch\u00f9a\/Pagode Thi\u1ec7n Minh<\/p>\n<p>Dim 05\/10: 13h15-17h Sinh Ho\u1ea1t &#8211; Ch\u00f9a\/Pagode Thi\u1ec7n Minh<\/p>\n<p>Dim 19\/10: 13h15-17h Sinh Ho\u1ea1t &#8211; Ch\u00f9a\/Pagode Thi\u1ec7n Minh<\/p>\n<p><strong>Sam 25\/10: 17h-01h Soir\u00e9e G\u0110PT &#8211; Salle Ellipse \u2013 Ste Foy-L\u00e8s-Lyon<\/strong><\/p>\n<p>Sam 01\/11 Chu Ni\u00ean &#8211; Ch\u00f9a\/Pagode Thi\u1ec7n Minh<\/p>\n<p><strong>Dim 16\/11: Com Xa Hoi\u00a0&#8211; Ch\u00f9a\/Pagode Thi\u1ec7n Minh <\/strong><\/p>\n<p>Dim 30\/11: 13h15-17h Sinh Ho\u1ea1t &#8211; Ch\u00f9a\/Pagode Thi\u1ec7n Minh<\/p>\n<p>Dim 14\/12: <strong>10h30 R\u0103m th\u00e1ng 10 &#8211; <\/strong>13h15-17h Sinh Ho\u1ea1t &#8211; Ch\u00f9a\/Pagode Thi\u1ec7n Minh<\/p>\n","protected":false},"excerpt":{"rendered":"<p>Ch\u01b0\u01a1ng tr\u00ecnh sinh ho\u1ea1t : 13h30 -&gt; 17h15 \u00a013g30\u00a0: l\u1ec5 Ph\u1eadt \u2013 c\u00e9r\u00e9monie g\u0111pt, m\u00e9ditation 14g00\u00a0: Ph\u1eadt Ph\u00e1p (Th\u1ea7y QVi\u00ean &#8211; Ch\u00fa Long &#8211; Anh \u2026 <a class=\"continue-reading-link\" href=\"https:\/\/www.pagodethienminh.fr\/?page_id=3821\">Continue \u00e0 lire <span class=\"meta-nav\">&rarr; <\/span><\/a><\/p>\n","protected":false},"author":1,"featured_media":0,"parent":4325,"menu_order":4,"comment_status":"closed","ping_status":"closed","template":"template-onecolumn.php","meta":{"_mc_calendar":[],"footnotes":""},"class_list":["post-3821","page","type-page","status-publish","hentry"],"_links":{"self":[{"href":"https:\/\/www.pagodethienminh.fr\/index.php?rest_route=\/wp\/v2\/pages\/3821","targetHints":{"allow":["GET"]}}],"collection":[{"href":"https:\/\/www.pagodethienminh.fr\/index.php?rest_route=\/wp\/v2\/pages"}],"about":[{"href":"https:\/\/www.pagodethienminh.fr\/index.php?rest_route=\/wp\/v2\/types\/page"}],"author":[{"embeddable":true,"href":"https:\/\/www.pagodethienminh.fr\/index.php?rest_route=\/wp\/v2\/users\/1"}],"replies":[{"embeddable":true,"href":"https:\/\/www.pagodethienminh.fr\/index.php?rest_route=%2Fwp%2Fv2%2Fcomments&post=3821"}],"version-history":[{"count":7,"href":"https:\/\/www.pagodethienminh.fr\/index.php?rest_route=\/wp\/v2\/pages\/3821\/revisions"}],"predecessor-version":[{"id":4495,"href":"https:\/\/www.pagodethienminh.fr\/index.php?rest_route=\/wp\/v2\/pages\/3821\/revisions\/4495"}],"up":[{"embeddable":true,"href":"https:\/\/www.pagodethienminh.fr\/index.php?rest_route=\/wp\/v2\/pages\/4325"}],"wp:attachment":[{"href":"https:\/\/www.pagodethienminh.fr\/index.php?rest_route=%2Fwp%2Fv2%2Fmedia&parent=3821"}],"curies":[{"name":"wp","href":"https:\/\/api.w.org\/{rel}","templated":true}]}}