{"id":37,"date":"2011-04-29T19:51:51","date_gmt":"2011-04-29T19:51:51","guid":{"rendered":"http:\/\/www.pagodethienminh.fr\/?page_id=37"},"modified":"2019-01-30T12:54:50","modified_gmt":"2019-01-30T12:54:50","slug":"4-bouddhisme","status":"publish","type":"page","link":"https:\/\/www.pagodethienminh.fr\/?page_id=37","title":{"rendered":"Bouddhisme"},"content":{"rendered":"<p style=\"text-align: justify;\"><a href=\"https:\/\/www.pagodethienminh.fr\/?attachment_id=152\" rel=\"attachment wp-att-152\"><img loading=\"lazy\" decoding=\"async\" class=\"aligncenter size-medium wp-image-152\" title=\"Bouddha Sakyamauni\" src=\"https:\/\/www.pagodethienminh.fr\/wp-content\/uploads\/2011\/04\/phat_thich_ca257-330x180-300x163.jpg\" alt=\"\" width=\"300\" height=\"163\" srcset=\"https:\/\/www.pagodethienminh.fr\/wp-content\/uploads\/2011\/04\/phat_thich_ca257-330x180-300x163.jpg 300w, https:\/\/www.pagodethienminh.fr\/wp-content\/uploads\/2011\/04\/phat_thich_ca257-330x180-150x81.jpg 150w, https:\/\/www.pagodethienminh.fr\/wp-content\/uploads\/2011\/04\/phat_thich_ca257-330x180.jpg 330w\" sizes=\"auto, (max-width: 300px) 100vw, 300px\" \/><\/a><\/p>\n<p style=\"text-align: justify;\">Le bouddhisme, religion ou philosophie, \u00e9tat d&#8217;esprit ou mode de vie, porte plusieurs \u00e9tiquettes selon sa connaissance, sa compr\u00e9hension et son interpr\u00e9tation. Le bouddhisme n\u2019est pas une invention ou une conception, li\u00e9e \u00e0 la r\u00e9flexion, \u00e0 la pens\u00e9e et \u00e0 l\u2019esprit. Il est un savoir &#8220;universel&#8221; qui appara\u00eet et \u00e9volue \u00e0 travers l&#8217;existence des \u00eatres dans le temps et dans l&#8217;espace. Il est souvent d\u00e9fini plus comme un \u00e9tat philosophique que religieux, puisque son savoir s\u2019oriente vers des th\u00e8mes et des niveaux li\u00e9s \u00e0 la philosophie.<\/p>\n<p style=\"text-align: justify;\">Le Bouddhisme est une connaissance faite sur l\u2019exp\u00e9rience des \u00eatres. Il se construit \u00e0 partir de l\u2019\u00e9tat d\u2019\u00e9veil. Il est consid\u00e9r\u00e9 \u00e0 un certain niveau comme une philosophie (philo=Amour et sophie=Sagesse), soit Amour de la Sagesse. Le bouddhisme rassemble un nombre incalculable de th\u00e8mes, qui peuvent \u00eatre m\u00e9dit\u00e9s et enseign\u00e9s, tels que la Sagesse, la libert\u00e9, le libre arbitre, la conscience, l&#8217;humanisme, la soci\u00e9t\u00e9, la souffrance, la logique, la science &#8230; etc.<\/p>\n<p style=\"text-align: justify;\">En voici une liste de th\u00e8mes abord\u00e9s et enseign\u00e9s par le Bouddha, donn\u00e9s selon les cirsconstances, selon les besoins, les conditions, et selon son v\u00e9cu.<\/p>\n<p>&nbsp;<\/p>\n","protected":false},"excerpt":{"rendered":"<p>Le bouddhisme, religion ou philosophie, \u00e9tat d&#8217;esprit ou mode de vie, porte plusieurs \u00e9tiquettes selon sa connaissance, sa compr\u00e9hension et son interpr\u00e9tation. Le bouddhisme n\u2019est \u2026 <a class=\"continue-reading-link\" href=\"https:\/\/www.pagodethienminh.fr\/?page_id=37\">Continue \u00e0 lire <span class=\"meta-nav\">&rarr; <\/span><\/a><\/p>\n","protected":false},"author":1,"featured_media":0,"parent":6336,"menu_order":4,"comment_status":"closed","ping_status":"closed","template":"template-onecolumn.php","meta":{"_mc_calendar":[],"footnotes":""},"class_list":["post-37","page","type-page","status-publish","hentry"],"_links":{"self":[{"href":"https:\/\/www.pagodethienminh.fr\/index.php?rest_route=\/wp\/v2\/pages\/37","targetHints":{"allow":["GET"]}}],"collection":[{"href":"https:\/\/www.pagodethienminh.fr\/index.php?rest_route=\/wp\/v2\/pages"}],"about":[{"href":"https:\/\/www.pagodethienminh.fr\/index.php?rest_route=\/wp\/v2\/types\/page"}],"author":[{"embeddable":true,"href":"https:\/\/www.pagodethienminh.fr\/index.php?rest_route=\/wp\/v2\/users\/1"}],"replies":[{"embeddable":true,"href":"https:\/\/www.pagodethienminh.fr\/index.php?rest_route=%2Fwp%2Fv2%2Fcomments&post=37"}],"version-history":[{"count":10,"href":"https:\/\/www.pagodethienminh.fr\/index.php?rest_route=\/wp\/v2\/pages\/37\/revisions"}],"predecessor-version":[{"id":6339,"href":"https:\/\/www.pagodethienminh.fr\/index.php?rest_route=\/wp\/v2\/pages\/37\/revisions\/6339"}],"up":[{"embeddable":true,"href":"https:\/\/www.pagodethienminh.fr\/index.php?rest_route=\/wp\/v2\/pages\/6336"}],"wp:attachment":[{"href":"https:\/\/www.pagodethienminh.fr\/index.php?rest_route=%2Fwp%2Fv2%2Fmedia&parent=37"}],"curies":[{"name":"wp","href":"https:\/\/api.w.org\/{rel}","templated":true}]}}