{"id":3677,"date":"2013-06-18T07:49:53","date_gmt":"2013-06-18T07:49:53","guid":{"rendered":"http:\/\/www.pagodethienminh.fr\/?page_id=3677"},"modified":"2013-06-18T07:49:53","modified_gmt":"2013-06-18T07:49:53","slug":"chap-nga-va-chap-phap","status":"publish","type":"page","link":"https:\/\/www.pagodethienminh.fr\/?page_id=3677","title":{"rendered":"Ch\u1ea5p Ng\u00e3 v\u00e0 Ch\u1ea5p Ph\u00e1p"},"content":{"rendered":"<p style=\"text-align: center;\"><strong>ch\u1ea5p ng\u00e3 v\u00e0 ch\u1ea5p ph\u00e1p<\/strong><\/p>\n<p style=\"text-align: center;\"><em>&#8212; &#8220;Con ng\u01b0\u1eddi v\u00ec v\u00f4 minh cho n\u00ean c\u00f3 hai th\u1ee9 ch\u1ea5p: ch\u1ea5p ng\u00e3 v\u00e0 ch\u1ea5p ph\u00e1p.<\/em><br \/>\n<em> &#8212; \u0110\u00f3 l\u00e0 hai nguy\u00ean nh\u00e2n ch\u00ednh g\u00e2y ra phi\u1ec1n n\u00e3o v\u00e0 kh\u1ed5 \u0111au c\u1ee7a cu\u1ed9c \u0111\u1eddi&#8221;.<\/em><\/p>\n<p style=\"text-align: justify;\"><span style=\"font-size: 16px;\">Khi n\u00e0o hi\u1ec3u \u0111\u01b0\u1ee3c m\u1ed9t c\u00e1ch r\u00f5 r\u00e0ng v\u00e0 ph\u00e1 tr\u1eeb \u0111\u01b0\u1ee3c hai nguy\u00ean nh\u00e2n ch\u00ednh g\u00e2y ra kh\u1ed5 \u0111au,<\/span><br \/>\nch\u00fang ta s\u1ebd t\u00ecm \u0111\u01b0\u1ee3c an l\u1ea1c h\u1ea1nh ph\u00fac th\u1ef1c s\u1ef1 trong cu\u1ed9c s\u1ed1ng hi\u1ec7n t\u1ea1i.<\/p>\n<p style=\"text-align: center;\"><strong>Th\u1ebf n\u00e0o l\u00e0 &#8220;ch\u1ea5p ng\u00e3&#8221;?<\/strong><\/p>\n<p style=\"text-align: justify;\">Ch\u1ea5p ng\u00e3 c\u00f3 hai ph\u1ea7n: v\u1eadt ch\u1ea5t v\u00e0 tinh th\u1ea7n. V\u1ec1 v\u1eadt ch\u1ea5t, ch\u00fang ta ch\u1ea5p c\u00e1i th\u00e2n x\u00e1c t\u1ee9 \u0111\u1ea1i m\u1ea5y ch\u1ee5c k\u00fd l\u00f4 n\u00e0y l\u00e0 &#8220;m\u00ecnh&#8221;. V\u1ec1 tinh th\u1ea7n, ch\u00fang ta ch\u1ea5p c\u00e1i t\u00e2m suy ngh\u0129, t\u00ednh to\u00e1n, suy l\u01b0\u1eddng l\u00e0 ch\u00ednh &#8220;m\u00ecnh&#8221;. N\u1ebfu c\u00f3 ng\u01b0\u1eddi h\u1ecfi: ch\u00fang ta l\u00e0 ai? Ch\u00fang ta li\u1ec1n ch\u1ec9 v\u00e0o th\u00e2n m\u00ecnh v\u00e0 tr\u1ea3 l\u1eddi: T\u00f4i \u0111\u00e2y n\u00e8! Th\u1ef1c ra, c\u00e1i x\u00e1c th\u00e2n t\u1ee9 \u0111\u1ea1i gi\u1ea3 t\u1ea1m n\u00e0y \u0111\u00e2u ph\u1ea3i l\u00e0 &#8220;m\u00ecnh&#8221;. C\u00e1i x\u00e1c th\u00e2n t\u1ee9 \u0111\u1ea1i bao g\u1ed3m nh\u1eefng ch\u1ea5t: \u0111\u1ea5t, n\u01b0\u1edbc, gi\u00f3, l\u1eeda, t\u1ee5 h\u1ed9i v\u1edbi nhau trong m\u1ed9t th\u1eddi gian, t\u1eeb khi cha m\u1eb9 sinh ra, cho \u0111\u1ebfn khi ch\u00fang ta th\u1edf ra, m\u00e0 kh\u00f4ng mu\u1ed1n h\u00edt v\u00e0o n\u1eefa, th\u00ec \u00f4 h\u00f4 t\u1eed vong! Th\u1eddi gian \u0111\u00f3 \u00edt n\u0103m, nhi\u1ec1u n\u0103m, ng\u1eafn d\u00e0i t\u00f9y theo nghi\u1ec7p duy\u00ean c\u1ee7a m\u1ed7i ng\u01b0\u1eddi. Ng\u01b0\u1eddi \u0111\u1eddi th\u01b0\u1eddng g\u1ecdi \u0111\u00f3 l\u00e0: s\u1ed1 m\u1ea1ng, \u0111\u1ecbnh m\u1ea1ng, hay s\u1ed1 m\u1ec7nh, \u0111\u1ecbnh m\u1ec7nh.<\/p>\n<p style=\"text-align: justify;\">C\u00f3 ng\u01b0\u1eddi \u0111\u01b0\u1ee3c v\u00e0i ch\u1ee5c n\u0103m. C\u00f3 ng\u01b0\u1eddi ch\u1ec9 trong h\u01a1i th\u1edf! L\u00fac \u0111\u00f3, h\u01a1i th\u1edf tr\u1edf v\u1ec1 v\u1edbi gi\u00f3, h\u01a1i \u1ea5m tr\u1edf v\u1ec1 v\u1edbi v\u0169 tr\u1ee5, c\u00e1c ch\u1ea5t l\u1ecfng nh\u01b0 m\u00e1u, m\u1ee7, n\u01b0\u1edbc ti\u1ec3u tr\u1edf v\u1ec1 v\u1edbi n\u01b0\u1edbc, c\u00e1c ch\u1ea5t c\u1ee9ng nh\u01b0 th\u1ecbt, x\u01b0\u01a1ng tr\u1edf v\u1ec1 v\u1edbi \u0111\u1ea5t. C\u00e1i g\u00ec l\u00e0 &#8220;m\u00ecnh&#8221; \u0111\u00e2y? C\u00f2n l\u1ea1i ch\u1ec9 l\u00e0 c\u00e1i x\u00e1c kh\u00f4ng h\u1ed3n, c\u00e1i t\u1eed thi b\u1ea5t \u0111\u1ed9ng. C\u00e1i x\u00e1c th\u00e2n t\u1ee9 \u0111\u1ea1i c\u1ee7a ch\u00fang ta tan r\u00e3, tr\u1edf v\u1ec1 v\u1edbi t\u1ee9 \u0111\u1ea1i c\u1ee7a v\u0169 tr\u1ee5. N\u00f3i n\u00f4m na l\u00e0: c\u00e1t b\u1ee5i tr\u1edf v\u1ec1 v\u1edbi c\u00e1t b\u1ee5i. Th\u1eadm ch\u00ed, ngay khi c\u00f2n s\u1ed1ng hi\u1ec7n nay, n\u1ebfu ch\u00fang ta kh\u00f4ng vay m\u01b0\u1ee3n t\u1ee9 \u0111\u1ea1i b\u00ean ngo\u00e0i \u0111\u1ec3 b\u1ed3i b\u1ed5 t\u1eebng ng\u00e0y, t\u1eebng gi\u1edd, t\u1eebng ph\u00fat, t\u1eebng gi\u00e2y, th\u00ec ch\u00fang ta \u0111\u00e2u t\u1ed3n t\u1ea1i \u0111\u01b0\u1ee3c. Lu\u00f4n lu\u00f4n m\u01b0\u1ee3n kh\u00f4ng kh\u00ed th\u1edf ra h\u00edt v\u00e0o, l\u00e1t l\u00e1t m\u01b0\u1ee3n ly n\u01b0\u1edbc, ng\u00e0y ng\u00e0y m\u01b0\u1ee3n v\u00e0i ba ch\u00e9n c\u01a1m. C\u00e1i th\u00e2n t\u1ee9 \u0111\u1ea1i mu\u1ed1n kh\u1ecfe th\u00ec kh\u1ecfe, mu\u1ed1n \u0111au y\u1ebfu th\u00ec \u0111au y\u1ebfu, ch\u00fang ta kh\u00f4ng th\u1ec3 l\u00e0m ch\u1ee7 n\u00f3 nh\u01b0 \u00fd mu\u1ed1n c\u1ee7a ch\u00fang ta \u0111\u01b0\u1ee3c. V\u1eady m\u00e0 ch\u00fang ta c\u1ee9 ch\u1ea5p ch\u1eb7t c\u00e1i th\u00e2n x\u00e1c t\u1ee9 \u0111\u1ea1i l\u00e0 &#8220;m\u00ecnh&#8221;, ch\u00fang ta d\u00e0nh tr\u1ecdn cu\u1ed9c \u0111\u1eddi \u0111\u1ec3 y\u00eau m\u1ebfn, cung ph\u1ee5ng, s\u0103n s\u00f3c n\u00f3, th\u00ec qu\u1ea3 l\u00e0 ch\u00fang ta qu\u00e1 m\u00ea mu\u1ed9i, \u0111ang s\u1ed1ng trong m\u1ed9ng t\u01b0\u1edfng, trong c\u01a1n m\u00ea, m\u00e0 kh\u00f4ng bi\u1ebft \u0111\u00f3 th\u00f4i.<\/p>\n<p style=\"text-align: justify;\">Ch\u00fang ta \u0111\u00e3 hi\u1ec3u c\u00e1i th\u00e2n x\u00e1c t\u1ee9 \u0111\u1ea1i kh\u00f4ng ph\u1ea3i l\u00e0 m\u00ecnh, v\u1eady c\u00f2n c\u00e1i t\u00e2m suy ngh\u0129, t\u00ednh to\u00e1n, suy l\u01b0\u1eddng c\u00f3 ph\u1ea3i l\u00e0 m\u00ecnh ch\u0103ng? Th\u1ef1c ra, c\u00e1i t\u00e2m \u0111\u00f3 c\u0169ng kh\u00f4ng ph\u1ea3i l\u00e0 &#8220;m\u00ecnh&#8221;. T\u1ea1i sao v\u1eady? B\u1edfi v\u00ec, c\u00f3 l\u00fac ch\u00fang ta suy ngh\u0129 r\u1ea5t hi\u1ec1n l\u00e0nh, th\u00e1nh thi\u1ec7n, mu\u1ed1n gi\u00fap \u0111\u1ee1 m\u1ecdi ng\u01b0\u1eddi, mu\u1ed1n b\u1ed1 th\u00ed c\u00fang d\u01b0\u1eddng, mu\u1ed1n tr\u1edf th\u00e0nh ng\u01b0\u1eddi ho\u00e0n to\u00e0n t\u1ed1t. Nh\u01b0ng c\u0169ng c\u00f3 nhi\u1ec1u l\u00fac, ch\u00fang ta t\u00ednh to\u00e1n, suy l\u01b0\u1eddng, mu\u1ed1n h\u01a1n ng\u01b0\u1eddi kh\u00e1c cho th\u1ecfa l\u00f2ng ganh t\u1ecb, \u0111\u1ed1 ky\ufb20mu\u1ed1n th\u1ea5y ng\u01b0\u1eddi kh\u00e1c suy s\u1ee5p, g\u1eb7p n\u1ea1n cho th\u1ecfa l\u00f2ng h\u01a1n thua, ganh gh\u00e9t, t\u1ecb hi\u1ec1m. V\u1eady th\u1eed h\u1ecfi ch\u00fang ta l\u00e0 ng\u01b0\u1eddi thi\u1ec7n hay b\u1ea5t thi\u1ec7n? Ch\u00fang ta l\u00e0 m\u1ed9t hay l\u00e0 hai?<\/p>\n<p style=\"text-align: justify;\">D\u00f9 l\u00e0 kh\u1edfi t\u00e2m thi\u1ec7n, hay kh\u1edfi t\u00e2m b\u1ea5t thi\u1ec7n, ch\u00fang ta c\u0169ng kh\u1ed5 \u0111au. L\u00fac t\u00e2m thi\u1ec7n kh\u1edfi l\u00ean, mu\u1ed1n l\u00e0m ng\u01b0\u1eddi t\u1ed1t, mu\u1ed1n gi\u00fap \u0111\u1ee1 ng\u01b0\u1eddi kh\u00e1c m\u00e0 kh\u00f4ng \u0111\u01b0\u1ee3c, th\u00ed d\u1ee5 ch\u00fang ta mu\u1ed1n c\u1ee9u ng\u01b0\u1eddi th\u00e2n b\u1ecb b\u1ec7nh nan y, th\u1ea7y thu\u1ed1c \u0111\u00e3 b\u00f3 tay, ch\u00fang ta s\u1ebd \u0111au kh\u1ed5. L\u00fac t\u00e2m b\u1ea5t thi\u1ec7n kh\u1edfi l\u00ean, mu\u1ed1n th\u1ea5y ng\u01b0\u1eddi kh\u00e1c kh\u1ed5 \u0111au, nguy nan, kh\u1ed1n \u0111\u1ed1n, m\u00e0 h\u1ecd v\u1eabn c\u1ee9 b\u00ecnh an, ch\u00fang ta s\u1ebd \u0111au kh\u1ed5. \u0110\u00e0ng n\u00e0o ch\u00fang ta c\u0169ng \u0111au kh\u1ed5 c\u1ea3! L\u00f2ng t\u1ef1 \u00e1i cao l\u00e0 m\u1ed9t d\u1ea1ng c\u1ee7a t\u00e2m ch\u1ea5p ng\u00e3. Do t\u00e2m tham \u00e1i, ch\u1ea5p ng\u00e3 m\u1ed9t c\u00e1ch m\u00f9 qu\u00e1ng, ch\u00fang ta \u0111\u00e3, \u0111ang v\u00e0 s\u1ebd t\u1ea1o t\u1ed9i t\u1ea1o nghi\u1ec7p kh\u00f4ng bi\u1ebft bao nhi\u00eau trong nhi\u1ec1u \u0111\u1eddi nhi\u1ec1u ki\u1ebfp. \u0110\u00f3 l\u00e0 nguy\u00ean nh\u00e2n d\u1eabn d\u1eaft ch\u00fang ta v\u00e0o v\u00f2ng sanh t\u1eed lu\u00e2n h\u1ed3i.<\/p>\n<p style=\"text-align: center;\">\n<strong>Th\u1ebf n\u00e0o l\u00e0 &#8220;ch\u1ea5p ph\u00e1p&#8221;?<\/strong><\/p>\n<p style=\"text-align: justify;\">Ch\u1ea5p ph\u00e1p c\u0169ng c\u00f3 hai ph\u1ea7n: v\u1eadt ch\u1ea5t v\u00e0 tinh th\u1ea7n.<br \/>\n**V\u1ec1 ph\u01b0\u01a1ng di\u1ec7n v\u1eadt ch\u1ea5t, ch\u00fang ta ch\u1ea5p m\u1ecdi th\u1ee9 c\u00f3 h\u00ecnh t\u01b0\u1edbng nh\u01b0 c\u00e1i nh\u00e0 n\u00e0y, c\u00e1i xe n\u00e0y l\u00e0 c\u1ee7a m\u00ecnh. V\u1ec1 tinh th\u1ea7n, ch\u00fang ta ch\u1ea5p m\u1ecdi th\u1ee9, m\u1ecdi vi\u1ec7c, m\u00ecnh l\u00e0m, m\u00ecnh n\u00f3i, m\u00ecnh ngh\u0129, c\u00e1i g\u00ec c\u1ee7a m\u00ecnh c\u0169ng l\u00e0 \u0111\u00fang, l\u00e0 nh\u1ea5t. V\u1ec1 ph\u01b0\u01a1ng di\u1ec7n v\u1eadt ch\u1ea5t, ch\u00fang ta \u0111ang s\u1ed1ng trong m\u1ed9ng t\u01b0\u1edfng, cho l\u00e0 cu\u1ed9c \u0111\u1eddi n\u00e0y s\u1ebd v\u0129nh vi\u1ec5n tr\u01b0\u1eddng t\u1ed3n, cho l\u00e0 nh\u1eefng ng\u01b0\u1eddi th\u00e2n s\u1ebd m\u00e3i m\u00e3i \u1edf b\u00ean m\u00ecnh, cho l\u00e0 nh\u1eefng c\u1ee7a c\u1ea3i v\u1eadt ch\u1ea5t nh\u01b0 nh\u00e0 c\u1eeda, xe c\u1ed9, v\u00e0ng b\u1ea1c, c\u01a1 nghi\u1ec7p lu\u00f4n lu\u00f4n thu\u1ed9c v\u1ec1 m\u00ecnh. Cho n\u00ean, n\u1ebfu ng\u01b0\u1eddi th\u00e2n c\u00f3 ra \u0111i, ho\u1eb7c c\u00f3 m\u1ec7nh h\u1ec7 n\u00e0o, n\u1ebfu c\u1ee7a c\u1ea3i v\u1eadt ch\u1ea5t c\u00f3 b\u1ecb m\u1ea5t m\u00e1t h\u01b0 hao, th\u00ec ch\u00fang ta s\u1ebd \u0111au kh\u1ed5!<br \/>\n**V\u1ec1 ph\u01b0\u01a1ng di\u1ec7n tinh th\u1ea7n, ch\u00fang ta th\u01b0\u1eddng ch\u1ea5p ch\u1eb7t \u00fd ki\u1ebfn c\u1ee7a m\u00ecnh l\u00e0 \u0111\u00fang, vi\u1ec7c m\u00ecnh l\u00e0m l\u00e0 \u0111\u00fang, ai c\u00f3 \u00fd ki\u1ebfn kh\u00e1c, ai l\u00e0m kh\u00e1c l\u00e0 kh\u00f4ng \u0111\u00fang, l\u00e0 sai. Ch\u00fang ta th\u01b0\u1eddng cho l\u00e0 ng\u01b0\u1eddi kh\u00e1c l\u00fac n\u00e0o c\u0169ng ph\u1ea3i suy ngh\u0129 gi\u1ed1ng nh\u01b0 m\u00ecnh, n\u00ean khi c\u00f3 ng\u01b0\u1eddi ph\u00e1t bi\u1ec3u kh\u00e1c \u0111i, ch\u00fang ta kh\u00f3 ch\u1ea5p nh\u1eadn \u0111\u01b0\u1ee3c. Ch\u00fang ta kh\u00f4ng th\u1ea5y nh\u1eefng l\u1ed7i l\u1ea7m, sai tr\u00e1i c\u1ee7a m\u00ecnh, cho n\u00ean \u0111au kh\u1ed5, b\u1ef1c b\u1ed9i, v\u00ec ch\u1ec9 th\u1ea5y l\u1ed7i l\u1ea7m c\u1ee7a ng\u01b0\u1eddi.<\/p>\n<p style=\"text-align: justify;\">Th\u00ed d\u1ee5 trong gia \u0111\u00ecnh, n\u1ebfu ng\u01b0\u1eddi cha kh\u00f4ng nh\u1eadn th\u1ea5y l\u1ed7i c\u1ee7a m\u00ecnh, ch\u1ec9 bi\u1ebft la m\u1eafng con c\u00e1i v\u00ec ch\u00fang kh\u00f4ng theo \u00fd mu\u1ed1n c\u1ee7a m\u00ecnh, b\u1ea5t ch\u1ea5p \u00fd ki\u1ebfn c\u1ee7a ch\u00fang, th\u00ec ng\u01b0\u1eddi cha \u0111\u00f3 ch\u1eafc ch\u1eafn s\u1ebd phi\u1ec1n n\u00e3o \u0111au kh\u1ed5 v\u00e0 l\u00e0m cho m\u1ecdi ng\u01b0\u1eddi trong gia \u0111\u00ecnh c\u0169ng phi\u1ec1n n\u00e3o \u0111au kh\u1ed5 theo. Ch\u00fang ta n\u00ean bi\u1ebft hai th\u1ebf h\u1ec7 kh\u00e1c nhau th\u00ec \u00fd ki\u1ebfn, s\u1ef1 suy ngh\u0129, c\u1ea3m gi\u00e1c \u0111\u1ec1u kh\u00e1c nhau. H\u01a1n n\u1eefa, ch\u00fang ta \u0111\u1eebng ch\u1ea5p ch\u1eb7t c\u00e1c quan ni\u1ec7m xa x\u01b0a, c\u1ed5 l\u1ed5, l\u1ea1c h\u1eadu, kh\u00f4ng c\u00f2n h\u1ee3p th\u1eddi n\u1eefa. C\u1ee9 ch\u1ea5p ch\u1eb7t nh\u01b0 v\u1eady ch\u1ec9 \u0111\u01b0a \u0111\u1ebfn phi\u1ec1n n\u00e3o v\u00e0 kh\u1ed5 \u0111au m\u00e0 th\u00f4i. Chuy\u1ec7n v\u1ee3 ch\u1ed3ng c\u0169ng v\u1eady. Chuy\u1ec7n c\u1ed9ng \u0111\u1ed3ng c\u0169ng v\u1eady. Chuy\u1ec7n qu\u1ed1c gia x\u00e3 h\u1ed9i, cho \u0111\u1ebfn chuy\u1ec7n th\u1ebf gi\u1edbi, c\u0169ng kh\u00f4ng kh\u00e1c, ch\u1ec9 v\u1eady th\u00f4i. Khi b\u1ea5t c\u1ee9 chuy\u1ec7n g\u00ec x\u1ea3y ra, ng\u01b0\u1eddi n\u00e0o, b\u00ean n\u00e0o c\u0169ng c\u00f3 m\u1ed9t ph\u1ea7n l\u1ed7i, kh\u00f4ng nhi\u1ec1u th\u00ec \u00edt, kh\u00f4ng b\u00ean n\u00e0o v\u1eb9n to\u00e0n, kh\u00f4ng ng\u01b0\u1eddi n\u00e0o to\u00e0n v\u1eb9n. Hi\u1ec3u \u0111\u01b0\u1ee3c nh\u01b0 v\u1eady, l\u00e0m \u0111\u01b0\u1ee3c nh\u01b0 v\u1eady, ch\u00fang ta s\u1ebd b\u1edbt kh\u1ed5 \u0111au nhi\u1ec1u l\u1eafm.<\/p>\n<p style=\"text-align: justify;\">Trong cu\u1ed9c s\u1ed1ng gia \u0111\u00ecnh c\u0169ng nh\u01b0 ngo\u00e0i x\u00e3 h\u1ed9i, \u0111i\u1ec1u quan tr\u1ecdng l\u00e0 ch\u00fang ta ph\u1ea3i bi\u1ebft qu\u00ean m\u00ecnh v\u00ec ng\u01b0\u1eddi, th\u00ec m\u1edbi c\u00f3 an l\u1ea1c v\u00e0 h\u1ea1nh ph\u00fac. C\u00f2n n\u1ebfu t\u00e2m \u00fd qu\u00e1 \u00edch k\u1ef7, ch\u1ec9 bi\u1ebft c\u00f3 m\u00ecnh, gia \u0111\u00ecnh m\u00ecnh, \u0111o\u00e0n th\u1ec3 m\u00ecnh, t\u00f4n gi\u00e1o m\u00ecnh, c\u00e1i g\u00ec c\u0169ng v\u00ec m\u00ecnh h\u1ebft tr\u01a1n, th\u00ec ch\u1ec9 c\u00f3 phi\u1ec1n n\u00e3o v\u00e0 kh\u1ed5 \u0111au m\u00e0 th\u00f4i. Mu\u1ed1n c\u00f3 m\u1ed9t gia \u0111\u00ecnh h\u1ea1nh ph\u00fac, ng\u01b0\u1eddi cha ph\u1ea3i bi\u1ebft hy sinh, lo l\u1eafng m\u1ecdi nhu c\u1ea7u v\u1eadt ch\u1ea5t l\u1eabn tinh th\u1ea7n cho c\u1ea3 gia \u0111\u00ecnh, ng\u01b0\u1eddi m\u1eb9 c\u0169ng ph\u1ea3i bi\u1ebft hy sinh nh\u1eefng vui th\u00edch c\u00e1 nh\u00e2n, h\u00f2a h\u1ee3p v\u1edbi nh\u1ecbp s\u1ed1ng chung c\u1ee7a gia \u0111\u00ecnh, con c\u00e1i ph\u1ea3i bi\u1ebft nh\u1edb \u01a1n sinh th\u00e0nh, d\u01b0\u1ee1ng d\u1ee5c c\u1ee7a cha m\u1eb9, ph\u1ea3i bi\u1ebft nghe l\u1eddi d\u1ea1y d\u1ed7, ph\u1ea3i bi\u1ebft b\u00e1o hi\u1ebfu.<\/p>\n","protected":false},"excerpt":{"rendered":"<p>ch\u1ea5p ng\u00e3 v\u00e0 ch\u1ea5p ph\u00e1p &#8212; &#8220;Con ng\u01b0\u1eddi v\u00ec v\u00f4 minh cho n\u00ean c\u00f3 hai th\u1ee9 ch\u1ea5p: ch\u1ea5p ng\u00e3 v\u00e0 ch\u1ea5p ph\u00e1p. &#8212; \u0110\u00f3 l\u00e0 \u2026 <a class=\"continue-reading-link\" href=\"https:\/\/www.pagodethienminh.fr\/?page_id=3677\">Continue \u00e0 lire <span class=\"meta-nav\">&rarr; <\/span><\/a><\/p>\n","protected":false},"author":1,"featured_media":0,"parent":1599,"menu_order":49,"comment_status":"closed","ping_status":"closed","template":"template-onecolumn.php","meta":{"_mc_calendar":[],"footnotes":""},"class_list":["post-3677","page","type-page","status-publish","hentry"],"_links":{"self":[{"href":"https:\/\/www.pagodethienminh.fr\/index.php?rest_route=\/wp\/v2\/pages\/3677","targetHints":{"allow":["GET"]}}],"collection":[{"href":"https:\/\/www.pagodethienminh.fr\/index.php?rest_route=\/wp\/v2\/pages"}],"about":[{"href":"https:\/\/www.pagodethienminh.fr\/index.php?rest_route=\/wp\/v2\/types\/page"}],"author":[{"embeddable":true,"href":"https:\/\/www.pagodethienminh.fr\/index.php?rest_route=\/wp\/v2\/users\/1"}],"replies":[{"embeddable":true,"href":"https:\/\/www.pagodethienminh.fr\/index.php?rest_route=%2Fwp%2Fv2%2Fcomments&post=3677"}],"version-history":[{"count":1,"href":"https:\/\/www.pagodethienminh.fr\/index.php?rest_route=\/wp\/v2\/pages\/3677\/revisions"}],"predecessor-version":[{"id":3678,"href":"https:\/\/www.pagodethienminh.fr\/index.php?rest_route=\/wp\/v2\/pages\/3677\/revisions\/3678"}],"up":[{"embeddable":true,"href":"https:\/\/www.pagodethienminh.fr\/index.php?rest_route=\/wp\/v2\/pages\/1599"}],"wp:attachment":[{"href":"https:\/\/www.pagodethienminh.fr\/index.php?rest_route=%2Fwp%2Fv2%2Fmedia&parent=3677"}],"curies":[{"name":"wp","href":"https:\/\/api.w.org\/{rel}","templated":true}]}}