{"id":3666,"date":"2013-06-17T08:21:24","date_gmt":"2013-06-17T08:21:24","guid":{"rendered":"http:\/\/www.pagodethienminh.fr\/?page_id=3666"},"modified":"2019-01-30T16:59:50","modified_gmt":"2019-01-30T16:59:50","slug":"annee-2014","status":"publish","type":"page","link":"https:\/\/www.pagodethienminh.fr\/?page_id=3666","title":{"rendered":"Ann\u00e9e 2014"},"content":{"rendered":"<p><strong>Samedi 11 Janvier<\/strong><\/p>\n<ul>\n<li>\u00ab\u00a0<strong>Rencontre et pratique dans le Bouddhisme<\/strong>\u00a0\u00bb<\/li>\n<li>14h30 \u00e0 17h15 &#8211;\u00a0Participation : 5 \u20ac par personne<\/li>\n<\/ul>\n<p style=\"text-align: center;\">\u00a0<strong>P\u00e9riode du Nouvel An Chinois : Ann\u00e9e du Cheval<\/strong><\/p>\n<p><strong>Jeudi 30 Janvier<\/strong>\u00a0: \u00ab\u00a0<strong>R\u00e9veillon du Jour de l&#8217;An<\/strong>\u00a0\u00bb<\/p>\n<ul>\n<li>21h30 : Accueil de la communaut\u00e9 catholique et v\u0153ux du V\u00e9n\u00e9rable<\/li>\n<li>23h30 : C\u00e9r\u00e9monie de souhaits pour la nouvelle ann\u00e9e (Soutra du Bouddha Maitreya)<\/li>\n<li>00h30 : V\u0153ux du V\u00e9n\u00e9rable et distribution de porte-bonheur par les V\u00e9n\u00e9rables<\/li>\n<\/ul>\n<p><strong>Vendredi 31 Janvier\u00a0<\/strong>\u00a0: \u00ab\u00a0<strong>Jour de l&#8217;An<\/strong>\u00a0:\u00a0<strong>sous le signe du Cheval<\/strong>\u00a0\u00bb<\/p>\n<ul>\n<li>10h00 : Danse du Dragon<\/li>\n<li>11h00 : C\u00e9r\u00e9monie de souhaits pour la nouvelle ann\u00e9e et rituels d&#8217;offrandes pour les d\u00e9funts<\/li>\n<li>12h00 : Distribution de porte-bonheur par les V\u00e9n\u00e9rables et repas v\u00e9g\u00e9tarien offert<\/li>\n<li>14h00 : C\u00e9r\u00e9monie du Bouddha de m\u00e9decine pour la nouvelle ann\u00e9e<\/li>\n<\/ul>\n<p><strong>Dimanche 09 F\u00e9vrier<\/strong>\u00a0: \u00ab\u00a0<strong>Spectacle traditionnel du Jour de l&#8217;An<\/strong>\u00a0\u00bb<br \/>\nSalle Ir\u00e8ne Joliot-Curie, 68 boulevard Ir\u00e8ne Joliot-Curie, 69200 V\u00e9nissieux<\/p>\n<ul>\n<li>11h00 : Accueil et Stand de plats vietnamiens<\/li>\n<li>13h30 : Danse du Dragon et v\u0153ux du V\u00e9n\u00e9rable<\/li>\n<li>14h15 : Spectacle de chants et de danses traditionnels pour accueillir le nouvel an.<\/li>\n<li>17h00 : Fin du spectacle<\/li>\n<\/ul>\n<p><strong>Samedi 15 F\u00e9vrier<\/strong><\/p>\n<ul>\n<li>\u00ab\u00a0<strong>Rencontre et pratique dans le Bouddhisme<\/strong>\u00a0\u00bb<\/li>\n<li>14h30 \u00e0 17h15 &#8211;\u00a0Participation : 5 \u20ac par personne<\/li>\n<\/ul>\n<p><strong>Dimanche 16 F\u00e9vrier<\/strong>\u00a0: \u00ab\u00a0<strong>C\u00e9r\u00e9monie<\/strong>\u00a0<strong>de la 1\u00e8re Pleine Lune, C\u00e9r\u00e9monie de souhaits<\/strong>\u00a0\u00bb<\/p>\n<ul>\n<li>11h00 : C\u00e9r\u00e9monie de souhaits et rituels d&#8217;offrandes pour les d\u00e9funts<\/li>\n<li>12h00 : Repas v\u00e9g\u00e9tarien offert<\/li>\n<li>14h00 : Enseignement et c\u00e9r\u00e9monie de prise de refuge (inscription obligatoire)<\/li>\n<li>15h30 : Fin de la c\u00e9r\u00e9monie<\/li>\n<\/ul>\n<p><strong style=\"font-size: 16px;\">Samedi 08 Mars<\/strong><\/p>\n<ul>\n<li>Enseignement sur les\u00a0<strong>4 Nobles V\u00e9rit\u00e9s<\/strong>\u00a0donn\u00e9 par Lama Seunam Dorj\u00e9<\/li>\n<li><strong>15h &#8211; 17h<\/strong>\u00a0:\u00a0Participation : 5 \u20ac par personne<\/li>\n<\/ul>\n<p><strong>Dimanche 09 Mars<\/strong><\/p>\n<ul>\n<li>Pratique de la m\u00e9ditation donn\u00e9 par Lama Seunam Dorj\u00e9<\/li>\n<li><strong>15h &#8211; 17h<\/strong>\u00a0:\u00a0Participation : 5 \u20ac par personne<\/li>\n<\/ul>\n<p><strong>Samedi 22 Mars<\/strong><\/p>\n<ul>\n<li>\u00ab\u00a0<strong>Rencontre et pratique dans le Bouddhisme<\/strong>\u00a0\u00bb<\/li>\n<li>14h30 \u00e0 17h15 &#8211;\u00a0Participation : 5 \u20ac par personne<\/li>\n<\/ul>\n<p><strong>Samedi 12 Avril<\/strong><\/p>\n<ul>\n<li>\u00ab\u00a0<strong>Rencontre et pratique dans le Bouddhisme<\/strong>\u00a0\u00bb<\/li>\n<li>14h30 \u00e0 17h15 &#8211;\u00a0Participation : 5 \u20ac par personne<\/li>\n<\/ul>\n<p><strong>Samedi 10 Mai<\/strong><\/p>\n<ul>\n<li>\u00ab\u00a0<strong>Rencontre et pratique dans le Bouddhisme<\/strong>\u00a0\u00bb<\/li>\n<li>14h30 \u00e0 17h15 &#8211;\u00a0Participation : 5 \u20ac par personne<\/li>\n<\/ul>\n<p><strong>Dimanche 25 Mai:\u00a0<\/strong>\u00ab\u00a0<strong>C\u00e9l\u00e9bration de V\u00e9sak<\/strong>\u00a0\u00bb Anniversaire de naissance du Bouddha<\/p>\n<ul>\n<li>\n<address><strong>10h30<\/strong>\u00a0: Accueil<\/address>\n<\/li>\n<li>\n<address><strong>11h00<\/strong>\u00a0:\u00a0C\u00e9r\u00e9monie de V\u00e9sak (2558e)<\/address>\n<\/li>\n<li>\n<address><strong>12h00<\/strong>\u00a0: repas v\u00e9g\u00e9tarien offert (+ stands **)<\/address>\n<\/li>\n<li><strong>13h30<\/strong>\u00a0:\u00a0<strong>Enseignement bouddhiste<\/strong><\/li>\n<li><strong>14h15<\/strong>\u00a0: Spectacle en offrande \u00e0 V\u00e9sak<\/li>\n<li>\n<address><strong>17h00<\/strong>\u00a0: \u00a0Fin<\/address>\n<\/li>\n<\/ul>\n<p>**Stands de plats vietnamiens en vente.<\/p>\n<p><strong>Samedi 14 Juin<\/strong><\/p>\n<ul>\n<li>Enseignement sur les\u00a0<strong>4 Nobles V\u00e9rit\u00e9s<\/strong>\u00a0donn\u00e9 par Lama Seunam Dorj\u00e9<\/li>\n<li><strong>15h &#8211; 17h<\/strong>\u00a0:\u00a0Participation : 5 \u20ac par personne<\/li>\n<\/ul>\n<p><strong>Dimanche 15 Juin<\/strong><\/p>\n<ul>\n<li>Pratique de la m\u00e9ditation donn\u00e9 par Lama Seunam Dorj\u00e9<\/li>\n<li><strong>15h &#8211; 17h<\/strong>\u00a0:\u00a0Participation : 5 \u20ac par personne<\/li>\n<\/ul>\n<p><strong>Samedi 21 Juin<\/strong><\/p>\n<ul>\n<li>\u00ab\u00a0<strong>Rencontre et pratique dans le Bouddhisme<\/strong>\u00a0\u00bb<\/li>\n<li>14h30 \u00e0 17h15 &#8211;\u00a0Participation : 5 \u20ac par personne<\/li>\n<\/ul>\n<p><strong>Dimanche 31 Aout<\/strong><\/p>\n<div><strong>C\u00e9l\u00e9bration de Vu Lan (Ullumbana)<\/strong>: Comm\u00e9moration de la F\u00eate de Reconnaissance et de Gratitude envers les Anc\u00eatres (Issue du Soutra de Vu Lan sur la Pi\u00e9t\u00e9 Filiale du Bouddha)<\/div>\n<ul>\n<li><strong>09h30 &#8211; 11h00<\/strong>\u00a0:\u00a0Enseignement<\/li>\n<li><strong>11h00 &#8211; 12h00<\/strong>\u00a0: C\u00e9r\u00e9monie officielle de Vu Lan et rituel d&#8217;offrande de nourriture devant l&#8217;autel des d\u00e9funts<\/li>\n<li><strong>12h00 &#8211; 13h30<\/strong>\u00a0: repas v\u00e9g\u00e9tarien offert et stands de sp\u00e9cialit\u00e9s en \u00a0vente<\/li>\n<li><strong>13h30\u00a0<\/strong><strong>&#8211; 17h00<\/strong>\u00a0: Spectacle traditionnel en offrande \u00e0 l&#8217;\u00e9v\u00e9nement de Vu Lan<\/li>\n<li><strong>17h00<\/strong>\u00a0: Fin de la Journ\u00e9e de Vu Lan<\/li>\n<\/ul>\n<p><b>Dimanche 07\u00a0Septembre<\/b>\u00a0: F\u00eate mi-automne ou F\u00eate des enfants (Traditionnelle)<\/p>\n<ul>\n<li>11h00\u00a0: Ouvertures des stands des sp\u00e9cialit\u00e9s vietnamiennes<\/li>\n<li><span style=\"font-size: 16px;\">13h30\u00a0: Jeux pour les enfants<\/span><\/li>\n<li><span style=\"font-size: 16px;\">15h30\u00a0: Danse du dragon et distribution de bonbons et de lanternes pour les enfants<\/span><\/li>\n<\/ul>\n<p><strong>Samedi 20 Septembre<\/strong><\/p>\n<ul>\n<li>\u00ab\u00a0<strong>Rencontre et pratique dans le Bouddhisme<\/strong>\u00a0\u00bb<\/li>\n<li>14h30 \u00e0 17h15 &#8211;\u00a0Participation : 5 \u20ac par personne<\/li>\n<\/ul>\n<p><strong>Samedi 04\u00a0Octobre<\/strong><\/p>\n<ul>\n<li>\u00ab\u00a0<strong>Initiation \u00e0 la discipline de Tai-Chi<\/strong>\u00a0\u00bb<\/li>\n<li>15h00 \u00e0 16h00 &#8211;\u00a0Participation : 5 \u20ac par personne<\/li>\n<\/ul>\n<p><strong>Samedi 18 Octobre<\/strong><\/p>\n<ul>\n<li>\u00ab\u00a0<strong>Rencontre et pratique dans le Bouddhisme<\/strong>\u00a0\u00bb<\/li>\n<li>14h30 \u00e0 17h15 &#8211;\u00a0Participation : 5 \u20ac par personne<\/li>\n<\/ul>\n<p><strong>Samedi 08\u00a0Novembre<\/strong><\/p>\n<ul>\n<li>\u00ab\u00a0<strong>Initiation \u00e0 la discipline de Tai-Chi<\/strong>\u00a0\u00bb<\/li>\n<li>15h00 \u00e0 16h00 &#8211;\u00a0Participation : 5 \u20ac par personne<\/li>\n<\/ul>\n<p><strong>Samedi 15 Novembre<\/strong><\/p>\n<ul>\n<li>\u00ab\u00a0<strong>Rencontre et pratique dans le Bouddhisme<\/strong>\u00a0\u00bb<\/li>\n<li>14h30 \u00e0 17h15 &#8211;\u00a0Participation : 5 \u20ac par personne<\/li>\n<\/ul>\n<p><strong>Samedi 22\u00a0Novembre<\/strong><\/p>\n<ul>\n<li>Enseignement sur les\u00a0<strong>4 Nobles V\u00e9rit\u00e9s<\/strong>\u00a0donn\u00e9 par Lama Seunam Dorj\u00e9<\/li>\n<li><strong>15h &#8211; 17h<\/strong>\u00a0:\u00a0Participation : 5 \u20ac par personne<\/li>\n<\/ul>\n<p><strong>Dimanche\u00a023 Novembre<\/strong><\/p>\n<ul>\n<li>Pratique de la m\u00e9ditation donn\u00e9 par Lama Seunam Dorj\u00e9<\/li>\n<li><strong>15h &#8211; 17h<\/strong>\u00a0:\u00a0Participation : 5 \u20ac par personne<\/li>\n<\/ul>\n<p><strong style=\"font-size: 16px;\">Samedi 13 D\u00e9cembre<\/strong><\/p>\n<ul>\n<li>\u00ab\u00a0<strong>Rencontre et pratique dans le Bouddhisme<\/strong>\u00a0\u00bb<\/li>\n<li>14h30 \u00e0 17h15 &#8211;\u00a0Participation : 5 \u20ac par personne<\/li>\n<\/ul>\n<p>Pour tout renseignement, contactez-le\u00a0:<\/p>\n<ul>\n<li><strong>06.21.39.05.43\u00a0<\/strong>ou<\/li>\n<li>par mail\u00a0:\u00a0<strong><em><a href=\"mailto:huyencao2803@yahoo.fr\">pagodethienminh@gmail.com<\/a><\/em><\/strong><\/li>\n<\/ul>\n","protected":false},"excerpt":{"rendered":"<p>Samedi 11 Janvier \u00ab\u00a0Rencontre et pratique dans le Bouddhisme\u00a0\u00bb 14h30 \u00e0 17h15 &#8211;\u00a0Participation : 5 \u20ac par personne \u00a0P\u00e9riode du Nouvel An Chinois : Ann\u00e9e \u2026 <a class=\"continue-reading-link\" href=\"https:\/\/www.pagodethienminh.fr\/?page_id=3666\">Continue \u00e0 lire <span class=\"meta-nav\">&rarr; <\/span><\/a><\/p>\n","protected":false},"author":1,"featured_media":0,"parent":51,"menu_order":97,"comment_status":"closed","ping_status":"closed","template":"template-onecolumn.php","meta":{"_mc_calendar":[],"footnotes":""},"class_list":["post-3666","page","type-page","status-publish","hentry"],"_links":{"self":[{"href":"https:\/\/www.pagodethienminh.fr\/index.php?rest_route=\/wp\/v2\/pages\/3666","targetHints":{"allow":["GET"]}}],"collection":[{"href":"https:\/\/www.pagodethienminh.fr\/index.php?rest_route=\/wp\/v2\/pages"}],"about":[{"href":"https:\/\/www.pagodethienminh.fr\/index.php?rest_route=\/wp\/v2\/types\/page"}],"author":[{"embeddable":true,"href":"https:\/\/www.pagodethienminh.fr\/index.php?rest_route=\/wp\/v2\/users\/1"}],"replies":[{"embeddable":true,"href":"https:\/\/www.pagodethienminh.fr\/index.php?rest_route=%2Fwp%2Fv2%2Fcomments&post=3666"}],"version-history":[{"count":13,"href":"https:\/\/www.pagodethienminh.fr\/index.php?rest_route=\/wp\/v2\/pages\/3666\/revisions"}],"predecessor-version":[{"id":4359,"href":"https:\/\/www.pagodethienminh.fr\/index.php?rest_route=\/wp\/v2\/pages\/3666\/revisions\/4359"}],"up":[{"embeddable":true,"href":"https:\/\/www.pagodethienminh.fr\/index.php?rest_route=\/wp\/v2\/pages\/51"}],"wp:attachment":[{"href":"https:\/\/www.pagodethienminh.fr\/index.php?rest_route=%2Fwp%2Fv2%2Fmedia&parent=3666"}],"curies":[{"name":"wp","href":"https:\/\/api.w.org\/{rel}","templated":true}]}}