{"id":331,"date":"2011-05-02T14:28:36","date_gmt":"2011-05-02T14:28:36","guid":{"rendered":"http:\/\/www.pagodethienminh.fr\/?page_id=331"},"modified":"2013-06-19T08:10:13","modified_gmt":"2013-06-19T08:10:13","slug":"1-ph%e1%ba%adt-phap-vn","status":"publish","type":"page","link":"https:\/\/www.pagodethienminh.fr\/?page_id=331","title":{"rendered":"Ph\u1eadt Ph\u00e1p (VN)"},"content":{"rendered":"<p>\u0110\u1ea1o L\u00e0m Ng\u01b0\u1eddi -\u0110\u0110. Th\u00edch Ph\u01b0\u1edbc Ti\u1ebfn<\/p>\n<p><object width=\"300\" height=\"61\"><param name=\"movie\" value=\"http:\/\/static.mp3.zdn.vn\/skins\/mp3_main\/flash\/player\/mp3Player_skin1.swf?xmlurl=http:\/\/mp3.zing.vn\/blog?MjAxMi8xMC8wNC82LzAvInagaMENjBiNzA2NzdkZThkNzNhZWU0Njg1ZTNiODg5YjE0NjIdUngWeBXAzfMSQ4WeBqhWeByBMw6BcUIbaBIE5nxrDhdUng51pfMSQxJAdUngIFRow61jaCBQaMaw4WeBdUngWeBYyBUaeG6vInagaME258fDU\" \/><param name=\"quality\" value=\"high\" \/><param name=\"wmode\" value=\"transparent\" \/><embed width=\"300\" height=\"61\" src=\"http:\/\/static.mp3.zdn.vn\/skins\/mp3_main\/flash\/player\/mp3Player_skin1.swf?xmlurl=http:\/\/mp3.zing.vn\/blog?MjAxMi8xMC8wNC82LzAvInagaMENjBiNzA2NzdkZThkNzNhZWU0Njg1ZTNiODg5YjE0NjIdUngWeBXAzfMSQ4WeBqhWeByBMw6BcUIbaBIE5nxrDhdUng51pfMSQxJAdUngIFRow61jaCBQaMaw4WeBdUngWeBYyBUaeG6vInagaME258fDU\" quality=\"high\" wmode=\"transparent\" type=\"application\/x-shockwave-flash\"><\/embed><\/object><\/p>\n","protected":false},"excerpt":{"rendered":"<p>\u0110\u1ea1o L\u00e0m Ng\u01b0\u1eddi -\u0110\u0110. Th\u00edch Ph\u01b0\u1edbc Ti\u1ebfn<\/p>\n","protected":false},"author":1,"featured_media":0,"parent":306,"menu_order":2,"comment_status":"closed","ping_status":"closed","template":"","meta":{"_mc_calendar":[],"footnotes":""},"class_list":["post-331","page","type-page","status-publish","hentry"],"_links":{"self":[{"href":"https:\/\/www.pagodethienminh.fr\/index.php?rest_route=\/wp\/v2\/pages\/331","targetHints":{"allow":["GET"]}}],"collection":[{"href":"https:\/\/www.pagodethienminh.fr\/index.php?rest_route=\/wp\/v2\/pages"}],"about":[{"href":"https:\/\/www.pagodethienminh.fr\/index.php?rest_route=\/wp\/v2\/types\/page"}],"author":[{"embeddable":true,"href":"https:\/\/www.pagodethienminh.fr\/index.php?rest_route=\/wp\/v2\/users\/1"}],"replies":[{"embeddable":true,"href":"https:\/\/www.pagodethienminh.fr\/index.php?rest_route=%2Fwp%2Fv2%2Fcomments&post=331"}],"version-history":[{"count":7,"href":"https:\/\/www.pagodethienminh.fr\/index.php?rest_route=\/wp\/v2\/pages\/331\/revisions"}],"predecessor-version":[{"id":3698,"href":"https:\/\/www.pagodethienminh.fr\/index.php?rest_route=\/wp\/v2\/pages\/331\/revisions\/3698"}],"up":[{"embeddable":true,"href":"https:\/\/www.pagodethienminh.fr\/index.php?rest_route=\/wp\/v2\/pages\/306"}],"wp:attachment":[{"href":"https:\/\/www.pagodethienminh.fr\/index.php?rest_route=%2Fwp%2Fv2%2Fmedia&parent=331"}],"curies":[{"name":"wp","href":"https:\/\/api.w.org\/{rel}","templated":true}]}}