{"id":328,"date":"2011-05-02T14:28:03","date_gmt":"2011-05-02T14:28:03","guid":{"rendered":"http:\/\/www.pagodethienminh.fr\/?page_id=328"},"modified":"2024-07-01T18:37:03","modified_gmt":"2024-07-01T18:37:03","slug":"1-enseignments-fr","status":"publish","type":"page","link":"https:\/\/www.pagodethienminh.fr\/?page_id=328","title":{"rendered":"Audio (FR)"},"content":{"rendered":"<p style=\"text-align: justify;\">Tous les enseignements sont sous formats audio (mp3), vous pouvez les t\u00e9l\u00e9charger (<em><strong>cliquer droit<\/strong> puis fa\u00eetes <strong>enregistrer le lien sous<\/strong> et choisissez l&#8217;emplacement o\u00f9 vous voulez enregistrer sur votre support<\/em>) pour les \u00e9couter.<\/p>\n<p style=\"text-align: justify;\"><span style=\"text-align: justify;\">Ces enseignements ont \u00e9t\u00e9 donn\u00e9s par des Lamas. Leur \u00e9coute demande une \u00e9tude \u00a0\u00e0 travers une une r\u00e9flexion juste. L&#8217;exp\u00e9rience de ce savoir m\u00e8nera vers une connaissance et une Sagesse. Il est dit :<\/span><\/p>\n<p style=\"padding-left: 80px;\"><strong><em>&#8220;Ce qui est \u00e9cout\u00e9, pourra \u00eatre compris,<\/em><\/strong><\/p>\n<p style=\"padding-left: 80px;\"><strong><em>Ce qui est compris pourra \u00eatre analys\u00e9,<\/em><\/strong><\/p>\n<p style=\"padding-left: 80px;\"><strong><em>Ce qui est analys\u00e9 pourra \u00eatre exp\u00e9riment\u00e9,<\/em><\/strong><\/p>\n<p style=\"padding-left: 80px;\"><strong><em>Ce qui est exp\u00e9riment\u00e9 pourra \u00eatre r\u00e9alis\u00e9,<\/em><\/strong><\/p>\n<p style=\"padding-left: 80px;\"><strong><em>Ce qui est r\u00e9alis\u00e9 ouvrira \u00e0 la voie de l&#8217;Eveil.&#8221;<\/em><\/strong><\/p>\n<p style=\"text-align: center;\">&#8212;&#8212;&#8212;&#8212;&#8212;&#8212;&#8212;&#8212;&#8212;&#8212;&#8212;&#8212;&#8212;&#8212;&#8212;&#8212;&#8212;&#8212;&#8212;&#8212;&#8212;&#8212;&#8212;&#8212;&#8212;&#8212;&#8212;&#8212;&#8212;&#8212;-<\/p>\n<p style=\"text-align: center;\"><strong>Document complet de retranscription en Pdf complet des 10 Sessions<\/strong><\/p>\n<p style=\"text-align: center;\"><a href=\"https:\/\/www.pagodethienminh.fr\/wp-content\/uploads\/2011\/05\/Le-Phat.jpg\"><img loading=\"lazy\" decoding=\"async\" class=\"aligncenter size-full wp-image-487\" src=\"https:\/\/www.pagodethienminh.fr\/wp-content\/uploads\/2011\/05\/Le-Phat.jpg\" alt=\"Offrande au Bouddha\" width=\"640\" height=\"424\" srcset=\"https:\/\/www.pagodethienminh.fr\/wp-content\/uploads\/2011\/05\/Le-Phat.jpg 640w, https:\/\/www.pagodethienminh.fr\/wp-content\/uploads\/2011\/05\/Le-Phat-150x99.jpg 150w, https:\/\/www.pagodethienminh.fr\/wp-content\/uploads\/2011\/05\/Le-Phat-300x198.jpg 300w\" sizes=\"auto, (max-width: 640px) 100vw, 640px\" \/><\/a><\/p>\n<p style=\"text-align: center;\"><strong>L&#8217;int\u00e9grale des sessions sur les Quatre Nobles V\u00e9rit\u00e9s <\/strong>:cliquer sur <a title=\"Les 4 Nobles Verites\" href=\"http:\/\/pagodethienminh.free.fr\/archives\/Transcription%20-%20Les%204%20Nobles%20Verites%20-%20Lama%20Seunam%20Dordje.pdf\" target=\"_blank\" rel=\"noopener\"><strong>Les 4 Nobles V\u00e9rit\u00e9s<\/strong><\/a><\/p>\n<p style=\"text-align: center;\">&#8212;&#8212;&#8212;&#8212;&#8212;&#8212;&#8212;&#8212;&#8212;&#8212;&#8212;&#8212;&#8212;&#8212;&#8212;&#8212;&#8212;&#8212;&#8212;&#8212;&#8212;&#8212;&#8212;&#8212;&#8212;&#8212;&#8212;&#8212;&#8212;&#8212;-<\/p>\n<p><strong>Ann\u00e9e 2018<\/strong><\/p>\n<ul>\n<li>23\u00a0Juin : LAMA SEUNAM DORJE :\u00a0<a href=\"http:\/\/pagodethienminh.free.fr\/phap\/180623_LAMA_SEUNAM_La_conduite_ethique.mp3\">Devenir un meilleur \u00eatre humain : La conduite \u00e9thique<\/a><\/li>\n<li>24\u00a0Juin : LAMA SEUNAM DORJE :\u00a0<a href=\"http:\/\/pagodethienminh.free.fr\/phap\/180624_LAMA_SEUNAM_Meditation.mp3\" target=\"_blank\" rel=\"noopener\">Pratique de la M\u00e9ditation<\/a><\/li>\n<li>20 Octobre: LAMA SEUNAM DORJE :\u00a0<a href=\"http:\/\/pagodethienminh.free.fr\/phap\/181020_LAMA_SEUNAM_La_generosite.mp3\">Devenir un meilleur \u00eatre humain : La g\u00e9n\u00e9rosit\u00e9<\/a><\/li>\n<li>21 Octobre : LAMA SEUNAM DORJE :\u00a0Pratique de la M\u00e9ditation<\/li>\n<li>01 D\u00e9cembre : LAMA SEUNAM DORJE :\u00a0<a href=\"http:\/\/pagodethienminh.free.fr\/phap\/181201_LAMA_SEUNAM_La_patience.mp3\">Devenir un meilleur \u00eatre humain : La patience<\/a><\/li>\n<li>02 D\u00e9cembre : LAMA SEUNAM DORJE :\u00a0Pratique de la M\u00e9ditation<\/li>\n<\/ul>\n<p><strong>Ann\u00e9e 2016<\/strong><\/p>\n<ul>\n<li>05\u00a0Mars : LAMA SEUNAM DORJE :\u00a0<a href=\"http:\/\/pagodethienminh.free.fr\/phap\/160305_LAMA_SEUNAM_Devenir_un_meilleur_etre_humain.mp3\">Devenir un meilleur \u00eatre humain Session 2<\/a><\/li>\n<li>06 Mars : LAMA SEUNAM DORJE :\u00a0Pratique de la M\u00e9ditation<\/li>\n<li>25\u00a0Juin : LAMA SEUNAM DORJE :\u00a0<a href=\"http:\/\/pagodethienminh.free.fr\/phap\/160625_LAMA_SEUNAM_Devenir_un_meilleur_etre_humain.mp3\">Devenir un meilleur \u00eatre humain Session 3<\/a><\/li>\n<li>26\u00a0Juin : LAMA SEUNAM DORJE :\u00a0<a href=\"http:\/\/pagodethienminh.free.fr\/phap\/160626_LAMA_SEUNAM_Meditation.mp3\" target=\"_blank\" rel=\"noopener\">Pratique de la M\u00e9ditation<\/a><\/li>\n<li>19 Novembre : LAMA SEUNAM DORJE :\u00a0<a href=\"http:\/\/pagodethienminh.free.fr\/phap\/161119_LAMA_SEUNAM_Devenir_un_meilleur_etre_humain.mp3\">Devenir un meilleur \u00eatre humain Session 4<\/a><\/li>\n<li>20 Novembre : LAMA SEUNAM DORJE :\u00a0<a href=\"http:\/\/pagodethienminh.free.fr\/phap\/161120_LAMA_SEUNAM_Meditation.mp3\" target=\"_blank\" rel=\"noopener\">Pratique de la M\u00e9ditation<\/a><\/li>\n<\/ul>\n<p><strong>Ann\u00e9e 2015<\/strong><\/p>\n<ul>\n<li>18\u00a0Avril : LAMA SEUNAM DORJE :\u00a0<a href=\"http:\/\/pagodethienminh.free.fr\/phap\/150418_LAMA_SEUNAM_Les_4_Nobles_Verites_Part_XIV.mp3\">Les 4 Nobles V\u00e9rit\u00e9s Partie XIV<\/a><\/li>\n<li><em><strong>Retranscription pdf:<\/strong><\/em>\u00a0<a href=\"http:\/\/pagodethienminh.free.fr\/archives\/Transcription%20-%20Les%204%20Nobles%20Verites%20-%20Partie%2014%20-%20Lama%20Seunam%20Dorje.pdf\" target=\"_blank\" rel=\"noopener\">Les 4 Nobles V\u00e9rit\u00e9s Partie XIV<\/a><\/li>\n<li>19\u00a0Avril : LAMA SEUNAM DORJE :\u00a0<a href=\"http:\/\/pagodethienminh.free.fr\/phap\/150419_LAMA_SEUNAM_Meditation.mp3\" target=\"_blank\" rel=\"noopener\">Pratique de la M\u00e9ditation<\/a><\/li>\n<li>13\u00a0Juin : LAMA SEUNAM DORJE :\u00a0<a href=\"http:\/\/pagodethienminh.free.fr\/phap\/150613_LAMA_SEUNAM_Les_4_Nobles_Verites_Part_XV.mp3\">Les 4 Nobles V\u00e9rit\u00e9s Partie XV<\/a><\/li>\n<li><em><strong>Retranscription pdf:<\/strong><\/em>\u00a0<a href=\"http:\/\/pagodethienminh.free.fr\/archives\/Transcription%20-%20Les%204%20Nobles%20Verites%20-%20Partie%2015%20-%20Lama%20Seunam%20Dorje.pdf\" target=\"_blank\" rel=\"noopener\">Les 4 Nobles V\u00e9rit\u00e9s Partie XV<\/a><\/li>\n<li>14\u00a0Juin : LAMA SEUNAM DORJE :\u00a0Pratique de la M\u00e9ditation<\/li>\n<li>19\u00a0D\u00e9cembre : LAMA SEUNAM DORJE :\u00a0<a href=\"http:\/\/pagodethienminh.free.fr\/phap\/151219_LAMA_SEUNAM_Devenir_un_meilleur_etre_humain.mp3\">Devenir un meilleur \u00eatre humain Session 1<\/a><\/li>\n<li>20\u00a0D\u00e9cembre : LAMA SEUNAM DORJE :\u00a0Pratique de la M\u00e9ditation<\/li>\n<\/ul>\n<p><strong>Ann\u00e9e 2014<\/strong><\/p>\n<ul>\n<li>08 Mars : LAMA SEUNAM DORJE :\u00a0<a href=\"http:\/\/pagodethienminh.free.fr\/phap\/140308_LAMA_SEUNAM_Les_4_Nobles_Verites_Part_XI.mp3\">Les 4 Nobles V\u00e9rit\u00e9s Partie XI<\/a><\/li>\n<li><em><strong>Retranscription pdf:<\/strong><\/em>\u00a0<a title=\"Les 4 Nobles Verites - Session 11\" href=\"http:\/\/pagodethienminh.free.fr\/archives\/Transcription%20-%20Les%204%20Nobles%20Verites%20-%20Partie%2011%20-%20Lama%20Seunam%20Dorje.pdf\" target=\"_blank\" rel=\"noopener\">Les 4 Nobles V\u00e9rit\u00e9s Partie XI<\/a><\/li>\n<li>09 Mars : LAMA SEUNAM DORJE :\u00a0<a href=\"http:\/\/pagodethienminh.free.fr\/phap\/140309_LAMA_SEUNAM_Meditation.mp3\" target=\"_blank\" rel=\"noopener\">Pratique de la M\u00e9ditation<\/a><\/li>\n<li>14 Juin : LAMA SEUNAM DORJE :\u00a0<a title=\"Les 4 nobles verites - Session 12 - Audio mp3\" href=\"http:\/\/pagodethienminh.free.fr\/phap\/140614_LAMA_SEUNAM_Les_4_Nobles_Verites_Part_XII.mp3\">Les 4 Nobles V\u00e9rit\u00e9s Partie XII<\/a><\/li>\n<li><em><strong>Retranscription pdf:<\/strong><\/em>\u00a0<a href=\"http:\/\/pagodethienminh.free.fr\/archives\/Transcription%20-%20Les%204%20Nobles%20Verites%20-%20Partie%2012%20-%20Lama%20Seunam%20Dorje.pdf\" target=\"_blank\" rel=\"noopener\">Les 4 Nobles V\u00e9rit\u00e9s Partie XII<\/a><\/li>\n<li>15 Juin : LAMA SEUNAM DORJE :\u00a0<a title=\"Meditation\" href=\"http:\/\/pagodethienminh.free.fr\/phap\/140615_LAMA_SEUNAM_Meditation.mp3\">Pratique de la M\u00e9ditation<\/a><\/li>\n<li>22\u00a0Novembre : LAMA SEUNAM DORJE :\u00a0<a title=\"Les 4 nobles verites - Session 12 - Audio mp3\" href=\"http:\/\/pagodethienminh.free.fr\/phap\/141122_LAMA_SEUNAM_Les_4_Nobles_Verites_Part_XIII.mp3\">Les 4 Nobles V\u00e9rit\u00e9s Partie XIII<\/a><\/li>\n<li><em><strong>Retranscription pdf:<\/strong><\/em>\u00a0<a href=\"http:\/\/pagodethienminh.free.fr\/archives\/Transcription%20-%20Les%204%20Nobles%20Verites%20-%20Partie%2013%20-%20Lama%20Seunam%20Dorje.pdf\" target=\"_blank\" rel=\"noopener\">Les 4 Nobles V\u00e9rit\u00e9s Partie XIII<\/a><\/li>\n<li>23\u00a0Novembre : LAMA SEUNAM DORJE :\u00a0<a title=\"Meditation\" href=\"http:\/\/pagodethienminh.free.fr\/phap\/141123_LAMA_SEUNAM_Meditation.mp3\">Pratique de la M\u00e9ditation<\/a><\/li>\n<\/ul>\n<p><strong>Ann\u00e9e 2013<\/strong><\/p>\n<ul>\n<li>09 Mars : LAMA SEUNAM DORJE :\u00a0<a href=\"http:\/\/pagodethienminh.free.fr\/phap\/130309_LAMA_SEUNAM_Les_4_Nobles_Verites_Part_VII.mp3\">Les 4 Nobles V\u00e9rit\u00e9s Partie VII<\/a><\/li>\n<li><em><strong>Retranscription pdf:<\/strong><\/em>\u00a0<a href=\"http:\/\/pagodethienminh.free.fr\/archives\/Transcription%20-%20Les%204%20Nobles%20Verites%20-%20Partie%207%20-%20Lama%20Seunam%20Dorje.pdf\" target=\"_blank\" rel=\"noopener\">Les 4 Nobles V\u00e9rit\u00e9s Partie VII<\/a><\/li>\n<li>10 Mars : LAMA SEUNAM DORJE :\u00a0<a href=\"http:\/\/pagodethienminh.free.fr\/phap\/130310_LAMA_SEUNAM_Meditation.mp3\" target=\"_blank\" rel=\"noopener\">Pratique de la M\u00e9ditation<\/a><\/li>\n<li>27 Avril : LAMA SEUNAM DORJE :\u00a0<a href=\"http:\/\/pagodethienminh.free.fr\/phap\/130427_LAMA_SEUNAM_Les_4_Nobles_Verites_Part_VIII.mp3\">Les 4 Nobles V\u00e9rit\u00e9s Partie VIII<\/a><\/li>\n<li><em><strong>Retranscription pdf:<\/strong><\/em>\u00a0<a href=\"http:\/\/pagodethienminh.free.fr\/archives\/Transcription%20-%20Les%204%20Nobles%20Verites%20-%20Partie%208%20-%20Lama%20Seunam%20Dorje.pdf\" target=\"_blank\" rel=\"noopener\">Les 4 Nobles V\u00e9rit\u00e9s Partie VIII<\/a><\/li>\n<li>28 Avril : LAMA SEUNAM DORJE :\u00a0Pratique de la M\u00e9ditation<\/li>\n<li>23 Novembre : LAMA SEUNAM DORJE :\u00a0<a href=\"http:\/\/pagodethienminh.free.fr\/phap\/131123_LAMA_SEUNAM_Les_4_Nobles_Verites_Part_IX.mp3\">Les 4 Nobles V\u00e9rit\u00e9s Partie IX<\/a><\/li>\n<li><em><strong>Retranscription pdf:<\/strong><\/em>\u00a0<a href=\"http:\/\/pagodethienminh.free.fr\/archives\/Transcription%20-%20Les%204%20Nobles%20Verites%20-%20Partie%209%20-%20Lama%20Seunam%20Dorje.pdf\" target=\"_blank\" rel=\"noopener\">Les 4 Nobles Verites Partie IX<\/a><\/li>\n<li>24 Novembre : LAMA SEUNAM DORJE :\u00a0<a href=\"http:\/\/pagodethienminh.free.fr\/phap\/131124_LAMA_SEUNAM_Meditation.mp3\" target=\"_blank\" rel=\"noopener\">Pratique de la M\u00e9ditation<\/a><\/li>\n<li>14 D\u00e9cembre : LAMA SEUNAM DORJE :\u00a0<a href=\"http:\/\/pagodethienminh.free.fr\/phap\/131214_LAMA_SEUNAM_Les_4_Nobles_Verites_Part_X.mp3\">Les 4 Nobles V\u00e9rit\u00e9s Partie X<\/a><\/li>\n<li><em><strong>Retranscription pdf:<\/strong><\/em>\u00a0<a href=\"http:\/\/pagodethienminh.free.fr\/archives\/Transcription%20-%20Les%204%20Nobles%20Verites%20-%20Partie%2010%20-%20Lama%20Seunam%20Dorje.pdf\" target=\"_blank\" rel=\"noopener\">Les 4 Nobles Verites Partie X<\/a><\/li>\n<li>15 D\u00e9cembre : LAMA SEUNAM DORJE :\u00a0<a href=\"http:\/\/pagodethienminh.free.fr\/phap\/131215_LAMA_SEUNAM_Meditation.mp3\" target=\"_blank\" rel=\"noopener\">Pratique de la M\u00e9ditation<\/a><\/li>\n<\/ul>\n<p><strong>Ann\u00e9e 2012<\/strong><\/p>\n<ul>\n<li>02 Aout : 17e Karmapa Hotel Hilton Lyon:\u00a0<a href=\"http:\/\/pagodethienminh.free.fr\/phap\/120802_KARMAPA_Donner%20un%20sens%20a%20sa%20vie.mp3\" target=\"_blank\" rel=\"noopener\">Donner un sens \u00e0 sa vie<\/a><\/li>\n<li>13 Octobre : LAMA SEUNAM DORJE :\u00a0<a href=\"http:\/\/pagodethienminh.free.fr\/phap\/121013_LAMA_SEUNAM_Les_4_Nobles_Verites_Part_V.mp3\" target=\"_blank\" rel=\"noopener\">Les 4 Nobles V\u00e9rit\u00e9s Partie V<\/a><\/li>\n<li><em><strong>Retranscription pdf:<\/strong><\/em>\u00a0<a href=\"http:\/\/pagodethienminh.free.fr\/archives\/Transcription%20-%20Les%204%20Nobles%20Verites%20-%20Partie%205%20-%20Lama%20Seunam%20Dorje.pdf\" target=\"_blank\" rel=\"noopener\">Les 4 Nobles V\u00e9rit\u00e9s Partie V<\/a><\/li>\n<li>14 Octobre : LAMA SEUNAM DORJE :\u00a0<a href=\"http:\/\/pagodethienminh.free.fr\/phap\/121014_LAMA_SEUNAM_Respect.mp3\" target=\"_blank\" rel=\"noopener\">Le respect<\/a><\/li>\n<li>14 Octobre : LAMA SEUNAM DORJE :\u00a0<a href=\"http:\/\/pagodethienminh.free.fr\/phap\/121014_LAMA_SEUNAM_Meditation.mp3\" target=\"_blank\" rel=\"noopener\">Pratique de la M\u00e9ditation<\/a><\/li>\n<li>22 D\u00e9cembre : LAMA SEUNAM DORJE :\u00a0Les 4 Nobles Verites Partie VI<\/li>\n<li><em><strong>Retranscription pdf:<\/strong><\/em>\u00a0<a href=\"http:\/\/pagodethienminh.free.fr\/archives\/Transcription%20-%20Les%204%20Nobles%20Verites%20-%20Partie%206%20-%20Lama%20Seunam%20Dorje.pdf\" target=\"_blank\" rel=\"noopener\">Les 4 Nobles V\u00e9rit\u00e9s Partie VI<\/a><\/li>\n<li>23 D\u00e9cembre : LAMA SEUNAM DORJE :\u00a0Pratique de la M\u00e9ditation<\/li>\n<\/ul>\n<p><strong>Ann\u00e9e 2011<\/strong><\/p>\n<ul>\n<li>12 Mars : LAMA SEUNAM DORJE :\u00a0<a href=\"http:\/\/pagodethienminh.free.fr\/phap\/110312_LAMA_SEUNAM_Les_4_Nobles_Verites_Part_II.mp3\" target=\"_blank\" rel=\"noopener\">Les 4 Nobles V\u00e9rit\u00e9s Partie II<\/a><\/li>\n<li><em><strong>Retranscription pdf:<\/strong><\/em>\u00a0<a href=\"http:\/\/pagodethienminh.free.fr\/archives\/Transcription%20-%20Les%204%20Nobles%20Verites%20-%20Partie%202%20-%20Lama%20Seunam%20Dorje.pdf\" target=\"_blank\" rel=\"noopener\">Les 4 Nobles V\u00e9rit\u00e9s Partie II<\/a><\/li>\n<li>13 Mars : LAMA SEUNAM DORJE :\u00a0<a href=\"http:\/\/pagodethienminh.free.fr\/phap\/110313_LAMA_SEUNAM_Meditation.mp3\" target=\"_blank\" rel=\"noopener\">Pratique de la M\u00e9ditation<\/a><\/li>\n<li>16 Avril : LAMA SEUNAM DORJE :\u00a0<a href=\"http:\/\/pagodethienminh.free.fr\/phap\/110416_LAMA_SEUNAM_Les_4_Nobles_Verites_Part_III.mp3\" target=\"_blank\" rel=\"noopener\">Les 4 Nobles V\u00e9rit\u00e9s Partie III<\/a><\/li>\n<li><em><strong>Retranscription pdf:<\/strong><\/em>\u00a0<a href=\"http:\/\/pagodethienminh.free.fr\/archives\/Transcription%20-%20Les%204%20Nobles%20Verites%20-%20Partie%203%20-%20Lama%20Seunam%20Dorje.pdf\" target=\"_blank\" rel=\"noopener\">Les 4 Nobles V\u00e9rit\u00e9s Partie III<\/a><\/li>\n<li>17 Avril : LAMA SEUNAM DORJE :\u00a0<a href=\"http:\/\/pagodethienminh.free.fr\/phap\/110417_LAMA_SEUNAM_Meditation.mp3\" target=\"_blank\" rel=\"noopener\">Pratique de la M\u00e9ditation<\/a><\/li>\n<li>05 Juin : LAMA SEUNAM DORJE :\u00a0<a href=\"http:\/\/pagodethienminh.free.fr\/phap\/110605_LAMA_SEUNAM_Amour&amp;Compassion.mp3\" target=\"_blank\" rel=\"noopener\">Amour et Compassion<\/a><\/li>\n<li>18 Juin : LAMA SEUNAM DORJE :\u00a0<a href=\"http:\/\/pagodethienminh.free.fr\/phap\/110618_LAMA_SEUNAM_Les_4_Nobles_Verites_Part_IV.mp3\" target=\"_blank\" rel=\"noopener\">Les 4 Nobles V\u00e9rit\u00e9s Partie IV<\/a><\/li>\n<li><em><strong>Retranscription pdf:<\/strong><\/em>\u00a0<a href=\"http:\/\/pagodethienminh.free.fr\/archives\/Transcription%20-%20Les%204%20Nobles%20Verites%20-%20Partie%204%20-%20Lama%20Seunam%20Dorje.pdf\" target=\"_blank\" rel=\"noopener\">Les 4 Nobles V\u00e9rit\u00e9s Partie IV<\/a><\/li>\n<li>19 Juin : LAMA SEUNAM DORJE :\u00a0<a href=\"http:\/\/pagodethienminh.free.fr\/phap\/110619_LAMA_SEUNAM_Meditation.mp3\" target=\"_blank\" rel=\"noopener\">Pratique de la M\u00e9ditation<\/a><\/li>\n<\/ul>\n<p><strong>Ann\u00e9e 2010<\/strong><\/p>\n<ul>\n<li>03 Avril : LAMA NAMGYAL : <a href=\"http:\/\/pagodethienminh.free.fr\/phap\/100403_LAMA%20NAMGYAL_Mort&amp;Renaissance.mp3\">Mort et Renaissance<\/a><\/li>\n<li>18 D\u00e9cembre : LAMA SEUNAM DORJE :\u00a0<a href=\"http:\/\/pagodethienminh.free.fr\/phap\/101218_LAMA_SEUNAM_Les_4_Nobles_Verites_Part_I.mp3\">Les 4 Nobles V\u00e9rit\u00e9s Partie I<\/a><\/li>\n<li><em><strong>Retranscription pdf:<\/strong><\/em>\u00a0<a href=\"http:\/\/pagodethienminh.free.fr\/archives\/Transcription%20-%20Les%204%20Nobles%20Verites%20-%20Partie%201%20-%20Lama%20Seunam%20Dorje.pdf\" target=\"_blank\" rel=\"noopener\">Les 4 Nobles V\u00e9rit\u00e9s Partie I<\/a><\/li>\n<li>19 D\u00e9cembre : LAMA SEUNAM DORJE : <a href=\"http:\/\/pagodethienminh.free.fr\/phap\/101219_LAMA_SEUNAM_Meditation.mp3\">Pratique de la M\u00e9ditation<\/a><\/li>\n<\/ul>\n<p><strong>Ann\u00e9e 2006<\/strong><\/p>\n<ul>\n<li>16 F\u00e9vrier : LAMA SEUNAM DORJE :\u00a0<a href=\"http:\/\/pagodethienminh.free.fr\/phap\/060219_LAMA_SEUNAM_Qu_est_ce_que_le_bouddhisme.mp3\">Qu&#8217;est-ce que le Bouddhisme ?<\/a><\/li>\n<li>09 Avril : LAMA SEUNAM DORJE : <a href=\"http:\/\/pagodethienminh.free.fr\/phap\/060409_LAMA_SEUNAM_Precieuse_existance.mp3\">La pr\u00e9cieuse existence<\/a><\/li>\n<li>18 Juin : LAMA SEUNAM DORJE : <a href=\"http:\/\/pagodethienminh.free.fr\/phap\/060618_LAMA_SEUNAM_Mort_impermanence.mp3\">La Mort et l&#8217;Impermanence<\/a><\/li>\n<li>06 Octobre : LAMA SEUNAM DORJE : <a href=\"http:\/\/pagodethienminh.free.fr\/phap\/061006_LAMA_SEUNAM_Karma_libre_arbitre.mp3\">Karma et libre arbitre<\/a><\/li>\n<li>07 D\u00e9cembre : LAMA SEUNAM DORJE : <a href=\"http:\/\/pagodethienminh.free.fr\/phap\/061207_LAMA_SEUNAM_Les%206%20Mondes_du_Samsara.mp3\">Les 6 Mondes du Samsara<\/a><\/li>\n<\/ul>\n","protected":false},"excerpt":{"rendered":"<p>Tous les enseignements sont sous formats audio (mp3), vous pouvez les t\u00e9l\u00e9charger (cliquer droit puis fa\u00eetes enregistrer le lien sous et choisissez l&#8217;emplacement o\u00f9 vous \u2026 <a class=\"continue-reading-link\" href=\"https:\/\/www.pagodethienminh.fr\/?page_id=328\">Continue \u00e0 lire <span class=\"meta-nav\">&rarr; <\/span><\/a><\/p>\n","protected":false},"author":1,"featured_media":0,"parent":7232,"menu_order":1,"comment_status":"closed","ping_status":"closed","template":"","meta":{"_mc_calendar":[],"footnotes":""},"class_list":["post-328","page","type-page","status-publish","hentry"],"_links":{"self":[{"href":"https:\/\/www.pagodethienminh.fr\/index.php?rest_route=\/wp\/v2\/pages\/328","targetHints":{"allow":["GET"]}}],"collection":[{"href":"https:\/\/www.pagodethienminh.fr\/index.php?rest_route=\/wp\/v2\/pages"}],"about":[{"href":"https:\/\/www.pagodethienminh.fr\/index.php?rest_route=\/wp\/v2\/types\/page"}],"author":[{"embeddable":true,"href":"https:\/\/www.pagodethienminh.fr\/index.php?rest_route=\/wp\/v2\/users\/1"}],"replies":[{"embeddable":true,"href":"https:\/\/www.pagodethienminh.fr\/index.php?rest_route=%2Fwp%2Fv2%2Fcomments&post=328"}],"version-history":[{"count":77,"href":"https:\/\/www.pagodethienminh.fr\/index.php?rest_route=\/wp\/v2\/pages\/328\/revisions"}],"predecessor-version":[{"id":7295,"href":"https:\/\/www.pagodethienminh.fr\/index.php?rest_route=\/wp\/v2\/pages\/328\/revisions\/7295"}],"up":[{"embeddable":true,"href":"https:\/\/www.pagodethienminh.fr\/index.php?rest_route=\/wp\/v2\/pages\/7232"}],"wp:attachment":[{"href":"https:\/\/www.pagodethienminh.fr\/index.php?rest_route=%2Fwp%2Fv2%2Fmedia&parent=328"}],"curies":[{"name":"wp","href":"https:\/\/api.w.org\/{rel}","templated":true}]}}