{"id":326,"date":"2011-05-02T14:26:42","date_gmt":"2011-05-02T14:26:42","guid":{"rendered":"http:\/\/www.pagodethienminh.fr\/?page_id=326"},"modified":"2012-08-05T12:33:47","modified_gmt":"2012-08-05T12:33:47","slug":"2009-danses-mua","status":"publish","type":"page","link":"https:\/\/www.pagodethienminh.fr\/?page_id=326","title":{"rendered":"2009"},"content":{"rendered":"<p>Lyon T\u00eat : Thuong Oanh Vu &#8211; Montagne<br \/>\n<iframe loading=\"lazy\" src=\"http:\/\/www.youtube.com\/embed\/GRJGcuTN7-k\" frameborder=\"0\" width=\"425\" height=\"349\"><\/iframe><\/p>\n<p>Lyon T\u00eat : Que Huong &#8211; Vie de la campagne<br \/>\n<iframe loading=\"lazy\" src=\"http:\/\/www.youtube.com\/embed\/GhOOBaYTUbI\" frameborder=\"0\" width=\"425\" height=\"349\"><\/iframe><\/p>\n<p>Lyon T\u00eat : Nghe b\u00ean Saigon &#8211; Escale \u00e0 Saigon<br \/>\n<iframe loading=\"lazy\" src=\"http:\/\/www.youtube.com\/embed\/38-pZQaNYNk\" frameborder=\"0\" width=\"425\" height=\"349\"><\/iframe><\/p>\n<p>Lyon T\u00eat : 3 mi\u00ean &#8211; Les 3 r\u00e9gions du Vietnam<br \/>\n<iframe loading=\"lazy\" src=\"http:\/\/www.youtube.com\/embed\/fl8R4WCjRVY\" frameborder=\"0\" width=\"425\" height=\"349\"><\/iframe><\/p>\n<p>Lyon T\u00eat : Saigon Que Huong Toi &#8211; Saigon, ma ville natale<br \/>\n<iframe loading=\"lazy\" src=\"http:\/\/www.youtube.com\/embed\/yVYEFkMNRu4\" frameborder=\"0\" width=\"425\" height=\"349\"><\/iframe><\/p>\n<p>Lyon T\u00eat : 10 ngon Tay &#8211; 10 doigts de la main<br \/>\n<iframe loading=\"lazy\" src=\"http:\/\/www.youtube.com\/embed\/sHeazp6APpQ\" frameborder=\"0\" width=\"425\" height=\"349\"><\/iframe><\/p>\n<p>Lyon Vu Lan : Sc\u00e9nette &#8211; No<br \/>\n<iframe loading=\"lazy\" src=\"http:\/\/www.youtube.com\/embed\/axFXHJyEOpI\" frameborder=\"0\" width=\"560\" height=\"349\"><\/iframe><\/p>\n","protected":false},"excerpt":{"rendered":"<p>Lyon T\u00eat : Thuong Oanh Vu &#8211; Montagne Lyon T\u00eat : Que Huong &#8211; Vie de la campagne Lyon T\u00eat : Nghe b\u00ean Saigon &#8211; \u2026 <a class=\"continue-reading-link\" href=\"https:\/\/www.pagodethienminh.fr\/?page_id=326\">Continue \u00e0 lire <span class=\"meta-nav\">&rarr; <\/span><\/a><\/p>\n","protected":false},"author":1,"featured_media":0,"parent":2602,"menu_order":3,"comment_status":"closed","ping_status":"closed","template":"","meta":{"_mc_calendar":[],"footnotes":""},"class_list":["post-326","page","type-page","status-publish","hentry"],"_links":{"self":[{"href":"https:\/\/www.pagodethienminh.fr\/index.php?rest_route=\/wp\/v2\/pages\/326","targetHints":{"allow":["GET"]}}],"collection":[{"href":"https:\/\/www.pagodethienminh.fr\/index.php?rest_route=\/wp\/v2\/pages"}],"about":[{"href":"https:\/\/www.pagodethienminh.fr\/index.php?rest_route=\/wp\/v2\/types\/page"}],"author":[{"embeddable":true,"href":"https:\/\/www.pagodethienminh.fr\/index.php?rest_route=\/wp\/v2\/users\/1"}],"replies":[{"embeddable":true,"href":"https:\/\/www.pagodethienminh.fr\/index.php?rest_route=%2Fwp%2Fv2%2Fcomments&post=326"}],"version-history":[{"count":10,"href":"https:\/\/www.pagodethienminh.fr\/index.php?rest_route=\/wp\/v2\/pages\/326\/revisions"}],"predecessor-version":[{"id":2606,"href":"https:\/\/www.pagodethienminh.fr\/index.php?rest_route=\/wp\/v2\/pages\/326\/revisions\/2606"}],"up":[{"embeddable":true,"href":"https:\/\/www.pagodethienminh.fr\/index.php?rest_route=\/wp\/v2\/pages\/2602"}],"wp:attachment":[{"href":"https:\/\/www.pagodethienminh.fr\/index.php?rest_route=%2Fwp%2Fv2%2Fmedia&parent=326"}],"curies":[{"name":"wp","href":"https:\/\/api.w.org\/{rel}","templated":true}]}}