{"id":318,"date":"2011-05-02T14:24:30","date_gmt":"2011-05-02T14:24:30","guid":{"rendered":"http:\/\/www.pagodethienminh.fr\/?page_id=318"},"modified":"2011-05-16T15:33:47","modified_gmt":"2011-05-16T15:33:47","slug":"2007-2","status":"publish","type":"page","link":"https:\/\/www.pagodethienminh.fr\/?page_id=318","title":{"rendered":"2007"},"content":{"rendered":"<ul>\n<li>Londres : Spectacle Ass. de R\u00e9fugi\u00e9s VN Juillet : <a href=\"https:\/\/picasaweb.google.com\/caoilys\/Londres14Juillet200701#\" target=\"_blank\">S\u00e9rie1<\/a> &#8211; <a href=\"https:\/\/picasaweb.google.com\/caoilys\/Londres15Juillet200702#\" target=\"_blank\">S\u00e9rie2<\/a><\/li>\n<p><embed type=\"application\/x-shockwave-flash\" src=\"https:\/\/picasaweb.google.com\/s\/c\/bin\/slideshow.swf\" width=\"400\" height=\"267\" flashvars=\"host=picasaweb.google.com&#038;hl=fr&#038;feat=flashalbum&#038;RGB=0x000000&#038;feed=https%3A%2F%2Fpicasaweb.google.com%2Fdata%2Ffeed%2Fapi%2Fuser%2Fcaoilys%2Falbumid%2F5346547550636770577%3Falt%3Drss%26kind%3Dphoto%26hl%3Dfr\" pluginspage=\"http:\/\/www.macromedia.com\/go\/getflashplayer\"><\/embed><\/p>\n<p><embed type=\"application\/x-shockwave-flash\" src=\"https:\/\/picasaweb.google.com\/s\/c\/bin\/slideshow.swf\" width=\"400\" height=\"267\" flashvars=\"host=picasaweb.google.com&#038;hl=fr&#038;feat=flashalbum&#038;RGB=0x000000&#038;feed=https%3A%2F%2Fpicasaweb.google.com%2Fdata%2Ffeed%2Fapi%2Fuser%2Fcaoilys%2Falbumid%2F5346551031196422273%3Falt%3Drss%26kind%3Dphoto%26hl%3Dfr\" pluginspage=\"http:\/\/www.macromedia.com\/go\/getflashplayer\"><\/embed><\/p>\n<\/ul>\n","protected":false},"excerpt":{"rendered":"<p>Londres : Spectacle Ass. de R\u00e9fugi\u00e9s VN Juillet : S\u00e9rie1 &#8211; S\u00e9rie2<\/p>\n","protected":false},"author":1,"featured_media":0,"parent":304,"menu_order":0,"comment_status":"closed","ping_status":"closed","template":"","meta":{"_mc_calendar":[],"footnotes":""},"class_list":["post-318","page","type-page","status-publish","hentry"],"_links":{"self":[{"href":"https:\/\/www.pagodethienminh.fr\/index.php?rest_route=\/wp\/v2\/pages\/318","targetHints":{"allow":["GET"]}}],"collection":[{"href":"https:\/\/www.pagodethienminh.fr\/index.php?rest_route=\/wp\/v2\/pages"}],"about":[{"href":"https:\/\/www.pagodethienminh.fr\/index.php?rest_route=\/wp\/v2\/types\/page"}],"author":[{"embeddable":true,"href":"https:\/\/www.pagodethienminh.fr\/index.php?rest_route=\/wp\/v2\/users\/1"}],"replies":[{"embeddable":true,"href":"https:\/\/www.pagodethienminh.fr\/index.php?rest_route=%2Fwp%2Fv2%2Fcomments&post=318"}],"version-history":[{"count":5,"href":"https:\/\/www.pagodethienminh.fr\/index.php?rest_route=\/wp\/v2\/pages\/318\/revisions"}],"predecessor-version":[{"id":820,"href":"https:\/\/www.pagodethienminh.fr\/index.php?rest_route=\/wp\/v2\/pages\/318\/revisions\/820"}],"up":[{"embeddable":true,"href":"https:\/\/www.pagodethienminh.fr\/index.php?rest_route=\/wp\/v2\/pages\/304"}],"wp:attachment":[{"href":"https:\/\/www.pagodethienminh.fr\/index.php?rest_route=%2Fwp%2Fv2%2Fmedia&parent=318"}],"curies":[{"name":"wp","href":"https:\/\/api.w.org\/{rel}","templated":true}]}}