{"id":3128,"date":"2013-02-14T14:44:07","date_gmt":"2013-02-14T14:44:07","guid":{"rendered":"http:\/\/www.pagodethienminh.fr\/?page_id=3128"},"modified":"2013-04-04T11:49:02","modified_gmt":"2013-04-04T11:49:02","slug":"2013-2","status":"publish","type":"page","link":"https:\/\/www.pagodethienminh.fr\/?page_id=3128","title":{"rendered":"2013"},"content":{"rendered":"<p><strong><em>03\/03\/2013 : Spectacle Nouvel An Asiatique<\/em><\/strong><\/p>\n<p>La pagode a organis\u00e9 comme chaque ann\u00e9e, un spectacle de danses et de chants traditionnels \u00e0 l&#8217;occasion du Nouvel An Asiatique, cette ann\u00e9e sous le signe du Serpent.<br \/>\n<object width=\"600\" height=\"400\" classid=\"clsid:d27cdb6e-ae6d-11cf-96b8-444553540000\" codebase=\"http:\/\/download.macromedia.com\/pub\/shockwave\/cabs\/flash\/swflash.cab#version=6,0,40,0\"><param name=\"src\" value=\"https:\/\/picasaweb.google.com\/s\/c\/bin\/slideshow.swf\" \/><param name=\"flashvars\" value=\"host=picasaweb.google.com&amp;hl=fr&amp;feat=flashalbum&amp;RGB=0x000000&amp;feed=https%3A%2F%2Fpicasaweb.google.com%2Fdata%2Ffeed%2Fapi%2Fuser%2F105036892613133309525%2Falbumid%2F5851942019104951169%3Falt%3Drss%26kind%3Dphoto%26hl%3Dfr\" \/><param name=\"pluginspage\" value=\"http:\/\/www.macromedia.com\/go\/getflashplayer\" \/><embed width=\"600\" height=\"400\" type=\"application\/x-shockwave-flash\" src=\"https:\/\/picasaweb.google.com\/s\/c\/bin\/slideshow.swf\" flashvars=\"host=picasaweb.google.com&amp;hl=fr&amp;feat=flashalbum&amp;RGB=0x000000&amp;feed=https%3A%2F%2Fpicasaweb.google.com%2Fdata%2Ffeed%2Fapi%2Fuser%2F105036892613133309525%2Falbumid%2F5851942019104951169%3Falt%3Drss%26kind%3Dphoto%26hl%3Dfr\" pluginspage=\"http:\/\/www.macromedia.com\/go\/getflashplayer\" \/><\/object><\/p>\n<p>&nbsp;<\/p>\n<p><em><strong>24\/02\/2013 : Quy-Y Tam Bao \/ Prise de refuge<\/strong><\/em><\/p>\n<p style=\"text-align: justify;\">A l&#8217;occasion de la premi\u00e8re C\u00e9r\u00e9monie de Pleine Lune de la Nouvelle Ann\u00e9e, la pagode Thi\u00ean Minh a organis\u00e9, comme chaque ann\u00e9e la c\u00e9r\u00e9monie de prise de refuge, aux personnes qui ont souhait\u00e9 conditionner leur vie sur la voie de la Compassion et de la Sagesse, enseign\u00e9es par les Bouddhas des Dix Directions.<\/p>\n<p><object width=\"600\" height=\"400\" classid=\"clsid:d27cdb6e-ae6d-11cf-96b8-444553540000\" codebase=\"http:\/\/download.macromedia.com\/pub\/shockwave\/cabs\/flash\/swflash.cab#version=6,0,40,0\"><param name=\"src\" value=\"https:\/\/picasaweb.google.com\/s\/c\/bin\/slideshow.swf\" \/><param name=\"flashvars\" value=\"host=picasaweb.google.com&amp;hl=fr&amp;feat=flashalbum&amp;RGB=0x000000&amp;feed=https%3A%2F%2Fpicasaweb.google.com%2Fdata%2Ffeed%2Fapi%2Fuser%2F105036892613133309525%2Falbumid%2F5848595568524207329%3Falt%3Drss%26kind%3Dphoto%26hl%3Dfr\" \/><param name=\"pluginspage\" value=\"http:\/\/www.macromedia.com\/go\/getflashplayer\" \/><embed width=\"600\" height=\"400\" type=\"application\/x-shockwave-flash\" src=\"https:\/\/picasaweb.google.com\/s\/c\/bin\/slideshow.swf\" flashvars=\"host=picasaweb.google.com&amp;hl=fr&amp;feat=flashalbum&amp;RGB=0x000000&amp;feed=https%3A%2F%2Fpicasaweb.google.com%2Fdata%2Ffeed%2Fapi%2Fuser%2F105036892613133309525%2Falbumid%2F5848595568524207329%3Falt%3Drss%26kind%3Dphoto%26hl%3Dfr\" pluginspage=\"http:\/\/www.macromedia.com\/go\/getflashplayer\" \/><\/object><\/p>\n<p>&nbsp;<\/p>\n<p><em><strong>17\/02\/2013 : H\u00f4i c\u00e2u ni\u00ean<\/strong><\/em><\/p>\n<p style=\"text-align: justify;\">Toutes les ann\u00e9es la pagode Thi\u00ean Minh organise une c\u00e9r\u00e9monie de souhaits pour les personnes de l&#8217;ancienne g\u00e9n\u00e9ration: le groupe de la famille des jeunes bouddhistes de la pagode GDPT a contribu\u00e9 \u00e0 cet \u00e9v\u00e9nement par leur pr\u00e9sence et leur action pour garder des liens entre les g\u00e9n\u00e9rations. Conserver ce lien, c&#8217;est b\u00e2tir un esprit constructif sur le respect, la reconnaissance et la tol\u00e9rance pour offrir au monde un avenir ouvert sur des valeurs humaines et sur l&#8217;harmonie entre les hommes.<\/p>\n<p><object width=\"600\" height=\"400\" classid=\"clsid:d27cdb6e-ae6d-11cf-96b8-444553540000\" codebase=\"http:\/\/download.macromedia.com\/pub\/shockwave\/cabs\/flash\/swflash.cab#version=6,0,40,0\"><param name=\"src\" value=\"https:\/\/picasaweb.google.com\/s\/c\/bin\/slideshow.swf\" \/><param name=\"flashvars\" value=\"host=picasaweb.google.com&amp;hl=fr&amp;feat=flashalbum&amp;RGB=0x000000&amp;feed=https%3A%2F%2Fpicasaweb.google.com%2Fdata%2Ffeed%2Fapi%2Fuser%2F105036892613133309525%2Falbumid%2F5848591539102004161%3Falt%3Drss%26kind%3Dphoto%26hl%3Dfr\" \/><param name=\"pluginspage\" value=\"http:\/\/www.macromedia.com\/go\/getflashplayer\" \/><embed width=\"600\" height=\"400\" type=\"application\/x-shockwave-flash\" src=\"https:\/\/picasaweb.google.com\/s\/c\/bin\/slideshow.swf\" flashvars=\"host=picasaweb.google.com&amp;hl=fr&amp;feat=flashalbum&amp;RGB=0x000000&amp;feed=https%3A%2F%2Fpicasaweb.google.com%2Fdata%2Ffeed%2Fapi%2Fuser%2F105036892613133309525%2Falbumid%2F5848591539102004161%3Falt%3Drss%26kind%3Dphoto%26hl%3Dfr\" pluginspage=\"http:\/\/www.macromedia.com\/go\/getflashplayer\" \/><\/object><\/p>\n<p>&nbsp;<\/p>\n<p><em><strong style=\"text-align: justify; font-size: 16px;\">09\/02\/2013 : Soir du R\u00e9veillon \u00e0 la pagode Thi\u00ean Minh &#8211; Nouvel An Vietnamien signe du Serpent<\/strong><\/em><\/p>\n<p style=\"text-align: justify;\">Les quelques photos marquent\u00a0l\u2019\u00e9v\u00e8nement\u00a0du R\u00e9veillon \u00e0 la pagode Thi\u00ean Minh pour c\u00e9l\u00e9brer le nouvel An vietnamien (F\u00eate du T\u00eat) ou le retour du nouveau printemps : traditionnel et spirituel.<\/p>\n<p style=\"text-align: justify;\">Accueil de la communaut\u00e9 catholique vietnamienne, voeux du V\u00e9n\u00e9rable et distribution de porte-bonheurs (Cl\u00e9mentine pour la sant\u00e9 et enveloppe rouge avec une pi\u00e8ce symbolique pour la prosp\u00e9rit\u00e9)<\/p>\n<ul>\n<li>23h30 : Discours du V\u00e9n\u00e9rable<\/li>\n<li>00h00 : C\u00e9r\u00e9monie de souhaits de la nouvelle ann\u00e9e<\/li>\n<li>00h30 : Voeux du V\u00e9n\u00e9rable et distribution de porte-bonheurs<\/li>\n<li>01h00 : Voeux du groupe des jeunes bouddhistes (GDPT)<\/li>\n<\/ul>\n<p><object width=\"600\" height=\"400\" classid=\"clsid:d27cdb6e-ae6d-11cf-96b8-444553540000\" codebase=\"http:\/\/download.macromedia.com\/pub\/shockwave\/cabs\/flash\/swflash.cab#version=6,0,40,0\"><param name=\"src\" value=\"https:\/\/picasaweb.google.com\/s\/c\/bin\/slideshow.swf\" \/><param name=\"flashvars\" value=\"host=picasaweb.google.com&amp;hl=fr&amp;feat=flashalbum&amp;RGB=0x000000&amp;feed=https%3A%2F%2Fpicasaweb.google.com%2Fdata%2Ffeed%2Fapi%2Fuser%2F105036892613133309525%2Falbumid%2F5845192657902745281%3Falt%3Drss%26kind%3Dphoto%26hl%3Dfr\" \/><param name=\"pluginspage\" value=\"http:\/\/www.macromedia.com\/go\/getflashplayer\" \/><embed width=\"600\" height=\"400\" type=\"application\/x-shockwave-flash\" src=\"https:\/\/picasaweb.google.com\/s\/c\/bin\/slideshow.swf\" flashvars=\"host=picasaweb.google.com&amp;hl=fr&amp;feat=flashalbum&amp;RGB=0x000000&amp;feed=https%3A%2F%2Fpicasaweb.google.com%2Fdata%2Ffeed%2Fapi%2Fuser%2F105036892613133309525%2Falbumid%2F5845192657902745281%3Falt%3Drss%26kind%3Dphoto%26hl%3Dfr\" pluginspage=\"http:\/\/www.macromedia.com\/go\/getflashplayer\" \/><\/object><\/p>\n<p>&nbsp;<\/p>\n<p><em><strong style=\"text-align: justify; font-size: 16px;\">10\/02\/2013 : Nouvel An Vietnamien signe du Serpent \u00e0 la pagode Thi\u00ean Minh<\/strong><\/em><\/p>\n<p style=\"text-align: justify;\">Traditionnellement, le nouvel an commence par la danse des Dragons (ou Licornes) accompagn\u00e9e de p\u00e9tards, d&#8217;\u00e9nergies sonores pour repousser les mauvaises \u00e9nergies pour laisser place aux \u00e9nergies positives. Cette nouvelle ann\u00e9e commence aussi par une &#8220;comm\u00e9moration anticip\u00e9e&#8221; de la venue du Bouddha Maitreya, tomb\u00e9 le jour de l&#8217;an, de souhaits pour la sant\u00e9 par la pratique du Soutra du Bouddha de M\u00e9decine et pour la paix dans le Monde. Beaucoup de rituels et d&#8217;offrandes sont r\u00e9alis\u00e9s durant cette p\u00e9riode de 2 semaines jusqu&#8217;\u00e0 la prochaine pleine lune.<\/p>\n<p style=\"text-align: justify;\">Manger v\u00e9g\u00e9tarien pendant cette p\u00e9riode est une pratique pour nourrir la compassion pour les \u00eatres.<\/p>\n<p><object width=\"600\" height=\"400\" classid=\"clsid:d27cdb6e-ae6d-11cf-96b8-444553540000\" codebase=\"http:\/\/download.macromedia.com\/pub\/shockwave\/cabs\/flash\/swflash.cab#version=6,0,40,0\"><param name=\"src\" value=\"https:\/\/picasaweb.google.com\/s\/c\/bin\/slideshow.swf\" \/><param name=\"flashvars\" value=\"host=picasaweb.google.com&amp;hl=fr&amp;feat=flashalbum&amp;RGB=0x000000&amp;feed=https%3A%2F%2Fpicasaweb.google.com%2Fdata%2Ffeed%2Fapi%2Fuser%2F105036892613133309525%2Falbumid%2F5843403114077559249%3Falt%3Drss%26kind%3Dphoto%26hl%3Dfr\" \/><param name=\"pluginspage\" value=\"http:\/\/www.macromedia.com\/go\/getflashplayer\" \/><embed width=\"600\" height=\"400\" type=\"application\/x-shockwave-flash\" src=\"https:\/\/picasaweb.google.com\/s\/c\/bin\/slideshow.swf\" flashvars=\"host=picasaweb.google.com&amp;hl=fr&amp;feat=flashalbum&amp;RGB=0x000000&amp;feed=https%3A%2F%2Fpicasaweb.google.com%2Fdata%2Ffeed%2Fapi%2Fuser%2F105036892613133309525%2Falbumid%2F5843403114077559249%3Falt%3Drss%26kind%3Dphoto%26hl%3Dfr\" pluginspage=\"http:\/\/www.macromedia.com\/go\/getflashplayer\" \/><\/object><\/p>\n<p>&nbsp;<\/p>\n<p><em><strong>03\/02\/2013 : Sinh-Hoat GDPT Thi\u00ean Minh<\/strong><\/em><\/p>\n<p><object width=\"600\" height=\"400\" classid=\"clsid:d27cdb6e-ae6d-11cf-96b8-444553540000\" codebase=\"http:\/\/download.macromedia.com\/pub\/shockwave\/cabs\/flash\/swflash.cab#version=6,0,40,0\"><param name=\"src\" value=\"https:\/\/picasaweb.google.com\/s\/c\/bin\/slideshow.swf\" \/><param name=\"flashvars\" value=\"host=picasaweb.google.com&amp;hl=fr&amp;feat=flashalbum&amp;RGB=0x000000&amp;feed=https%3A%2F%2Fpicasaweb.google.com%2Fdata%2Ffeed%2Fapi%2Fuser%2F105036892613133309525%2Falbumid%2F5848589383024695345%3Falt%3Drss%26kind%3Dphoto%26hl%3Dfr\" \/><param name=\"pluginspage\" value=\"http:\/\/www.macromedia.com\/go\/getflashplayer\" \/><embed width=\"600\" height=\"400\" type=\"application\/x-shockwave-flash\" src=\"https:\/\/picasaweb.google.com\/s\/c\/bin\/slideshow.swf\" flashvars=\"host=picasaweb.google.com&amp;hl=fr&amp;feat=flashalbum&amp;RGB=0x000000&amp;feed=https%3A%2F%2Fpicasaweb.google.com%2Fdata%2Ffeed%2Fapi%2Fuser%2F105036892613133309525%2Falbumid%2F5848589383024695345%3Falt%3Drss%26kind%3Dphoto%26hl%3Dfr\" pluginspage=\"http:\/\/www.macromedia.com\/go\/getflashplayer\" \/><\/object><\/p>\n<p>&nbsp;<\/p>\n<p><em><strong>20\/01\/2013 : Sinh-Hoat GDPT Thi\u00ean Minh<\/strong><\/em><\/p>\n<p><object width=\"600\" height=\"400\" classid=\"clsid:d27cdb6e-ae6d-11cf-96b8-444553540000\" codebase=\"http:\/\/download.macromedia.com\/pub\/shockwave\/cabs\/flash\/swflash.cab#version=6,0,40,0\"><param name=\"src\" value=\"https:\/\/picasaweb.google.com\/s\/c\/bin\/slideshow.swf\" \/><param name=\"flashvars\" value=\"host=picasaweb.google.com&amp;hl=fr&amp;feat=flashalbum&amp;RGB=0x000000&amp;feed=https%3A%2F%2Fpicasaweb.google.com%2Fdata%2Ffeed%2Fapi%2Fuser%2F105036892613133309525%2Falbumid%2F5848588704674358225%3Falt%3Drss%26kind%3Dphoto%26hl%3Dfr\" \/><param name=\"pluginspage\" value=\"http:\/\/www.macromedia.com\/go\/getflashplayer\" \/><embed width=\"600\" height=\"400\" type=\"application\/x-shockwave-flash\" src=\"https:\/\/picasaweb.google.com\/s\/c\/bin\/slideshow.swf\" flashvars=\"host=picasaweb.google.com&amp;hl=fr&amp;feat=flashalbum&amp;RGB=0x000000&amp;feed=https%3A%2F%2Fpicasaweb.google.com%2Fdata%2Ffeed%2Fapi%2Fuser%2F105036892613133309525%2Falbumid%2F5848588704674358225%3Falt%3Drss%26kind%3Dphoto%26hl%3Dfr\" pluginspage=\"http:\/\/www.macromedia.com\/go\/getflashplayer\" \/><\/object><\/p>\n<p>&nbsp;<\/p>\n<p><strong><em>06\/01\/2013 : Sinh-Hoat GDPT Thi\u00ean Minh<\/em><\/strong><\/p>\n<p><object width=\"600\" height=\"400\" classid=\"clsid:d27cdb6e-ae6d-11cf-96b8-444553540000\" codebase=\"http:\/\/download.macromedia.com\/pub\/shockwave\/cabs\/flash\/swflash.cab#version=6,0,40,0\"><param name=\"src\" value=\"https:\/\/picasaweb.google.com\/s\/c\/bin\/slideshow.swf\" \/><param name=\"flashvars\" value=\"host=picasaweb.google.com&amp;hl=fr&amp;feat=flashalbum&amp;RGB=0x000000&amp;feed=https%3A%2F%2Fpicasaweb.google.com%2Fdata%2Ffeed%2Fapi%2Fuser%2F105036892613133309525%2Falbumid%2F5848586671570298945%3Falt%3Drss%26kind%3Dphoto%26hl%3Dfr\" \/><param name=\"pluginspage\" value=\"http:\/\/www.macromedia.com\/go\/getflashplayer\" \/><embed width=\"600\" height=\"400\" type=\"application\/x-shockwave-flash\" src=\"https:\/\/picasaweb.google.com\/s\/c\/bin\/slideshow.swf\" flashvars=\"host=picasaweb.google.com&amp;hl=fr&amp;feat=flashalbum&amp;RGB=0x000000&amp;feed=https%3A%2F%2Fpicasaweb.google.com%2Fdata%2Ffeed%2Fapi%2Fuser%2F105036892613133309525%2Falbumid%2F5848586671570298945%3Falt%3Drss%26kind%3Dphoto%26hl%3Dfr\" pluginspage=\"http:\/\/www.macromedia.com\/go\/getflashplayer\" \/><\/object><\/p>\n","protected":false},"excerpt":{"rendered":"<p>03\/03\/2013 : Spectacle Nouvel An Asiatique La pagode a organis\u00e9 comme chaque ann\u00e9e, un spectacle de danses et de chants traditionnels \u00e0 l&#8217;occasion du Nouvel \u2026 <a class=\"continue-reading-link\" href=\"https:\/\/www.pagodethienminh.fr\/?page_id=3128\">Continue \u00e0 lire <span class=\"meta-nav\">&rarr; <\/span><\/a><\/p>\n","protected":false},"author":1,"featured_media":0,"parent":304,"menu_order":0,"comment_status":"closed","ping_status":"closed","template":"","meta":{"_mc_calendar":[],"footnotes":""},"class_list":["post-3128","page","type-page","status-publish","hentry"],"_links":{"self":[{"href":"https:\/\/www.pagodethienminh.fr\/index.php?rest_route=\/wp\/v2\/pages\/3128","targetHints":{"allow":["GET"]}}],"collection":[{"href":"https:\/\/www.pagodethienminh.fr\/index.php?rest_route=\/wp\/v2\/pages"}],"about":[{"href":"https:\/\/www.pagodethienminh.fr\/index.php?rest_route=\/wp\/v2\/types\/page"}],"author":[{"embeddable":true,"href":"https:\/\/www.pagodethienminh.fr\/index.php?rest_route=\/wp\/v2\/users\/1"}],"replies":[{"embeddable":true,"href":"https:\/\/www.pagodethienminh.fr\/index.php?rest_route=%2Fwp%2Fv2%2Fcomments&post=3128"}],"version-history":[{"count":16,"href":"https:\/\/www.pagodethienminh.fr\/index.php?rest_route=\/wp\/v2\/pages\/3128\/revisions"}],"predecessor-version":[{"id":3559,"href":"https:\/\/www.pagodethienminh.fr\/index.php?rest_route=\/wp\/v2\/pages\/3128\/revisions\/3559"}],"up":[{"embeddable":true,"href":"https:\/\/www.pagodethienminh.fr\/index.php?rest_route=\/wp\/v2\/pages\/304"}],"wp:attachment":[{"href":"https:\/\/www.pagodethienminh.fr\/index.php?rest_route=%2Fwp%2Fv2%2Fmedia&parent=3128"}],"curies":[{"name":"wp","href":"https:\/\/api.w.org\/{rel}","templated":true}]}}