{"id":310,"date":"2011-05-02T14:23:09","date_gmt":"2011-05-02T14:23:09","guid":{"rendered":"http:\/\/www.pagodethienminh.fr\/?page_id=310"},"modified":"2012-11-18T12:43:33","modified_gmt":"2012-11-18T12:43:33","slug":"2011-2","status":"publish","type":"page","link":"https:\/\/www.pagodethienminh.fr\/?page_id=310","title":{"rendered":"2011"},"content":{"rendered":"<ul>\n<li>Lyon : Ch\u00f9a Thi\u00ean Minh\u00a0<a href=\"https:\/\/picasaweb.google.com\/gdptthienminh2010\/2011_01_09_SinhHoat#\" target=\"_blank\">Sinh h\u1ecdat 09 Janvier<\/a><\/li><embed type=\"application\/x-shockwave-flash\" src=\"https:\/\/picasaweb.google.com\/s\/c\/bin\/slideshow.swf\" width=\"800\" height=\"533\" flashvars=\"host=picasaweb.google.com&#038;captions=1&#038;hl=fr&#038;feat=flashalbum&#038;RGB=0x000000&#038;feed=https%3A%2F%2Fpicasaweb.google.com%2Fdata%2Ffeed%2Fapi%2Fuser%2Fgdptthienminh2010%2Falbumid%2F5562012451674180305%3Falt%3Drss%26kind%3Dphoto%26hl%3Dfr\" pluginspage=\"http:\/\/www.macromedia.com\/go\/getflashplayer\"><\/embed><li>Lyon : Ch\u00f9a Thi\u1ec7n Minh\u00a0<a title=\"Nouvel an chinois 2011\" href=\"https:\/\/picasaweb.google.com\/gdptthienminh2010\/2011_02_03_TetPagode#\" target=\"_blank\">T\u1ebft &#8211; 02-03 F\u00e9vrier<\/a><\/li><embed type=\"application\/x-shockwave-flash\" src=\"https:\/\/picasaweb.google.com\/s\/c\/bin\/slideshow.swf\" width=\"800\" height=\"533\" flashvars=\"host=picasaweb.google.com&#038;captions=1&#038;hl=fr&#038;feat=flashalbum&#038;RGB=0x000000&#038;feed=https%3A%2F%2Fpicasaweb.google.com%2Fdata%2Ffeed%2Fapi%2Fuser%2Fgdptthienminh2010%2Falbumid%2F5569881113962793537%3Falt%3Drss%26kind%3Dphoto%26hl%3Dfr\" pluginspage=\"http:\/\/www.macromedia.com\/go\/getflashplayer\"><\/embed><li>Lyon :\u00a0<a title=\"Spectacle de danses et chants - T\u1ebft 2011\" href=\"https:\/\/picasaweb.google.com\/gdptthienminh2010\/2011_02_13_TetVenissieux#\" target=\"_blank\">Spectacle de Nouvel An V\u00e9nissieux &#8211; 13 F\u00e9vrier<\/a><\/li><embed type=\"application\/x-shockwave-flash\" src=\"https:\/\/picasaweb.google.com\/s\/c\/bin\/slideshow.swf\" width=\"800\" height=\"533\" flashvars=\"host=picasaweb.google.com&#038;captions=1&#038;hl=fr&#038;feat=flashalbum&#038;RGB=0x000000&#038;feed=https%3A%2F%2Fpicasaweb.google.com%2Fdata%2Ffeed%2Fapi%2Fuser%2Fgdptthienminh2010%2Falbumid%2F5573801951952807841%3Falt%3Drss%26kind%3Dphoto%26hl%3Dfr\" pluginspage=\"http:\/\/www.macromedia.com\/go\/getflashplayer\"><\/embed><li>Lyon : Ch\u00f9a Thi\u1ec7n Minh\u00a0<a href=\"https:\/\/picasaweb.google.com\/gdptthienminh2010\/2011_02_20_PriseDeRefuge#\" target=\"_blank\">Prise de refuge &#8211; 20 F\u00e9vrier<\/a><\/li><embed type=\"application\/x-shockwave-flash\" src=\"https:\/\/picasaweb.google.com\/s\/c\/bin\/slideshow.swf\" width=\"800\" height=\"533\" flashvars=\"host=picasaweb.google.com&#038;captions=1&#038;hl=fr&#038;feat=flashalbum&#038;RGB=0x000000&#038;feed=https%3A%2F%2Fpicasaweb.google.com%2Fdata%2Ffeed%2Fapi%2Fuser%2Fgdptthienminh2010%2Falbumid%2F5576583363345085985%3Falt%3Drss%26kind%3Dphoto%26hl%3Dfr\" pluginspage=\"http:\/\/www.macromedia.com\/go\/getflashplayer\"><\/embed><li>Strasbourg :\u00a0Ch\u00f9a Ph\u1ed5 Hi\u1ec1n\u00a0<a href=\"https:\/\/picasaweb.google.com\/gdptthienminh2010\/2011_04_23_TraiVIIISTRASBOURGSamedi#\" target=\"_blank\">Tr\u1ea1i Qu\u00e1n\u00a0\u00c2m 8 &#8211; Samedi 23 Avril<\/a><\/li><embed type=\"application\/x-shockwave-flash\" src=\"https:\/\/picasaweb.google.com\/s\/c\/bin\/slideshow.swf\" width=\"800\" height=\"533\" flashvars=\"host=picasaweb.google.com&#038;captions=1&#038;hl=fr&#038;feat=flashalbum&#038;RGB=0x000000&#038;feed=https%3A%2F%2Fpicasaweb.google.com%2Fdata%2Ffeed%2Fapi%2Fuser%2Fgdptthienminh2010%2Falbumid%2F5600544998130587057%3Falt%3Drss%26kind%3Dphoto%26hl%3Dfr\" pluginspage=\"http:\/\/www.macromedia.com\/go\/getflashplayer\"><\/embed><li>Strasbourg :\u00a0Ch\u00f9a Ph\u1ed5 Hi\u1ec1n <a title=\"Trai Quan \u00c2m 8 - Dimanche 24 Avril\" href=\"https:\/\/picasaweb.google.com\/gdptthienminh2010\/2011_04_24_TraiVIIISTRASBOURGDimanche#\" target=\"_blank\">Tr\u1ea1i Qu\u00e1n\u00a0\u00c2m 8 &#8211; Dimanche 24 Avril<\/a><\/li><embed type=\"application\/x-shockwave-flash\" src=\"https:\/\/picasaweb.google.com\/s\/c\/bin\/slideshow.swf\" width=\"800\" height=\"533\" flashvars=\"host=picasaweb.google.com&#038;captions=1&#038;hl=fr&#038;feat=flashalbum&#038;RGB=0x000000&#038;feed=https%3A%2F%2Fpicasaweb.google.com%2Fdata%2Ffeed%2Fapi%2Fuser%2Fgdptthienminh2010%2Falbumid%2F5600555622892019393%3Falt%3Drss%26kind%3Dphoto%26hl%3Dfr\" pluginspage=\"http:\/\/www.macromedia.com\/go\/getflashplayer\"><\/embed><li>Strasbourg :\u00a0Ch\u00f9a Ph\u1ed5 Hi\u1ec1n\u00a0<a href=\"https:\/\/picasaweb.google.com\/gdptthienminh2010\/2011_04_25_TraiVIIISTRASOURGLundi#\" target=\"_blank\">Tr\u1ea1i Qu\u00e1n\u00a0\u00c2m 8 &#8211; Lundi 25 Avril<\/a><a href=\"https:\/\/picasaweb.google.com\/gdptthienminh2010\/2011_04_24_TraiVIIISTRASBOURGDimanche#\" target=\"_blank\"><\/a><\/li><embed type=\"application\/x-shockwave-flash\" src=\"https:\/\/picasaweb.google.com\/s\/c\/bin\/slideshow.swf\" width=\"800\" height=\"533\" flashvars=\"host=picasaweb.google.com&#038;captions=1&#038;hl=fr&#038;feat=flashalbum&#038;RGB=0x000000&#038;feed=https%3A%2F%2Fpicasaweb.google.com%2Fdata%2Ffeed%2Fapi%2Fuser%2Fgdptthienminh2010%2Falbumid%2F5600563912165635857%3Falt%3Drss%26kind%3Dphoto%26hl%3Dfr\" pluginspage=\"http:\/\/www.macromedia.com\/go\/getflashplayer\"><\/embed><li>Lyon V\u00e9sak Ph\u1eadt \u0110\u1ea3n :\u00a0Ch\u00f9a Thi\u1ec7n Minh &#8211; \u00a0<a href=\"https:\/\/picasaweb.google.com\/gdptthienminh2010\/2011_06_03_Inauguration_Vendredi#\" target=\"_blank\">Kh\u00e1nh th\u00e0nh &#8211; inauguration 03\/06\/2011<\/a><\/li><embed type=\"application\/x-shockwave-flash\" src=\"https:\/\/picasaweb.google.com\/s\/c\/bin\/slideshow.swf\" width=\"800\" height=\"533\" flashvars=\"host=picasaweb.google.com&#038;captions=1&#038;hl=fr&#038;feat=flashalbum&#038;RGB=0x000000&#038;feed=https%3A%2F%2Fpicasaweb.google.com%2Fdata%2Ffeed%2Fapi%2Fuser%2Fgdptthienminh2010%2Falbumid%2F5615146403697423521%3Falt%3Drss%26kind%3Dphoto%26hl%3Dfr\" pluginspage=\"http:\/\/www.macromedia.com\/go\/getflashplayer\"><\/embed><li>Lyon V\u00e9sak Ph\u1eadt \u0110\u1ea3n :\u00a0Ch\u00f9a Thi\u1ec7n Minh &#8211; \u00a0<a href=\"https:\/\/picasaweb.google.com\/gdptthienminh2010\/2011_06_04_Inauguration_Samedi#\" target=\"_blank\">Kh\u00e1nh th\u00e0nh &#8211; inauguration 04\/06\/2011<\/a><\/li><embed type=\"application\/x-shockwave-flash\" src=\"https:\/\/picasaweb.google.com\/s\/c\/bin\/slideshow.swf\" width=\"800\" height=\"533\" flashvars=\"host=picasaweb.google.com&#038;captions=1&#038;hl=fr&#038;feat=flashalbum&#038;RGB=0x000000&#038;feed=https%3A%2F%2Fpicasaweb.google.com%2Fdata%2Ffeed%2Fapi%2Fuser%2Fgdptthienminh2010%2Falbumid%2F5615150895044529377%3Falt%3Drss%26kind%3Dphoto%26hl%3Dfr\" pluginspage=\"http:\/\/www.macromedia.com\/go\/getflashplayer\"><\/embed><li>Lyon V\u00e9sak Ph\u1eadt \u0110\u1ea3n :\u00a0Ch\u00f9a Thi\u1ec7n Minh &#8211; \u00a0<a href=\"https:\/\/picasaweb.google.com\/gdptthienminh2010\/2011_06_05_Inauguration_DimMat#\" target=\"_blank\">Kh\u00e1nh th\u00e0nh &#8211; inauguration matin 05\/06\/2011<\/a><\/li><embed type=\"application\/x-shockwave-flash\" src=\"https:\/\/picasaweb.google.com\/s\/c\/bin\/slideshow.swf\" width=\"800\" height=\"533\" flashvars=\"host=picasaweb.google.com&#038;captions=1&#038;hl=fr&#038;feat=flashalbum&#038;RGB=0x000000&#038;feed=https%3A%2F%2Fpicasaweb.google.com%2Fdata%2Ffeed%2Fapi%2Fuser%2Fgdptthienminh2010%2Falbumid%2F5615157490182081905%3Falt%3Drss%26kind%3Dphoto%26hl%3Dfr\" pluginspage=\"http:\/\/www.macromedia.com\/go\/getflashplayer\"><\/embed><li>Lyon V\u00e9sak Ph\u1eadt \u0110\u1ea3n :\u00a0Ch\u00f9a Thi\u1ec7n Minh &#8211; \u00a0<a href=\"https:\/\/picasaweb.google.com\/gdptthienminh2010\/2011_06_05_DimAprMidi#\" target=\"_blank\">Kh\u00e1nh th\u00e0nh &#8211; inauguration apr\u00e8s-midi 05\/06\/2011<\/a><\/li><embed type=\"application\/x-shockwave-flash\" src=\"https:\/\/picasaweb.google.com\/s\/c\/bin\/slideshow.swf\" width=\"800\" height=\"533\" flashvars=\"host=picasaweb.google.com&#038;captions=1&#038;hl=fr&#038;feat=flashalbum&#038;RGB=0x000000&#038;feed=https%3A%2F%2Fpicasaweb.google.com%2Fdata%2Ffeed%2Fapi%2Fuser%2Fgdptthienminh2010%2Falbumid%2F5615163713444104897%3Falt%3Drss%26kind%3Dphoto%26hl%3Dfr\" pluginspage=\"http:\/\/www.macromedia.com\/go\/getflashplayer\"><\/embed><li>Lyon Vu Lan :\u00a0Ch\u00f9a Thi\u1ec7n Minh &#8211; \u00a0<a href=\"https:\/\/picasaweb.google.com\/gdptthienminh2010\/2011_06_05_DimAprMidi#\" target=\"_blank\">Vu Lan 28\/08\/2011<\/a><\/li><embed type=\"application\/x-shockwave-flash\" src=\"https:\/\/picasaweb.google.com\/s\/c\/bin\/slideshow.swf\" width=\"800\" height=\"533\" flashvars=\"host=picasaweb.google.com&#038;captions=1&#038;hl=fr&#038;feat=flashalbum&#038;RGB=0x000000&#038;feed=https%3A%2F%2Fpicasaweb.google.com%2Fdata%2Ffeed%2Fapi%2Fuser%2Fgdptthienminh2010%2Falbumid%2F5647062660987531457%3Falt%3Drss%26kind%3Dphoto%26hl%3Dfr\" pluginspage=\"http:\/\/www.macromedia.com\/go\/getflashplayer\"><\/embed><\/ul>\n<p>&nbsp;<\/p>\n<li>\n<p style=\"text-align: justify;\"><strong>Photos du Jeudi 08 Septembre 2011 :\u00a0<\/strong>(19:00) c\u00e9r\u00e9monie d&#8217;ouverture de la Comm\u00e9moration des Grands Maitres et\u00a01\u00e8re partie d&#8217;Ordination de Novices pour int\u00e9grer le niveau de moines. \u00a0Cette \u00e9tape est importante car elle se voue compl\u00e8tement \u00e0 la pratique vers la voie de V\u00e9n\u00e9rable, voie pour servir le Dharma et la pratique du Dharma pour l&#8217;\u00e9quilibre mentale et physique de tous les \u00eatres.<\/p>\n<\/li><embed type=\"application\/x-shockwave-flash\" src=\"https:\/\/picasaweb.google.com\/s\/c\/bin\/slideshow.swf\" width=\"800\" height=\"533\" flashvars=\"host=picasaweb.google.com&#038;captions=1&#038;hl=fr&#038;feat=flashalbum&#038;RGB=0x000000&#038;feed=https%3A%2F%2Fpicasaweb.google.com%2Fdata%2Ffeed%2Fapi%2Fuser%2F103143811405025549013%2Falbumid%2F5652942846917923729%3Falt%3Drss%26kind%3Dphoto%26hl%3Dfr\" pluginspage=\"http:\/\/www.macromedia.com\/go\/getflashplayer\"><\/embed><li>\n<p style=\"text-align: justify;\"><strong>Photos du Vendredi 09 Septembre 2011 :<\/strong>\u00a0(09:00) 2\u00e8re partie d&#8217;Ordination de Moines pour int\u00e9grer le niveau de V\u00e9n\u00e9rable. \u00a0Durant cette c\u00e9r\u00e9monie de transmission, les futurs v\u00e9n\u00e9rables doivent prendre des voeux. Et\u00a0\u00e0 20:00, 78 Bouddhistes ont pris les voeux de Bodhisatva, une \u00e9tape important dans la vie d&#8217;un pratiquant pour aider autrui par le d\u00e9veloppement de la g\u00e9n\u00e9rosit\u00e9, de la compassion, de l&#8217;amour et de la bienveillance dans cette vie mais aussi dans les vies futures.<\/p>\n<\/li><embed type=\"application\/x-shockwave-flash\" src=\"https:\/\/picasaweb.google.com\/s\/c\/bin\/slideshow.swf\" width=\"800\" height=\"533\" flashvars=\"host=picasaweb.google.com&#038;captions=1&#038;hl=fr&#038;feat=flashalbum&#038;RGB=0x000000&#038;feed=https%3A%2F%2Fpicasaweb.google.com%2Fdata%2Ffeed%2Fapi%2Fuser%2F103143811405025549013%2Falbumid%2F5654817503004173057%3Falt%3Drss%26kind%3Dphoto%26hl%3Dfr\" pluginspage=\"http:\/\/www.macromedia.com\/go\/getflashplayer\"><\/embed><li>\n<p style=\"text-align: justify;\"><strong>Photos du Samedi 10 Septembre 2011 :\u00a0<\/strong>(06:00) R\u00e9citation des voeux de Bodhisatva pour les membres de la Sangha. Journ\u00e9e de biographie et d&#8217;enseignements sur le Bodhisatva Th\u00edch\u00a0Qu\u00e3ng\u00a0\u0110\u1ee9c et le Tr\u00e8s Grand V\u00e9n\u00e9rable Th\u00edch Thi\u1ec7n Minh. 2 Grands \u00eatres qui ont contribu\u00e9 \u00e9norm\u00e9ment pour le bouddhisme, pour la paix et pour la lib\u00e9ration des \u00eatres du Samsara.<\/p>\n<\/li><embed type=\"application\/x-shockwave-flash\" src=\"https:\/\/picasaweb.google.com\/s\/c\/bin\/slideshow.swf\" width=\"800\" height=\"533\" flashvars=\"host=picasaweb.google.com&#038;captions=1&#038;hl=fr&#038;feat=flashalbum&#038;RGB=0x000000&#038;feed=https%3A%2F%2Fpicasaweb.google.com%2Fdata%2Ffeed%2Fapi%2Fuser%2F103143811405025549013%2Falbumid%2F5657315748383238129%3Falt%3Drss%26kind%3Dphoto%26hl%3Dfr\" pluginspage=\"http:\/\/www.macromedia.com\/go\/getflashplayer\"><\/embed><li>\n<p style=\"text-align: justify;\"><strong>Photos du Dimanche 11 Septembre 2011 :<\/strong>(09:30) C\u00e9r\u00e9monie de comm\u00e9moration des Grands Ma\u00eetres. \u00a0Plus de 150 Novices, Moines, V\u00e9n\u00e9rables, Grands V\u00e9n\u00e9rables et Tr\u00e8s Grands V\u00e9n\u00e9rables qui sont venues depuis le Mercredi 07 Septembre pour participer \u00e0 cet \u00e9v\u00e9nement mondial. En plus des membres de la Sangha, sont venues particip\u00e9s les bouddhistes des cinq continents : Australie, Canada, Etats-Unis, Norv\u00e8ge, Vietnam, Danemark, Suisse, Belgique, Allemagne, France, R\u00e9publique Tch\u00e8que, Hongrie, Hollande, Inde, &#8230; Ce regroupement de la Sangha est une r\u00e9alisation exceptionnelle sur le plan spirituel et humain pour le lieu. Cet\u00a0\u00e9v\u00e8nement\u00a0est orchestr\u00e9 par le groupe de la famille des jeunes bouddhistes de France et d&#8217;Europe (habill\u00e9s en gris), ainsi que par les b\u00e9n\u00e9voles bouddhistes de la r\u00e9gion lyonnaise.<\/p>\n<\/li><embed type=\"application\/x-shockwave-flash\" src=\"https:\/\/picasaweb.google.com\/s\/c\/bin\/slideshow.swf\" width=\"800\" height=\"533\" flashvars=\"host=picasaweb.google.com&#038;captions=1&#038;hl=fr&#038;feat=flashalbum&#038;RGB=0x000000&#038;feed=https%3A%2F%2Fpicasaweb.google.com%2Fdata%2Ffeed%2Fapi%2Fuser%2F103143811405025549013%2Falbumid%2F5657318696197738817%3Falt%3Drss%26kind%3Dphoto%26hl%3Dfr\" pluginspage=\"http:\/\/www.macromedia.com\/go\/getflashplayer\"><\/embed><p style=\"text-align: justify;\">Que tous les fruits sem\u00e9s durant ces quelques jours, puissent-ils \u00eatre\u00a0b\u00e9n\u00e9fici\u00e9s\u00a0par tous les \u00eatres pour la r\u00e9colte de la Paix du monde.<\/p>\n<li>\n<p style=\"text-align: justify;\">Photos de l&#8217;exposition du Bouddha de Jade \u00e0 Grenoble (16\/10\/2011): Durant cette journ\u00e9e, des reliques du Bouddha et des Grands Ma\u00eetres sont expos\u00e9es, ainsi que la r\u00e9alisation de b\u00e9n\u00e9diction.<\/p>\n<\/li><embed type=\"application\/x-shockwave-flash\" src=\"https:\/\/picasaweb.google.com\/s\/c\/bin\/slideshow.swf\" width=\"800\" height=\"533\" flashvars=\"host=picasaweb.google.com&#038;captions=1&#038;hl=fr&#038;feat=flashalbum&#038;RGB=0x000000&#038;feed=https%3A%2F%2Fpicasaweb.google.com%2Fdata%2Ffeed%2Fapi%2Fuser%2F103143811405025549013%2Falbumid%2F5664394960235702113%3Falt%3Drss%26kind%3Dphoto%26hl%3Dfr\" pluginspage=\"http:\/\/www.macromedia.com\/go\/getflashplayer\"><\/embed><p style=\"text-align: justify;\">La famille des Jeunes bouddhistes (G.\u0110.P.T.) de la pagode Thi\u1ec7n Minh de Ste Foy-L\u00e8s-Lyon a particip\u00e9 \u00e0 cet \u00e9v\u00e8nement mondial et unique. La paix est n\u00e9cessaire dans un monde agit\u00e9e. Elle est le fruit de l&#8217;\u00e9quilibre et du bien \u00eatre. Elle voyage \u00e0 travers la statue de Jade pour grainer sur la terre de chaque continent, non pas son symbole universel mais le fruit de son \u00e9tat universel. Elle incarne la m\u00eame lumi\u00e8re, la m\u00eame \u00e9nergie, dans les diff\u00e9rences. Pour obtenir un monde stable, la tourn\u00e9e de cette statue est un appel, un rappel \u00e0 la conscience de chacun sur l&#8217;importance et l&#8217;urgence de son d\u00e9veloppement et de son application.<\/p>\n<li>\n<p style=\"text-align: justify;\"><strong>Week end du 22-23 Octobre 2011<\/strong><\/li>\n<p>Le groupe des Jeunes Bouddhistes (G.\u0110.P.T.) de la pagode Thi\u00ean Minh a organis\u00e9 une sortie \u00e0 Valence \u00e0 la pagode Ph\u00e2t Quang. Le programme de cette sortie permet de mieux se comprendre pour pouvoir mieux comprendre l&#8217;autre. Elle a aussi comme objectif de nouer ou renouer les liens entre les membres du groupe mais aussi de mieux conna\u00eetre la Ville de Valence avec ses parcs et monuments historiques.<\/p>\n<p><object width=\"800\" height=\"533\" classid=\"clsid:d27cdb6e-ae6d-11cf-96b8-444553540000\" codebase=\"http:\/\/download.macromedia.com\/pub\/shockwave\/cabs\/flash\/swflash.cab#version=6,0,40,0\"><param name=\"src\" value=\"https:\/\/picasaweb.google.com\/s\/c\/bin\/slideshow.swf\" \/><param name=\"flashvars\" value=\"host=picasaweb.google.com&amp;captions=1&amp;hl=fr&amp;feat=flashalbum&amp;RGB=0x000000&amp;feed=https%3A%2F%2Fpicasaweb.google.com%2Fdata%2Ffeed%2Fapi%2Fuser%2F103143811405025549013%2Falbumid%2F5667031967507030529%3Falt%3Drss%26kind%3Dphoto%26hl%3Dfr\" \/><param name=\"pluginspage\" value=\"http:\/\/www.macromedia.com\/go\/getflashplayer\" \/><embed width=\"800\" height=\"533\" type=\"application\/x-shockwave-flash\" src=\"https:\/\/picasaweb.google.com\/s\/c\/bin\/slideshow.swf\" flashvars=\"host=picasaweb.google.com&amp;captions=1&amp;hl=fr&amp;feat=flashalbum&amp;RGB=0x000000&amp;feed=https%3A%2F%2Fpicasaweb.google.com%2Fdata%2Ffeed%2Fapi%2Fuser%2F103143811405025549013%2Falbumid%2F5667031967507030529%3Falt%3Drss%26kind%3Dphoto%26hl%3Dfr\" pluginspage=\"http:\/\/www.macromedia.com\/go\/getflashplayer\" \/><\/object><br \/>\nUn week-end riche en bonnes exp\u00e9riences et en joie de vivre.<\/p>\n<li>\n<p style=\"text-align: justify;\"><strong>Week end du 29-30 Octobre 2011<\/strong><\/li>\n<p style=\"text-align: justify;\">La pagode vietnamienne de Fr\u00e9jus, la pagode H\u00f4ng Hi\u00ean est la plus ancienne pagode d&#8217;Europe. Elle a \u00e9t\u00e9 fond\u00e9e il y a plus de 94 ans. Elle fait partie de l&#8217;histoire du patrimoine de la France. Chaque jour, le temple re\u00e7oit beaucoup de visites de personnes venant des 4 coins du monde. Un parcours sur les traces des quatre lieux importants dans l&#8217;histoire du bouddhisme a \u00e9t\u00e9 dessin\u00e9 pour mieux comprendre le chemin spirituel du Bouddha. Les jeunes de la pagode Thi\u1ec7n Minh ont pass\u00e9 deux jours au temple pour apporter leur aide, recevoir l&#8217;\u00e9nergie du lieu par la pratique du bouddhisme et en m\u00eame temps visiter les lieux environnants.<\/p><embed type=\"application\/x-shockwave-flash\" src=\"https:\/\/picasaweb.google.com\/s\/c\/bin\/slideshow.swf\" width=\"800\" height=\"533\" flashvars=\"host=picasaweb.google.com&#038;captions=1&#038;hl=fr&#038;feat=flashalbum&#038;RGB=0x000000&#038;feed=https%3A%2F%2Fpicasaweb.google.com%2Fdata%2Ffeed%2Fapi%2Fuser%2F103143811405025549013%2Falbumid%2F5670127045657270513%3Falt%3Drss%26kind%3Dphoto%26hl%3Dfr\" pluginspage=\"http:\/\/www.macromedia.com\/go\/getflashplayer\"><\/embed><li>\n<p style=\"text-align: justify;\"><strong>Spectacle humanitaire pour Espoir et Gu\u00e9rison Samedi 05 Novembre 2011<\/strong><\/li>\n<p style=\"text-align: justify;\">Le Samedi 05 Novembre au Soir, le groupe des Jeunes bouddhistes de la pagode Thi\u00ean Minh a particip\u00e9 au spectacle organis\u00e9 par l&#8217;Association &#8220;Espoir et Gu\u00e9rison&#8221;. Cette association r\u00e9colte des fonds \u00e0 travers ce type de manifestation pour ouvrir les portes de la gu\u00e9rison pour les enfants du Vietnam atteints de mal-fonctionnement du syst\u00e8me cardiaque. Cette action cr\u00e9e des m\u00e9rites immenses, qui pourront \u00eatre b\u00e9n\u00e9fici\u00e9s par ces enfants en difficult\u00e9s cardiaques. Cette soir\u00e9e est une forme d&#8217;aide &#8220;indirecte&#8221; du groupe GDPT, car cette participation est peu pour le groupe mais, quand le coeur est grandement ouvert pour cette forme d&#8217;action, c&#8217;est l\u00e0 o\u00f9 il est le plus noble et le plus pur. Bouddha a dit : &#8220;<strong><em>Offrir g\u00e9n\u00e9reusement avec son coeur une pierre qu&#8217;on a ramass\u00e9e sur le sol, qui \u00e0 nos yeux n&#8217;a aucune valeur mat\u00e9rielle, c&#8217;est r\u00e9alis\u00e9 une action hautement spirituelle qui a une valeur inestimable dans cette vie mais aussi dans les vies futures.<\/em><\/strong>&#8220;<\/p>\n<div id=\"__ss_10105153\" style=\"width: 500px;\">\n<p><strong style=\"display: block; margin: 12px 0 4px;\"><a title=\"Le progres du 05 -11-2011 Espoir et guerison\" href=\"http:\/\/www.slideshare.net\/ilyscao\/le-progres-du-05-112011-espoir-et-guerison\">Le progres du 05 -11-2011 Espoir et guerison<\/a><\/strong><object id=\"__sse10105153\" width=\"500\" height=\"710\" classid=\"clsid:d27cdb6e-ae6d-11cf-96b8-444553540000\" codebase=\"http:\/\/download.macromedia.com\/pub\/shockwave\/cabs\/flash\/swflash.cab#version=6,0,40,0\"><param name=\"allowFullScreen\" value=\"true\" \/><param name=\"allowScriptAccess\" value=\"always\" \/><param name=\"src\" value=\"http:\/\/static.slidesharecdn.com\/swf\/doc_player.swf?doc=leprogresdu05112011espoirguerison-111110083424-phpapp02&amp;stripped_title=le-progres-du-05-112011-espoir-et-guerison&amp;userName=ilyscao\" \/><param name=\"allowscriptaccess\" value=\"always\" \/><param name=\"allowfullscreen\" value=\"true\" \/><embed id=\"__sse10105153\" width=\"500\" height=\"710\" type=\"application\/x-shockwave-flash\" src=\"http:\/\/static.slidesharecdn.com\/swf\/doc_player.swf?doc=leprogresdu05112011espoirguerison-111110083424-phpapp02&amp;stripped_title=le-progres-du-05-112011-espoir-et-guerison&amp;userName=ilyscao\" allowFullScreen=\"true\" allowScriptAccess=\"always\" allowscriptaccess=\"always\" allowfullscreen=\"true\" \/><\/object><\/p>\n<div style=\"padding: 5px 0 12px;\">Voici les photos de cette soir\u00e9e :<\/div>\n<p><object width=\"600\" height=\"400\" classid=\"clsid:d27cdb6e-ae6d-11cf-96b8-444553540000\" codebase=\"http:\/\/download.macromedia.com\/pub\/shockwave\/cabs\/flash\/swflash.cab#version=6,0,40,0\"><param name=\"src\" value=\"https:\/\/picasaweb.google.com\/s\/c\/bin\/slideshow.swf\" \/><param name=\"flashvars\" value=\"host=picasaweb.google.com&amp;hl=fr&amp;feat=flashalbum&amp;RGB=0x000000&amp;feed=https%3A%2F%2Fpicasaweb.google.com%2Fdata%2Ffeed%2Fapi%2Fuser%2F103143811405025549013%2Falbumid%2F5673499127753303841%3Falt%3Drss%26kind%3Dphoto%26hl%3Dfr\" \/><param name=\"pluginspage\" value=\"http:\/\/www.macromedia.com\/go\/getflashplayer\" \/><embed width=\"600\" height=\"400\" type=\"application\/x-shockwave-flash\" src=\"https:\/\/picasaweb.google.com\/s\/c\/bin\/slideshow.swf\" flashvars=\"host=picasaweb.google.com&amp;hl=fr&amp;feat=flashalbum&amp;RGB=0x000000&amp;feed=https%3A%2F%2Fpicasaweb.google.com%2Fdata%2Ffeed%2Fapi%2Fuser%2F103143811405025549013%2Falbumid%2F5673499127753303841%3Falt%3Drss%26kind%3Dphoto%26hl%3Dfr\" pluginspage=\"http:\/\/www.macromedia.com\/go\/getflashplayer\" \/><\/object><\/p>\n<li>\n<p style=\"text-align: justify;\"><strong>Spectacle humanitaire pour Rh\u00f4ne M\u00e9kong le Dimanche 13 Novembre 2011<\/strong><\/li>\n<p style=\"text-align: justify;\">Le Dimanche 13 Novembre \u00e0 partir de 15h, le groupe des Jeunes bouddhistes de la pagode Thi\u00ean Minh a particip\u00e9 au spectacle organis\u00e9 par l\u2019Association \u00abRh\u00f4ne M\u00e9kong\u00bb. Cette association oeuvre pour r\u00e9colter des fonds afin d&#8217;aider sur les plans humain et mat\u00e9riel le Vietnam. C&#8217;est dans ces actions b\u00e9n\u00e9voles que les fruits des m\u00e9rites sont les plus b\u00e9n\u00e9fiques. Une bonne action pour le bien \u00eatre et l&#8217;\u00e9quilibre des \u00eatres qui sont dans la d\u00e9tresse et le besoin est un pas pour le bonheur et la stabilit\u00e9 de ce monde.<\/p>\n<p style=\"text-align: justify;\">Voici quelques photos qui illustrent cet\u00a0\u00e9v\u00e8nement\u00a0:<\/p><embed type=\"application\/x-shockwave-flash\" src=\"https:\/\/picasaweb.google.com\/s\/c\/bin\/slideshow.swf\" width=\"800\" height=\"533\" flashvars=\"host=picasaweb.google.com&#038;captions=1&#038;hl=fr&#038;feat=flashalbum&#038;RGB=0x000000&#038;feed=https%3A%2F%2Fpicasaweb.google.com%2Fdata%2Ffeed%2Fapi%2Fuser%2F103143811405025549013%2Falbumid%2F5676252703333430657%3Falt%3Drss%26kind%3Dphoto%26hl%3Dfr\" pluginspage=\"http:\/\/www.macromedia.com\/go\/getflashplayer\"><\/embed><li>\n<p style=\"text-align: justify;\"><strong>19-20 Novembre 2011 : Exposition de la Statue du Bouddha de Jade \u00e0 la pagode \u00a0Ph\u1ed5 \u0110\u00e0 de\u00a0\u00a0Marseille<\/strong><\/li>\n<p>Le groupe G.D.P.T. est parti pendant ce week end pour participer \u00e0 cette organisation. Voici les photos de cet \u00e9v\u00e8nement qui comprennent:<\/p>\n<ul>\n<li>La c\u00e9r\u00e9monie d&#8217;ouverture de l&#8217;exposition<\/li>\n<li>Les enseignements sur la signification de la statue<\/li>\n<li>La b\u00e9n\u00e9diction des reliques du Bouddha et des grands ma\u00eetres<\/li>\n<li>Le spectacle de chants et de danses en offrande \u00e0 l&#8217;\u00e9v\u00e8nement<\/li>\n<\/ul><embed type=\"application\/x-shockwave-flash\" src=\"https:\/\/picasaweb.google.com\/s\/c\/bin\/slideshow.swf\" width=\"800\" height=\"533\" flashvars=\"host=picasaweb.google.com&#038;captions=1&#038;hl=fr&#038;feat=flashalbum&#038;RGB=0x000000&#038;feed=https%3A%2F%2Fpicasaweb.google.com%2Fdata%2Ffeed%2Fapi%2Fuser%2F103143811405025549013%2Falbumid%2F5677558731080174049%3Falt%3Drss%26kind%3Dphoto%26hl%3Dfr\" pluginspage=\"http:\/\/www.macromedia.com\/go\/getflashplayer\"><\/embed><\/p>\n","protected":false},"excerpt":{"rendered":"<p>Lyon : Ch\u00f9a Thi\u00ean Minh\u00a0Sinh h\u1ecdat 09 JanvierLyon : Ch\u00f9a Thi\u1ec7n Minh\u00a0T\u1ebft &#8211; 02-03 F\u00e9vrierLyon :\u00a0Spectacle de Nouvel An V\u00e9nissieux &#8211; 13 F\u00e9vrierLyon : Ch\u00f9a \u2026 <a class=\"continue-reading-link\" href=\"https:\/\/www.pagodethienminh.fr\/?page_id=310\">Continue \u00e0 lire <span class=\"meta-nav\">&rarr; <\/span><\/a><\/p>\n","protected":false},"author":1,"featured_media":0,"parent":304,"menu_order":0,"comment_status":"closed","ping_status":"closed","template":"","meta":{"_mc_calendar":[],"footnotes":""},"class_list":["post-310","page","type-page","status-publish","hentry"],"_links":{"self":[{"href":"https:\/\/www.pagodethienminh.fr\/index.php?rest_route=\/wp\/v2\/pages\/310","targetHints":{"allow":["GET"]}}],"collection":[{"href":"https:\/\/www.pagodethienminh.fr\/index.php?rest_route=\/wp\/v2\/pages"}],"about":[{"href":"https:\/\/www.pagodethienminh.fr\/index.php?rest_route=\/wp\/v2\/types\/page"}],"author":[{"embeddable":true,"href":"https:\/\/www.pagodethienminh.fr\/index.php?rest_route=\/wp\/v2\/users\/1"}],"replies":[{"embeddable":true,"href":"https:\/\/www.pagodethienminh.fr\/index.php?rest_route=%2Fwp%2Fv2%2Fcomments&post=310"}],"version-history":[{"count":42,"href":"https:\/\/www.pagodethienminh.fr\/index.php?rest_route=\/wp\/v2\/pages\/310\/revisions"}],"predecessor-version":[{"id":2923,"href":"https:\/\/www.pagodethienminh.fr\/index.php?rest_route=\/wp\/v2\/pages\/310\/revisions\/2923"}],"up":[{"embeddable":true,"href":"https:\/\/www.pagodethienminh.fr\/index.php?rest_route=\/wp\/v2\/pages\/304"}],"wp:attachment":[{"href":"https:\/\/www.pagodethienminh.fr\/index.php?rest_route=%2Fwp%2Fv2%2Fmedia&parent=310"}],"curies":[{"name":"wp","href":"https:\/\/api.w.org\/{rel}","templated":true}]}}