{"id":31,"date":"2011-04-29T19:50:40","date_gmt":"2011-04-29T19:50:40","guid":{"rendered":"http:\/\/www.pagodethienminh.fr\/?page_id=31"},"modified":"2025-06-08T21:10:31","modified_gmt":"2025-06-08T21:10:31","slug":"1-pagode","status":"publish","type":"page","link":"https:\/\/www.pagodethienminh.fr\/?page_id=31","title":{"rendered":"La pagode"},"content":{"rendered":"\n<figure class=\"wp-block-image size-full\"><img loading=\"lazy\" decoding=\"async\" width=\"2048\" height=\"1365\" src=\"https:\/\/www.pagodethienminh.fr\/wp-content\/uploads\/2017\/05\/IMG_9740.jpg\" alt=\"\" class=\"wp-image-5798\"\/><\/figure>\n\n\n\n<p class=\"has-text-align-center\"><strong>51 Rue de Cuzieu,<\/strong><\/p>\n\n\n\n<p class=\"has-text-align-center\"><strong>69110 Ste Foy-L\u00e8s-Lyon,&nbsp;FRANCE<\/strong><\/p>\n\n\n\n<p class=\"has-text-align-center\"><strong>Mail : pagodethienminh@gmail.com<\/strong><\/p>\n\n\n\n<p class=\"has-vivid-cyan-blue-color has-text-color has-link-color wp-elements-0b2f67afca26146dbb365a88178482d3\"><strong>Heures d&#8217;ouverture des Jardins, visite libre:<\/strong><\/p>\n\n\n\n<p><strong>En semaine<\/strong><\/p>\n\n\n\n<ul class=\"wp-block-list\">\n<li>matin 09h00 &#8211; 11h30<\/li>\n\n\n\n<li>Apr\u00e8s-midi 14h00 &#8211; 17h00<\/li>\n<\/ul>\n\n\n\n<p><strong>Week end<\/strong><\/p>\n\n\n\n<ul class=\"wp-block-list\">\n<li>matin 09h00 &#8211; 12h00<\/li>\n\n\n\n<li>Apr\u00e8s-midi 14h00 &#8211; 17h30<\/li>\n<\/ul>\n\n\n\n<p class=\"has-vivid-purple-color has-text-color has-link-color wp-elements-84579b9a9ddbc9988b1919f951f86b8d\"><strong>Heures d&#8217;ouverture du Temple, visite libre:<\/strong><\/p>\n\n\n\n<ul class=\"wp-block-list\">\n<li><strong>Consignes lors de la visite pour le respect du lieu de culte :\u00a0<\/strong>\n<ol class=\"wp-block-list\">\n<li>Jardins &nbsp;:&nbsp;&nbsp;<strong>pas de consigne particuli\u00e8re<\/strong><\/li>\n\n\n\n<li><strong>A l&#8217;int\u00e9rieur du temple :<\/strong>\n<ul class=\"wp-block-list\">\n<li class=\"has-vivid-red-color has-text-color has-link-color wp-elements-4f38a3a6b6c2847c65ab255ed0d91061\"><strong>Code vestimentaire :<\/strong>\n<ul class=\"wp-block-list\">\n<li><strong>Non autoris\u00e9s<\/strong>&nbsp;: habits courts (d\u00e9bardeurs, d\u00e9collet\u00e9, shorts &#8230; )<\/li>\n\n\n\n<li><strong>Autoris\u00e9s :<\/strong>&nbsp;habits recouvrant les \u00e9paules, habits descendant au minimum jusqu&#8217;aux genoux.<\/li>\n\n\n\n<li>Apporter quelque chose pour recouvrir le bas et le haut pour rentrer dans la salle du temple.<\/li>\n<\/ul>\n<\/li>\n<\/ul>\n<\/li>\n<\/ol>\n<\/li>\n<\/ul>\n\n\n\n<p><strong>En semaine, selon les disponibilit\u00e9s sur RDV par mail pagodethienminh@gmail.com et uniquement sur les cr\u00e9neaux suivants, sauf le mercredi :<\/strong><\/p>\n\n\n\n<ul class=\"wp-block-list\">\n<li>matin 09h00 &#8211; 11h00<\/li>\n\n\n\n<li>Apr\u00e8s-midi 13h30 &#8211; 15h30<\/li>\n<\/ul>\n\n\n\n<p><strong>Samedi<\/strong><\/p>\n\n\n\n<ul class=\"wp-block-list\">\n<li>matin 09h00 &#8211; 11h30<\/li>\n\n\n\n<li>Apr\u00e8s-midi 14h00 &#8211; 15h30 (sauf activit\u00e9s)<\/li>\n<\/ul>\n\n\n\n<p><strong>Dimanche<\/strong><\/p>\n\n\n\n<ul class=\"wp-block-list\">\n<li>matin 09h00 &#8211; 10h30<\/li>\n\n\n\n<li>Apr\u00e8s-midi 16h00 &#8211; 18h00<\/li>\n<\/ul>\n","protected":false},"excerpt":{"rendered":"<p>51 Rue de Cuzieu, 69110 Ste Foy-L\u00e8s-Lyon,&nbsp;FRANCE Mail : pagodethienminh@gmail.com Heures d&#8217;ouverture des Jardins, visite libre: En semaine Week end Heures d&#8217;ouverture du Temple, visite \u2026 <a class=\"continue-reading-link\" href=\"https:\/\/www.pagodethienminh.fr\/?page_id=31\">Continue \u00e0 lire <span class=\"meta-nav\">&rarr; <\/span><\/a><\/p>\n","protected":false},"author":1,"featured_media":0,"parent":0,"menu_order":1,"comment_status":"closed","ping_status":"closed","template":"","meta":{"_mc_calendar":[],"footnotes":""},"class_list":["post-31","page","type-page","status-publish","hentry"],"_links":{"self":[{"href":"https:\/\/www.pagodethienminh.fr\/index.php?rest_route=\/wp\/v2\/pages\/31","targetHints":{"allow":["GET"]}}],"collection":[{"href":"https:\/\/www.pagodethienminh.fr\/index.php?rest_route=\/wp\/v2\/pages"}],"about":[{"href":"https:\/\/www.pagodethienminh.fr\/index.php?rest_route=\/wp\/v2\/types\/page"}],"author":[{"embeddable":true,"href":"https:\/\/www.pagodethienminh.fr\/index.php?rest_route=\/wp\/v2\/users\/1"}],"replies":[{"embeddable":true,"href":"https:\/\/www.pagodethienminh.fr\/index.php?rest_route=%2Fwp%2Fv2%2Fcomments&post=31"}],"version-history":[{"count":17,"href":"https:\/\/www.pagodethienminh.fr\/index.php?rest_route=\/wp\/v2\/pages\/31\/revisions"}],"predecessor-version":[{"id":7685,"href":"https:\/\/www.pagodethienminh.fr\/index.php?rest_route=\/wp\/v2\/pages\/31\/revisions\/7685"}],"wp:attachment":[{"href":"https:\/\/www.pagodethienminh.fr\/index.php?rest_route=%2Fwp%2Fv2%2Fmedia&parent=31"}],"curies":[{"name":"wp","href":"https:\/\/api.w.org\/{rel}","templated":true}]}}