{"id":3081,"date":"2013-01-16T13:58:40","date_gmt":"2013-01-16T13:58:40","guid":{"rendered":"http:\/\/www.pagodethienminh.fr\/?page_id=3081"},"modified":"2013-01-16T13:58:40","modified_gmt":"2013-01-16T13:58:40","slug":"su-kho-va-de-cua-hai-coi","status":"publish","type":"page","link":"https:\/\/www.pagodethienminh.fr\/?page_id=3081","title":{"rendered":"S\u1ef0 KH\u00d3 V\u00c0 D\u1ec4 C\u1ee6A HAI C\u00d5I"},"content":{"rendered":"<h2 style=\"text-align: justify;\"><a href=\"http:\/\/my.opera.com\/DANGLAM\/blog\/su-2\">S\u1ef0 KH\u00d3 V\u00c0 D\u1ec4 C\u1ee6A HAI C\u00d5I<\/a><\/h2>\n<p style=\"text-align: justify;\">mercredi 6 janvier 2010 05:57:50<\/p>\n<p style=\"text-align: justify;\"><a href=\"http:\/\/my.opera.com\/DANGLAM\/blog\/index.dml\/tag\/T%E1%BB%8ANH%20T%E1%BB%AA%20Y%E1%BA%BEU%20NG%E1%BB%AE\" rel=\"tag\">T\u1ecaNH T\u1eea Y\u1ebeU NG\u1eee<\/a><\/p>\n<div style=\"text-align: justify;\">\n<div id=\"excerpt\">\n<div align=\"center\"><img decoding=\"async\" src=\"http:\/\/files.myopera.com\/DANGLAM\/blog\/959a4b14b5fc81a272acf8d65860939c.jpg\" alt=\"\" \/><img decoding=\"async\" src=\"http:\/\/files.myopera.com\/DANGLAM\/blog\/amita.gif.gif\" alt=\"\" \/><\/div>\n<p>B\u1ed3-t\u00e1t Long Th\u1ecd n\u00f3i: \u201cTu h\u00e0nh trong c\u00f5i Ng\u0169 tr\u01b0\u1ee3c g\u1ecdi l\u00e0 kh\u00f3 h\u00e0nh \u0111\u1ea1o, nh\u01b0 ng\u01b0\u1eddi qu\u00e8 \u0111i tr\u00ean \u0111\u01b0\u1eddng hi\u1ec3m tr\u1edf, m\u1ed9t ng\u00e0y ch\u1eb3ng \u0111i qu\u00e1 m\u1ea5y d\u1eb7m. Tu h\u00e0nh \u1edf T\u1ecbnh \u0111\u1ed9 g\u1ecdi l\u00e0 d\u1ec5 h\u00e0nh \u0111\u1ea1o, nh\u01b0 k\u1ebb ph\u00e0m phu n\u01b0\u01a1ng v\u00e0o s\u1ee9c m\u1ea1nh c\u1ee7a Chuy\u1ec3n Lu\u00e2n V\u01b0\u01a1ng, trong m\u1ed9t ng\u00e0y \u0111i kh\u1eafp t\u1ee9 thi\u00ean h\u1ea1\u201d. Nay \u0111em m\u01b0\u1eddi \u0111i\u1ec1u kh\u00f3 \u1edf c\u00f5i Ta-b\u00e0 \u0111\u1ec3 so s\u00e1nh v\u1edbi m\u01b0\u1eddi \u0111i\u1ec1u d\u1ec5 \u1edf T\u1ecbnh \u0111\u1ed9:<\/p><\/div>\n<p>1. Ta-b\u00e0 kh\u00f4ng th\u01b0\u1eddng g\u1eb7p Ph\u1eadt. Ph\u1eadt Th\u00edch-ca \u0111\u00e3 di\u1ec7t \u0111\u1ed9, t\u00e0 ph\u00e1p m\u1ea1nh m\u1ebd; C\u1ef1c L\u1ea1c th\u00ec Ph\u1eadt th\u01b0\u1eddng ch\u1eb3ng di\u1ec7t, hi\u1ec7n \u0111ang l\u00e0m gi\u00e1o ch\u1ee7.<\/p>\n<p>2. Ta-b\u00e0 m\u1ea1t ph\u00e1p nhi\u1ec5u nh\u01b0\u01a1ng, c\u00f3 nhi\u1ec1u ngo\u1ea1i \u0111\u1ea1o, d\u00f9 b\u00e0n Ph\u1eadt ph\u00e1p nh\u01b0ng \u0111a s\u1ed1 nghi\u00eang l\u1ec7ch sai l\u1ea7m; C\u1ef1c L\u1ea1c th\u00ec Ph\u1eadt v\u00e0 B\u1ed3-t\u00e1t, n\u01b0\u1edbc, chim, c\u00e2y r\u1eebng th\u01b0\u1eddng tuy\u00ean thuy\u1ebft Di\u1ec7u ph\u00e1p.<\/p>\n<p>3. Ta-b\u00e0 b\u1ea1n b\u00e8 t\u00e0 \u00e1c, mong c\u1ea7u l\u1ee3i d\u01b0\u1ee1ng, l\u00e0m m\u00ea l\u1ea7m ng\u01b0\u1eddi tu h\u00e0nh \u0111\u1ecda v\u00e0o ba \u0111\u01b0\u1eddng \u00e1c; C\u1ef1c L\u1ea1c th\u00ec Qu\u00e1n \u00c2m, Th\u1ebf Ch\u00ed l\u00e0m b\u1ea1n th\u00f9 th\u1eafng, c\u00e1c b\u1eadc Th\u01b0\u1ee3ng thi\u1ec7n nh\u00e2n \u1edf chung m\u1ed9t n\u01a1i.<\/p>\n<p>4. Ta-b\u00e0 c\u00f3 c\u00e1c lo\u00e0i ma n\u00e3o lo\u1ea1n, ph\u00e1 ho\u1ea1i ch\u00e1nh ph\u00e1p; C\u1ef1c L\u1ea1c tuy c\u00f3 Thi\u00ean ma nh\u01b0ng \u0111\u1ec1u h\u1ed9 tr\u00ec ch\u00e1nh ph\u00e1p, gi\u00fap ng\u01b0\u1eddi tu h\u00e0nh mau \u0111\u01b0\u1ee3c th\u00e0nh t\u1ef1u.<\/p>\n<p>5. Ta-b\u00e0 lu\u00e2n h\u1ed3i trong s\u00e1u n\u1ebbo, nh\u01b0 b\u00e1nh xe xoay v\u00f2ng kh\u00f4ng c\u00f3 ng\u00e0y d\u1eebng ngh\u1ec9; C\u1ef1c L\u1ea1c th\u00ec hoa sen h\u00f3a sinh, kh\u00f4ng c\u00f2n lu\u00e2n chuy\u1ec3n trong \u0111\u01b0\u1eddng sinh t\u1eed kh\u1ed5 \u0111au.<\/p>\n<p>6. Ta-b\u00e0 qua l\u1ea1i ba c\u00f5i theo nghi\u1ec7p ch\u1ecbu qu\u1ea3 b\u00e1o, tuy sinh l\u00ean c\u00f5i Tr\u1eddi nh\u01b0ng kh\u00f3 tr\u00e1nh con \u0111\u01b0\u1eddng \u00e1c; C\u1ef1c L\u1ea1c th\u00ec danh t\u1eeb c\u1ee7a ba \u0111\u01b0\u1eddng \u00e1c c\u00f2n kh\u00f4ng nghe, hu\u1ed1ng chi c\u00f3 th\u1eadt.<\/p>\n<p>7. Ta-b\u00e0 tr\u1ea7n duy\u00ean \u00e1c tr\u01b0\u1ee3c, th\u01b0\u1eddng l\u00e0m ch\u01b0\u1edbng ng\u1ea1i \u0111\u1ed1i v\u1edbi vi\u1ec7c xu\u1ea5t th\u1ebf; C\u1ef1c L\u1ea1c th\u00ec l\u1ea7u v\u00e0ng \u0111i\u1ec7n ng\u1ecdc, \u00e1o \u0111\u1eb9p c\u01a1m ngon \u0111\u1ec1u l\u00e0m ph\u01b0\u01a1ng ti\u1ec7n tr\u1ee3 gi\u00fap tu h\u00e0nh.<\/p>\n<p>8. Ta-b\u00e0 con ng\u01b0\u1eddi s\u1ed1ng tr\u0103m n\u0103m nh\u01b0ng ph\u1ea7n nhi\u1ec1u ch\u1ebft y\u1ec3u, th\u1eddi gian mau ch\u00f3ng, \u0111\u1ea1i \u0111\u1ea1o kh\u00f3 th\u00e0nh; C\u1ef1c L\u1ea1c th\u00ec tu\u1ed5i th\u1ecd c\u1ee7a ch\u00fang sinh ngang b\u1eb1ng v\u1edbi Ph\u1eadt.<\/p>\n<p>9. Ta-b\u00e0 tu h\u00e0nh ph\u1ea3i \u0111o\u1ea1n tr\u1eeb Ki\u1ebfn ho\u1eb7c, T\u01b0 ho\u1eb7c m\u1edbi c\u00f3 th\u1ec3 \u0111\u01b0\u1ee3c B\u1ea5t th\u1ed1i chuy\u1ec3n. Ng\u01b0\u1eddi m\u1edbi tu ch\u01b0a tr\u00e1nh kh\u1ecfi s\u1ef1 th\u1ed1i chuy\u1ec3n \u0111\u1ecda l\u1ea1c; C\u1ef1c L\u1ea1c th\u00ec ch\u00fang sinh khi sinh v\u1ec1 \u0111\u1ec1u v\u00e0o Ch\u00e1nh \u0111\u1ecbnh t\u1ee5 m\u00e3i kh\u00f4ng c\u00f2n th\u1ed1i chuy\u1ec3n.<\/p>\n<p>10. Ta-b\u00e0 ng\u01b0\u1eddi tu h\u00e0nh tr\u1ea3i qua mu\u00f4n ki\u1ebfp kh\u00f3 th\u00e0nh, nh\u01b0 c\u00e1c v\u1ecb \u0111\u1ed3 \u0111\u1ec7 nghe ph\u00e1p trong th\u1eddi Ph\u1eadt \u0110\u1ea1i Th\u00f4ng, th\u1ed1i chuy\u1ec3n \u0110\u1ea1i th\u1eeba ch\u1ea5p v\u00e0o Ti\u1ec3u th\u1eeba, tr\u1ea3i qua v\u00f4 s\u1ed1 ki\u1ebfp c\u00f2n \u1edf b\u1eadc Thanh v\u0103n; C\u1ef1c L\u1ea1c th\u00ec ch\u1ec9 m\u1ed9t \u0111\u1eddi n\u00e0y th\u01b0\u1eddng theo Ph\u1eadt h\u1ecdc, ti\u1ebfn th\u1eb3ng \u0111\u1ebfn \u0111\u1ea1o tr\u00e0ng, th\u00e0nh t\u1ef1u \u0111\u1ea1o gi\u00e1c ng\u1ed9 V\u00f4 Th\u01b0\u1ee3ng.<\/p>\n<p>M\u01b0\u1eddi \u0111i\u1ec1u kh\u00f3 v\u00e0 d\u1ec5 n\u00f3i tr\u00ean \u0111\u00e2y, th\u1eadt c\u00e1ch xa nhau nh\u01b0 tr\u1eddi v\u1edbi v\u1ef1c. N\u1ebfu c\u1eady v\u00e0o s\u1ee9c m\u00ecnh th\u00ec ch\u1ec9 lu\u1ed1ng u\u1ed5ng t\u1ef1 nh\u1ecdc nh\u1eb1n. Nh\u01b0ng n\u1ebfu n\u01b0\u01a1ng nh\u1edd v\u00e0o duy\u00ean th\u00f9 th\u1eafng th\u00ec \u0111\u01b0\u1ee3c s\u1ef1 l\u1ee3i \u00edch cao r\u1ed9ng.<br \/>\nNg\u01b0\u1eddi tu h\u00e0nh n\u00ean ch\u1ecdn l\u1ef1a!<\/p><\/div>\n","protected":false},"excerpt":{"rendered":"<p>S\u1ef0 KH\u00d3 V\u00c0 D\u1ec4 C\u1ee6A HAI C\u00d5I mercredi 6 janvier 2010 05:57:50 T\u1ecaNH T\u1eea Y\u1ebeU NG\u1eee B\u1ed3-t\u00e1t Long Th\u1ecd n\u00f3i: \u201cTu h\u00e0nh trong c\u00f5i Ng\u0169 \u2026 <a class=\"continue-reading-link\" href=\"https:\/\/www.pagodethienminh.fr\/?page_id=3081\">Continue \u00e0 lire <span class=\"meta-nav\">&rarr; <\/span><\/a><\/p>\n","protected":false},"author":1,"featured_media":0,"parent":41,"menu_order":0,"comment_status":"closed","ping_status":"closed","template":"","meta":{"_mc_calendar":[],"footnotes":""},"class_list":["post-3081","page","type-page","status-publish","hentry"],"_links":{"self":[{"href":"https:\/\/www.pagodethienminh.fr\/index.php?rest_route=\/wp\/v2\/pages\/3081","targetHints":{"allow":["GET"]}}],"collection":[{"href":"https:\/\/www.pagodethienminh.fr\/index.php?rest_route=\/wp\/v2\/pages"}],"about":[{"href":"https:\/\/www.pagodethienminh.fr\/index.php?rest_route=\/wp\/v2\/types\/page"}],"author":[{"embeddable":true,"href":"https:\/\/www.pagodethienminh.fr\/index.php?rest_route=\/wp\/v2\/users\/1"}],"replies":[{"embeddable":true,"href":"https:\/\/www.pagodethienminh.fr\/index.php?rest_route=%2Fwp%2Fv2%2Fcomments&post=3081"}],"version-history":[{"count":2,"href":"https:\/\/www.pagodethienminh.fr\/index.php?rest_route=\/wp\/v2\/pages\/3081\/revisions"}],"predecessor-version":[{"id":3083,"href":"https:\/\/www.pagodethienminh.fr\/index.php?rest_route=\/wp\/v2\/pages\/3081\/revisions\/3083"}],"up":[{"embeddable":true,"href":"https:\/\/www.pagodethienminh.fr\/index.php?rest_route=\/wp\/v2\/pages\/41"}],"wp:attachment":[{"href":"https:\/\/www.pagodethienminh.fr\/index.php?rest_route=%2Fwp%2Fv2%2Fmedia&parent=3081"}],"curies":[{"name":"wp","href":"https:\/\/api.w.org\/{rel}","templated":true}]}}