{"id":308,"date":"2011-05-02T14:21:48","date_gmt":"2011-05-02T14:21:48","guid":{"rendered":"http:\/\/www.pagodethienminh.fr\/?page_id=308"},"modified":"2013-03-14T07:51:15","modified_gmt":"2013-03-14T07:51:15","slug":"5-archives","status":"publish","type":"page","link":"https:\/\/www.pagodethienminh.fr\/?page_id=308","title":{"rendered":"Archives &#8211; T\u00e0i li\u1ec7u"},"content":{"rendered":"<p>Vous pouvez r\u00e9cup\u00e9rer les retranscriptions (format <strong>pdf<\/strong>) des sessions suivantes :<\/p>\n<p><span style=\"text-decoration: underline;\"><em><strong>Proc\u00e9dure :\u00a0<\/strong><\/em><\/span><\/p>\n<p style=\"text-align: justify;\">Clique droit -&gt; enregistrer le lien sous -&gt; selon le navigateur web, vous pouvez choisir le r\u00e9pertoire pour le sauvegarder (Faites attention la o\u00f9 vous le sauvegardez!)<\/p>\n<p>Si demande de <strong>login<\/strong>, taper <strong>GDPT<\/strong>, <strong>pas de mot de passe, puis appuyer sur entr\u00e9e\/retour.<\/strong><\/p>\n<p><strong>18 D\u00e9cembre 2010<\/strong> \u00a0&#8211;\u00a0LAMA SEUNAM DORJE : <a title=\"Les 4 Nobles V\u00e9rit\u00e9s - Partie I\" href=\"ftp:\/\/pagodethienminh.fr\/enseignements\/transcription%20-%20les%204%20nobles%20verites%20-%20partie%201%20-%20lama%20seunam%20dorje.pdf\">Les 4 Nobles V\u00e9rit\u00e9s Partie I<\/a><br \/>\n<strong>12 Mars 2011 2011<\/strong> &#8211; LAMA SEUNAM DORJE : <a title=\"Les 4 Nobles V\u00e9rit\u00e9s - Partie II\" href=\"ftp:\/\/pagodethienminh.fr\/enseignements\/transcription%20-%20les%204%20nobles%20verites%20-%20partie%202%20-%20lama%20seunam%20dorje.pdf\">Les 4 Nobles V\u00e9rit\u00e9s Partie II<\/a><br \/>\n<strong>16 Avril 2011<\/strong> &#8211; LAMA SEUNAM DORJE : <a title=\"Les 4 Nobles V\u00e9rit\u00e9s Partie III\" href=\"ftp:\/\/pagodethienminh.fr\/enseignements\/transcription%20-%20les%204%20nobles%20verites%20-%20partie%203%20-%20lama%20seunam%20dorje.pdf\">Les 4 Nobles V\u00e9rit\u00e9s Partie III<\/a><br \/>\n<strong>18 Juin 2011<\/strong> &#8211; LAMA SEUNAM DORJE : <a title=\"Les 4 Nobles V\u00e9rit\u00e9s Partie IV\" href=\"ftp:\/\/pagodethienminh.fr\/enseignements\/transcription%20-%20les%204%20nobles%20verites%20-%20partie%204%20-%20lama%20seunam%20dordje.pdf\">Les 4 Nobles V\u00e9rit\u00e9s Partie IV<\/a><\/p>\n<p>&nbsp;<\/p>\n<p>&nbsp;<\/p>\n<p>&nbsp;<\/p>\n","protected":false},"excerpt":{"rendered":"<p>Vous pouvez r\u00e9cup\u00e9rer les retranscriptions (format pdf) des sessions suivantes : Proc\u00e9dure :\u00a0 Clique droit -&gt; enregistrer le lien sous -&gt; selon le navigateur web, \u2026 <a class=\"continue-reading-link\" href=\"https:\/\/www.pagodethienminh.fr\/?page_id=308\">Continue \u00e0 lire <span class=\"meta-nav\">&rarr; <\/span><\/a><\/p>\n","protected":false},"author":1,"featured_media":0,"parent":37,"menu_order":6,"comment_status":"closed","ping_status":"closed","template":"template-onecolumn.php","meta":{"_mc_calendar":[],"footnotes":""},"class_list":["post-308","page","type-page","status-publish","hentry"],"_links":{"self":[{"href":"https:\/\/www.pagodethienminh.fr\/index.php?rest_route=\/wp\/v2\/pages\/308","targetHints":{"allow":["GET"]}}],"collection":[{"href":"https:\/\/www.pagodethienminh.fr\/index.php?rest_route=\/wp\/v2\/pages"}],"about":[{"href":"https:\/\/www.pagodethienminh.fr\/index.php?rest_route=\/wp\/v2\/types\/page"}],"author":[{"embeddable":true,"href":"https:\/\/www.pagodethienminh.fr\/index.php?rest_route=\/wp\/v2\/users\/1"}],"replies":[{"embeddable":true,"href":"https:\/\/www.pagodethienminh.fr\/index.php?rest_route=%2Fwp%2Fv2%2Fcomments&post=308"}],"version-history":[{"count":10,"href":"https:\/\/www.pagodethienminh.fr\/index.php?rest_route=\/wp\/v2\/pages\/308\/revisions"}],"predecessor-version":[{"id":995,"href":"https:\/\/www.pagodethienminh.fr\/index.php?rest_route=\/wp\/v2\/pages\/308\/revisions\/995"}],"up":[{"embeddable":true,"href":"https:\/\/www.pagodethienminh.fr\/index.php?rest_route=\/wp\/v2\/pages\/37"}],"wp:attachment":[{"href":"https:\/\/www.pagodethienminh.fr\/index.php?rest_route=%2Fwp%2Fv2%2Fmedia&parent=308"}],"curies":[{"name":"wp","href":"https:\/\/api.w.org\/{rel}","templated":true}]}}