{"id":297,"date":"2011-05-02T14:16:11","date_gmt":"2011-05-02T14:16:11","guid":{"rendered":"http:\/\/www.pagodethienminh.fr\/?page_id=297"},"modified":"2012-08-05T12:34:18","modified_gmt":"2012-08-05T12:34:18","slug":"2010-danses-mua","status":"publish","type":"page","link":"https:\/\/www.pagodethienminh.fr\/?page_id=297","title":{"rendered":"2010"},"content":{"rendered":"<p>Bern T\u1ebft : Ngh\u00e9 b\u1ebfn Sa\u00ecgon<br \/>\n<iframe loading=\"lazy\" title=\"YouTube video player\" src=\"http:\/\/www.youtube.com\/embed\/X30ekhqEcww\" frameborder=\"0\" width=\"640\" height=\"390\"><\/iframe><\/p>\n<p>Bern T\u1ebft : Kh\u00fac h\u00e1t \u00e2n t\u00ecnh<br \/>\n<iframe loading=\"lazy\" title=\"YouTube video player\" src=\"http:\/\/www.youtube.com\/embed\/ztRTelaI1V8\" frameborder=\"0\" width=\"640\" height=\"390\"><\/iframe><\/p>\n<p>Bern T\u1ebft : Ng\u00e0y \u0111\u00e1 \u0111om bong<br \/>\n<iframe loading=\"lazy\" title=\"YouTube video player\" src=\"http:\/\/www.youtube.com\/embed\/JXVkvLGd2Z0\" frameborder=\"0\" width=\"640\" height=\"390\"><\/iframe><\/p>\n<p>Bern T\u1ebft : \u0110\u00eam ng\u1eadm ng\u00f9i<br \/>\n<iframe loading=\"lazy\" title=\"YouTube video player\" src=\"http:\/\/www.youtube.com\/embed\/ve5_XO5OLAY\" frameborder=\"0\" width=\"480\" height=\"390\"><\/iframe><\/p>\n<p>Lyon T\u1ebft : D\u00e9fil\u00e9<br \/>\n<iframe loading=\"lazy\" title=\"YouTube video player\" src=\"http:\/\/www.youtube.com\/embed\/ey76QLDqWJE\" frameborder=\"0\" width=\"640\" height=\"390\"><\/iframe><\/p>\n<p>Lyon T\u1ebft : Chapeau conique (TT)<br \/>\n<iframe loading=\"lazy\" title=\"YouTube video player\" src=\"http:\/\/www.youtube.com\/embed\/UyyHjwreCTQ\" frameborder=\"0\" width=\"640\" height=\"390\"><\/iframe><\/p>\n<p>Lyon T\u1ebft : Chapeau conique (OV)<br \/>\n<iframe loading=\"lazy\" src=\"http:\/\/www.youtube.com\/embed\/9J7ioif-59w\" frameborder=\"0\" width=\"560\" height=\"349\"><\/iframe><\/p>\n<p>Lyon T\u1ebft : Danse cor\u00e9enne<br \/>\n<iframe loading=\"lazy\" title=\"YouTube video player\" src=\"http:\/\/www.youtube.com\/embed\/7BrNt0Y6bvU\" frameborder=\"0\" width=\"640\" height=\"390\"><\/iframe><\/p>\n<p>Lyon T\u1ebft : Xu\u00e2n n\u00f3n l\u00e1<br \/>\n<iframe loading=\"lazy\" title=\"YouTube video player\" src=\"http:\/\/www.youtube.com\/embed\/XdV670DGJfA\" frameborder=\"0\" width=\"640\" height=\"390\"><\/iframe><\/p>\n<p>Lyon T\u1ebft : \u0110\u00f3n Xu\u00e2n ca<br \/>\n<iframe loading=\"lazy\" title=\"YouTube video player\" src=\"http:\/\/www.youtube.com\/embed\/J98CjZDM8OI\" frameborder=\"0\" width=\"640\" height=\"390\"><\/iframe><\/p>\n<p>Roubaix V\u00e9sak : Ph\u1eadt \u0111\u1ea3n sanh (TT)<br \/>\n<iframe loading=\"lazy\" src=\"http:\/\/www.youtube.com\/embed\/TZYoF9plIDM\" frameborder=\"0\" width=\"425\" height=\"349\"><\/iframe><\/p>\n<p>Roubaix V\u00e9sak : Mantra du Bodhisattva Qu\u00e1n \u00c2m (TT)<br \/>\n<iframe loading=\"lazy\" src=\"http:\/\/www.youtube.com\/embed\/DsSMhbdONM4\" frameborder=\"0\" width=\"425\" height=\"349\"><\/iframe><\/p>\n<p>Roubaix V\u00e9sak : D\u00e9fil\u00e9 (TT)<br \/>\n<iframe loading=\"lazy\" src=\"http:\/\/www.youtube.com\/embed\/Ry61SOkWum0\" frameborder=\"0\" width=\"425\" height=\"349\"><\/iframe><\/p>\n<p>Paris V\u00e9sak : Ph\u1eadt \u0111\u1ea3n sanh (TT)<br \/>\n<iframe loading=\"lazy\" src=\"http:\/\/www.youtube.com\/embed\/qG-0OiLdLPU\" frameborder=\"0\" width=\"425\" height=\"349\"><\/iframe><\/p>\n<p>Paris V\u00e9sak : Mantra du Bodhisattva Qu\u00e1n \u00c2m (TT)<br \/>\n<iframe loading=\"lazy\" src=\"http:\/\/www.youtube.com\/embed\/RzRsq5F3pSU\" frameborder=\"0\" width=\"425\" height=\"349\"><\/iframe><\/p>\n<p>Paris V\u00e9sak : Ngh\u00e9 b\u1ebfn Sa\u00ecgon (TT)<br \/>\n<iframe loading=\"lazy\" src=\"http:\/\/www.youtube.com\/embed\/IW2cK8RlElA\" frameborder=\"0\" width=\"425\" height=\"349\"><\/iframe><\/p>\n<p>Lyon V\u00e9sak : Ph\u1eadt \u0111\u1ea3n sanh (TT)<br \/>\n<iframe loading=\"lazy\" src=\"http:\/\/www.youtube.com\/embed\/TBM-u4nKbmA\" frameborder=\"0\" width=\"425\" height=\"349\"><\/iframe><\/p>\n<p>Lyon V\u00e9sak : Mantra du Bodhisattva Qu\u00e1n \u00c2m (TT)<br \/>\n<iframe loading=\"lazy\" title=\"YouTube video player\" src=\"http:\/\/www.youtube.com\/embed\/nUBWFM4nhR8\" frameborder=\"0\" width=\"640\" height=\"390\"><\/iframe><\/p>\n<p>Lyon Vu Lan : Ba Mi\u1ec1n &#8211; 3 r\u00e9gions du Vi\u1ec7tnam (TT)<br \/>\n<iframe loading=\"lazy\" width=\"1030\" height=\"773\" src=\"https:\/\/www.youtube.com\/embed\/1nXOZtWHeG0?feature=oembed\" frameborder=\"0\" allowfullscreen><\/iframe><\/p>\n<p>Lyon Vu Lan : K\u1ecbch vui<br \/>\n<iframe loading=\"lazy\" width=\"1030\" height=\"579\" src=\"https:\/\/www.youtube.com\/embed\/yJpTbiUT14w?feature=oembed\" frameborder=\"0\" allowfullscreen><\/iframe><\/p>\n<p>Lyon Vu Lan : Xu\u00e2n &#8211; Fleurs du printemps (OV) et chapeaux coniques (TT)<br \/>\n<iframe loading=\"lazy\" width=\"1030\" height=\"579\" src=\"https:\/\/www.youtube.com\/embed\/cTn1eT9oE78?feature=oembed\" frameborder=\"0\" allowfullscreen><\/iframe><\/p>\n<p>Lyon Vu Lan : Nghi\u00eap Bao<br \/>\n<iframe loading=\"lazy\" src=\"http:\/\/www.dailymotion.com\/embed\/video\/xeovmd?width=560&amp;theme=none&amp;wmode=transparent\" frameborder=\"0\" width=\"560\" height=\"448\"><\/iframe><br \/>\n<a href=\"http:\/\/www.dailymotion.com\/video\/xeovmd_vu-lan-2010-gdpt-thien-minh-hoac-ca_lifestyle\" target=\"_blank\">Vu Lan 2010 GDPT Thien Minh &#8211; Hoac Canh<\/a> <em>par <a href=\"http:\/\/www.dailymotion.com\/ilyscao\" target=\"_blank\">ilyscao<\/a><\/em><\/p>\n","protected":false},"excerpt":{"rendered":"<p>Bern T\u1ebft : Ngh\u00e9 b\u1ebfn Sa\u00ecgon Bern T\u1ebft : Kh\u00fac h\u00e1t \u00e2n t\u00ecnh Bern T\u1ebft : Ng\u00e0y \u0111\u00e1 \u0111om bong Bern T\u1ebft : \u0110\u00eam ng\u1eadm \u2026 <a class=\"continue-reading-link\" href=\"https:\/\/www.pagodethienminh.fr\/?page_id=297\">Continue \u00e0 lire <span class=\"meta-nav\">&rarr; <\/span><\/a><\/p>\n","protected":false},"author":1,"featured_media":0,"parent":2602,"menu_order":4,"comment_status":"closed","ping_status":"closed","template":"","meta":{"_mc_calendar":[],"footnotes":""},"class_list":["post-297","page","type-page","status-publish","hentry"],"_links":{"self":[{"href":"https:\/\/www.pagodethienminh.fr\/index.php?rest_route=\/wp\/v2\/pages\/297","targetHints":{"allow":["GET"]}}],"collection":[{"href":"https:\/\/www.pagodethienminh.fr\/index.php?rest_route=\/wp\/v2\/pages"}],"about":[{"href":"https:\/\/www.pagodethienminh.fr\/index.php?rest_route=\/wp\/v2\/types\/page"}],"author":[{"embeddable":true,"href":"https:\/\/www.pagodethienminh.fr\/index.php?rest_route=\/wp\/v2\/users\/1"}],"replies":[{"embeddable":true,"href":"https:\/\/www.pagodethienminh.fr\/index.php?rest_route=%2Fwp%2Fv2%2Fcomments&post=297"}],"version-history":[{"count":20,"href":"https:\/\/www.pagodethienminh.fr\/index.php?rest_route=\/wp\/v2\/pages\/297\/revisions"}],"predecessor-version":[{"id":384,"href":"https:\/\/www.pagodethienminh.fr\/index.php?rest_route=\/wp\/v2\/pages\/297\/revisions\/384"}],"up":[{"embeddable":true,"href":"https:\/\/www.pagodethienminh.fr\/index.php?rest_route=\/wp\/v2\/pages\/2602"}],"wp:attachment":[{"href":"https:\/\/www.pagodethienminh.fr\/index.php?rest_route=%2Fwp%2Fv2%2Fmedia&parent=297"}],"curies":[{"name":"wp","href":"https:\/\/api.w.org\/{rel}","templated":true}]}}