{"id":294,"date":"2011-05-02T14:13:55","date_gmt":"2011-05-02T14:13:55","guid":{"rendered":"http:\/\/www.pagodethienminh.fr\/?page_id=294"},"modified":"2012-08-05T12:50:00","modified_gmt":"2012-08-05T12:50:00","slug":"1-ceremonie-dintronisation","status":"publish","type":"page","link":"https:\/\/www.pagodethienminh.fr\/?page_id=294","title":{"rendered":"Rituel des Statues &#8211; 2008"},"content":{"rendered":"<p style=\"text-align: justify;\"><strong>Ao\u00fbt 2008<\/strong> : L\u1ec3 An v\u1ecb Ph\u1eadt &#8211; C\u00e9r\u00e9monie d&#8217;intronisation des statues<br \/>\nCe rituel de b\u00e9n\u00e9diction sur les Statues et les objets sacr\u00e9s se r\u00e9alisent dans le lieu o\u00f9 ils sont install\u00e9s. Les V\u00e9n\u00e9rables peuvent aussi venir chez les particuliers pour b\u00e9nir le lieu et les autels. Pour la pagode, c&#8217;est fin Ao\u00fbt 2008 que les autels des Bouddhas, des d\u00e9funts et les instruments de c\u00e9r\u00e9monie ont re\u00e7u une \u00e9nergie de b\u00e9n\u00e9diction par les Grands V\u00e9n\u00e9rables du monde d&#8217;entier. Ce rituel a dur\u00e9 trois jours et il a \u00e9t\u00e9 suivi d&#8217;une jour de rituel de compassion pour les esprits par la pratique de l&#8217;offrande.<\/p>\n<p><strong>C\u00e9r\u00e9monie d&#8217;intronisation des Statues<\/strong> &#8211; <strong>An Vi Phat 2008 partie 01<\/strong><br \/>\n<iframe loading=\"lazy\" width=\"1030\" height=\"579\" src=\"https:\/\/www.youtube.com\/embed\/C4tbNRkwaiA?feature=oembed\" frameborder=\"0\" allowfullscreen><\/iframe><\/p>\n<p><strong>C\u00e9r\u00e9monie d&#8217;intronisation des Statues<\/strong> &#8211; <strong>An Vi Phat 2008 partie 02<\/strong><br \/>\n<iframe loading=\"lazy\" width=\"1030\" height=\"579\" src=\"https:\/\/www.youtube.com\/embed\/nFdPICLVynE?feature=oembed\" frameborder=\"0\" allowfullscreen><\/iframe><\/p>\n<p><strong>C\u00e9r\u00e9monie d&#8217;intronisation des Statues<\/strong> &#8211; <strong>An Vi Phat 2008 partie 03<\/strong><br \/>\n<iframe loading=\"lazy\" width=\"1030\" height=\"579\" src=\"https:\/\/www.youtube.com\/embed\/X7mp9GEeEXI?feature=oembed\" frameborder=\"0\" allowfullscreen><\/iframe><\/p>\n<p><strong>C\u00e9r\u00e9monie d&#8217;intronisation des Statues<\/strong> &#8211; <strong>An Vi Phat 2008 partie 04<\/strong><br \/>\n<iframe loading=\"lazy\" width=\"1030\" height=\"579\" src=\"https:\/\/www.youtube.com\/embed\/vGH9mCui-24?feature=oembed\" frameborder=\"0\" allowfullscreen><\/iframe><\/p>\n<p><strong>C\u00e9r\u00e9monie d&#8217;intronisation des Statues<\/strong> &#8211; <strong>An Vi Phat 2008 partie 05<\/strong><br \/>\n<iframe loading=\"lazy\" width=\"1030\" height=\"579\" src=\"https:\/\/www.youtube.com\/embed\/UVcVvo1dV0Q?feature=oembed\" frameborder=\"0\" allowfullscreen><\/iframe><\/p>\n<p><strong>C\u00e9r\u00e9monie d&#8217;intronisation des Statues<\/strong> &#8211; <strong>An Vi Phat 2008 partie 06<\/strong><br \/>\n<iframe loading=\"lazy\" width=\"1030\" height=\"579\" src=\"https:\/\/www.youtube.com\/embed\/ZQta_2z-syM?feature=oembed\" frameborder=\"0\" allowfullscreen><\/iframe><\/p>\n<p><strong>C\u00e9r\u00e9monie d&#8217;intronisation des Statues<\/strong> &#8211; <strong>An Vi Phat 2008 partie 07<\/strong><br \/>\n<iframe loading=\"lazy\" width=\"1030\" height=\"579\" src=\"https:\/\/www.youtube.com\/embed\/cbMk6itswhg?feature=oembed\" frameborder=\"0\" allowfullscreen><\/iframe><\/p>\n","protected":false},"excerpt":{"rendered":"<p>Ao\u00fbt 2008 : L\u1ec3 An v\u1ecb Ph\u1eadt &#8211; C\u00e9r\u00e9monie d&#8217;intronisation des statues Ce rituel de b\u00e9n\u00e9diction sur les Statues et les objets sacr\u00e9s se r\u00e9alisent \u2026 <a class=\"continue-reading-link\" href=\"https:\/\/www.pagodethienminh.fr\/?page_id=294\">Continue \u00e0 lire <span class=\"meta-nav\">&rarr; <\/span><\/a><\/p>\n","protected":false},"author":1,"featured_media":0,"parent":2610,"menu_order":3,"comment_status":"closed","ping_status":"closed","template":"","meta":{"_mc_calendar":[],"footnotes":""},"class_list":["post-294","page","type-page","status-publish","hentry"],"_links":{"self":[{"href":"https:\/\/www.pagodethienminh.fr\/index.php?rest_route=\/wp\/v2\/pages\/294","targetHints":{"allow":["GET"]}}],"collection":[{"href":"https:\/\/www.pagodethienminh.fr\/index.php?rest_route=\/wp\/v2\/pages"}],"about":[{"href":"https:\/\/www.pagodethienminh.fr\/index.php?rest_route=\/wp\/v2\/types\/page"}],"author":[{"embeddable":true,"href":"https:\/\/www.pagodethienminh.fr\/index.php?rest_route=\/wp\/v2\/users\/1"}],"replies":[{"embeddable":true,"href":"https:\/\/www.pagodethienminh.fr\/index.php?rest_route=%2Fwp%2Fv2%2Fcomments&post=294"}],"version-history":[{"count":14,"href":"https:\/\/www.pagodethienminh.fr\/index.php?rest_route=\/wp\/v2\/pages\/294\/revisions"}],"predecessor-version":[{"id":2618,"href":"https:\/\/www.pagodethienminh.fr\/index.php?rest_route=\/wp\/v2\/pages\/294\/revisions\/2618"}],"up":[{"embeddable":true,"href":"https:\/\/www.pagodethienminh.fr\/index.php?rest_route=\/wp\/v2\/pages\/2610"}],"wp:attachment":[{"href":"https:\/\/www.pagodethienminh.fr\/index.php?rest_route=%2Fwp%2Fv2%2Fmedia&parent=294"}],"curies":[{"name":"wp","href":"https:\/\/api.w.org\/{rel}","templated":true}]}}