{"id":284,"date":"2011-05-02T14:08:20","date_gmt":"2011-05-02T14:08:20","guid":{"rendered":"http:\/\/www.pagodethienminh.fr\/?page_id=284"},"modified":"2017-06-10T09:47:14","modified_gmt":"2017-06-10T09:47:14","slug":"6-om-mani-peme-hung","status":"publish","type":"page","link":"https:\/\/www.pagodethienminh.fr\/?page_id=284","title":{"rendered":"OM MANI PEME HUNG"},"content":{"rendered":"<p style=\"text-align: center;\"><em>P\u00e9ma Karpo ( 1527-1592 ) dont l&#8217;oeuvre pour le bien des \u00eatres est immense, est sans doute le plus connu des Drukchen , hi\u00e9rarques de la lign\u00e9e Drukpa Kagyu<\/em><\/p>\n<p style=\"text-align: center;\"><em>Les bienfaits du mantra OM MANI PEME HUNG<br \/>\n<\/em><\/p>\n<p style=\"text-align: center;\"><strong>Hommage \u00e0 Avalokitesvara, Bodhisattva de la Compassion<\/strong><\/p>\n<p style=\"text-align: center;\"><img decoding=\"async\" src=\"https:\/\/www.hoavouu.com\/images\/file\/ScHnWmYx0QgBAEgA\/avalokiteshvara.jpg\" alt=\"R\u00e9sultat de recherche d'images pour &quot;avalokiteshvara&quot;\" \/><\/p>\n<p style=\"text-align: justify;\">Si vous voulez pacifier les douleurs des trois sph\u00e8res du\u00a0sams\u00e2ra\u00a0(Sph\u00e8re c\u00e9leste, sph\u00e8re terrestre, sph\u00e8re infernale)<\/p>\n<p style=\"text-align: justify;\">Prenez refuge du fond du c\u0153ur en\u00a0<strong>Avalokitesvara<\/strong>,<br \/>\nL&#8217;ami aimant de tous les \u00eatres innombrables et,<br \/>\nL&#8217;esprit concentr\u00e9, r\u00e9citez les six syllabes, \u00eatres avis\u00e9s.<\/p>\n<p style=\"text-align: justify;\">Dans cette \u00e9poque r\u00e9siduelle, cette vie est semblable \u00e0 un soleil d&#8217;hiver :<br \/>\nMais puisque, sans tarder, elle sera en un instant d\u00e9truite,<br \/>\nNe restez pas par paresse, indolents et inactifs ;<br \/>\nR\u00e9citez avec \u00e9nergie, toute votre vie, les six syllabes.<\/p>\n<p style=\"text-align: justify;\">La plupart des \u00eatres, malgr\u00e9 le caract\u00e8re impr\u00e9visible de la mort,<br \/>\nGardent toujours l&#8217;espoir d&#8217;une permanence. Mais qui a le temps ?<br \/>\nPar cons\u00e9quent, sans notion de jour ou de nuit, par cette bouche,<br \/>\nR\u00e9citez clairement les six syllabes, \u00eatres avis\u00e9s.<\/p>\n<p style=\"text-align: justify;\">S&#8217;engager dans les activit\u00e9s mondaines de cette vie n&#8217;est pas b\u00e9n\u00e9fique :<br \/>\nCe qui est assur\u00e9ment b\u00e9n\u00e9fique et juste, c&#8217;est de s&#8217;appliquer au Saint Dharma.<br \/>\nDu fond du c\u0153ur, pensez au seigneur de la mort<br \/>\nEt appliquez vous aux six syllabes, le c\u0153ur du dharma.<\/p>\n<p style=\"text-align: justify;\">Le bonheur et la qui\u00e9tude sont le fruit de la vertu.<br \/>\nLes actes nuisibles engendrent uniquement de la souffrance.<br \/>\nPrenez donc garde, ne vous embourbez pas dans les mar\u00e9cages,<br \/>\nEfforcez-vous dans les &#8220;mani&#8221;, le pur dharma.<\/p>\n<p style=\"text-align: justify;\">Tout de qui est excellent aujourd&#8217;hui est le fruit du m\u00e9rite accumul\u00e9 par avant.<br \/>\nSi maintenant vous ne produisez pas la cause de\u00a0 bonheurs futurs,<br \/>\nOu que vous naissiez, vous ne jouirez d&#8217;aucune libert\u00e9.<br \/>\nSinc\u00e8rement, int\u00e9grez en votre esprit ces six syllabes, \u00eatres avis\u00e9s.<\/p>\n<p style=\"text-align: justify;\">Les bonheurs et les souffrances sont impermanents, par nature non-stables ;<br \/>\nCelui qui sait cela, mais n&#8217;y accorde aucune attention,<br \/>\nEst un orgueilleux qui d\u00e9sire un bien-\u00eatre passager et la pr\u00e9pond\u00e9rance.<br \/>\nCet homme s&#8217;abuse lui-m\u00eame, Maniwa.<\/p>\n<p style=\"text-align: justify;\">Toute action altruiste est la source de nos qualit\u00e9s.<br \/>\nCeux qui pratiquent pour leur bien propre n&#8217;y pensent certainement pas.<br \/>\nEt quelle tristesse qu&#8217;ils soient si nombreux en ces temps d\u00e9g\u00e9n\u00e9r\u00e9s.<br \/>\nAppliquez-vous assid\u00fbment aux &#8220;mani&#8221;, sans erreur.<\/p>\n<p style=\"text-align: justify;\">Un Dharma d\u00e9cevant de bavardage ne discipline pas l&#8217;esprit,<br \/>\nCette m\u00e9ditation stupide, cette superficialit\u00e9 est une grande erreur.<br \/>\nLe dharma d&#8217;un grand b\u00e9n\u00e9fice fut \u00e9nonc\u00e9 par le bouddha :<br \/>\n&#8221; Les six syllabes sont vraiment le guide &#8220;.<\/p>\n","protected":false},"excerpt":{"rendered":"<p>P\u00e9ma Karpo ( 1527-1592 ) dont l&#8217;oeuvre pour le bien des \u00eatres est immense, est sans doute le plus connu des Drukchen , hi\u00e9rarques de \u2026 <a class=\"continue-reading-link\" href=\"https:\/\/www.pagodethienminh.fr\/?page_id=284\">Continue \u00e0 lire <span class=\"meta-nav\">&rarr; <\/span><\/a><\/p>\n","protected":false},"author":1,"featured_media":0,"parent":832,"menu_order":5,"comment_status":"closed","ping_status":"closed","template":"template-onecolumn.php","meta":{"_mc_calendar":[],"footnotes":""},"class_list":["post-284","page","type-page","status-publish","hentry"],"_links":{"self":[{"href":"https:\/\/www.pagodethienminh.fr\/index.php?rest_route=\/wp\/v2\/pages\/284","targetHints":{"allow":["GET"]}}],"collection":[{"href":"https:\/\/www.pagodethienminh.fr\/index.php?rest_route=\/wp\/v2\/pages"}],"about":[{"href":"https:\/\/www.pagodethienminh.fr\/index.php?rest_route=\/wp\/v2\/types\/page"}],"author":[{"embeddable":true,"href":"https:\/\/www.pagodethienminh.fr\/index.php?rest_route=\/wp\/v2\/users\/1"}],"replies":[{"embeddable":true,"href":"https:\/\/www.pagodethienminh.fr\/index.php?rest_route=%2Fwp%2Fv2%2Fcomments&post=284"}],"version-history":[{"count":7,"href":"https:\/\/www.pagodethienminh.fr\/index.php?rest_route=\/wp\/v2\/pages\/284\/revisions"}],"predecessor-version":[{"id":5885,"href":"https:\/\/www.pagodethienminh.fr\/index.php?rest_route=\/wp\/v2\/pages\/284\/revisions\/5885"}],"up":[{"embeddable":true,"href":"https:\/\/www.pagodethienminh.fr\/index.php?rest_route=\/wp\/v2\/pages\/832"}],"wp:attachment":[{"href":"https:\/\/www.pagodethienminh.fr\/index.php?rest_route=%2Fwp%2Fv2%2Fmedia&parent=284"}],"curies":[{"name":"wp","href":"https:\/\/api.w.org\/{rel}","templated":true}]}}