{"id":2833,"date":"2012-09-27T08:53:27","date_gmt":"2012-09-27T08:53:27","guid":{"rendered":"http:\/\/www.pagodethienminh.fr\/?page_id=2833"},"modified":"2013-03-13T15:02:15","modified_gmt":"2013-03-13T15:02:15","slug":"chuong-trinh-tu-hoc-nganh-dong-bac-tung-bay","status":"publish","type":"page","link":"https:\/\/www.pagodethienminh.fr\/?page_id=2833","title":{"rendered":"Ch\u01b0\u01a1ng tr\u00ecnh tu h\u1ecdc ng\u00e0nh \u0110\u1ed3ng: B\u1eadc Tung Bay"},"content":{"rendered":"<div id=\"imghome\" style=\"text-align: justify;\"><a title=\"\" href=\"http:\/\/giadinhphattu.vn\/uploads\/news\/2008_01\/1199340595.nv.jpg\" rel=\"shadowbox\"><img decoding=\"async\" src=\"http:\/\/giadinhphattu.vn\/uploads\/news\/2008_01\/1199340595.nv.jpg\" alt=\"Ch\u01b0\u01a1ng tr\u00ecnh tu h\u1ecdc ng\u00e0nh \u0110\u1ed3ng: B\u1eadc Tung Bay\" width=\"200px\" \/><\/a>&nbsp;<\/p>\n<\/div>\n<p style=\"text-align: justify;\">Theo ch\u01b0\u01a1ng tr\u00ecnh tu h\u1ecdc \u0111\u01b0\u1ee3c tu ch\u1ec9nh t\u1ea1i H\u1ed9i ngh\u1ecb \u0110\u1ea1i bi\u1ec3u Huynh Tr\u01b0\u1edfng G\u0110PT Vi\u1ec7t Nam t\u1eeb ng\u00e0y 11 \u0111\u1ebfn 14\/08\/2006 t\u1ea1i V\u0103n ph\u00f2ng 2 Trung \u01af\u01a1ng GHPGVN, Thi\u1ec1n vi\u1ec7n Qu\u1ea3ng \u0110\u1ee9c v\u00e0 T\u1ed5 \u0111\u00ecnh V\u0129nh Nghi\u00eam.<\/p>\n<div style=\"text-align: justify;\">A. Ph\u1eadt ph\u00e1p &#8211; Tinh th\u1ea7n &#8211; L\u1ecbch s\u1eed<br \/>\n(9 \u0111\u1ec1 t\u00e0i xuy\u00ean su\u1ed1t cho 4 b\u1eadc ng\u00e0nh \u0110\u1ed3ng)<br \/>\n1. L\u1ecbch s\u1eed \u0110\u1ee9c Ph\u1eadt Th\u00edch Ca<br \/>\n2. Ch\u00e2m ng\u00f4n &#8211; Lu\u1eadt &#8211; Kh\u1ea9u hi\u1ec7u c\u1ee7a \u0110o\u00e0n<br \/>\n3. \u00dd ngh\u0129a huy hi\u1ec7u Hoa Sen G\u0110PT<br \/>\n4. M\u1ee5c \u0111\u00edch v\u00e0 l\u01b0\u1ee3c s\u1eed G\u0110PT<br \/>\n5. C\u00e1ch ch\u00e0o k\u00ednh trong G\u0110PT<br \/>\n6. \u0102n chay<br \/>\n7. L\u1ea1y Ph\u1eadt &#8211; Ni\u1ec7m Ph\u1eadt<br \/>\n8. L\u00e0m vi\u1ec7c thi\u1ec7n<br \/>\n9. Ch\u00e1nh ni\u1ec7m (Th\u1ef1c h\u00e0nh ch\u00e1nh ni\u1ec7m theo s\u00e1ch: T\u00ecm v\u00e0o th\u1ef1c t\u1ea1i)<br \/>\n10. N\u0103m h\u1ea1nh c\u1ee7a ng\u01b0\u1eddi Ph\u1eadt t\u1eed<br \/>\n11. S\u00e1u ph\u00e9p h\u00f2a k\u00ednh<br \/>\n12. Hi\u1ec3u kh\u00e1i qu\u00e1t v\u1ec1 5 gi\u1edbi c\u1ea5m<br \/>\n13. Thi\u1ebft tr\u00ed b\u00e0n Ph\u1eadt<br \/>\n14. T\u1ee9 nhi\u1ebfp ph\u00e1p (Kh\u00e1i qu\u00e1t)<br \/>\n15. C\u00e1c Th\u00e1nh T\u1eed \u0110\u1ea1o t\u1ea1i \u0110\u00e0i ph\u00e1t thanh Hu\u1ebf n\u0103m 1963<br \/>\n16. Chuy\u1ec7n ti\u1ec1n th\u00e2n &#8211; m\u1eabu chuy\u1ec7n \u0110\u1ea1o:<br \/>\n&#8211; Ng\u01b0\u1eddi \u0110\u1ea1o s\u0129 ch\u00ed hi\u1ebfu<br \/>\n&#8211; Con kh\u1ec9 nh\u00e2n t\u1eeb<br \/>\n&#8211; K\u00ednh tr\u1ecdng ng\u01b0\u1eddi gi\u00e0.<\/p>\n<p>B. Ho\u1ea1t \u0111\u1ed9ng thanh ni\u00ean v\u00e0 x\u00e3 h\u1ed9i<br \/>\n1. Gi\u00fap \u0111\u1ee1 \u00d4ng B\u00e0, Cha M\u1eb9<br \/>\n2. Th\u01b0\u01a1ng y\u00eau \u0111\u1ed3ng b\u00e0o, y\u00eau qu\u00ea h\u01b0\u01a1ng<br \/>\n3. T\u00f4n tr\u1ecdng t\u00e0i s\u1ea3n c\u1ee7a ng\u01b0\u1eddi kh\u00e1c<br \/>\n4. Ch\u0103m ch\u1ec9 h\u1ecdc t\u1eadp t\u1ed1t<br \/>\n5. Kh\u00f4ng ch\u01a1i c\u00e1c tr\u00f2 ch\u01a1i nguy hi\u1ec3m, xem phim \u1ea3nh thi\u1ebfu l\u00e0nh m\u1ea1nh<br \/>\n6. G\u00fat gh\u1ebf k\u00e9p, gh\u1ebf Anh, ng\u1ea1nh tr\u00ea, c\u1eb3ng ng\u1ed7ng<br \/>\n7. Hi\u1ec7u l\u1ec7nh t\u1eadp h\u1ee3p: H\u00ecnh ch\u1eef nh\u1eadt, nhi\u1ec1u h\u00e0ng d\u1ecdc<br \/>\n8. Truy\u1ec1n tin b\u1eb1ng c\u1edd, v\u00e0i t\u00edn hi\u1ec7u c\u1ea7n d\u00f9ng: B\u1eaft \u0111\u1ea7u g\u1ecdi, s\u1eb5n s\u00e0ng, h\u1ebft tin, l\u1eb7p l\u1ea1i<br \/>\n9. C\u00e1c d\u1ea5u: R\u1ebd ph\u1ea3i, r\u1ebd tr\u00e1i, m\u1eadt th\u01b0 \u1edf \u0111\u00e2y, n\u01b0\u1edbc u\u1ed1ng \u0111\u01b0\u1ee3c, n\u01b0\u1edbc \u0111\u1ed9c, tr\u1ea1i ph\u00eda n\u1ea7y<br \/>\n10. M\u1eadt th\u01b0 (d\u00f9ng ch\u1eef, s\u1ed1 thay k\u00fd hi\u1ec7u Morse)<br \/>\n11. Th\u00f3i quen \u0111\u1ed9i m\u0169 b\u1ea3o hi\u1ec3m khi ng\u1ed3i tr\u00ean xe g\u1eafn m\u00e1y<br \/>\n12. Kh\u00f4ng \u0111i xe \u0111\u1ea1p h\u00e0ng hai, h\u00e0ng ba, l\u1ea1ng l\u00e1ch<br \/>\n13. C\u00e1c bi\u1ec3n b\u00e1o: \u0110\u01b0\u1eddng giao nhau, n\u01a1i c\u00f3 tr\u1ebb em, tr\u01b0\u1eddng h\u1ecdc, b\u1ec7nh vi\u1ec7n; d\u00e0nh cho ng\u01b0\u1eddi \u0111i xe \u0111\u1ea1p, \u0111i theo v\u00f2ng xuy\u1ebfn<br \/>\n14. S\u1ed5 tay tr\u00f2 ch\u01a1i<br \/>\n15. D\u1ef1ng l\u1ec1u cho \u0110\u00e0n (c\u00e1ch th\u1ee9c d\u1ef1ng l\u1ec1u tr\u1ea1i, x\u00e2y t\u1ed5 \u0110\u00e0n)<br \/>\n16. N\u1ea5u b\u1eefa \u0103n cho \u0110\u00e0n khi \u0111i tr\u1ea1i<br \/>\n17. H\u1ed9p c\u1ee9u th\u01b0\u01a1ng c\u1ee7a \u0110\u00e0n<br \/>\n18. R\u1eeda v\u1ebft th\u01b0\u01a1ng, b\u0103ng ng\u00f3n tay, c\u01b0\u1eddm tay, ch\u1eefa say n\u1eafng<br \/>\n19. C\u00e1c \u0111\u1ed9ng t\u00e1c th\u1ec3 d\u1ee5c: Ng\u1ed3i nh\u1ea3y c\u00f3c s\u1ed1 8, nh\u1ea3y nh\u00f3n ch\u00e2n, nh\u1ea3y d\u00e2y, \u0111\u00e1 c\u1ea7u<br \/>\n20. L\u00e0m di\u1ec1u: x\u1ebfp gi\u1ea5y con v\u1eadt<br \/>\n21. Ch\u0103m s\u00f3c, nh\u1eafc nh\u1edf h\u01b0\u1edbng d\u1eabn b\u1ea1n trong \u0110o\u00e0n \u0111i sinh ho\u1ea1t chuy\u00ean c\u1ea7n<br \/>\n22. Bi\u1ebft s\u1eed d\u1ee5ng vi t\u00ednh.<\/p>\n<p>C. V\u0103n ngh\u1ec7<br \/>\n1. Bi\u1ebft m\u1ed9t s\u1ed1 ca dao, t\u1ee5c ng\u1eef ca ng\u1ee3i \u0110\u1ea1o ph\u00e1p, qu\u00ea h\u01b0\u01a1ng, \u0111\u1ea5t n\u01b0\u1edbc, d\u00e2n t\u1ed9c, thi\u00ean nhi\u00ean<br \/>\n2. Vi\u1ebft t\u01b0\u1eddng thu\u1eadt, l\u00e0m th\u01a1 v\u1ec1 sinh ho\u1ea1t \u0110o\u00e0n, c\u1eafm tr\u1ea1i, du ngo\u1ea1n &#8211; C\u00e2u \u0111\u1ed1<br \/>\n3. Bi\u1ebft th\u00eam \u00edt nh\u1ea5t 2 chuy\u1ec7n c\u1ed5 t\u00edch d\u00e2n gian (ngo\u00e0i c\u00e1c chuy\u1ec7n \u0111\u00e3 h\u1ecdc \u1edf 3 b\u1eadc tr\u01b0\u1edbc)<br \/>\n4. Em quan s\u00e1t \u1ea3nh t\u01b0\u1ee3ng Ph\u1eadt v\u00e0 B\u1ed3 T\u00e1t<br \/>\n5. K\u1ebb ch\u1eef in, c\u1eaft d\u00e1n kh\u1ea9u hi\u1ec7u \u0111\u01a1n gi\u1ea3n (N\u1eef t\u1eadp th\u00eau Hoa Sen, b\u1ea3ng t\u00ean, gia \u0111\u00ecnh hi\u1ec7u, hoa h\u1ed3ng)<br \/>\n6. N\u00e2ng cao k\u1ef9 n\u0103ng \u0111\u1ecdc nh\u1ea1c<br \/>\n7. Bi\u1ebft th\u00eam 5 b\u00e0i h\u00e1t sinh ho\u1ea1t G\u0110PT<\/p><\/div>\n","protected":false},"excerpt":{"rendered":"<p>&nbsp; Theo ch\u01b0\u01a1ng tr\u00ecnh tu h\u1ecdc \u0111\u01b0\u1ee3c tu ch\u1ec9nh t\u1ea1i H\u1ed9i ngh\u1ecb \u0110\u1ea1i bi\u1ec3u Huynh Tr\u01b0\u1edfng G\u0110PT Vi\u1ec7t Nam t\u1eeb ng\u00e0y 11 \u0111\u1ebfn 14\/08\/2006 t\u1ea1i \u2026 <a class=\"continue-reading-link\" href=\"https:\/\/www.pagodethienminh.fr\/?page_id=2833\">Continue \u00e0 lire <span class=\"meta-nav\">&rarr; <\/span><\/a><\/p>\n","protected":false},"author":1,"featured_media":0,"parent":114,"menu_order":4,"comment_status":"closed","ping_status":"closed","template":"template-threecolumns-left.php","meta":{"_mc_calendar":[],"footnotes":""},"class_list":["post-2833","page","type-page","status-publish","hentry"],"_links":{"self":[{"href":"https:\/\/www.pagodethienminh.fr\/index.php?rest_route=\/wp\/v2\/pages\/2833","targetHints":{"allow":["GET"]}}],"collection":[{"href":"https:\/\/www.pagodethienminh.fr\/index.php?rest_route=\/wp\/v2\/pages"}],"about":[{"href":"https:\/\/www.pagodethienminh.fr\/index.php?rest_route=\/wp\/v2\/types\/page"}],"author":[{"embeddable":true,"href":"https:\/\/www.pagodethienminh.fr\/index.php?rest_route=\/wp\/v2\/users\/1"}],"replies":[{"embeddable":true,"href":"https:\/\/www.pagodethienminh.fr\/index.php?rest_route=%2Fwp%2Fv2%2Fcomments&post=2833"}],"version-history":[{"count":2,"href":"https:\/\/www.pagodethienminh.fr\/index.php?rest_route=\/wp\/v2\/pages\/2833\/revisions"}],"predecessor-version":[{"id":3252,"href":"https:\/\/www.pagodethienminh.fr\/index.php?rest_route=\/wp\/v2\/pages\/2833\/revisions\/3252"}],"up":[{"embeddable":true,"href":"https:\/\/www.pagodethienminh.fr\/index.php?rest_route=\/wp\/v2\/pages\/114"}],"wp:attachment":[{"href":"https:\/\/www.pagodethienminh.fr\/index.php?rest_route=%2Fwp%2Fv2%2Fmedia&parent=2833"}],"curies":[{"name":"wp","href":"https:\/\/api.w.org\/{rel}","templated":true}]}}