{"id":2828,"date":"2012-09-27T08:51:14","date_gmt":"2012-09-27T08:51:14","guid":{"rendered":"http:\/\/www.pagodethienminh.fr\/?page_id=2828"},"modified":"2013-03-13T15:02:07","modified_gmt":"2013-03-13T15:02:07","slug":"chuong-trinh-tu-hoc-nganh-dong-bac-canh-mem","status":"publish","type":"page","link":"https:\/\/www.pagodethienminh.fr\/?page_id=2828","title":{"rendered":"Ch\u01b0\u01a1ng tr\u00ecnh tu h\u1ecdc ng\u00e0nh \u0110\u1ed3ng: B\u1eadc C\u00e1nh M\u1ec1m"},"content":{"rendered":"<div id=\"imghome\" style=\"text-align: justify;\"><a title=\"\" href=\"http:\/\/giadinhphattu.vn\/uploads\/news\/2008_01\/1199340375.nv.jpg\" rel=\"shadowbox\"><img decoding=\"async\" src=\"http:\/\/giadinhphattu.vn\/uploads\/news\/2008_01\/1199340375.nv.jpg\" alt=\"Ch\u01b0\u01a1ng tr\u00ecnh tu h\u1ecdc ng\u00e0nh \u0110\u1ed3ng: B\u1eadc C\u00e1nh M\u1ec1m\" width=\"200px\" \/><\/a>&nbsp;<\/p>\n<\/div>\n<p style=\"text-align: justify;\">Theo ch\u01b0\u01a1ng tr\u00ecnh tu h\u1ecdc \u0111\u01b0\u1ee3c tu ch\u1ec9nh t\u1ea1i H\u1ed9i ngh\u1ecb \u0110\u1ea1i bi\u1ec3u Huynh Tr\u01b0\u1edfng G\u0110PT Vi\u1ec7t Nam t\u1eeb ng\u00e0y 11 \u0111\u1ebfn 14\/08\/2006 t\u1ea1i V\u0103n ph\u00f2ng 2 Trung \u01af\u01a1ng GHPGVN, Thi\u1ec1n vi\u1ec7n Qu\u1ea3ng \u0110\u1ee9c v\u00e0 T\u1ed5 \u0111\u00ecnh V\u0129nh Nghi\u00eam.<\/p>\n<div style=\"text-align: justify;\">A. Ph\u1eadt ph\u00e1p &#8211; Tinh th\u1ea7n &#8211; L\u1ecbch s\u1eed<br \/>\n(9 \u0111\u1ec1 t\u00e0i xuy\u00ean su\u1ed1t cho 4 b\u1eadc ng\u00e0nh \u0110\u1ed3ng)<br \/>\n1. L\u1ecbch s\u1eed \u0110\u1ee9c Ph\u1eadt Th\u00edch Ca<br \/>\n2. Ch\u00e2m ng\u00f4n &#8211; Lu\u1eadt &#8211; Kh\u1ea9u hi\u1ec7u c\u1ee7a \u0110o\u00e0n<br \/>\n3. \u00dd ngh\u0129a huy hi\u1ec7u Hoa Sen G\u0110PT<br \/>\n4. M\u1ee5c \u0111\u00edch v\u00e0 l\u01b0\u1ee3c s\u1eed G\u0110PT<br \/>\n5. C\u00e1ch ch\u00e0o k\u00ednh trong G\u0110PT<br \/>\n6. \u0102n chay<br \/>\n7. L\u1ea1y Ph\u1eadt &#8211; Ni\u1ec7m Ph\u1eadt<br \/>\n8. L\u00e0m vi\u1ec7c thi\u1ec7n<br \/>\n9. Ch\u00e1nh ni\u1ec7m (Th\u1ef1c h\u00e0nh ch\u00e1nh ni\u1ec7m theo s\u00e1ch: T\u00ecm v\u00e0o th\u1ef1c t\u1ea1i)<br \/>\n10. Tam B\u1ea3o &#8211; Quy y Tam B\u1ea3o<br \/>\n11. Gi\u1eef g\u00ecn kinh s\u00e1ch<br \/>\n12. C\u00e1c m\u1eabu chuy\u1ec7n \u0110\u1ea1o, chuy\u1ec7n ti\u1ec1n th\u00e2n:<br \/>\n&#8211; Ho\u00e0ng t\u1eed nh\u1eabn nh\u1ee5c<br \/>\n&#8211; Con th\u1ecf m\u1ebfn \u0110\u1ea1o<br \/>\n&#8211; Ng\u01b0\u1eddi l\u00e0nh hi\u1ebfm c\u00f3.<\/p>\n<p>B. Ho\u1ea1t \u0111\u1ed9ng thanh ni\u00ean v\u00e0 x\u00e3 h\u1ed9i<br \/>\n1. Em th\u1ef1c hi\u1ec7n lu\u1eadt c\u1ee7a \u0110o\u00e0n trong gia \u0111\u00ecnh v\u00e0 ngo\u00e0i x\u00e3 h\u1ed9i<br \/>\n2. Em h\u00f2a \u0111\u1ed3ng v\u00e0 gi\u00fap \u0111\u1ee1 b\u1ea1n &#8211; Em si\u00eang n\u0103ng h\u1ecdc t\u1eadp &#8211; Em si\u00eang n\u0103ng l\u00e0m vi\u1ec7c thi\u1ec7n<br \/>\n3. Em l\u1ec5 ph\u00e9p v\u00e0 bi\u1ebft \u01a1n th\u1ea7y c\u00f4 gi\u00e1o<br \/>\n4. Em k\u00ednh tr\u1ecdng v\u00e0 l\u1ec5 ph\u00e9p v\u1edbi ng\u01b0\u1eddi l\u1edbn<br \/>\n5. T\u1eadp h\u1ecdp h\u00e0ng ngang, h\u00ecnh ch\u1eef U<br \/>\n6. Hi\u1ec3u d\u1ea5u hi\u1ec7u gi\u1ea3i t\u00e1n<br \/>\n7. G\u00fat d\u1ec7t \u0111\u01a1n, quai ch\u00e8o, s\u1ed1 8, k\u1ebb ch\u00e0i<br \/>\n8. Thu\u1ed9c v\u00e0 th\u1ed5i c\u00f2i, nh\u1eadn \u0111\u01b0\u1ee3c c\u00e1c m\u1eabu t\u1ef1 b\u1eb1ng k\u00fd hi\u1ec7u Morse: E-I-S-H-T-M-O-CH &#8211; A-N-D-U-V-B<br \/>\n9. Vi\u1ebft d\u1ecbch \u0111\u01b0\u1ee3c 1, 2 ki\u1ec3u m\u1eadt th\u01b0 \u0111\u01a1n gi\u1ea3n (k\u00fd hi\u1ec7u Morse c\u00e1c m\u1eabu t\u1ef1, \u0111\u1ed3i n\u00fai&#8230;)<br \/>\n10. C\u00e1c d\u1ea5u: \u0110i ch\u1eadm l\u1ea1i, \u0111i nhanh l\u00ean, tr\u1edf l\u1ea1i, \u0111\u1ebfn \u0111\u00edch<br \/>\n11. \u0110\u1ed9ng t\u00e1c h\u00edt th\u1edf bu\u1ed5i s\u00e1ng &#8211; N\u00e9m b\u1eaft b\u00f3ng &#8211; Nh\u1ea3y d\u00e2y<br \/>\n12. Th\u1ef1c h\u00e0nh \u0111\u00e1nh r\u0103ng, s\u00fac mi\u1ec7ng, qu\u00e9t nh\u00e0<br \/>\n13. Kh\u00f4ng \u0111\u00e1 b\u00f3ng, th\u1ea3 di\u1ec1u, ch\u01a1i \u0111\u00f9a tr\u00ean l\u00f2ng l\u1ec1 \u0111\u01b0\u1eddng<br \/>\n14. C\u00e1c bi\u1ec3n b\u00e1o giao th\u00f4ng: \u0110\u01b0\u1eddng giao nhau v\u1edbi \u0111\u01b0\u1eddng s\u1eaft c\u00f3 r\u00e0o ch\u1eafn<br \/>\n15. L\u00e0m quen v\u1edbi m\u00e1y vi t\u00ednh<br \/>\n16. Bi\u1ebft g\u1ecdi \u0111i\u1ec7n tho\u1ea1i<br \/>\n17. Gi\u1ea3i tr\u00ed v\u1edbi c\u00e1c tr\u00f2 ch\u01a1i \u0111i\u1ec7n t\u1eed l\u00e0nh m\u1ea1nh<br \/>\n18. L\u00e0m b\u01b0\u01a1m b\u01b0\u1edbm gi\u1ea5y, chong chong gi\u1ea5y, qu\u1ea1t gi\u1ea5y&#8230;<br \/>\n19. N\u1eafn \u0111\u1ea5t s\u00e9t c\u00e1c con v\u1eadt g\u1ea7n g\u0169i v\u1edbi c\u00e1c em.<\/p>\n<p>C. V\u0103n ngh\u1ec7<br \/>\n1. Bi\u1ebft m\u1ed9t s\u1ed1 c\u00e2u ca dao v\u1ec1 \u00fd ngh\u0129a c\u00f4ng \u01a1n Cha M\u1eb9<br \/>\n2. Em t\u1eadp v\u1ebd h\u00ecnh chim Oanh V\u0169 b\u1eadc C\u00e1nh m\u1ec1m, c\u00e1i chu\u00f4ng, c\u00e1i m\u00f5, c\u00e2y c\u1ed1i&#8230; v\u00e0 t\u1eadp n\u1eafn b\u1eb1ng \u0111\u1ea5t s\u00e9t<br \/>\n3. Bi\u1ebft khung nh\u1ea1c, ph\u00e1ch, kh\u00f3a Sol&#8230;, t\u1eadp \u0111\u1ecdc nh\u1ea1c<br \/>\n4. \u0110\u00f3ng k\u1ecbch (k\u1ecbch ng\u1eafn di\u1ec5n t\u1ea3 n\u1ed9i dung c\u00e1c b\u00e0i \u0111\u00e3 h\u1ecdc)<br \/>\n5. K\u1ec3 chuy\u1ec7n (di\u1ec5n c\u1ea3m). Chuy\u1ec7n c\u1ed5 t\u00edch d\u00e2n t\u1ed9c: An Ti\u00eam v\u00e0 qu\u1ea3 d\u01b0a h\u1ea5u<br \/>\n6. Bi\u1ebft ph\u00e2n bi\u1ec7t th\u00eam m\u1ed9t v\u00e0i nh\u1ea1c c\u1ee5 th\u00f4ng th\u01b0\u1eddng<br \/>\n7. Bi\u1ebft th\u00eam 5 b\u00e0i h\u00e1t sinh ho\u1ea1t G\u0110PT.<\/p><\/div>\n","protected":false},"excerpt":{"rendered":"<p>&nbsp; Theo ch\u01b0\u01a1ng tr\u00ecnh tu h\u1ecdc \u0111\u01b0\u1ee3c tu ch\u1ec9nh t\u1ea1i H\u1ed9i ngh\u1ecb \u0110\u1ea1i bi\u1ec3u Huynh Tr\u01b0\u1edfng G\u0110PT Vi\u1ec7t Nam t\u1eeb ng\u00e0y 11 \u0111\u1ebfn 14\/08\/2006 t\u1ea1i \u2026 <a class=\"continue-reading-link\" href=\"https:\/\/www.pagodethienminh.fr\/?page_id=2828\">Continue \u00e0 lire <span class=\"meta-nav\">&rarr; <\/span><\/a><\/p>\n","protected":false},"author":1,"featured_media":0,"parent":114,"menu_order":2,"comment_status":"closed","ping_status":"closed","template":"template-onecolumn.php","meta":{"_mc_calendar":[],"footnotes":""},"class_list":["post-2828","page","type-page","status-publish","hentry"],"_links":{"self":[{"href":"https:\/\/www.pagodethienminh.fr\/index.php?rest_route=\/wp\/v2\/pages\/2828","targetHints":{"allow":["GET"]}}],"collection":[{"href":"https:\/\/www.pagodethienminh.fr\/index.php?rest_route=\/wp\/v2\/pages"}],"about":[{"href":"https:\/\/www.pagodethienminh.fr\/index.php?rest_route=\/wp\/v2\/types\/page"}],"author":[{"embeddable":true,"href":"https:\/\/www.pagodethienminh.fr\/index.php?rest_route=\/wp\/v2\/users\/1"}],"replies":[{"embeddable":true,"href":"https:\/\/www.pagodethienminh.fr\/index.php?rest_route=%2Fwp%2Fv2%2Fcomments&post=2828"}],"version-history":[{"count":2,"href":"https:\/\/www.pagodethienminh.fr\/index.php?rest_route=\/wp\/v2\/pages\/2828\/revisions"}],"predecessor-version":[{"id":3250,"href":"https:\/\/www.pagodethienminh.fr\/index.php?rest_route=\/wp\/v2\/pages\/2828\/revisions\/3250"}],"up":[{"embeddable":true,"href":"https:\/\/www.pagodethienminh.fr\/index.php?rest_route=\/wp\/v2\/pages\/114"}],"wp:attachment":[{"href":"https:\/\/www.pagodethienminh.fr\/index.php?rest_route=%2Fwp%2Fv2%2Fmedia&parent=2828"}],"curies":[{"name":"wp","href":"https:\/\/api.w.org\/{rel}","templated":true}]}}