{"id":281,"date":"2011-05-02T14:06:36","date_gmt":"2011-05-02T14:06:36","guid":{"rendered":"http:\/\/www.pagodethienminh.fr\/?page_id=281"},"modified":"2013-03-14T15:38:22","modified_gmt":"2013-03-14T15:38:22","slug":"5-kinh-nhan-qu%e1%ba%a3-ba-d%e1%bb%9di","status":"publish","type":"page","link":"https:\/\/www.pagodethienminh.fr\/?page_id=281","title":{"rendered":"Kinh Nh\u00e2n Qu\u1ea3 Ba \u00d0\u1eddi"},"content":{"rendered":"<h3 style=\"text-align: center;\">Kinh Nh\u00e2n Qu\u1ea3 Ba \u00d0\u1eddi<\/h3>\n<h3 style=\"text-align: center;\">VI\u1ec6T D\u1ecaCH: HT TH\u00cdCH THI\u1ec0N T\u00c2M<\/h3>\n<h3 style=\"text-align: center;\">O0O<\/h3>\n<p style=\"text-align: center;\">\n<p style=\"text-align: justify;\">M\u1ed9t h\u00f4m, T\u00f4n gi\u1ea3 A Nan \u0110\u00e0, \u1edf tr\u00ean h\u1ed9i Linh S\u01a1n c\u00f9ng v\u1edbi m\u1ed9t ng\u00e0n hai tr\u0103m n\u0103m m\u01b0\u01a1i \u0111\u1ea1i T\u1ef3 Kheo c\u00e2u h\u1ed9i. Khi \u1ea5y A Nan \u0110\u00e0 T\u00f4n gi\u1ea3, ch\u1eafp tay \u0111\u1ea3nh l\u1ec5 Ph\u1eadt, nhi\u1ec5u quanh ba v\u00f2ng, r\u1ed3i qu\u1ef3 xu\u1ed1ng th\u01b0a th\u1ec9nh \u0111\u1ee9c B\u1ed5n S\u01b0 Th\u00edch Ca M\u00e2u Ni Th\u1ebf T\u00f4n r\u1eb1ng:<br \/>\nB\u1ea1ch Th\u1ebf T\u00f4n! \u0110\u1ebfn th\u1eddi m\u1ea1t ph\u00e1p, t\u1ea5t c\u1ea3 ch\u00fang sinh \u1edf c\u00f5i Nam Di\u00eam Ph\u00f9 \u0110\u1ec1, nhi\u1ec1u k\u1ebb sinh ni\u1ec7m ch\u1eb3ng l\u00e0nh, kh\u00f4ng k\u00ednh Tam B\u1ea3o, kh\u00f4ng tr\u1ecdng cha m\u1eb9, kh\u00f4ng c\u00f3 tam cang. N\u0103m gi\u1ec1ng r\u1ed1i lo\u1ea1n, ngh\u00e8o kh\u00f3, th\u1ea5p h\u00e8n, s\u00e1u c\u0103n ch\u1eb3ng \u0111\u1ee7, tr\u1ecdn ng\u00e0y s\u00e1t sinh h\u1ea1i m\u1ea1ng cho \u0111\u1ebfn ngh\u00e8o gi\u00e0u sang h\u00e8n kh\u00f4ng \u0111\u1ed3ng nhau. Do nh\u00e2n duy\u00ean q\u1ee7a b\u00e1o g\u00ec khi\u1ebfn n\u00ean nh\u01b0 th\u1ebf? C\u00fai xin \u0111\u1ee9c Th\u1ebf T\u00f4n t\u1eeb bi, v\u00ec ch\u00fang con gi\u1ea3i th\u00edch m\u1ecdi s\u1ef1 vi\u1ec7c. Ph\u1eadt b\u1ea3o A Nan c\u00f9ng c\u00e1c \u0111\u1ea1i \u0111\u1ec7 t\u1eed: ! L\u00e0nh thay ! L\u00e0nh thay ! C\u00e1c \u00f4ng h\u00e3y l\u1eafng nghe! Ta s\u1ebd v\u00ec c\u00e1c \u00f4ng m\u00e0 gi\u1ea3i th\u00edch r\u00e0nh r\u1ebd\u201d. T\u1ea5t c\u1ea3 nam n\u1eef \u1edf th\u1ebf gian gi\u00e0u sang hay ngh\u00e8o h\u00e8n, ch\u1ecbu kh\u1ed5 v\u00f4 c\u00f9ng ho\u1eb7c h\u01b0\u1edfng ph\u01b0\u1edbc v\u00f4 l\u01b0\u1ee3ng \u0111\u1ec1u do nh\u00e2n duy\u00ean t\u1eeb \u0111\u1eddi tr\u01b0\u1edbc m\u00e0 c\u1ea3m q\u1ee7a b\u00e1o. Cho n\u00ean t\u1ea5t c\u1ea3 ch\u00fang sinh, tr\u01b0\u1edbc ph\u1ea3i hi\u1ebfu k\u00ednh cha m\u1eb9, k\u1ebf \u0111\u00f3 ph\u1ea3i tin tr\u1ecdng ng\u00f4i Tam B\u1ea3o, th\u1ee9 ba n\u00ean b\u1ecf gi\u1edbi s\u00e1t m\u00e0 ph\u00f3ng sinh, v\u00e0 th\u1ee9 t\u01b0 c\u1ea7n \u0103n chay b\u1ed1 th\u00ed m\u1edbi c\u00f3 th\u1ec3 gieo gi\u1ed1ng ru\u1ed9ng ph\u01b0\u1edbc v\u1ec1 sau. Ph\u1eadt li\u1ec1n n\u00f3i b\u00e0i k\u1ec7 nh\u00e2n q\u1ee7a r\u1eb1ng:<\/p>\n<p style=\"text-align: justify;\">Gi\u00e0u sang \u0111\u1ec1u b\u1edfi m\u1ea1ng \u0110\u1eddi tr\u01b0\u1edbc c\u00f3 tu nh\u00e2n Ai th\u1ecd tr\u00ec kinh n\u1ea7y, \u0110\u1eddi \u0111\u1eddi h\u01b0\u1edfng ph\u01b0\u1edbc l\u1ed9c. Thi\u1ec7n nam, t\u00edn n\u1eef nghe ta n\u00f3i: Suy nh\u1edb kinh Nh\u00e2n Q\u1ee7a ba \u0111\u1eddi Nh\u00e2n q\u1ee7a ba \u0111\u1eddi vi\u1ec7c ch\u1eb3ng nh\u1ecf, Ph\u1eadt n\u00f3i l\u1eddi Ph\u1eadt ch\u1edb ch\u00ea khinh.<\/p>\n<p style=\"text-align: justify;\">1. \u0110\u1eddi nay l\u00e0m quan do nh\u00e2n g\u00ec? Ki\u1ebfp tr\u01b0\u1edbc v\u00e0ng r\u00f2ng th\u1ebfp t\u01b0\u1ee3ng Ph\u1eadt \u0110\u1eddi nay h\u01b0\u1edfng ph\u01b0\u1edbc b\u1edfi nh\u00e2n x\u01b0a \u0110ai v\u00e0ng, \u00e1o t\u00eda, c\u1ea7u n\u01a1i Ph\u1eadt. V\u00e0ng trang nghi\u00eam Ph\u1eadt, trang nghi\u00eam m\u00ecnh. L\u00e0m \u0111\u1eb9p Nh\u01b0 Lai, \u0111\u1eb9p t\u1eeb th\u00e2n. \u0110\u1eebng b\u1ea3o l\u00e0m quan l\u00e0 chuy\u1ec7n d\u1ec5, Kh\u00f4ng tu ph\u01b0\u1edbc \u1ea5y \u0111\u1ebfn t\u1eeb \u0111\u00e2u?<\/p>\n<p style=\"text-align: justify;\">2. C\u01b0\u1ee1i ng\u1ef1a, ng\u1ed3i ki\u1ec7u do nh\u00e2n g\u00ec? Ki\u1ebfp tr\u01b0\u1edbc l\u00e0m c\u1ea7u, b\u1ed3i \u0111\u1eafp l\u1ed9.<\/p>\n<p style=\"text-align: justify;\">3. Do nh\u00e2n duy\u00ean g\u00ec m\u1eb7c g\u1ea5m v\u00f3c? \u0110\u1eddi tr\u01b0\u1edbc th\u00ed \u00e1o gi\u00fap T\u0103ng Ni.<\/p>\n<p style=\"text-align: justify;\">4. C\u00f3 \u0103n, c\u00f3 m\u1eb7c do nh\u00e2n g\u00ec? X\u01b0a gi\u00fap k\u1ebb ngh\u00e8o cho \u0103n u\u1ed1ng.<\/p>\n<p style=\"text-align: justify;\">5. \u0102n m\u1eb7c thi\u1ebfu th\u1ed1n b\u1edfi nh\u00e2n chi? Ki\u1ebfp tr\u01b0\u1edbc m\u1ed9t n\u1eeda kh\u00f4ng x\u1ea3 th\u00ed.<\/p>\n<p style=\"text-align: justify;\">6. L\u1ea7u cao nh\u00e0 l\u1edbn do nh\u00e2n g\u00ec? X\u01b0a l\u00ean ch\u00f9a am c\u00fang th\u00ed g\u1ea1o.<\/p>\n<p style=\"text-align: justify;\">7. Ph\u01b0\u1edbc l\u1ed9c \u0111\u1ea7y \u0111\u1ee7 cho nh\u00e2n g\u00ec? X\u01b0a l\u1eadp ch\u00f9a am c\u1ea5t nh\u00e0 m\u00e1t (1)<\/p>\n<p style=\"text-align: justify;\">8. T\u01b0\u1edbng m\u1ea1o xinh \u0111\u1eb9p do nh\u00e2n g\u00ec? \u0110\u1eddi tr\u01b0\u1edbc hoa t\u01b0\u01a1i c\u00fang d\u01b0\u1eddng Ph\u1eadt.<\/p>\n<p style=\"text-align: justify;\">9. Th\u00f4ng minh tr\u00ed tu\u1ec7 do nh\u00e2n g\u00ec? Ki\u1ebfp tr\u01b0\u1edbc \u0103n chay, th\u01b0\u1eddng ni\u1ec7m Ph\u1eadt.<\/p>\n<p style=\"text-align: justify;\">10. Ng\u01b0\u1eddi th\u1ea5y vui m\u1eebng do nh\u00e2n g\u00ec? X\u01b0a k\u1ebft duy\u00ean l\u00e0nh c\u00f9ng \u0111\u1ea1i ch\u00fang.<\/p>\n<p style=\"text-align: justify;\">11. Ch\u1ed3ng v\u1ee3 b\u1ec1n l\u00e2u do nh\u00e2n g\u00ec? \u0110\u1eddi tr\u01b0\u1edbc tr\u00e0ng phan nghi\u00eam c\u00fang Ph\u1eadt.<\/p>\n<p style=\"text-align: justify;\">12. Cha m\u1eb9 song to\u00e0n do nh\u00e2n g\u00ec? \u0110\u1eddi tr\u01b0\u1edbc k\u00ednh tr\u1ecdng ng\u01b0\u1eddi c\u00f4 \u0111\u1ed9c.<\/p>\n<p style=\"text-align: justify;\">13. Kh\u00f4ng cha m\u1ea5t m\u1eb9 do nh\u00e2n g\u00ec? Ki\u1ebfp tr\u01b0\u1edbc l\u00e0 ng\u01b0\u1eddi \u0111\u00e1nh b\u1eaby chim.<\/p>\n<p style=\"text-align: justify;\">14. Con ch\u00e1u \u0111\u00f4ng nhi\u1ec1u do nh\u00e2n g\u00ec? \u0110\u1eddi tr\u01b0\u1edbc m\u1edf l\u1ed3ng th\u1ea3 chim th\u00fa.<\/p>\n<p style=\"text-align: justify;\">15. Nu\u00f4i con kh\u00f4ng \u0111\u01b0\u1ee3c do nh\u00e2n g\u00ec? X\u01b0a sinh con g\u00e1i d\u00ecm cho ch\u1ebft? (2)<\/p>\n<p style=\"text-align: justify;\">16. \u0110\u1eddi nay kh\u00f4ng con do nh\u00e2n g\u00ec? Ki\u1ebfp tr\u01b0\u1edbc b\u1ebb g\u00e3y h\u1ea1i tr\u0103m hoa.<\/p>\n<p style=\"text-align: justify;\">17. \u0110\u1eddi nay s\u1ed1ng l\u00e2u do nh\u00e2n g\u00ec? Ki\u1ebfp tr\u01b0\u1edbc mua v\u1eadt ph\u00f3ng sinh nhi\u1ec1u.<\/p>\n<p style=\"text-align: justify;\">18. \u0110\u1eddi nay m\u1ea1ng y\u1ec3u do nh\u00e2n g\u00ec? Ki\u1ebfp tr\u01b0\u1edbc x\u1ebb th\u1ecbt gi\u1ebft ch\u00fang sinh.<\/p>\n<p style=\"text-align: justify;\">19. \u0110\u1eddi nay kh\u00f4ng v\u1ee3 do nh\u00e2n g\u00ec? Ki\u1ebfp tr\u01b0\u1edbc tham m\u01b0u gian v\u1ee3 ng\u01b0\u1eddi.<\/p>\n<p style=\"text-align: justify;\">20. \u0110\u1eddi nay \u1edf g\u00f3a do nh\u00e2n g\u00ec? Ki\u1ebfp tr\u01b0\u1edbc bu\u00f4ng lung khinh r\u1ebb ch\u1ed3ng.<\/p>\n<p style=\"text-align: justify;\">21. L\u00e0m th\u00e2n t\u00f4i \u0111\u00f2i do nh\u00e2n g\u00ec? Ki\u1ebfp tr\u01b0\u1edbc qu\u00ean \u01a1n c\u00f9ng ph\u1ee5 ngh\u0129a.<\/p>\n<p style=\"text-align: justify;\">22. \u0110\u1eddi nay m\u1eaft s\u00e1ng do nh\u00e2n g\u00ec? Ki\u1ebfp tr\u01b0\u1edbc c\u00fang d\u1ea7u \u0111\u1ed1t \u0111\u00e8n Ph\u1eadt.<\/p>\n<p style=\"text-align: justify;\">23. \u0110\u1eddi nay \u0111ui m\u00f9 do nh\u00e2n g\u00ec? Ki\u1ebfp tr\u01b0\u1edbc ch\u1ec9 \u0111\u01b0\u1eddng ch\u1eb3ng ph\u00e2n minh.<\/p>\n<p style=\"text-align: justify;\">24. M\u00f4i mi\u1ec7ng s\u1ee9t thi\u1ebfu do nh\u00e2n g\u00ec? Ki\u1ebfp tr\u01b0\u1edbc th\u1ed5i t\u1eaft \u0111\u00e8n c\u00fang Ph\u1eadt.<\/p>\n<p style=\"text-align: justify;\">25. \u0110\u1eddi nay c\u00e2m \u0111i\u1ebfc do nh\u00e2n g\u00ec? X\u01b0a t\u1eebng \u00e1c kh\u1ea9u m\u1eafng cha m\u1eb9.<\/p>\n<p style=\"text-align: justify;\">26. \u0110\u1eddi nay l\u01b0ng g\u00f9 cho nh\u00e2n g\u00ec? Ki\u1ebfp tr\u01b0\u1edbc ch\u00ea c\u01b0\u1eddi ng\u01b0\u1eddi l\u1ec5 Ph\u1eadt.<\/p>\n<p style=\"text-align: justify;\">27. Tay b\u1ecb cong qu\u1eb9o do nh\u00e2n g\u00ec? \u0110\u1eddi tr\u01b0\u1edbc \u0111\u1ec1u l\u00e0 ng\u01b0\u1eddi t\u1ea1o nghi\u1ec7p.<\/p>\n<p style=\"text-align: justify;\">28. Ch\u00e2n b\u1ecb co r\u00fat do nh\u00e2n g\u00ec? Ki\u1ebfp tr\u01b0\u1edbc ng\u0103n \u0111\u01b0\u1eddng \u0111\u00e1nh c\u01b0\u1edbp ng\u01b0\u1eddi.<\/p>\n<p style=\"text-align: justify;\">29. L\u00e0m th\u00e2n tr\u00e2u ng\u1ef1a do nh\u00e2n g\u00ec? X\u01b0a thi\u1ebfu n\u1ee3 ng\u01b0\u1eddi kh\u00f4ng ch\u1ecbu tr\u1ea3.<\/p>\n<p style=\"text-align: justify;\">30. \u0110\u1ecda l\u00e0m heo ch\u00f3 do nh\u00e2n g\u00ec? Ki\u1ebfp tr\u01b0\u1edbc l\u1eeba g\u1ea1t ph\u1ec9nh h\u1ea1i ng\u01b0\u1eddi.<\/p>\n<p style=\"text-align: justify;\">31. \u0110\u1eddi nay nhi\u1ec1u b\u1ec7nh do nh\u00e2n g\u00ec? X\u01b0a \u0111em r\u01b0\u1ee3u th\u1ecbt b\u00e0y c\u00fang Ph\u1eadt.<\/p>\n<p style=\"text-align: justify;\">32. \u0110\u1eddi nay kh\u00f4ng b\u1ec7nh do nh\u00e2n g\u00ec? X\u01b0a th\u00ed thu\u1ed1c men c\u1ee9u b\u1ec7nh nh\u00e2n.<\/p>\n<p style=\"text-align: justify;\">33. H\u1eb1ng b\u1ecb lao t\u00f9 do nh\u00e2n g\u00ec? Ki\u1ebfp tr\u01b0\u1edbc l\u00e0m \u00e1c ch\u1eb3ng nh\u01b0\u1ee3ng ng\u01b0\u1eddi.<\/p>\n<p style=\"text-align: justify;\">34. \u0110\u1eddi nay ch\u1ebft \u0111\u00f3i do nh\u00e2n g\u00ec? Ki\u1ebfp tr\u01b0\u1edbc th\u01b0\u1eddng l\u1ea5p hang r\u1eafn chu\u1ed9t<\/p>\n<p style=\"text-align: justify;\">35. B\u1ecb thu\u1ed1c \u0111\u1ed9c ch\u1ebft do nh\u00e2n g\u00ec? Ki\u1ebfp tr\u01b0\u1edbc \u0111\u0103ng l\u01b0\u1edbi gi\u1ebft h\u1ea1i c\u00e1.<\/p>\n<p style=\"text-align: justify;\">36. N\u1ed5i tr\u00f4i c\u01a1 kh\u1ed5 do nh\u00e2n g\u00ec? \u00c1c t\u00e2m l\u1ea5n hi\u1ebfp m\u01b0u h\u1ea1i ng\u01b0\u1eddi.<\/p>\n<p style=\"text-align: justify;\">37. \u0110\u1eddi nay l\u00f9n b\u00e9 do nh\u00e2n g\u00ec? Ki\u1ebfp tr\u01b0\u1edbc xem kinh \u0111\u1ec3 d\u01b0\u1edbi \u0111\u1ea5t. (3)<\/p>\n<p style=\"text-align: justify;\">38. Nay th\u01b0\u1eddng th\u1ed5 huy\u1ebft do nh\u00e2n g\u00ec? X\u01b0a \u0103n th\u1ecbt r\u1ed3i \u0111i t\u1ee5ng kinh. (4)<\/p>\n<p style=\"text-align: justify;\">39. \u0110\u1eddi nay ngu \u0111i\u1ebfc do nh\u00e2n g\u00ec? Ki\u1ebfp tr\u01b0\u1edbc t\u1ee5ng kinh ch\u1eb3ng l\u1eafng nghe.<\/p>\n<p style=\"text-align: justify;\">40. Gh\u1ebb l\u00e1c phong \u0111i\u00ean do nh\u00e2n g\u00ec? X\u00f4ng h\u01a1i th\u1ecbt c\u00e1 tr\u01b0\u1edbc b\u00e0n Ph\u1eadt.<\/p>\n<p style=\"text-align: justify;\">41. Th\u00e2n c\u00f3 m\u00f9i h\u00f4i do nh\u00e2n g\u00ec? X\u01b0a b\u00e1n h\u01b0\u01a1ng th\u01a1m tr\u1ecdn d\u1ed1i gian.<\/p>\n<p style=\"text-align: justify;\">42. \u0110\u1eddi nay ch\u1ebft treo do nh\u00e2n g\u00ec? Ki\u1ebfp tr\u01b0\u1edbc \u0111em d\u00e2y s\u0103n b\u1eaby th\u00fa.<\/p>\n<p style=\"text-align: justify;\">3. Quan, q\u1ee7a, c\u00f4 \u0111\u1ed9c do nh\u00e2n g\u00ec? X\u01b0a th\u01b0\u1eddng ganh gh\u00e9t hi\u1ec1m m\u1eafng ng\u01b0\u1eddi.<\/p>\n<p style=\"text-align: justify;\">44. S\u00e9t \u0111\u00e1nh l\u1eeda thi\u00eau do nh\u00e2n g\u00ec? C\u00e2n non, gi\u00e0, thi\u1ebfu l\u00f2ng gian x\u1ea3o.<\/p>\n<p style=\"text-align: justify;\">45. R\u1eafn c\u1eafn c\u1ecdp \u0103n do nh\u00e2n g\u00ec? Ki\u1ebfp tr\u01b0\u1edbc g\u00e2y oan t\u1ea1o \u0111\u1ed1i \u0111\u1ea7u. Mu\u00f4n vi\u1ec7c m\u00ecnh l\u00e0m l\u1ea1i m\u00ecnh ch\u1ecbu Th\u1ecd kh\u1ed5 \u0111\u1ecba ng\u1ee5c o\u00e1n tr\u00e1ch ai? \u0110\u1eebng n\u00f3i nh\u00e2n q\u1ee7a ng\u01b0\u1eddi kh\u00f4ng th\u1ea5y. Xa tr\u1ea3 con ch\u00e1u, g\u1ea7n tr\u1ea3 m\u00ecnh.<\/p>\n<p style=\"text-align: justify;\">46. Ch\u1ec9 nh\u00ecn tr\u01b0\u1edbc m\u1eaft ng\u01b0\u1eddi h\u01b0\u1edfng ph\u01b0\u1edbc. S\u1ebd tin b\u1ed1 th\u00ed v\u1edbi tr\u00ec trai.<\/p>\n<p style=\"text-align: justify;\">Ki\u1ebfp tr\u01b0\u1edbc tu nh\u00e2n nay h\u01b0\u1edfng q\u1ee7a. \u0110\u1eddi n\u1ea7y tu t\u00edch \u0111\u1ec3 v\u1ec1 sau. N\u1ebfu ai h\u1ee7y b\u00e1ng kinh Nh\u00e2n Q\u1ee7a Ki\u1ebfp sau \u0111\u1ecda l\u1ea1c m\u1ea5t th\u00e2n ng\u01b0\u1eddi. K\u1ebb n\u00e0o th\u1ecd tr\u00ec kinh Nh\u00e2n Q\u1ee7a. Ch\u01b0 Ph\u1eadt, B\u1ed3 T\u00e1t \u0111\u1ec1u ch\u1ee9ng minh. K\u1ebb n\u00e0o bi\u00ean ch\u00e9p kinh Nh\u00e2n Q\u1ee7a, Truy\u1ec1n \u0111\u1eddi tu h\u1ecdc \u0111\u1ea1o nh\u00e0 h\u01b0ng. Ai m\u00e0 mang \u0111\u1ed9i kinh Nh\u00e2n Q\u1ee7a, Tai hung ho\u1ea1nh h\u1ecda ch\u1eb3ng v\u00e0o th\u00e2n. N\u1ebfu ng\u01b0\u1eddi gi\u1ea3n n\u00f3i kinh nh\u00e2n q\u1ee7a \u0110\u1eddi \u0111\u1eddi ki\u1ebfp ki\u1ebfp \u0111\u01b0\u1ee3c th\u00f4ng minh K\u1ebb n\u00e0o \u0111\u1ec1 x\u01b0\u1edbng kinh Nh\u00e2n Q\u1ee7a \u0110\u1eddi sau ng\u01b0\u1eddi th\u1ea5y sinh cung k\u00ednh. Ng\u01b0\u1eddi n\u00e0o \u1ea5n t\u1ed1ng kinh Nh\u00e2n Q\u1ee7a. Ki\u1ebfp sau s\u1ebd \u0111\u01b0\u1ee3c th\u00e2n \u0110\u1ebf V\u01b0\u01a1ng. Theo Kinh Nh\u00e2n Q\u1ee7a h\u1ecfi \u0111\u1eddi tr\u01b0\u1edbc. Ch\u00ednh s\u1ef1 th\u1ecd h\u01b0\u1edfng c\u1ee7a \u0111\u1eddi nay. Theo Kinh Nh\u00e2n Q\u1ee7a h\u1ecfi \u0111\u1eddi sau. Ch\u00ednh s\u1ef1 g\u00e2y nh\u00e2n c\u1ee7a ki\u1ebfp n\u00e0y, N\u1ebfu nh\u01b0 nh\u00e2n q\u1ee7a kh\u00f4ng c\u1ea3m \u1ee9ng, Do \u0111\u00e2u M\u1ee5c Li\u00ean c\u1ee9u \u0111\u01b0\u1ee3c m\u1eb9? Ng\u01b0\u1eddi n\u00e0o tin s\u00e2u kinh Nh\u00e2n Q\u1ee7a. \u0110\u1ed3ng sinh T\u00e2y ph\u01b0\u01a1ng c\u00f5i C\u1ef1c L\u1ea1c. Nh\u00e2n q\u1ee7a ba \u0111\u1eddi n\u00f3i kh\u00f4ng h\u1ebft. Thi\u00ean long ch\u1eb3ng b\u1ecf \u00fd ng\u01b0\u1eddi l\u00e0nh. N\u00ean ng\u00f4i Tam B\u1ea3o ru\u1ed9ng ph\u01b0\u1edbc l\u1edbn, Nh\u00e2n tu tuy m\u1ed9t, h\u01b0\u1edfng mu\u00f4n ng\u00e0n. G\u1edfi kho b\u1ec1n ch\u1eafc kh\u00f4ng h\u01b0 m\u1ea5t, (5) Nhi\u1ec1u \u0111\u1eddi th\u1ecd d\u1ee5ng ph\u01b0\u1edbc v\u00f4 c\u00f9ng. Mu\u1ed1n bi\u1ebft nh\u00e2n \u0111\u1eddi tr\u01b0\u1edbc, Xem s\u1ef1 h\u01b0\u1edfng \u0111\u1eddi nay, Mu\u1ed1n bi\u1ebft q\u1ee7a \u0111\u1eddi sau, Xem vi\u1ec7c l\u00e0m ki\u1ebfp n\u00e0y.<\/p>\n<p style=\"text-align: justify;\">(1) Nh\u00e0 d\u01b0\u1ee1ng L\u00e3o, c\u00f4 nhi<\/p>\n<p style=\"text-align: justify;\">(2) Thu\u1edf x\u01b0a t\u1eeb \u1ea4n \u0110\u1ed9, cho \u0111\u1ebfn Trung Hoa, nh\u1eefng nh\u00e0 ngh\u00e8o sinh con nhi\u1ec1u nu\u00f4i kh\u00f4ng tham n\u00ean d\u00ecm cho ch\u1ebft b\u1edbt con g\u00e1i l\u00fac m\u1edbi sinh ra.<\/p>\n<p style=\"text-align: justify;\">(3) Ng\u1ed3i d\u01b0\u1edbi \u0111\u1ea5t xem kinh, n\u00ean \u0111\u1ec3 kinh tr\u00ean m\u1ed9t c\u00e1i b\u1ec7, khinh m\u1ea1n c\u0169ng l\u00e0 nh\u00e2n c\u1ee7a t\u01b0\u1edbng l\u00f9n b\u00e9. L\u1ec5 Ph\u1eadt, khi\u00eam h\u1ea1 l\u00e0 nh\u00e2n c\u1ee7a t\u01b0\u1edbng cao h\u01a1n.<\/p>\n<p style=\"text-align: justify;\">(4) \u0102n m\u1eb7n r\u1ed3i mu\u1ed1n t\u1ee5ng kinh, ph\u1ea3i s\u00fac mi\u1ec7ng r\u1eeda tay, r\u1eeda mi\u1ec7ng s\u1ea1ch, v\u00e0 t\u1ee5ng ch\u00fa nh\u01b0 sau. T\u1ea5t \u0111\u01b0\u1ee3c thanh t\u1ecbnh kh\u00f4ng t\u1ed9i l\u1ed7i: T\u1ecbnh tam nghi\u1ec7p ch\u00e2n ng\u00f4n: Um Soa Pha Va Su\u00fdt \u0110\u00e0, s\u1ea1t v\u00e0 \u0111\u1ea1t ma, soa ph\u1ea1 va su\u00fdt \u0111a h\u00e0m (7 bi\u1ebfn) Aum! Syabhava sudaha, sarva drama svabhava suddh\u00e0 h\u00e0ma.<\/p>\n<p style=\"text-align: justify;\">(5) G\u1edfi kho \u0111\u00e2y kh\u00f4ng ph\u1ea3i \u0111\u1ed1t gi\u1ea5y ti\u1ec1n v\u00e0ng b\u1ea1c g\u1edfi v\u00e0o kho, m\u00e0 \u00fd n\u00f3i ti\u1ec1n c\u1ee7a th\u1ebf gian kh\u00f4ng b\u1ec1n, khi ch\u1ebft r\u1ed3i ph\u1ea3i b\u1ecf l\u1ea1i t\u1ea5t c\u1ea3. Ch\u1ec9 c\u00f3 tu ph\u01b0\u1edbc l\u00e0m l\u00e0nh \u0103n chay, t\u1ee5ng kinh, tham thi\u1ec1n, ni\u1ec7m Ph\u1eadt, l\u00e0 kho.<\/p>\n<p style=\"text-align: justify;\">\n","protected":false},"excerpt":{"rendered":"<p>Kinh Nh\u00e2n Qu\u1ea3 Ba \u00d0\u1eddi VI\u1ec6T D\u1ecaCH: HT TH\u00cdCH THI\u1ec0N T\u00c2M O0O M\u1ed9t h\u00f4m, T\u00f4n gi\u1ea3 A Nan \u0110\u00e0, \u1edf tr\u00ean h\u1ed9i Linh S\u01a1n c\u00f9ng \u2026 <a class=\"continue-reading-link\" href=\"https:\/\/www.pagodethienminh.fr\/?page_id=281\">Continue \u00e0 lire <span class=\"meta-nav\">&rarr; <\/span><\/a><\/p>\n","protected":false},"author":1,"featured_media":0,"parent":836,"menu_order":3,"comment_status":"closed","ping_status":"closed","template":"template-onecolumn.php","meta":{"_mc_calendar":[],"footnotes":""},"class_list":["post-281","page","type-page","status-publish","hentry"],"_links":{"self":[{"href":"https:\/\/www.pagodethienminh.fr\/index.php?rest_route=\/wp\/v2\/pages\/281","targetHints":{"allow":["GET"]}}],"collection":[{"href":"https:\/\/www.pagodethienminh.fr\/index.php?rest_route=\/wp\/v2\/pages"}],"about":[{"href":"https:\/\/www.pagodethienminh.fr\/index.php?rest_route=\/wp\/v2\/types\/page"}],"author":[{"embeddable":true,"href":"https:\/\/www.pagodethienminh.fr\/index.php?rest_route=\/wp\/v2\/users\/1"}],"replies":[{"embeddable":true,"href":"https:\/\/www.pagodethienminh.fr\/index.php?rest_route=%2Fwp%2Fv2%2Fcomments&post=281"}],"version-history":[{"count":5,"href":"https:\/\/www.pagodethienminh.fr\/index.php?rest_route=\/wp\/v2\/pages\/281\/revisions"}],"predecessor-version":[{"id":3487,"href":"https:\/\/www.pagodethienminh.fr\/index.php?rest_route=\/wp\/v2\/pages\/281\/revisions\/3487"}],"up":[{"embeddable":true,"href":"https:\/\/www.pagodethienminh.fr\/index.php?rest_route=\/wp\/v2\/pages\/836"}],"wp:attachment":[{"href":"https:\/\/www.pagodethienminh.fr\/index.php?rest_route=%2Fwp%2Fv2%2Fmedia&parent=281"}],"curies":[{"name":"wp","href":"https:\/\/api.w.org\/{rel}","templated":true}]}}