{"id":2794,"date":"2012-09-26T09:16:07","date_gmt":"2012-09-26T09:16:07","guid":{"rendered":"http:\/\/www.pagodethienminh.fr\/?page_id=2794"},"modified":"2013-03-14T15:23:00","modified_gmt":"2013-03-14T15:23:00","slug":"thap-ac-nghiep","status":"publish","type":"page","link":"https:\/\/www.pagodethienminh.fr\/?page_id=2794","title":{"rendered":"TH\u1eacP \u00c1C NGHI\u1ec6P"},"content":{"rendered":"<p>1. TH\u00c2N C\u00d3 3 NGHI\u1ec6P:<\/p>\n<p>1- S\u00e1t sanh (P\u0101\u1e47\u0101tip\u0101to).<br \/>\n2- Tr\u1ed9m c\u1eafp (Adinn\u0101d\u0101na\u1e43).<br \/>\n3- T\u00e0 d\u00e2m (K\u0101mesu micch\u0101c\u0101ro).<\/p>\n<p>2. KH\u1ea8U C\u00d3 4 NGHI\u1ec6P:<\/p>\n<p>1- N\u00f3i d\u1ed1i (Mus\u0101v\u0101do).<br \/>\n2- N\u00f3i hai l\u01b0\u1ee1i (Pisu\u1e47\u0101v\u0101c\u0101).<br \/>\n3- N\u00f3i \u0111\u1ed9c \u00e1c (Pharusav\u0101c\u0101).<br \/>\n4- N\u00f3i v\u00f4 \u00edch (Samphappal\u0101po).<\/p>\n<p>3. \u00dd C\u00d3 3 NGHI\u1ec6P:<\/p>\n<p>1- Tham mu\u1ed1n (Abhijjh\u0101).<br \/>\n2- Th\u00f9 o\u00e1n (By\u0101p\u0101do).<br \/>\n3- Th\u1ea5y l\u1ea7m (Micch\u0101di\u1e6d\u1e6dhi).<\/p>\n<p>C\u00e1c chi c\u1ee7a nghi\u1ec7p: s\u00e1t sanh, tr\u1ed9m c\u1eafp, t\u00e0 d\u00e2m, n\u00f3i d\u1ed1i \u0111\u00e3 c\u00f3 gi\u1ea3i \u1edf ch\u01b0\u01a1ng Ng\u0169 gi\u1edbi v\u00e0 B\u00e1t quan trai r\u1ed3i.<\/p>\n<p>NGHI\u1ec6P N\u00d3I HAI L\u01af\u1ee0I C\u00d3 4 CHI:<\/p>\n<p>1- Ng\u01b0\u1eddi m\u00e0 ta \u0111\u00e2m th\u1ecdc (Bhinditabbo paro).<br \/>\n2- C\u1ed1 \u00fd n\u00f3i \u0111\u00e2m th\u1ecdc ng\u01b0\u1eddi \u1ea5y (Bhedanapurekkh\u0101rat\u0101).<br \/>\n3- R\u00e1n s\u1ee9c n\u00f3i \u0111\u00e2m th\u1ecdc ng\u01b0\u1eddi \u1ea5y (Tajjov\u0101y\u0101mo).<br \/>\n4- L\u00e0m cho ng\u01b0\u1eddi \u1ea5y bi\u1ebft r\u00f5 c\u00e1ch \u0111\u00e2m th\u1ecdc \u0111\u00f3 (Tassa tadatthavij\u0101nana\u1e43).<\/p>\n<p>NGHI\u1ec6P N\u00d3I \u0110\u1ed8C \u00c1C C\u00d3 3 CHI:<\/p>\n<p>1- Ng\u01b0\u1eddi m\u00e0 ta \u0111\u00e3 m\u1eafng ch\u01b0\u1edfi (Akkositabbo paro).<br \/>\n2- L\u00f2ng n\u00f3ng gi\u1eadn (Kuppitacitta\u1e43).<br \/>\n3- \u0110\u00e3 m\u1eafng ch\u01b0\u1edfi (Akkosan\u0101).<\/p>\n<p>NGHI\u1ec6P N\u00d3I V\u00d4 \u00cdCH C\u00d3 2 CHI:<\/p>\n<p>1- L\u1eddi n\u00f3i v\u00f4 \u00edch, nh\u1ee9t l\u00e0 n\u00f3i v\u1ec1 vi\u1ec7c \u0111\u00e1nh gi\u1eb7c c\u1ee7a vua Mah\u0101bh\u0101rata v\u00e0 n\u00f3i v\u1ec1 chuy\u1ec7n R\u0101ma c\u01b0\u1edbp n\u00e0ng Sit\u0101 (Bh\u0101ratayuddhasitahara\u1e47\u0101diniratthakath\u0101).<br \/>\n2- \u0110\u00e3 n\u00f3i l\u1eddi v\u00f4 \u00edch c\u00f3 tr\u1ea1ng th\u00e1i nh\u01b0 th\u1ebf \u1ea5y (Tath\u0101 r\u016bp\u012bkath\u0101kathana\u1e43).<\/p>\n<p>\u00dd THAM MU\u1ed0N C\u00d3 HAI CHI:<\/p>\n<p>1- T\u00e0i v\u1eadt c\u1ee7a ng\u01b0\u1eddi (Parabha\u1e47\u1e0da\u1e43).<br \/>\n2- T\u00ednh mu\u1ed1n \u0111em v\u1ec1 l\u00e0m c\u1ee7a m\u00ecnh (Attano pari\u1e47\u0101mana\u1e43).<\/p>\n<p>\u00dd TH\u00d9 O\u00c1N C\u00d3 2 CHI:<\/p>\n<p>1- Ng\u01b0\u1eddi kh\u00e1c (ngo\u00e0i m\u00ecnh ra) (Parasatto).<br \/>\n2- T\u00ednh ch\u1edd l\u00e0m h\u1ea1i ng\u01b0\u1eddi \u1ea5y (Tassa ta\u1e43 vin\u0101sacint\u0101).<\/p>\n<p>\u00dd TH\u1ea4Y L\u1ea6M C\u00d3 2 CHI:<\/p>\n<p>1- \u00dd bi\u1ebfn \u0111\u1ed5i theo \u0111i\u1ec1u l\u1ea7m l\u1ea1c, nh\u1ee9t l\u00e0 kh\u00f4ng tin Tam B\u1ea3o (Vatthuno ca gahit\u0101karavipar\u012btat\u0101).<br \/>\n2- \u00dd th\u1ea5y l\u1ea7m l\u1ea1c \u1ea5y hi\u1ec3u l\u1ea7m c\u00e1ch n\u00e0o v\u00e0 ch\u1ea5p theo s\u1ef1 hi\u1ec3u l\u1ea7m \u1ea5y cho l\u00e0 ph\u1ea3i (Yath\u0101 ca na\u1e43 ga\u1e47h\u0101ti tath\u0101bh\u0101vena tass\u016bpa\u1e6d\u1e6dh\u0101na\u1e43).<\/p>\n<p>Trong 10 nghi\u1ec7p d\u1eef \u0111\u00e3 gi\u1ea3i, khi \u0111\u00e3 ph\u1ea1m \u0111\u1ec1u \u0111\u1ee7 chi trong m\u1ed7i nghi\u1ec7p, th\u00ec ng\u01b0\u1eddi ph\u1ea1m t\u1ed9i ph\u1ea3i mang qu\u1ea3 kh\u1ed5 trong \u0111\u1eddi n\u00e0y v\u00e0 \u0111\u1eddi sau. N\u1ebfu trong \u0111\u1eddi hi\u1ec7n t\u1ea1i m\u00e0 ch\u01b0a b\u1ecb h\u00e0nh ph\u1ea1t, l\u00e0 b\u1edfi c\u00e1i qu\u1ea3 d\u1eef \u1ea5y ch\u01b0a \u0111\u1ebfn k\u1ef3, qua \u0111\u1eddi v\u1ecb lai s\u1ebd b\u1ecb h\u00e0nh ph\u1ea1t ch\u1eb3ng sai.<\/p>\n<p>TH\u1eacP THI\u1ec6N NGHI\u1ec6P<\/p>\n<p>1. TH\u00c2N C\u00d3 3 NGHI\u1ec6P:<\/p>\n<p>1- Kh\u00f4ng s\u00e1t sanh.<br \/>\n2- Kh\u00f4ng tr\u1ed9m c\u1eafp<br \/>\n3- Kh\u00f4ng t\u00e0 d\u00e2m.<\/p>\n<p>2- KH\u1ea8U C\u00d3 4 NGHI\u1ec6P:<\/p>\n<p>1. h\u00f4ng n\u00f3i d\u1ed1i<br \/>\n2.Kh\u00f4ng n\u00f3i hai l\u01b0\u1ee1i.<br \/>\n3. Kh\u00f4ng n\u00f3i \u0111\u1ed9c \u00e1c.<br \/>\n4. Kh\u00f4ng n\u00f3i v\u00f4 \u00edch.<\/p>\n<p>3- \u00dd C\u00d3 3 NGHI\u1ec6P:<\/p>\n<p>1. Kh\u00f4ng c\u00f3 \u00fd mu\u1ed1n \u0111\u01b0\u1ee3c t\u00e0i v\u1eadt c\u1ee7a ng\u01b0\u1eddi v\u1ec1 l\u00e0m c\u1ee7a m\u00ecnh.<br \/>\n2. Kh\u00f4ng c\u00f3 th\u00f9 o\u00e1n mong l\u00e0m h\u1ea1i ng\u01b0\u1eddi.<br \/>\n3. Th\u1ea5y ch\u00e1nh r\u1ed3i c\u00e0ng th\u00eam tin l\u1ebd ch\u00e1nh \u1ea5y.<\/p>\n<p>Ng\u01b0\u1eddi n\u00e0o h\u00e0nh theo 10 nghi\u1ec7p l\u00e0nh \u0111\u00e3 gi\u1ea3i tr\u00ean, th\u00ec s\u1ebd \u0111\u01b0\u1ee3c h\u01b0\u1edfng qu\u1ea3 vui trong \u0111\u1eddi hi\u1ec7n t\u1ea1i v\u00e0 v\u1ecb lai ch\u1eb3ng sai.<\/p>\n<p>T\u1ee8 TH\u1eacP NGHI\u1ec6P (KAMMAPATHA)<\/p>\n<p>GI\u1ebeT LO\u00c0I \u0110\u1ed8NG V\u1eacT<\/p>\n<p>1. M\u00ecnh gi\u1ebft lo\u00e0i \u0111\u1ed9ng v\u1eadt.<br \/>\n2. B\u1ea3o k\u1ebb kh\u00e1c gi\u1ebft lo\u00e0i \u0111\u1ed9ng v\u1eadt.<br \/>\n3. Vui trong s\u1ef1 gi\u1ebft lo\u00e0i \u0111\u1ed9ng v\u1eadt.<br \/>\n4. Khen s\u1ef1 gi\u1ebft lo\u00e0i \u0111\u1ed9ng v\u1eadt.<\/p>\n<p>TR\u1ed8M C\u1eaeP<\/p>\n<p>5. M\u00ecnh tr\u1ed9m l\u1ea5y c\u1ee7a ng\u01b0\u1eddi.<br \/>\n6. B\u1ea3o k\u1ebb kh\u00e1c tr\u1ed9m l\u1ea5y c\u1ee7a ng\u01b0\u1eddi.<br \/>\n7. Vui trong s\u1ef1 tr\u1ed9m l\u1ea5y c\u1ee7a ng\u01b0\u1eddi.<br \/>\n8. Khen s\u1ef1 tr\u1ed9m l\u1ea5y c\u1ee7a ng\u01b0\u1eddi.<\/p>\n<p>T\u00c0 D\u00c2M<\/p>\n<p>9. M\u00ecnh l\u00e0m s\u1ef1 t\u00e0 d\u00e2m.<br \/>\n10. B\u1ea3o k\u1ebb kh\u00e1c l\u00e0m s\u1ef1 t\u00e0 d\u00e2m.<br \/>\n11. Vui trong s\u1ef1 t\u00e0 d\u00e2m.<br \/>\n12. Khen s\u1ef1 t\u00e0 d\u00e2m.<\/p>\n<p>N\u00d3I D\u1ed0I<\/p>\n<p>13. M\u00ecnh n\u00f3i d\u1ed1i<br \/>\n14. B\u1ea3o k\u1ebb kh\u00e1c n\u00f3i d\u1ed1i.<br \/>\n15. Vui trong l\u1eddi n\u00f3i d\u1ed1i.<br \/>\n16. Khen l\u1eddi n\u00f3i d\u1ed1i.<\/p>\n<p>N\u00d3I \u0110\u00c2M TH\u1eccC<\/p>\n<p>17. M\u00ecnh n\u00f3i l\u1eddi \u0111\u00e2m th\u1ecdc.<br \/>\n18. B\u1ea3o k\u1ebb kh\u00e1c n\u00f3i l\u1eddi \u0111\u00e2m th\u1ecdc.<br \/>\n19. Vui trong l\u1eddi \u0111\u00e2m th\u1ecdc.<br \/>\n20. Khen l\u1eddi n\u00f3i \u0111\u00e2m th\u1ecdc.<\/p>\n<p>N\u00d3I D\u1eee<\/p>\n<p>21. M\u00ecnh n\u00f3i l\u1eddi n\u00f3i d\u1eef.<br \/>\n22. B\u1ea3o k\u1ebb kh\u00e1c n\u00f3i l\u1eddi d\u1eef.<br \/>\n23. Vui trong l\u1eddi n\u00f3i d\u1eef.<br \/>\n24. Khen l\u1eddi n\u00f3i d\u1eef.<\/p>\n<p>N\u00d3I L\u1edcI V\u00d4 \u00cdCH<\/p>\n<p>25. M\u00ecnh n\u00f3i l\u1eddi v\u00f4 \u00edch.<br \/>\n26. B\u1ea3o k\u1ebb kh\u00e1c n\u00f3i l\u1eddi v\u00f4 \u00edch.<br \/>\n27. Vui trong l\u1eddi n\u00f3i v\u00f4 \u00edch.<br \/>\n28. Khen l\u1eddi n\u00f3i v\u00f4 \u00edch.<\/p>\n<p>THAM MU\u1ed0N C\u1ee6A NG\u01af\u1edcI<\/p>\n<p>29. L\u00f2ng m\u00ecnh tham mu\u1ed1n c\u1ee7a ng\u01b0\u1eddi v\u1ec1 l\u00e0m c\u1ee7a m\u00ecnh.<br \/>\n30. B\u1ea3o k\u1ebb kh\u00e1c tham mu\u1ed1n c\u1ee7a ng\u01b0\u1eddi.<br \/>\n31. Vui trong vi\u1ec7c tham mu\u1ed1n c\u1ee7a ng\u01b0\u1eddi.<br \/>\n32. Khen vi\u1ec7c tham mu\u1ed1n c\u1ee7a ng\u01b0\u1eddi.<\/p>\n<p>TH\u00d9 O\u00c1N<\/p>\n<p>33. L\u00f2ng m\u00ecnh th\u00f9 o\u00e1n mong h\u1ea1i ng\u01b0\u1eddi.<br \/>\n34. B\u1ea3o k\u1ebb kh\u00e1c th\u00f9 o\u00e1n h\u1ea1i ng\u01b0\u1eddi.<br \/>\n35. Vui trong vi\u1ec7c th\u00f9 o\u00e1n h\u1ea1i ng\u01b0\u1eddi.<br \/>\n36. Khen vi\u1ec7c th\u00f9 o\u00e1n h\u1ea1i ng\u01b0\u1eddi.<\/p>\n<p>TH\u1ea4Y QU\u1ea4Y<\/p>\n<p>37. M\u00ecnh th\u1ea5y qu\u1ea5y (gi\u1ea3 cho l\u00e0 thi\u1ec7t, t\u00e0 cho l\u00e0 ch\u00e1nh).<br \/>\n38. B\u1ea3o k\u1ebb kh\u00e1c th\u1ea5y qu\u1ea5y.<br \/>\n39. Vui trong vi\u1ec7c th\u1ea5y qu\u1ea5y.<br \/>\n40. Khen vi\u1ec7c th\u1ea5y qu\u1ea5y.<\/p>\n<p>Trong 40 nghi\u1ec7p n\u00e0y, n\u1ebfu ph\u1ea1m v\u00e0o m\u1ed9t nghi\u1ec7p n\u00e0o, th\u00ec g\u1ecdi l\u00e0 nghi\u1ec7p \u00e1c.<\/p>\n<p><a href=\"http:\/\/www.diendanphatphaponline.com\/diendan\/archive\/index.php\/t-6730.html\">http:\/\/www.diendanphatphaponline.com\/diendan\/archive\/index.php\/t-6730.html<\/a><\/p>\n","protected":false},"excerpt":{"rendered":"<p>1. TH\u00c2N C\u00d3 3 NGHI\u1ec6P: 1- S\u00e1t sanh (P\u0101\u1e47\u0101tip\u0101to). 2- Tr\u1ed9m c\u1eafp (Adinn\u0101d\u0101na\u1e43). 3- T\u00e0 d\u00e2m (K\u0101mesu micch\u0101c\u0101ro). 2. KH\u1ea8U C\u00d3 4 NGHI\u1ec6P: 1- N\u00f3i \u2026 <a class=\"continue-reading-link\" href=\"https:\/\/www.pagodethienminh.fr\/?page_id=2794\">Continue \u00e0 lire <span class=\"meta-nav\">&rarr; <\/span><\/a><\/p>\n","protected":false},"author":1,"featured_media":0,"parent":1599,"menu_order":45,"comment_status":"closed","ping_status":"closed","template":"template-onecolumn.php","meta":{"_mc_calendar":[],"footnotes":""},"class_list":["post-2794","page","type-page","status-publish","hentry"],"_links":{"self":[{"href":"https:\/\/www.pagodethienminh.fr\/index.php?rest_route=\/wp\/v2\/pages\/2794","targetHints":{"allow":["GET"]}}],"collection":[{"href":"https:\/\/www.pagodethienminh.fr\/index.php?rest_route=\/wp\/v2\/pages"}],"about":[{"href":"https:\/\/www.pagodethienminh.fr\/index.php?rest_route=\/wp\/v2\/types\/page"}],"author":[{"embeddable":true,"href":"https:\/\/www.pagodethienminh.fr\/index.php?rest_route=\/wp\/v2\/users\/1"}],"replies":[{"embeddable":true,"href":"https:\/\/www.pagodethienminh.fr\/index.php?rest_route=%2Fwp%2Fv2%2Fcomments&post=2794"}],"version-history":[{"count":3,"href":"https:\/\/www.pagodethienminh.fr\/index.php?rest_route=\/wp\/v2\/pages\/2794\/revisions"}],"predecessor-version":[{"id":3422,"href":"https:\/\/www.pagodethienminh.fr\/index.php?rest_route=\/wp\/v2\/pages\/2794\/revisions\/3422"}],"up":[{"embeddable":true,"href":"https:\/\/www.pagodethienminh.fr\/index.php?rest_route=\/wp\/v2\/pages\/1599"}],"wp:attachment":[{"href":"https:\/\/www.pagodethienminh.fr\/index.php?rest_route=%2Fwp%2Fv2%2Fmedia&parent=2794"}],"curies":[{"name":"wp","href":"https:\/\/api.w.org\/{rel}","templated":true}]}}