{"id":277,"date":"2011-05-02T14:01:50","date_gmt":"2011-05-02T14:01:50","guid":{"rendered":"http:\/\/www.pagodethienminh.fr\/?page_id=277"},"modified":"2013-03-14T15:28:06","modified_gmt":"2013-03-14T15:28:06","slug":"4-mahamangala-sutta","status":"publish","type":"page","link":"https:\/\/www.pagodethienminh.fr\/?page_id=277","title":{"rendered":"Mahamangala Sutta"},"content":{"rendered":"<h3>MAHAMANGALA SUTTA<\/h3>\n<p style=\"text-align: justify;\">\nAinsi ai-je entendu\u00a0: \u00ab\u00a0Une fois, le Maitre Bouddha demeurait au monast\u00e8re d\u2019An\u00e2thapindika, dans la r\u00e9gion de Grove Jeta, pr\u00e8s de Savatthi. Par une nuit profonde, une divinit\u00e9 dont la splendeur d\u00e9passant certains illumin\u00e9s de cette r\u00e9gion, est venue voir le Bouddha. En s\u2019approchant de lui, elle le salua respectueusement et se tint \u00e0 c\u00f4t\u00e9 du Bouddha. Ainsi debout, elle demanda \u00e0 l\u2019Eveill\u00e9 \u00e0 travers ces quelques vers\u00a0:<\/p>\n<p style=\"text-align: justify;\">De nombreuses divinit\u00e9s ainsi que des \u00eatres humains, Cherchent l\u2019aspiration au bien, En m\u00e9ditant sur les b\u00e9n\u00e9dictions. Je vous prie, dites-moi quelle est la plus grande des b\u00e9n\u00e9dictions\u00a0!<\/p>\n<p style=\"text-align: justify;\">(Le Bouddha r\u00e9pondit\u00a0\ud83d\ude42<\/p>\n<p style=\"text-align: justify;\">De ne pas s\u2019associer avec les ignorants, Mais de s\u2019associer avec des \u00eatres sages\u00a0; Pour donner une vraie valeur \u00e0 l\u2019existence C\u2019est la plus grande b\u00e9n\u00e9diction.<\/p>\n<p style=\"text-align: justify;\">De r\u00e9sider sur une terre en Paix, D\u2019avoir r\u00e9alis\u00e9 des m\u00e9rites dans le pass\u00e9 Et d\u2019avancer sur la voie de l\u2019\u00e9veil C\u2019est la plus grande b\u00e9n\u00e9diction.<\/p>\n<p style=\"text-align: justify;\">D\u2019avoir une grande clairvoyance pour comprendre l\u2019existence, D\u2019\u00eatre form\u00e9 dans la discipline, Et de tenir des paroles b\u00e9n\u00e9fiques C\u2019est la plus grande b\u00e9n\u00e9diction.<\/p>\n<p style=\"text-align: justify;\">D\u2019entretenir le bien \u00eatre des parents, De pr\u00e9server le bien \u00eatre de la famille, Et de r\u00e9aliser une vie professionnelle pacifique C\u2019est la plus grande b\u00e9n\u00e9diction.<\/p>\n<p style=\"text-align: justify;\">De pers\u00e9v\u00e9rer dans la g\u00e9n\u00e9rosit\u00e9, Pour aider l\u2019environnement, Et d\u2019accomplir les actions b\u00e9n\u00e9fiques C\u2019est la plus grande b\u00e9n\u00e9diction.<\/p>\n<p style=\"text-align: justify;\">De ne pas cr\u00e9er de mauvaises actions, De s\u2019abstenir de substances intoxicantes, Et de rester ferme dans la vertu C\u2019est la plus grande b\u00e9n\u00e9diction.<\/p>\n<p style=\"text-align: justify;\">De cultiver le respect, et l\u2019humilit\u00e9, D\u2019\u00eatre tol\u00e9rent et reconnaissant\u00a0; Et d\u2019\u00e9couter le Dharma \u00e0 travers les 4 saisons C\u2019est la plus grande b\u00e9n\u00e9diction.<\/p>\n<p style=\"text-align: justify;\">De cultiver la patience et la discipline, De cr\u00e9er des liens avec les \u00eatres sages Et d\u2019ouvrir un chemin vers l\u2019Eveil C\u2019est la plus grande b\u00e9n\u00e9diction.<\/p>\n<p style=\"text-align: justify;\">De se maitriser et de balayer la poussi\u00e8re, Dans la compr\u00e9hension des Quatre Nobles V\u00e9rit\u00e9s Et de r\u00e9aliser l\u2019\u00e9tat Nirvana C\u2019est la plus grande b\u00e9n\u00e9diction.<\/p>\n<p style=\"text-align: justify;\">De ne pas se noyer dans la richesse mondaine, De conserver un esprit libre et stable, En d\u00e9veloppant la paix int\u00e9rieure C\u2019est la plus grande b\u00e9n\u00e9diction.<\/p>\n<p style=\"text-align: justify;\">Ceux qui respecteront ainsi, Quelque soit la situation rencontr\u00e9e L\u2019esprit cultivera le bonheur ultime. C\u2019est la plus grande des m\u00e9rites.\u00a0\u00bb<\/p>\n","protected":false},"excerpt":{"rendered":"<p>MAHAMANGALA SUTTA Ainsi ai-je entendu\u00a0: \u00ab\u00a0Une fois, le Maitre Bouddha demeurait au monast\u00e8re d\u2019An\u00e2thapindika, dans la r\u00e9gion de Grove Jeta, pr\u00e8s de Savatthi. Par une \u2026 <a class=\"continue-reading-link\" href=\"https:\/\/www.pagodethienminh.fr\/?page_id=277\">Continue \u00e0 lire <span class=\"meta-nav\">&rarr; <\/span><\/a><\/p>\n","protected":false},"author":1,"featured_media":0,"parent":832,"menu_order":4,"comment_status":"closed","ping_status":"closed","template":"template-onecolumn.php","meta":{"_mc_calendar":[],"footnotes":""},"class_list":["post-277","page","type-page","status-publish","hentry"],"_links":{"self":[{"href":"https:\/\/www.pagodethienminh.fr\/index.php?rest_route=\/wp\/v2\/pages\/277","targetHints":{"allow":["GET"]}}],"collection":[{"href":"https:\/\/www.pagodethienminh.fr\/index.php?rest_route=\/wp\/v2\/pages"}],"about":[{"href":"https:\/\/www.pagodethienminh.fr\/index.php?rest_route=\/wp\/v2\/types\/page"}],"author":[{"embeddable":true,"href":"https:\/\/www.pagodethienminh.fr\/index.php?rest_route=\/wp\/v2\/users\/1"}],"replies":[{"embeddable":true,"href":"https:\/\/www.pagodethienminh.fr\/index.php?rest_route=%2Fwp%2Fv2%2Fcomments&post=277"}],"version-history":[{"count":5,"href":"https:\/\/www.pagodethienminh.fr\/index.php?rest_route=\/wp\/v2\/pages\/277\/revisions"}],"predecessor-version":[{"id":3447,"href":"https:\/\/www.pagodethienminh.fr\/index.php?rest_route=\/wp\/v2\/pages\/277\/revisions\/3447"}],"up":[{"embeddable":true,"href":"https:\/\/www.pagodethienminh.fr\/index.php?rest_route=\/wp\/v2\/pages\/832"}],"wp:attachment":[{"href":"https:\/\/www.pagodethienminh.fr\/index.php?rest_route=%2Fwp%2Fv2%2Fmedia&parent=277"}],"curies":[{"name":"wp","href":"https:\/\/api.w.org\/{rel}","templated":true}]}}