{"id":2769,"date":"2012-09-24T14:02:35","date_gmt":"2012-09-24T14:02:35","guid":{"rendered":"http:\/\/www.pagodethienminh.fr\/?page_id=2769"},"modified":"2013-03-14T16:22:34","modified_gmt":"2013-03-14T16:22:34","slug":"kinh-thap-thien-nghiep-dao","status":"publish","type":"page","link":"https:\/\/www.pagodethienminh.fr\/?page_id=2769","title":{"rendered":"KINH TH\u1eacP THI\u1ec6N NGHI\u1ec6P \u0110\u1ea0O"},"content":{"rendered":"<p style=\"text-align: center;\"><strong>KINH TH\u1eacP THI\u1ec6N NGHI\u1ec6P \u0110\u1ea0O<\/strong><br \/>\n<strong> Ch\u01b0\u01a1ng IV: Th\u1eafng H\u1ea1nh C\u1ee7a 10 Nghi\u1ec7p L\u00e0nh<\/strong><\/p>\n<p style=\"text-align: right;\"><strong><em>H\u00f2a Th\u01b0\u1ee3ng Th\u00edch Tr\u00ed Th\u1ee7<\/em><\/strong><br \/>\n<strong><em> Ngu\u1ed3n: H\u00f2a Th\u01b0\u1ee3ng Th\u00edch Tr\u00ed Th\u1ee7<\/em><\/strong><\/p>\n<p style=\"text-align: justify;\">L\u1ee4C \u0110\u1ed8<\/p>\n<p style=\"text-align: justify;\">A. B\u1ed1-th\u00ed \u0111\u1ed9<\/p>\n<p style=\"text-align: justify;\">B\u1ea5y gi\u1edd, \u0111\u1ee9c Th\u1ebf-T\u00f4n l\u1ea1i b\u1ea3o Long-V\u01b0\u01a1ng r\u1eb1ng: N\u1ebfu c\u00f3 B\u1ed3-t\u00e1t y thi\u1ec7n-nghi\u1ec7p \u1ea5y, trong khi tu \u0111\u1ea1o, l\u00eca nghi\u1ec7p gi\u1ebft h\u1ea1i m\u00e0 h\u00e0nh b\u1ed1-th\u00ed, th\u01b0\u1eddng gi\u00e0u c\u1ee7a b\u00e1u, kh\u00f4ng ai x\u00e2m \u0111o\u1ea1t, tr\u01b0\u1eddng-th\u1ecd kh\u00f4ng y\u1ec3u, ch\u1eb3ng b\u1ecb t\u1ea5t c\u1ea3 oan t\u1eb7c l\u00e0m h\u1ea1i. L\u00eca nghi\u1ec7p ch\u1eb3ng cho m\u00e0 l\u1ea5y, thi\u1ec7t h\u00e0nh b\u1ed1-th\u00ed, th\u01b0\u1eddng gi\u00e0u c\u1ee7a b\u00e1u, kh\u00f4ng ai x\u00e2m \u0111o\u1ea1t, kh\u00f4ng ai s\u00e1nh k\u1ecbp, \u0111\u1ec1u hay nh\u00f3m h\u1ecdp kho b\u00e1u Ph\u1eadt-ph\u00e1p. L\u00eca l\u1ed7i t\u00e0-h\u00e0nh m\u00e0 l\u00e0m b\u1ed1 th\u00ed, th\u01b0\u1eddng gi\u00e0u c\u1ee7a b\u00e1u, kh\u00f4ng ai chi\u1ebfm \u0111o\u1ea1t; trong nh\u00e0 trinh thu\u1eadn, m\u1eb9 v\u00e0 v\u1ee3 con, kh\u00f4ng ai \u0111em l\u00f2ng d\u1ee5c m\u00e0 x\u00e2m ph\u1ea1m. L\u00eca l\u1eddi n\u00f3i d\u1ed1i m\u00e0 l\u00e0m b\u1ed1-th\u00ed, th\u01b0\u1eddng gi\u00e0u c\u1ee7a b\u00e1u, kh\u00f4ng ai chi\u1ebfm \u0111o\u1ea1t, kh\u00f4ng kh\u1edfi c\u00e1c h\u1ee7y b\u00e1ng, th\u00e2u gi\u1eef Ch\u00e1nh ph\u00e1p, nh\u01b0 l\u1eddi th\u1ec7 nguy\u1ec7n, ch\u1ed7 l\u00e0m th\u1ecfa m\u00e3n. L\u00eca l\u1eddi n\u00f3i chia r\u1ebd (hai l\u01b0\u1ee1i) m\u00e0 l\u00e0m b\u1ed1 th\u00ed, th\u01b0\u1eddng gi\u00e0u c\u1ee7a b\u00e1u, kh\u00f4ng ai x\u00e2m \u0111o\u1ea1t, quy\u1ebfn thu\u1ed9c h\u00f2a thu\u1eadn \u0111\u1ed3ng vui m\u1ed9t ch\u00ed, th\u01b0\u1eddng kh\u00f4ng tr\u00e1i ch\u1ed1ng. L\u00eca l\u1eddi n\u00f3i th\u00f4 d\u1eef m\u00e0 l\u00e0m b\u1ed1 th\u00ed, th\u01b0\u1eddng gi\u00e0u c\u1ee7a b\u00e1u kh\u00f4ng ai x\u00e2m chi\u1ebfm, t\u1ea5t c\u1ea3 ch\u00fang h\u1ed9i, hoan h\u1ef7 quy-y, n\u00f3i ra \u0111\u1ec1u \u0111\u01b0\u1ee3c t\u00edn th\u1ecd, kh\u00f4ng ai tr\u00e1i ngh\u1ecbch. L\u00eca l\u1eddi n\u00f3i v\u00f4 ngh\u0129a (\u1ef7 ng\u1eef) m\u00e0 l\u00e0m b\u1ed1 th\u00ed, th\u01b0\u1eddng gi\u00e0u c\u1ee7a b\u00e1u, kh\u00f4ng ai x\u00e2m chi\u1ebfm, n\u00f3i ch\u1eb3ng u\u1ed5ng l\u1eddi, ng\u01b0\u1eddi \u0111\u1ec1u k\u00ednh ch\u1ecbu, hay d\u00f9ng ph\u01b0\u01a1ng ti\u1ec7n, kh\u00e9o d\u1ee9t c\u00e1c ng\u1edd v\u1ef1c. L\u00eca l\u00f2ng tham c\u1ea7u m\u00e0 l\u00e0m b\u1ed1 th\u00ed, th\u01b0\u1eddng gi\u00e0u c\u1ee7a b\u00e1u, kh\u00f4ng ai x\u00e2m \u0111o\u1ea1t, c\u00f3 \u0111\u01b0\u1ee3c v\u1eadt g\u00ec \u0111\u1ec1u \u0111em ban c\u1ea5p, t\u00edn gi\u1ea3i ki\u00ean c\u1ed1, \u0111\u1ee7 oai l\u1ef1c l\u1edbn. B\u1ecf l\u00f2ng gi\u1eadn h\u1eddn m\u00e0 l\u00e0m b\u1ed1-th\u00ed, th\u01b0\u1eddng gi\u00e0u c\u1ee7a b\u00e1u, kh\u00f4ng ai chi\u1ebfm \u0111o\u1ea1t. Mau t\u1ef1 th\u00e0nh t\u1ef1u, t\u00e2m tr\u00ed v\u00f4 ng\u1ea1i, c\u00e1c c\u0103n t\u1ed1t \u0111\u1eb9p, ng\u01b0\u1eddi th\u1ea5y k\u00ednh \u01b0a. Xa l\u00eca l\u00f2ng t\u00e0 \u0111\u1ea1o m\u00e0 l\u00e0m b\u1ed1 th\u00ed, th\u01b0\u1eddng gi\u00e0u c\u1ee7a b\u00e1u, kh\u00f4ng ai chi\u1ebfm \u0111o\u1ea1t, th\u01b0\u1eddng sanh v\u00e0o nh\u00e0 k\u00ednh t\u00edn Ch\u00e1nh-ph\u00e1p, th\u1ea5y Ph\u1eadt, nghe ph\u00e1p, c\u00fang d\u01b0\u1eddng Ch\u00fang T\u0103ng, th\u01b0\u1eddng ch\u1eb3ng qu\u00ean m\u1ea5t l\u00f2ng \u0110\u1ea1i B\u1ed3-\u0110\u1ec1. \u1ea4y l\u00e0 b\u1eadc \u0111\u1ea1i-s\u0129 trong khi tu B\u1ed3-T\u00e1t \u0111\u1ea1o, l\u00e0m 10 nghi\u1ec7p l\u00e0nh, d\u00f9ng b\u1ed1-th\u00ed trang nghi\u00eam m\u00e0 \u0111\u01b0\u1ee3c l\u1ee3i l\u1edbn.<\/p>\n<p style=\"text-align: justify;\">B. L\u01b0\u1ee3c n\u00f3i v\u1ec1 5 \u0111\u1ed9<\/p>\n<p style=\"text-align: justify;\">Nh\u01b0 v\u1eady Long-v\u01b0\u01a1ng; T\u00f3m l\u1ea1i m\u00e0 n\u00f3i: t\u1eeb 10 thi\u1ec7n \u0111\u1ea1o d\u00f9ng tr\u00ec gi\u1edbi trang nghi\u00eam hay sanh t\u1ea5t c\u1ea3 ngh\u0129a l\u1ee3i c\u1ee7a Ph\u1eadt-ph\u00e1p, \u0111\u1ea7y \u0111\u1ee7 nguy\u1ec7n l\u1edbn. D\u00f9ng nh\u1eabn-nh\u1ee5c trang nghi\u00eam, \u0111\u01b0\u1ee3c vi\u00ean-\u00e2m c\u1ee7a Ph\u1eadt, \u0111\u1ee7 c\u00e1c t\u01b0\u1edbng t\u1ed1t. D\u00f9ng tinh-t\u1ea5n trang nghi\u00eam hay ph\u00e1 ma o\u00e1n, v\u00e0o Ph\u00e1p-t\u1ea1ng c\u1ee7a Ph\u1eadt. D\u00f9ng thi\u1ec1n-\u0111\u1ecbnh trang nghi\u00eam hay sanh ni\u1ec7m hu\u1ec7, t\u00e0m qu\u00fd, khinh an. D\u00f9ng tr\u00ed hu\u1ec7, trang nghi\u00eam hay d\u1ee9t t\u1ea5t c\u1ea3 ph\u00e2n bi\u1ec7t v\u1ecdng ki\u1ebfn.<\/p>\n<p style=\"text-align: justify;\">2. C\u00c1C H\u1ea0NH KH\u00c1C<\/p>\n<p style=\"text-align: justify;\">A. T\u1ee9 v\u00f4 l\u01b0\u1ee3ng t\u00e2m.<\/p>\n<p style=\"text-align: justify;\">L\u00f2ng t\u1eeb trang nghi\u00eam, \u0111\u1ed1i v\u1edbi ch\u00fang sanh; kh\u00f4ng kh\u1edfi n\u00e3o h\u1ea1i. L\u00f2ng bi trang nghi\u00eam, th\u01b0\u01a1ng c\u00e1c ch\u00fang sanh, th\u01b0\u1eddng kh\u00f4ng ch\u00e1n b\u1ecf. L\u00f2ng h\u1ef7 trang-nghi\u00eam th\u1ea5y ng\u01b0\u1eddi tu thi\u1ec7n, l\u00f2ng kh\u00f4ng ganh gh\u00e9t. L\u00f2ng x\u1ea3 trang nghi\u00eam, \u0111\u1ed1i c\u1ea3nh thu\u1eadn ngh\u1ecbch, l\u00f2ng kh\u00f4ng th\u01b0\u01a1ng gi\u1eadn.<\/p>\n<p style=\"text-align: justify;\">B. B\u1ed1n nhi\u1ebfp ph\u00e1p<\/p>\n<p style=\"text-align: justify;\">B\u1ed1n nhi\u1ebfp ph\u00e1p trang nghi\u00eam th\u01b0\u1eddng si\u00eang nhi\u1ebfp h\u00f3a t\u1ea5t c\u1ea3 ch\u00fang sanh.<\/p>\n<p style=\"text-align: justify;\">C. Ba m\u01b0\u01a1i b\u1ea3y ph\u1ea9m tr\u1ee3 \u0111\u1ea1o b\u1ed3-\u0111\u1ec1<\/p>\n<p style=\"text-align: justify;\">Ni\u1ec7m x\u1ee9 trang nghi\u00eam kh\u00e9o tu t\u1eadp b\u1ed1n qu\u00e1n ni\u1ec7m x\u1ee9. Ch\u00e1nh c\u1ea7n trang-nghi\u00eam hay d\u1ee9t tr\u1eeb t\u1ea5t c\u1ea3 c\u00e1c ph\u00e1p b\u1ea5t thi\u1ec7n, th\u00e0nh t\u1ea5t c\u1ea3 ph\u00e1p thi\u1ec7n. Th\u1ea7n t\u00fac trang nghi\u00eam th\u01b0\u1eddng khi\u1ebfn th\u00e2n t\u00e2m nh\u1eb9 nh\u00e0ng vui v\u1ebb. N\u0103m c\u0103n trang nghi\u00eam, th\u00e2m t\u00edn ki\u00ean c\u1ed1, si\u00eang n\u0103ng kh\u00f4ng bi\u1ebfng nh\u00e1c, th\u01b0\u1eddng kh\u00f4ng m\u00ea v\u1ecdng, v\u1eafng l\u1eb7ng \u0111i\u1ec1u h\u00f2a, d\u1ee9t c\u00e1c phi\u1ec1n n\u00e3o. N\u0103m l\u1ef1c trang nghi\u00eam, c\u00e1c o\u00e1n \u0111\u1ec1u di\u1ec7t, kh\u00f4ng g\u00ec ph\u00e1 ho\u1ea1i. Gi\u00e1c-chi trang nghi\u00eam, th\u01b0\u1eddng kh\u00e9o gi\u00e1c ng\u1ed9 t\u1ea5t c\u1ea3 c\u00e1c ph\u00e1p. Ch\u00e1nh-\u0111\u1ea1o trang nghi\u00eam \u0111\u01b0\u1ee3c tr\u00ed hu\u1ec7 ch\u00e1nh, th\u01b0\u1eddng hi\u1ec7n \u1edf tr\u01b0\u1edbc. Ch\u1ec9 trang nghi\u00eam, d\u1ee9t s\u1ea1ch t\u1ea5t c\u1ea3 ki\u1ebft s\u1eed. Qu\u00e1n trang-nghi\u00eam, nh\u01b0 th\u1eadt bi\u1ebft t\u1ef1 t\u00e1nh c\u00e1c ph\u00e1p. Ph\u01b0\u01a1ng ti\u1ec7n trang nghi\u00eam, ch\u00f3ng \u0111\u01b0\u1ee3c th\u00e0nh t\u1ef1u, \u0111\u1ea7y vui v\u00f4 bi\u00ean.<\/p>\n<p style=\"text-align: justify;\">3. N\u00d3I R\u1ed8NG TH\u00caM<\/p>\n<p style=\"text-align: justify;\">Long-V\u01b0\u01a1ng n\u00ean bi\u1ebft, 10 nghi\u1ec7p thi\u1ec7n n\u1ea7y, hay l\u00e0m cho th\u1eadp l\u1ef1c, t\u1ee9 v\u00f4 \u00fay, 18 ph\u00e1p b\u1ea5t c\u1ecdng, t\u1ea5t c\u1ea3 Ph\u1eadt ph\u00e1p, \u0111\u1ec1u \u0111\u01b0\u1ee3c vi\u00ean m\u00e3n; v\u1eady nay c\u00e1c ng\u01b0\u1eddi ph\u1ea3i si\u00eang tu h\u1ecdc.<\/p>\n<p style=\"text-align: justify;\"><a href=\"http:\/\/quangduc.com\/file_chinh\/view_detail.php?ID=4924&amp;bk_id=464&amp;kind=kinh_hantang\">http:\/\/quangduc.com\/file_chinh\/view_detail.php?ID=4924&amp;bk_id=464&amp;kind=kinh_hantang<\/a><\/p>\n","protected":false},"excerpt":{"rendered":"<p>KINH TH\u1eacP THI\u1ec6N NGHI\u1ec6P \u0110\u1ea0O Ch\u01b0\u01a1ng IV: Th\u1eafng H\u1ea1nh C\u1ee7a 10 Nghi\u1ec7p L\u00e0nh H\u00f2a Th\u01b0\u1ee3ng Th\u00edch Tr\u00ed Th\u1ee7 Ngu\u1ed3n: H\u00f2a Th\u01b0\u1ee3ng Th\u00edch Tr\u00ed Th\u1ee7 L\u1ee4C \u2026 <a class=\"continue-reading-link\" href=\"https:\/\/www.pagodethienminh.fr\/?page_id=2769\">Continue \u00e0 lire <span class=\"meta-nav\">&rarr; <\/span><\/a><\/p>\n","protected":false},"author":1,"featured_media":0,"parent":836,"menu_order":23,"comment_status":"closed","ping_status":"closed","template":"template-onecolumn.php","meta":{"_mc_calendar":[],"footnotes":""},"class_list":["post-2769","page","type-page","status-publish","hentry"],"_links":{"self":[{"href":"https:\/\/www.pagodethienminh.fr\/index.php?rest_route=\/wp\/v2\/pages\/2769","targetHints":{"allow":["GET"]}}],"collection":[{"href":"https:\/\/www.pagodethienminh.fr\/index.php?rest_route=\/wp\/v2\/pages"}],"about":[{"href":"https:\/\/www.pagodethienminh.fr\/index.php?rest_route=\/wp\/v2\/types\/page"}],"author":[{"embeddable":true,"href":"https:\/\/www.pagodethienminh.fr\/index.php?rest_route=\/wp\/v2\/users\/1"}],"replies":[{"embeddable":true,"href":"https:\/\/www.pagodethienminh.fr\/index.php?rest_route=%2Fwp%2Fv2%2Fcomments&post=2769"}],"version-history":[{"count":5,"href":"https:\/\/www.pagodethienminh.fr\/index.php?rest_route=\/wp\/v2\/pages\/2769\/revisions"}],"predecessor-version":[{"id":3532,"href":"https:\/\/www.pagodethienminh.fr\/index.php?rest_route=\/wp\/v2\/pages\/2769\/revisions\/3532"}],"up":[{"embeddable":true,"href":"https:\/\/www.pagodethienminh.fr\/index.php?rest_route=\/wp\/v2\/pages\/836"}],"wp:attachment":[{"href":"https:\/\/www.pagodethienminh.fr\/index.php?rest_route=%2Fwp%2Fv2%2Fmedia&parent=2769"}],"curies":[{"name":"wp","href":"https:\/\/api.w.org\/{rel}","templated":true}]}}