{"id":275,"date":"2011-05-02T14:00:50","date_gmt":"2011-05-02T14:00:50","guid":{"rendered":"http:\/\/www.pagodethienminh.fr\/?page_id=275"},"modified":"2013-03-14T15:38:16","modified_gmt":"2013-03-14T15:38:16","slug":"4-kinh-d%e1%ba%a1i-ph%c6%b0%e1%bb%9bc-d%e1%bb%a9c","status":"publish","type":"page","link":"https:\/\/www.pagodethienminh.fr\/?page_id=275","title":{"rendered":"Kinh \u0110\u1ea1i Ph\u01b0\u1edbc \u0110\u1ee9c"},"content":{"rendered":"<h3>Kinh \u0110\u1ea1i Ph\u01b0\u1edbc \u0110\u1ee9c (KINH T\u1eacP, 258-269)<\/h3>\n<p style=\"text-align: center;\">\n<p style=\"text-align: center;\">Ch\u00ednh t\u00f4i \u0111\u01b0\u1ee3c nghe nh\u01b0 v\u1ea7y: M\u1ed9t thu\u1edf n\u1ecd khi \u00d0\u1ee9c Th\u1ebf T\u00f4n c\u01b0 ng\u1ee5 t\u1ea1i th\u00e0nh X\u00e1 V\u1ec7, t\u1ea1i Tu Vi\u1ec7n C\u1ea5p C\u00f4 \u00d0\u1ed9c trong v\u01b0\u1eddn K\u1ef3 \u00d0\u00e0. H\u00f4m \u0111\u00f3, tr\u1eddi \u0111\u00e3 v\u1ec1 khuya, c\u00f3 m\u1ed9t v\u1ecb Thi\u00ean Gi\u1ea3 hi\u1ec7n xu\u1ed1ng th\u0103m Ng\u00e0i, h\u00f2a quang v\u00e0 v\u1ebb \u0111\u1eb9p c\u1ee7a Thi\u00ean Gi\u1ea3 l\u00e0m s\u00e1ng c\u1ea3 v\u01b0\u1eddn c\u00e2y. Sau khi \u0111\u1ea3nh l\u1ec5 \u00d0\u1ee9c Th\u1ebf T\u00f4n ; v\u1ecb Thi\u00ean Gi\u1ea3 \u0111\u1ee9ng sang m\u1ed9t b\u00ean v\u00e0 cung k\u00ednh tham v\u1ea5n Ng\u00e0i b\u1eb1ng m\u1ed9t b\u00e0i k\u1ec7:<\/p>\n<p style=\"text-align: justify;\">Nhi\u1ec1u Thi\u1ec7n Nh\u00e2n thao th\u1ee9c Mu\u1ed1n bi\u1ebft v\u1ec1 Ph\u01b0\u1edbc \u00d0\u1ee9c \u00d0\u1ec3 s\u1ed1ng \u0111\u01b0\u1ee3c an l\u00e0nh Xin \u00d0\u1ee9c Th\u1ebf T\u00f4n ch\u1ec9 d\u1ea1y.<\/p>\n<p style=\"text-align: justify;\">Sau \u0111\u00e2y l\u00e0 l\u1eddi \u00d0\u1ee9c Th\u1ebf T\u00f4n :<\/p>\n<p style=\"text-align: justify;\">N\u00ean tr\u00e1nh k\u1ebb x\u1ea5u \u00e1c (1) H\u00e3y g\u1ea7n b\u1eadc hi\u1ec1n l\u00e0nh (2) T\u00f4n k\u00ednh b\u1eadc \u0111\u00e1ng k\u00ednh (3) L\u00e0 Ph\u01b0\u1edbc \u00d0\u1ee9c l\u1edbn nh\u1ea5t.<\/p>\n<p style=\"text-align: justify;\">S\u1ed1ng trong m\u00f4i tr\u01b0\u1eddng t\u1ed1t (4) \u00d0\u00e3 t\u1ea1o t\u00e1c nh\u00e2n l\u00e0nh (5) \u00d0\u01b0\u1ee3c \u0111i tr\u00ean \u0111\u01b0\u1eddng ch\u00e1nh(6) L\u00e0 Ph\u01b0\u1edbc \u00d0\u1ee9c l\u1edbn nh\u1ea5t.<\/p>\n<p style=\"text-align: justify;\">C\u00f3 h\u1ecdc (7), c\u00f3 ngh\u1ec1 hay (8) Bi\u1ebft h\u00e0nh tr\u00ec gi\u1edbi lu\u1eadt (9) Bi\u1ebft n\u00f3i l\u1eddi \u00e1i ng\u1eef (10) L\u00e0 Ph\u01b0\u1edbc \u00d0\u1ee9c l\u1edbn nh\u1ea5t.<\/p>\n<p style=\"text-align: justify;\">\u00d0\u01b0\u1ee3c ph\u1ee5ng d\u01b0\u1ee1ng m\u1eb9 cha (11) Y\u00eau th\u01b0\u01a1ng gia \u0111\u00ecnh m\u00ecnh (12) \u00d0\u01b0\u1ee3c h\u00e0nh ngh\u1ec1 an l\u1ea1c (13) L\u00e0 Ph\u01b0\u1edbc \u00d0\u1ee9c l\u1edbn nh\u1ea5t.<\/p>\n<p style=\"text-align: justify;\">S\u1ed1ng ngay th\u1eb3ng (14), b\u1ed1 th\u00ed (15) Gi\u00fap quy\u1ebfn thu\u1ed9c th\u00e2n b\u1eb1ng (16) H\u00e0nh x\u1eed kh\u00f4ng t\u1ef3 v\u1ebft (17) L\u00e0 Ph\u01b0\u1edbc \u00d0\u1ee9c l\u1edbn nh\u1ea5t.<\/p>\n<p style=\"text-align: justify;\">Tr\u00e1nh kh\u00f4ng l\u00e0m \u0111i\u1ec1u \u00e1c (18) N\u00ean xa c\u00e1c t\u1ed9i l\u1ed7i (19) Kh\u00f4ng say s\u01b0a nghi\u1ec7n ng\u1eadp(20) Tinh c\u1ea7n l\u00e0m vi\u1ec7c l\u00e0nh (21) L\u00e0 Ph\u01b0\u1edbc \u00d0\u1ee9c l\u1edbn nh\u1ea5t.<\/p>\n<p style=\"text-align: justify;\">Bi\u1ebft khi\u00eam cung (22), l\u1ec5 \u0111\u1ed9 (23) Tri t\u00fac (24) v\u00e0 bi\u1ebft \u01a1n (25) Kh\u00f4ng b\u1ecf vi\u1ec7c h\u1ecdc \u0111\u1ea1o(26) L\u00e0 Ph\u01b0\u1edbc \u00d0\u1ee9c l\u1edbn nh\u1ea5t.<\/p>\n<p style=\"text-align: justify;\">Bi\u1ebft ki\u00ean tr\u00ec (27), ph\u1ee5c thi\u1ec7n (28) Th\u00e2n c\u1eadn b\u1eadc Th\u00e1nh Hi\u1ec1n (29) D\u1ef1 ph\u00e1p \u0111\u00e0m h\u1ecdc h\u1ecfi (30) L\u00e0 Ph\u01b0\u1edbc \u00d0\u1ee9c l\u1edbn nh\u1ea5t.<\/p>\n<p style=\"text-align: justify;\">S\u1ed1ng tinh c\u1ea7n (31), t\u1ec9nh th\u1ee9c (32) H\u1ecdc ch\u00e2n l\u00fd nhi\u1ec7m m\u1ea7u (33) Th\u1ef1c ch\u1ee9ng \u0111\u01b0\u1ee3c Ni\u1ebft B\u00e0n (34) L\u00e0 Ph\u01b0\u1edbc \u00d0\u1ee9c l\u1edbn nh\u1ea5t.<\/p>\n<p style=\"text-align: justify;\">S\u1ed1ng chung \u0111\u1ee5ng nh\u00e2n gian T\u00e2m kh\u00f4ng h\u1ec1 lay chuy\u1ec3n (35) Phi\u1ec1n n\u00e3o h\u1ebft (36), an nhi\u00ean (37) S\u1ed1ng ho\u00e0n to\u00e0n an t\u1ecbnh (38) L\u00e0 Ph\u01b0\u1edbc \u00d0\u1ee9c l\u1edbn nh\u1ea5t.<\/p>\n<p style=\"text-align: justify;\">C\u1ee9 s\u1ed1ng \u0111\u01b0\u1ee3c nh\u01b0 th\u1ebf \u00d0i \u0111\u00e2u c\u0169ng an l\u00e0nh T\u1edbi \u0111\u00e2u c\u0169ng h\u1ea1nh ph\u00fac Th\u1eadt Ph\u01b0\u1edbc \u00d0\u1ee9c v\u00f4 bi\u00ean<\/p>\n<p style=\"text-align: justify;\"><strong>Nam M\u00f4 B\u1ed5n S\u01b0 Th\u00edch Ca M\u00e2u Ni Ph\u1eadt K\u00ednh bi\u1ebfu v\u00e0 nguy\u1ec7n c\u1ea7u t\u1ea5t c\u1ea3 ch\u00fang sanh \u0111\u1ec1u \u0111\u01b0\u1ee3c nhi\u1ec1u Ph\u01b0\u1edbc \u00d0\u1ee9c<\/strong><\/p>\n","protected":false},"excerpt":{"rendered":"<p>Kinh \u0110\u1ea1i Ph\u01b0\u1edbc \u0110\u1ee9c (KINH T\u1eacP, 258-269) Ch\u00ednh t\u00f4i \u0111\u01b0\u1ee3c nghe nh\u01b0 v\u1ea7y: M\u1ed9t thu\u1edf n\u1ecd khi \u00d0\u1ee9c Th\u1ebf T\u00f4n c\u01b0 ng\u1ee5 t\u1ea1i th\u00e0nh X\u00e1 \u2026 <a class=\"continue-reading-link\" href=\"https:\/\/www.pagodethienminh.fr\/?page_id=275\">Continue \u00e0 lire <span class=\"meta-nav\">&rarr; <\/span><\/a><\/p>\n","protected":false},"author":1,"featured_media":0,"parent":836,"menu_order":2,"comment_status":"closed","ping_status":"closed","template":"template-onecolumn.php","meta":{"_mc_calendar":[],"footnotes":""},"class_list":["post-275","page","type-page","status-publish","hentry"],"_links":{"self":[{"href":"https:\/\/www.pagodethienminh.fr\/index.php?rest_route=\/wp\/v2\/pages\/275","targetHints":{"allow":["GET"]}}],"collection":[{"href":"https:\/\/www.pagodethienminh.fr\/index.php?rest_route=\/wp\/v2\/pages"}],"about":[{"href":"https:\/\/www.pagodethienminh.fr\/index.php?rest_route=\/wp\/v2\/types\/page"}],"author":[{"embeddable":true,"href":"https:\/\/www.pagodethienminh.fr\/index.php?rest_route=\/wp\/v2\/users\/1"}],"replies":[{"embeddable":true,"href":"https:\/\/www.pagodethienminh.fr\/index.php?rest_route=%2Fwp%2Fv2%2Fcomments&post=275"}],"version-history":[{"count":4,"href":"https:\/\/www.pagodethienminh.fr\/index.php?rest_route=\/wp\/v2\/pages\/275\/revisions"}],"predecessor-version":[{"id":3485,"href":"https:\/\/www.pagodethienminh.fr\/index.php?rest_route=\/wp\/v2\/pages\/275\/revisions\/3485"}],"up":[{"embeddable":true,"href":"https:\/\/www.pagodethienminh.fr\/index.php?rest_route=\/wp\/v2\/pages\/836"}],"wp:attachment":[{"href":"https:\/\/www.pagodethienminh.fr\/index.php?rest_route=%2Fwp%2Fv2%2Fmedia&parent=275"}],"curies":[{"name":"wp","href":"https:\/\/api.w.org\/{rel}","templated":true}]}}