{"id":2686,"date":"2012-09-06T14:32:17","date_gmt":"2012-09-06T14:32:17","guid":{"rendered":"http:\/\/www.pagodethienminh.fr\/?page_id=2686"},"modified":"2013-03-14T16:21:49","modified_gmt":"2013-03-14T16:21:49","slug":"kinh-jivaka-komarabhacca","status":"publish","type":"page","link":"https:\/\/www.pagodethienminh.fr\/?page_id=2686","title":{"rendered":"KINH Jivaka Komarabhacca"},"content":{"rendered":"<p style=\"text-align: center;\"><strong><span style=\"color: #0000ff;\">T\u0103ng Chi B\u1ed9 VIII.26<\/span><\/strong><br \/>\n<strong><span style=\"color: #0000ff;\"> Kinh Jivaka Komarabhacca<\/span><\/strong><br \/>\n<strong><span style=\"color: #0000ff;\"> Ng\u01b0\u1eddi C\u01b0 s\u0129 g\u01b0\u01a1ng m\u1eabu<\/span><\/strong><\/p>\n<p style=\"text-align: justify;\">1. M\u1ed9t th\u1eddi, Th\u1ebf T\u00f4n tr\u00fa \u1edf R\u00e0jagaha (V\u01b0\u01a1ng x\u00e1), t\u1ea1i r\u1eebng xo\u00e0i J\u00ecvaka. R\u1ed3i J\u00ecvaka Kom\u00e0rabhacca \u0111i \u0111\u1ebfn Th\u1ebf T\u00f4n, sau khi \u0111\u1ebfn, \u0111\u1ea3nh l\u1ec5 Th\u1ebf T\u00f4n r\u1ed3i ng\u1ed3i xu\u1ed1ng m\u1ed9t b\u00ean. Ng\u1ed3i xu\u1ed1ng m\u1ed9t b\u00ean, J\u00ecvaka Kom\u00e0rabhacca b\u1ea1ch Th\u1ebf T\u00f4n:<br \/>\n&#8211; B\u1ea1ch Th\u1ebf T\u00f4n, cho \u0111\u1ebfn nh\u01b0 th\u1ebf n\u00e0o l\u00e0 ng\u01b0\u1eddi c\u01b0 s\u0129?<br \/>\n&#8211; N\u00e0y Jivaka, khi n\u00e0o quy y Ph\u1eadt, quy y Ph\u00e1p, quy y ch\u00fang T\u0103ng, cho \u0111\u1ebfn nh\u01b0 v\u1eady, n\u00e0y Jivaka, l\u00e0 ng\u01b0\u1eddi c\u01b0 s\u0129.<\/p>\n<p style=\"text-align: justify;\">2. &#8211; Cho \u0111\u1ebfn nh\u01b0 th\u1ebf n\u00e0o, b\u1ea1ch Th\u1ebf T\u00f4n, l\u00e0 ng\u01b0\u1eddi c\u01b0 s\u0129 gi\u1eef gi\u1edbi?<br \/>\n&#8211; N\u00e0y, Jivaka, khi n\u00e0o ng\u01b0\u1eddi c\u01b0 s\u0129 t\u1eeb b\u1ecf s\u00e1t sanh, t\u1eeb b\u1ecf l\u1ea5y c\u1ee7a kh\u00f4ng cho, t\u1eeb b\u1ecf t\u00e0 h\u1ea1nh trong c\u00e1c d\u1ee5c, t\u1eeb b\u1ecf n\u00f3i l\u00e1o, t\u1eeb b\u1ecf \u0111\u1eafp say r\u01b0\u1ee3u men, r\u01b0\u1ee3u n\u1ea5u, cho \u0111\u1ebfn nh\u01b0 v\u1eady, l\u00e0 ng\u01b0\u1eddi c\u01b0 s\u0129 gi\u1eef gi\u1edbi.<\/p>\n<p style=\"text-align: justify;\">3. &#8211; Cho \u0111\u1ebfn nh\u01b0 th\u1ebf n\u00e0o, b\u1ea1ch Th\u1ebf T\u00f4n, l\u00e0 ng\u01b0\u1eddi c\u01b0 s\u0129 th\u1ef1c h\u00e0nh, v\u00ec t\u01b0 l\u1ee3i ch\u1ee9 kh\u00f4ng v\u00ec l\u1ee3i tha?<br \/>\n&#8211; N\u00e0y Jivaka, khi n\u00e0o c\u01b0 s\u0129 th\u00e0nh t\u1ef1u l\u00f2ng tin cho m\u00ecnh, kh\u00f4ng c\u00f3 kh\u00edch l\u1ec7 ng\u01b0\u1eddi kh\u00e1c th\u00e0nh t\u1ef1u l\u00f2ng tin; th\u00e0nh t\u1ef1u gi\u1eef gi\u1edbi cho m\u00ecnh, kh\u00f4ng c\u00f3 kh\u00edch l\u1ec7 ng\u01b0\u1eddi kh\u00e1c th\u00e0nh t\u1ef1u gi\u1eef gi\u1edbi,\u00a0th\u00e0nh t\u1ef1u b\u1ed1 th\u00ed cho m\u00ecnh, kh\u00f4ng kh\u00edch l\u1ec7 ng\u01b0\u1eddi kh\u00e1c th\u00e0nh t\u1ef1u b\u1ed1 th\u00ed; mu\u1ed1n t\u1ef1 m\u00ecnh \u0111i \u0111\u1ebfn y\u1ebft ki\u1ebfn c\u00e1c T\u1ef7-kheo, kh\u00f4ng c\u00f3 kh\u00edch l\u1ec7 ng\u01b0\u1eddi kh\u00e1c \u0111i \u0111\u1ebfn y\u1ebft ki\u1ebfn c\u00e1c T\u1ef7 kheo; ch\u1ec9 t\u1ef1 m\u00ecnh mu\u1ed1n nghe di\u1ec7u ph\u00e1p, kh\u00f4ng kh\u00edch l\u1ec7 ng\u01b0\u1eddi kh\u00e1c nghe di\u1ec7u ph\u00e1p; t\u1ef1 m\u00ecnh th\u1ecd tr\u00ec nh\u1eefng ph\u00e1p \u0111\u00e3 \u0111\u01b0\u1ee3c nghe, kh\u00f4ng kh\u00edch l\u1ec7 ng\u01b0\u1eddi kh\u00e1c th\u1ecd tr\u00ec nh\u1eefng ph\u00e1p \u0111\u00e3 \u0111\u01b0\u1ee3c nghe; t\u1ef1 m\u00ecnh suy ngh\u0129 \u0111\u1ebfn \u00fd ngh\u0129a c\u00e1c ph\u00e1p \u0111\u00e3 th\u1ecd tr\u00ec, kh\u00f4ng kh\u00edch l\u1ec7 ng\u01b0\u1eddi kh\u00e1c suy ngh\u0129 \u0111\u1ebfn \u00fd ngh\u0129a c\u00e1c ph\u00e1p \u0111\u00e3 th\u1ecd tr\u00ec; sau khi t\u1ef1 m\u00ecnh bi\u1ebft ngh\u0129a, bi\u1ebft ph\u00e1p, th\u1ef1c hi\u1ec7n t\u00f9y ph\u00e1p, \u0111\u00fang Ch\u00e1nh ph\u00e1p, kh\u00f4ng kh\u00edch l\u1ec7 ng\u01b0\u1eddi kh\u00e1c th\u1ef1c hi\u1ec7n t\u00f9y ph\u00e1p, \u0111\u00fang Ch\u00e1nh ph\u00e1p. Cho \u0111\u1ebfn nh\u01b0 v\u1eady, n\u00e0y Jivaka, l\u00e0 c\u01b0 s\u0129 th\u1ef1c h\u00e0nh v\u00ec t\u1ef1 l\u1ee3i, kh\u00f4ng ph\u1ea3i v\u00ec l\u1ee3i tha.<\/p>\n<p style=\"text-align: justify;\">4. &#8211; Cho \u0111\u1ebfn nh\u01b0 th\u1ebf n\u00e0o, b\u1ea1ch Th\u1ebf T\u00f4n, l\u00e0 c\u01b0 s\u0129 th\u1ef1c h\u00e0nh v\u1eeba t\u1ef1 l\u1ee3i, v\u1eeba l\u1ee3i tha?<br \/>\n&#8211; N\u00e0y Jivaka, khi n\u00e0o c\u01b0 s\u0129 t\u1ef1 m\u00ecnh th\u00e0nh t\u1ef1u l\u00f2ng tin v\u00e0 kh\u00edch l\u1ec7 ng\u01b0\u1eddi kh\u00e1c th\u00e0nh t\u1ef1u l\u00f2ng tin; khi n\u00e0o t\u1ef1 m\u00ecnh gi\u1eef gi\u1edbi v\u00e0 kh\u00edch l\u1ec7 ng\u01b0\u1eddi kh\u00e1c gi\u1eef gi\u1edbi; khi n\u00e0o t\u1ef1 m\u00ecnh b\u1ed1 th\u00ed v\u00e0 kh\u00edch l\u1ec7 ng\u01b0\u1eddi kh\u00e1c b\u1ed1 th\u00ed; khi n\u00e0o t\u1ef1 m\u00ecnh mu\u1ed1n \u0111i \u0111\u1ebfn y\u1ebft ki\u1ebfn c\u00e1c T\u1ef7-kheo v\u00e0 kh\u00edch l\u1ec7 ng\u01b0\u1eddi kh\u00e1c \u0111i \u0111\u1ebfn y\u1ebft ki\u1ebfn c\u00e1c T\u1ef7-kheo; khi n\u00e0o t\u1ef1 m\u00ecnh mu\u1ed1n nghe di\u1ec7u ph\u00e1p v\u00e0 kh\u00edch l\u1ec7 ng\u01b0\u1eddi kh\u00e1c nghe di\u1ec7u ph\u00e1p; khi n\u00e0o t\u1ef1 m\u00ecnh th\u1ecd tr\u00ec nh\u1eefng ph\u00e1p \u0111\u00e3 \u0111\u01b0\u1ee3c nghe v\u00e0 kh\u00edch l\u1ec7 ng\u01b0\u1eddi kh\u00e1c th\u1ecd tr\u00ec nh\u1eefng ph\u00e1p \u0111\u00e3 \u0111\u01b0\u1ee3c nghe; khi n\u00e0o t\u1ef1 m\u00ecnh suy ngh\u0129 \u0111\u1ebfn \u00fd ngh\u0129a c\u00e1c ph\u00e1p \u0111\u00e3 th\u1ecd tr\u00ec v\u00e0 kh\u00edch l\u1ec7 ng\u01b0\u1eddi kh\u00e1c suy ngh\u0129 \u0111\u1ebf \u00fd ngh\u0129a c\u00e1c ph\u00e1p \u0111\u00e3 th\u1ecd tr\u00ec; sau khi t\u1ef1 m\u00ecnh bi\u1ebft ngh\u0129a, bi\u1ebft ph\u00e1p, th\u1ef1c hi\u1ec7n ph\u00e1p \u0111\u00fang Ch\u00e1nh ph\u00e1p, kh\u00edch l\u1ec7 ng\u01b0\u1eddi kh\u00e1c sau khi bi\u1ebft ngh\u0129a bi\u1ebft ph\u00e1p, th\u1ef1c hi\u1ec7n ph\u00e1p \u0111\u00fang Ch\u00e1nh ph\u00e1p. Cho \u0111\u1ebfn nh\u01b0 v\u1eady, n\u00e0y Jivaka, l\u00e0 c\u01b0 s\u0129 th\u1ef1c h\u00e0nh v\u00ec t\u1ef1 l\u1ee3i v\u00e0 l\u1ee3i tha.\/.<\/p>\n<p style=\"text-align: right;\"><strong>H\u00f2a Th\u01b0\u1ee3ng Th\u00edch Minh Ch\u00e2u d\u1ecbch.<\/strong><\/p>\n<p style=\"text-align: center;\">&#8212;&#8212;&#8212;&#8212;&#8212;&#8212;&#8212;&#8212;&#8212;&#8212;&#8212;&#8212;&#8212;&#8212;&#8212;&#8212;&#8212;&#8212;&#8212;&#8212;&#8212;&#8212;&#8212;&#8212;&#8212;&#8212;&#8212;&#8212;&#8212;&#8212;&#8212;&#8212;&#8212;&#8212;&#8212;<\/p>\n<p style=\"text-align: center;\"><strong>Anguttara Nikaya VIII.26<\/strong><br \/>\n<em><strong>Jivaka Komarabhacca Sutta :\u00a0Un disciple la\u00efc mod\u00e8le<\/strong><\/em><\/p>\n<p style=\"text-align: justify;\">&#8220;<strong><em>J&#8217;ai entendu qu&#8217;en une occasion le Bouddha demeurait \u00e0 R\u00e2jagaha,\u00a0dans le Parc des Manguiers de\u00a0Jivaka. Puis Jivaka Komarabhacca alla trouver le Bouddha et, en arrivant, se prosterna et s&#8217;assit sur le c\u00f4t\u00e9.<\/em><\/strong>&#8220;<\/p>\n<p style=\"text-align: justify;\">1. Alors qu&#8217;il \u00e9tait assis, il demanda au Bouddha: \u00ab\u00a0<em>Grand Ma\u00eetre, dans quelle mesure devient-on un disciple la\u00efc?\u00a0<\/em>&#8220;<\/p>\n<p style=\"text-align: justify;\">&#8220;<strong><em>Jivaka, c&#8217;est quand <strong><em>un disciple la\u00efc\u00a0<\/em><\/strong>aura pris refuge dans le Bouddha, pris refuge dans le Dhamma, et pris refuge dans le Sangha, <strong><em>alors\u00a0<\/em><\/strong><strong><em>ce sera dans ces conditions qu&#8217;on deviendra<\/em><\/strong>\u00a0un disciple la\u00efc.<\/em><\/strong>&#8220;<\/p>\n<p style=\"text-align: justify;\">2. &#8220;<em>Et dans quelle mesure,\u00a0Grand Ma\u00eetre, devient-on un disciple la\u00efc vertueux?<\/em>&#8220;<\/p>\n<p style=\"text-align: justify;\">&#8220;<strong><em>Jivaka, c&#8217;est quand un disciple la\u00efc s&#8217;abstient de prendre la vie, de voler, de d\u00e9truire l&#8217;harmonie des familles, de mentir, et de prendre des produits nuisibles \u00e0 la conscience,\u00a0<\/em><\/strong><strong style=\"color: #333333; font-size: 15.555556297302246px; font-style: normal; line-height: 26.666667938232422px;\"><em>alors\u00a0<\/em><\/strong><strong><em>ce sera dans ces conditions qu&#8217;on deviendra un disciple la\u00efc vertueux.<\/em><\/strong>&#8220;<\/p>\n<p style=\"text-align: justify;\">3. &#8220;<em>Et dans quelle mesure, Grand Ma\u00eetre, devient-on un disciple la\u00efc qui pratique pour son propre b\u00e9n\u00e9fice mais pas celle des autres?<\/em>&#8220;<\/p>\n<p style=\"text-align: justify;\">&#8220;<em><strong>Jivaka, c&#8217;est <\/strong><\/em><\/p>\n<ul>\n<li style=\"text-align: justify;\"><em><strong><em><strong>Quand\u00a0<strong><em>un\u00a0<\/em><\/strong><\/strong><\/em>disciple la\u00efc lui-m\u00eame r\u00e9alise sa propre croyance, sans encourager autrui \u00e0 r\u00e9aliser leur propre croyance,<\/strong><\/em><\/li>\n<li style=\"text-align: justify;\"><em><strong>Quand <em><strong>le disciple la\u00efc pr\u00e9serve ses pr\u00e9ceptes<\/strong><\/em>, sans <em><strong>encourager\u00a0<\/strong><\/em>autrui \u00e0 pr\u00e9server leurs pr\u00e9ceptes,<\/strong><\/em><\/li>\n<li style=\"text-align: justify;\"><em><strong>Quand <strong><em>un\u00a0<\/em><\/strong><em><strong>disciple la\u00efc<\/strong><\/em>\u00a0cultive l&#8217;\u00e9tat de g\u00e9n\u00e9rosit\u00e9, <em><strong>sans <em><strong>encourager\u00a0<\/strong><\/em>autrui \u00e0\u00a0<\/strong><\/em>\u00a0cultiver l&#8217;\u00e9tat de g\u00e9n\u00e9rosit\u00e9,<\/strong><\/em><\/li>\n<li style=\"text-align: justify;\"><em><strong>Quand <strong><em>un\u00a0<\/em><\/strong><em><strong>disciple la\u00efc<\/strong><\/em>\u00a0d\u00e9sire aller voir les moines, <em><strong>sans\u00a0<em><strong>encourager\u00a0<\/strong><\/em>autrui\u00a0<\/strong><\/em>\u00e0 aller voir les moines,<\/strong><\/em><\/li>\n<li style=\"text-align: justify;\"><em><strong>Quand <strong><em>un\u00a0<\/em><\/strong><em><strong>disciple la\u00efc<\/strong><\/em>\u00a0se veut \u00e9couter le v\u00e9ritable Dharma, <em><strong>sans\u00a0<em><strong>encourager\u00a0<\/strong><\/em>autrui\u00a0<\/strong><\/em>\u00e0 \u00e9couter le v\u00e9ritable Dharma,<\/strong><\/em><\/li>\n<li style=\"text-align: justify;\"><em><strong>Quand <strong><em>un\u00a0<\/em><\/strong><em><strong>disciple la\u00efc<\/strong><\/em>\u00a0se rappelle quotidiennement du Dharma qu&#8217;il a entendu, <em><strong>sans\u00a0<em><strong>encourager\u00a0<\/strong><\/em>autrui\u00a0<\/strong><\/em>\u00e0 se rappeler du Dharma qu&#8217;ils ont entendu,<\/strong><\/em><\/li>\n<li style=\"text-align: justify;\"><em><strong>Quand <strong><em>un\u00a0<\/em><\/strong><em><strong>disciple la\u00efc<\/strong><\/em>\u00a0r\u00e9fl\u00e9chit sur la signification du Dharma qu&#8217;il s&#8217;est inscrit, <em><strong><em><strong>sans\u00a0<em><strong>encourager\u00a0<\/strong><\/em>autrui\u00a0<\/strong><\/em>\u00e0<\/strong><\/em>\u00a0r\u00e9fl\u00e9chir sur le sens du Dharma qu&#8217;ils se sont inscrit,<\/strong><\/em><\/li>\n<li style=\"text-align: justify;\"><em><strong>Quand <strong><em>un\u00a0<\/em><\/strong><em><strong>disciple la\u00efc<\/strong><\/em>\u00a0lui-m\u00eame, sachant \u00e0 la fois le Dharma et sa signification, le pratique en ligne avec le V\u00e9ritable Dharma, s<em><strong>ans\u00a0<em><strong>encourager\u00a0<\/strong><\/em>autrui\u00a0<\/strong><\/em>\u00e0 le pratiquer en ligne avec le <em><strong>V\u00e9ritable\u00a0<\/strong><\/em>Dharma.<\/strong><\/em><\/li>\n<\/ul>\n<p style=\"text-align: justify;\"><em><strong>Alors ce sera dans ces conditions qu&#8217;on deviendra un disciple la\u00efc qui pratique pour son propre b\u00e9n\u00e9fice mais non pas pour le b\u00e9n\u00e9fice des autres.<\/strong><\/em>&#8220;<\/p>\n<p style=\"text-align: justify;\">4. &#8220;<em>Et dans quelle mesure, Grand Ma\u00eetre, devient-on un disciple la\u00efc qui pratique \u00e0 la fois pour son propre b\u00e9n\u00e9fice et au profit des autres?<\/em>&#8220;<\/p>\n<p style=\"text-align: justify;\">&#8220;<em><strong>Jivaka, c&#8217;est<\/strong><\/em><\/p>\n<ul>\n<li style=\"text-align: justify;\"><em><strong><em><strong>Quand\u00a0<strong><em>un\u00a0<\/em><\/strong><\/strong><\/em>disciple la\u00efc lui-m\u00eame r\u00e9alise sa propre croyance, et encourage autrui \u00e0 r\u00e9aliser leur propre croyance,<\/strong><\/em><\/li>\n<li style=\"text-align: justify;\"><em><strong>Quand\u00a0<em><strong>le disciple la\u00efc pr\u00e9serve ses pr\u00e9ceptes<\/strong><\/em>, et\u00a0<em><strong>encourage\u00a0<\/strong><\/em>autrui \u00e0 pr\u00e9server leurs pr\u00e9ceptes,<\/strong><\/em><\/li>\n<li style=\"text-align: justify;\"><em><strong>Quand\u00a0<strong><em>un\u00a0<\/em><\/strong><em><strong>disciple la\u00efc<\/strong><\/em>\u00a0cultive l&#8217;\u00e9tat de g\u00e9n\u00e9rosit\u00e9,\u00a0<em><strong>et\u00a0<em><strong>encourage\u00a0<\/strong><\/em>autrui \u00e0\u00a0<\/strong><\/em>\u00a0cultiver l&#8217;\u00e9tat de g\u00e9n\u00e9rosit\u00e9,<\/strong><\/em><\/li>\n<li style=\"text-align: justify;\"><em><strong>Quand\u00a0<strong><em>un\u00a0<\/em><\/strong><em><strong>disciple la\u00efc<\/strong><\/em>\u00a0d\u00e9sire aller voir les moines,\u00a0<em><strong>et\u00a0<em><strong>encourage\u00a0<\/strong><\/em>autrui\u00a0<\/strong><\/em>\u00e0 aller voir les moines,<\/strong><\/em><\/li>\n<li style=\"text-align: justify;\"><em><strong>Quand\u00a0<strong><em>un\u00a0<\/em><\/strong><em><strong>disciple la\u00efc<\/strong><\/em>\u00a0se veut \u00e9couter le v\u00e9ritable Dharma,\u00a0<em><strong>et\u00a0<em><strong>encourage\u00a0<\/strong><\/em>autrui\u00a0<\/strong><\/em>\u00e0 \u00e9couter le v\u00e9ritable Dharma,<\/strong><\/em><\/li>\n<li style=\"text-align: justify;\"><em><strong>Quand\u00a0<strong><em>un\u00a0<\/em><\/strong><em><strong>disciple la\u00efc<\/strong><\/em>\u00a0se rappelle quotidiennement du Dharma qu&#8217;il a entendu,\u00a0<em><strong>et\u00a0<em><strong>encourage\u00a0<\/strong><\/em>autrui\u00a0<\/strong><\/em>\u00e0 se rappeler du Dharma qu&#8217;ils ont entendu,<\/strong><\/em><\/li>\n<li style=\"text-align: justify;\"><em><strong>Quand\u00a0<strong><em>un\u00a0<\/em><\/strong><em><strong>disciple la\u00efc<\/strong><\/em>\u00a0r\u00e9fl\u00e9chit sur la signification du Dharma qu&#8217;il s&#8217;est inscrit,\u00a0<em><strong><em><strong>et\u00a0<em><strong>encourage\u00a0<\/strong><\/em>autrui\u00a0<\/strong><\/em>\u00e0<\/strong><\/em>\u00a0r\u00e9fl\u00e9chir sur le sens du Dharma qu&#8217;ils se sont inscrit,<\/strong><\/em><\/li>\n<li style=\"text-align: justify;\"><em><strong>Quand\u00a0<strong><em>un\u00a0<\/em><\/strong><em><strong>disciple la\u00efc<\/strong><\/em>\u00a0lui-m\u00eame, sachant \u00e0 la fois le Dharma et sa signification, le pratique en ligne avec le V\u00e9ritable Dharma, et\u00a0<em><strong><em><strong>encourage\u00a0<\/strong><\/em>autrui\u00a0<\/strong><\/em>\u00e0 le pratiquer en ligne avec le\u00a0<em><strong>V\u00e9ritable\u00a0<\/strong><\/em>Dharma.<\/strong><\/em><\/li>\n<\/ul>\n<p style=\"text-align: justify;\"><em><strong>Alors ce sera dans ces conditions qu&#8217;on deviendra un disciple la\u00efc qui p<em><strong>ratique \u00e0 la fois pour son propre b\u00e9n\u00e9fice et pour le b\u00e9n\u00e9fice d&#8217;autrui<\/strong><\/em><\/strong><\/em><span style=\"text-align: justify;\">&#8220;\/&#8230;<\/span><\/p>\n","protected":false},"excerpt":{"rendered":"<p>T\u0103ng Chi B\u1ed9 VIII.26 Kinh Jivaka Komarabhacca Ng\u01b0\u1eddi C\u01b0 s\u0129 g\u01b0\u01a1ng m\u1eabu 1. M\u1ed9t th\u1eddi, Th\u1ebf T\u00f4n tr\u00fa \u1edf R\u00e0jagaha (V\u01b0\u01a1ng x\u00e1), t\u1ea1i r\u1eebng xo\u00e0i \u2026 <a class=\"continue-reading-link\" href=\"https:\/\/www.pagodethienminh.fr\/?page_id=2686\">Continue \u00e0 lire <span class=\"meta-nav\">&rarr; <\/span><\/a><\/p>\n","protected":false},"author":1,"featured_media":0,"parent":836,"menu_order":22,"comment_status":"closed","ping_status":"closed","template":"template-onecolumn.php","meta":{"_mc_calendar":[],"footnotes":""},"class_list":["post-2686","page","type-page","status-publish","hentry"],"_links":{"self":[{"href":"https:\/\/www.pagodethienminh.fr\/index.php?rest_route=\/wp\/v2\/pages\/2686","targetHints":{"allow":["GET"]}}],"collection":[{"href":"https:\/\/www.pagodethienminh.fr\/index.php?rest_route=\/wp\/v2\/pages"}],"about":[{"href":"https:\/\/www.pagodethienminh.fr\/index.php?rest_route=\/wp\/v2\/types\/page"}],"author":[{"embeddable":true,"href":"https:\/\/www.pagodethienminh.fr\/index.php?rest_route=\/wp\/v2\/users\/1"}],"replies":[{"embeddable":true,"href":"https:\/\/www.pagodethienminh.fr\/index.php?rest_route=%2Fwp%2Fv2%2Fcomments&post=2686"}],"version-history":[{"count":8,"href":"https:\/\/www.pagodethienminh.fr\/index.php?rest_route=\/wp\/v2\/pages\/2686\/revisions"}],"predecessor-version":[{"id":3530,"href":"https:\/\/www.pagodethienminh.fr\/index.php?rest_route=\/wp\/v2\/pages\/2686\/revisions\/3530"}],"up":[{"embeddable":true,"href":"https:\/\/www.pagodethienminh.fr\/index.php?rest_route=\/wp\/v2\/pages\/836"}],"wp:attachment":[{"href":"https:\/\/www.pagodethienminh.fr\/index.php?rest_route=%2Fwp%2Fv2%2Fmedia&parent=2686"}],"curies":[{"name":"wp","href":"https:\/\/api.w.org\/{rel}","templated":true}]}}