{"id":264,"date":"2011-05-02T13:50:24","date_gmt":"2011-05-02T13:50:24","guid":{"rendered":"http:\/\/www.pagodethienminh.fr\/?page_id=264"},"modified":"2013-03-14T08:12:01","modified_gmt":"2013-03-14T08:12:01","slug":"n-t%e1%bb%a9-an","status":"publish","type":"page","link":"https:\/\/www.pagodethienminh.fr\/?page_id=264","title":{"rendered":"T\u1ee9 \u00e2n"},"content":{"rendered":"<p style=\"text-align: center;\"><strong>T\u1ee9 \u00e2n trong gi\u00e1o l\u00fd nh\u00e0 Ph\u1eadt<\/strong><\/p>\n<p style=\"text-align: center;\"><a href=\"https:\/\/www.pagodethienminh.fr\/?attachment_id=513\" rel=\"attachment wp-att-513\"><img loading=\"lazy\" decoding=\"async\" class=\"aligncenter size-medium wp-image-513\" title=\"Reconnaissance et gratitude\" alt=\"\" src=\"https:\/\/www.pagodethienminh.fr\/wp-content\/uploads\/2011\/05\/4a7aad9b_5cc2df9f_chutieu281329ru1-196x300.jpg\" width=\"196\" height=\"300\" srcset=\"https:\/\/www.pagodethienminh.fr\/wp-content\/uploads\/2011\/05\/4a7aad9b_5cc2df9f_chutieu281329ru1-196x300.jpg 196w, https:\/\/www.pagodethienminh.fr\/wp-content\/uploads\/2011\/05\/4a7aad9b_5cc2df9f_chutieu281329ru1-98x150.jpg 98w, https:\/\/www.pagodethienminh.fr\/wp-content\/uploads\/2011\/05\/4a7aad9b_5cc2df9f_chutieu281329ru1.jpg 393w\" sizes=\"auto, (max-width: 196px) 100vw, 196px\" \/><\/a><\/p>\n<p style=\"text-align: justify;\">Nh\u00e2n d\u1ecbp \u0110\u1ea1i l\u00e3o H\u00f2a th\u01b0\u1ee3ng Th\u00edch Ph\u1ed5 Tu\u1ec7 l\u00ean ng\u00f4i Ph\u00e1p ch\u1ee7 GHPGVN, Ban Bi\u00ean t\u1eadp Ph\u1eadt t\u1eed Vi\u1ec7t Nam xin tr\u00e2n tr\u1ecdng gi\u1edbi thi\u1ec7u m\u1ed9t th\u1eddi Ph\u00e1p gi\u1ea3n d\u1ecb c\u1ee7a Ng\u00e0i cho m\u1ed9t \u0111o\u00e0n sinh vi\u00ean t\u1eeb tr\u01b0\u1eddng Cao \u0111\u1eb3ng S\u01b0 ph\u1ea1m H\u00e0 T\u00e2y \u0111\u1ebfn th\u0103m ch\u00f9a R\u00e1ng v\u00e0o h\u1ed3i \u0111\u1ea7u th\u00e1ng 12\/2007 v\u1eeba qua. T\u1ee9 \u00e2n l\u00e0 b\u1ed1n c\u00f4ng \u01a1n. Ph\u1eadt d\u1ea1y c\u00e1c h\u00e0ng \u0111\u1ec7 t\u1eed c\u1ea7n ph\u1ea3i c\u00f3 b\u1ed5n ph\u1eadn b\u00e1o \u0111\u00e1p b\u1ed1n c\u00f4ng \u01a1n \u0111\u00f3. \u0110\u00f3 l\u00e0 \u01a1n cha m\u1eb9, \u01a1n th\u1ea7y b\u1ea1n, \u01a1n nh\u00e0 n\u01b0\u1edbc v\u00e0 \u01a1n ch\u00fang sinh.<\/p>\n<p style=\"text-align: justify;\"><strong>1. C\u00f4ng \u01a1n cha m\u1eb9<\/strong><\/p>\n<p style=\"text-align: justify;\">Cha m\u1eb9 sinh th\u00e0nh, nu\u00f4i d\u1ea1y con c\u00e1i, c\u00f4ng \u01a1n \u1ea5y r\u1ea5t l\u1edbn, r\u1ea5t r\u00f5 r\u1ec7t. \u0110\u00f3 l\u00e0 nguy\u00ean do m\u00e0 t\u1ea5t c\u1ea3 c\u00e1c nh\u00e0 lu\u00e2n l\u00fd x\u01b0a nay \u0111\u1ec1u khuy\u00ean d\u1ea1y lo\u00e0i ng\u01b0\u1eddi ph\u1ea3i bi\u1ebft b\u00e1o \u0111\u1ec1n c\u00f4ng \u01a1n cha m\u1eb9. Theo \u0111\u1ea1o Ph\u1eadt, con ng\u01b0\u1eddi ta \u0111\u1ea7u thai v\u00e0o nh\u00e0 n\u00e0y hay nh\u00e0 kh\u00e1c kh\u00f4ng ph\u1ea3i l\u00e0 kh\u00f4ng c\u00f3 nh\u00e2n duy\u00ean, v\u00e0 nh\u1eefng nh\u00e2n duy\u00ean \u1ea5y \u0111\u00e3 \u0111\u01b0\u1ee3c t\u1ea1o ra t\u1eeb c\u00e1c ki\u1ebfp tr\u01b0\u1edbc. Ch\u1ec9 ri\u00eang trong \u0111\u1eddi hi\u1ec7n t\u1ea1i, l\u00f2ng y\u00eau th\u01b0\u01a1ng c\u1ee7a cha m\u1eb9 \u0111\u1ed1i v\u1edbi con c\u00e1i \u0111\u00e3 l\u00e0 r\u1ea5t to l\u1edbn, \u0111\u1ebfn n\u1ed7i c\u00f3 th\u1ec3 v\u00ec con c\u00e1i m\u00e0 hy sinh t\u1ea5t c\u1ea3. L\u00f2ng y\u00eau th\u01b0\u01a1ng v\u00f4 b\u1edd b\u1ebfn \u1ea5y, s\u1ef1 ch\u0103m s\u00f3c v\u00f4 \u0111i\u1ec1u ki\u1ec7n \u1ea5y l\u00e0 m\u1ed9t nguy\u00ean do quan tr\u1ecdng \u0111\u1ec3 nh\u1eefng ng\u01b0\u1eddi l\u00e0m con c\u00f3 b\u1ed5n ph\u1eadn b\u00e1o hi\u1ebfu cha m\u1eb9. B\u00e1o hi\u1ebfu b\u1eb1ng s\u1ef1 cung d\u01b0\u1ee1ng v\u1ec1 v\u1eadt ch\u1ea5t, b\u00e1o hi\u1ebfu b\u1eb1ng s\u1ef1 th\u01b0\u01a1ng y\u00eau, k\u00ednh tr\u1ecdng v\u1ec1 tinh th\u1ea7n. Trong Nho gi\u00e1o c\u00f3 Hi\u1ebfu kinh, \u0111\u1eb7c bi\u1ec7t trong Ph\u1eadt gi\u00e1o c\u00f3 Vu Lan kinh, thuy\u1ebft r\u1ea5t s\u00e2u v\u1ec1 \u0111\u1ea1o hi\u1ebfu \u0111\u00f3. Cao h\u01a1n n\u1eefa, c\u00e1ch b\u00e1o hi\u1ebfu c\u1ee7a ng\u01b0\u1eddi theo \u0111\u1ea1o Ph\u1eadt l\u00e0 c\u00f2n t\u00ecm m\u1ecdi c\u00e1ch khuy\u00ean nh\u1ee7 cha m\u1eb9 h\u1ecdc h\u1ecfi, tu t\u1eadp theo Ph\u1eadt ph\u00e1p \u0111\u1ec3 \u0111\u01b0\u1ee3c gi\u1ea3i tho\u00e1t. V\u00ec th\u1ebf m\u00e0 ng\u01b0\u1eddi xu\u1ea5t gia, m\u1eb7c d\u1ea7u tho\u00e1t ly gia \u0111\u00ecnh, m\u00e0 v\u1eabn c\u00f3 th\u1ec3 b\u00e1o hi\u1ebfu thi\u1ebft th\u1ef1c.<\/p>\n<p style=\"text-align: justify;\"><strong>2. C\u00f4ng \u01a1n th\u1ea7y<\/strong><\/p>\n<p style=\"text-align: justify;\">B\u1ea1n Cha m\u1eb9 ch\u1ee7 y\u1ebfu nu\u00f4i ta v\u1ec1 v\u1eadt ch\u1ea5t c\u00f2n th\u1ea7y b\u1ea1n ch\u1ee7 y\u1ebfu nu\u00f4i ta v\u1ec1 tinh th\u1ea7n. \u01a0n \u1ea5y r\u1ea5t l\u1edbn. Trong ch\u00fang b\u1ea1n, c\u00f3 b\u1ea1n l\u00e0nh v\u00e0 b\u1ea1n \u00e1c. Ch\u1ec9 c\u00f3 nh\u1eefng b\u1ea1n hi\u1ec1n, gi\u00fap ta hi\u1ec3u bi\u1ebft \u0111i\u1ec1u hay l\u1ebd ph\u1ea3i, b\u1ecf \u00e1c l\u00e0m l\u00e0nh th\u00ec m\u1edbi l\u00e0 \u00e2n nh\u00e2n c\u1ee7a ta. B\u00e1o \u01a1n th\u1ea7y b\u1ea1n, \u0111\u1ed1i v\u1edbi ng\u01b0\u1eddi theo \u0111\u1ea1o Ph\u1eadt ch\u1ee7 y\u1ebfu l\u00e0 b\u00e1o \u01a1n Tam b\u1ea3o Ph\u1eadt Ph\u00e1p T\u0103ng.<\/p>\n<ul>\n<li style=\"text-align: justify;\">B\u00e1o \u01a1n Ph\u1eadt b\u1ea3o b\u1eb1ng c\u00e1ch t\u1eadn t\u00e2m, t\u1eadn l\u1ef1c c\u1ee9u \u0111\u1ed9 ch\u00fang sinh, ph\u1ee5c v\u1ee5 ch\u00fang sinh. Ph\u1ee5ng s\u1ef1 ch\u00fang sinh t\u1ee9c l\u00e0 l\u00e0m vui l\u00f2ng ch\u01b0 Ph\u1eadt. B\u00e1o \u01a1n ch\u00fang sinh t\u1ee9c l\u00e0 b\u00e1o \u01a1n Ph\u1eadt, v\u00ec Ph\u1eadt v\u1edbi ch\u00fang sinh l\u00e0 c\u00f9ng m\u1ed9t th\u1ec3 t\u00ednh. Ch\u00fang sinh l\u00e0 v\u1ecb lai ch\u01b0 Ph\u1eadt. Cho n\u00ean c\u00f3 c\u00e2u \u201cph\u1ee5c v\u1ee5 ch\u00fang sinh l\u00e0 c\u00fang d\u00e0ng ch\u01b0 Ph\u1eadt\u201d.<\/li>\n<li style=\"text-align: justify;\">B\u00e1o \u01a1n Ph\u00e1p b\u1ea3o b\u1eb1ng c\u00e1ch l\u00e0m l\u01b0u th\u00f4ng v\u00e0 tuy\u00ean d\u01b0\u01a1ng Ch\u00ednh Ph\u00e1p. B\u1ed5n ph\u1eadn c\u1ee7a Ph\u1eadt t\u1eed, \u0111\u1eb7c bi\u1ec7t l\u00e0 nh\u1eefng b\u1eadc xu\u1ea5t gia l\u00e0 ph\u1ea3i thuy\u1ebft ph\u00e1p \u0111\u1ed9 sinh. Thuy\u1ebft Ph\u00e1p c\u00f3 nhi\u1ec1u ph\u01b0\u01a1ng ti\u1ec7n, kh\u00f4ng ch\u1ec9 l\u00e0 n\u00f3i b\u1eb1ng l\u1eddi. \u0110\u1ee9c Ph\u1eadt khi c\u00f2n tr\u1ee5 th\u1ebf \u0111\u00e3 ph\u1ea3i kh\u00f4 m\u00f4i \u0111\u1eafng mi\u1ec7ng thuy\u1ebft Ph\u00e1p c\u0169ng b\u1edfi nh\u01b0 th\u1ebf.<\/li>\n<li style=\"text-align: justify;\">B\u00e1o \u01a1n T\u0103ng b\u1ea3o b\u1eb1ng c\u00e1ch c\u1ee7ng c\u1ed1 v\u00e0 ph\u00e1t tri\u1ec3n \u0111o\u00e0n th\u1ec3 \u0111\u1ec7 t\u1eed Ph\u1eadt tr\u00ean tinh th\u1ea7n L\u1ee5c h\u00f2a: Th\u00e2n h\u00f2a c\u00f9ng \u1edf, l\u1eddi h\u00f2a kh\u00f4ng tranh c\u00e3i, \u00fd h\u00f2a c\u00f9ng vui, gi\u1edbi h\u00f2a c\u00f9ng tu, th\u1ea5y h\u00f2a c\u00f9ng hi\u1ec3u, l\u1ee3i \u00edch c\u00f9ng chia s\u1ebb. L\u00e0 Ph\u1eadt t\u1eed th\u00ec c\u1ea7n ph\u1ea3i \u0111o\u00e0n k\u1ebft, gi\u00fap \u0111\u1ee1 nhau c\u00f9ng tu h\u1ecdc, c\u00f9ng tuy\u00ean d\u01b0\u01a1ng Ch\u00ednh Ph\u00e1p.<\/li>\n<\/ul>\n<p style=\"text-align: justify;\"><strong>3. C\u00f4ng \u01a1n Nh\u00e0 n\u01b0\u1edbc<\/strong><\/p>\n<p style=\"text-align: justify;\">Nh\u00e0 n\u01b0\u1edbc duy tr\u00ec an ninh tr\u1eadt t\u1ef1 trong n\u01b0\u1edbc v\u00e0 b\u1ea3o v\u1ec7 to\u00e0n v\u1eb9n l\u00e3nh th\u1ed5, ch\u1ed1ng ngo\u1ea1i x\u00e2m \u0111\u1ec3 cho Ph\u1eadt t\u1eed c\u00f3 \u0111i\u1ec1u ki\u1ec7n y\u00ean \u1ed5n m\u00e0 sinh s\u1ed1ng tu h\u00e0nh v\u00e0 d\u00e2n sinh c\u00f3 th\u1ec3 an l\u1ea1c. C\u00f4ng \u01a1n \u1ea5y c\u1ea7n \u0111\u01b0\u1ee3c b\u00e1o \u0111\u00e1p b\u1eb1ng c\u00e1ch th\u1ef1c hi\u1ec7n t\u1ed1t c\u00e1c ngh\u0129a v\u1ee5 v\u00e0 b\u1ed5n ph\u1eadn c\u1ee7a ng\u01b0\u1eddi d\u00e2n. Trong c\u00e1c ch\u1ebf \u0111\u1ed9 x\u01b0a, Qu\u1ed1c v\u01b0\u01a1ng l\u00e0 ti\u00eau bi\u1ec3u cho nh\u00e0 n\u01b0\u1edbc, n\u00ean ch\u01b0 kinh th\u01b0\u1eddng d\u1ea1y l\u00e0 ph\u1ea3i b\u00e1o \u01a1n Qu\u1ed1c v\u01b0\u01a1ng. X\u00e9t cho k\u1ef9, th\u00ec ch\u1ec9 c\u00f3 nh\u1eefng nh\u00e0 n\u01b0\u1edbc t\u00edch c\u1ef1c b\u1ea3o v\u1ec7 ch\u1ee7 quy\u1ec1n \u0111\u1ea5t n\u01b0\u1edbc v\u00e0 l\u1ee3i \u00edch c\u1ee7a D\u00e2n t\u1ed9c, h\u1ebft l\u00f2ng ch\u0103m lo \u0111\u1eddi s\u1ed1ng v\u1eadt ch\u1ea5t v\u00e0 tinh th\u1ea7n c\u1ee7a nh\u00e2n d\u00e2n, nh\u1ea5t l\u00e0 nh\u00e2n d\u00e2n lao \u0111\u1ed9ng, nh\u1eefng ng\u01b0\u1eddi c\u00f9ng kh\u1ed5 th\u00ec m\u1edbi th\u1eadt c\u00f3 c\u00f4ng \u01a1n. \u0110\u1ed1i v\u1edbi nh\u1eefng nh\u00e0 n\u01b0\u1edbc th\u1eadt s\u1ef1 v\u00ec n\u01b0\u1edbc v\u00ec d\u00e2n nh\u01b0 th\u1ebf, ng\u01b0\u1eddi Ph\u1eadt t\u1eed c\u1ea7n ph\u1ea3i g\u00f3p ph\u1ea7n thi h\u00e0nh tri\u1ec7t \u0111\u1ec3 m\u1ecdi ch\u00ednh s\u00e1ch Qu\u1ed1c gia, t\u1eadn t\u00e2m t\u1eadn l\u1ef1c gi\u00fap \u0111\u1ee1 nh\u00e0 n\u01b0\u1edbc, \u0111\u1ec3 h\u1ecd c\u00f3 th\u1ec3 ph\u1ee5c v\u1ee5 t\u1ed1t h\u01a1n n\u1eefa l\u1ee3i \u00edch c\u1ee7a nh\u00e2n d\u00e2n. \u0110\u00f3 l\u00e0 c\u00e1ch nh\u00ecn v\u00e0 c\u00e1ch l\u00e0m m\u00e0 ng\u01b0\u1eddi Ph\u1eadt t\u1eed ph\u1ea3i bi\u1ebft \u0111\u1ec3 b\u00e1o \u0111\u1ec1n c\u00f4ng \u01a1n c\u1ee7a Nh\u00e0 n\u01b0\u1edbc.<\/p>\n<p style=\"text-align: justify;\"><strong>4. C\u00f4ng \u01a1n ch\u00fang sinh<\/strong><\/p>\n<p style=\"text-align: justify;\">N\u1ebfu k\u1ec3 t\u1eeb v\u00f4 l\u01b0\u1ee3ng v\u00f4 s\u1ed1 ki\u1ebfp th\u00ec t\u1ea5t c\u1ea3 c\u00e1c ch\u00fang sinh \u0111\u1ec1u c\u00f3 \u01a1n v\u00e0 \u0111\u1ec1u c\u1ea7n ph\u1ea3i b\u00e1o \u01a1n t\u1ea5t c\u1ea3 c\u00e1c ch\u00fang sinh. N\u1ebfu k\u1ec3 ri\u00eang v\u1ec1 \u0111\u1eddi hi\u1ec7n t\u1ea1i th\u00ec b\u00e1o \u01a1n ch\u00fang sinh t\u1ee9c l\u00e0 b\u00e1o \u01a1n nh\u00e2n lo\u1ea1i c\u1ea7n lao n\u00f3i chung v\u00e0 b\u00e1o \u01a1n x\u00e3 h\u1ed9i, \u0111\u1ed3ng b\u00e0o lao \u0111\u1ed9ng n\u00f3i ri\u00eang. Ch\u00fang ta n\u00ean x\u00e9t t\u1eeb th\u1ee9c \u0103n, \u0111\u1ed3 m\u1eb7c, nh\u00e0 \u1edf, cho \u0111\u1ebfn c\u00e1c m\u00f3n \u0103n v\u1ec1 tinh th\u1ea7n \u0111\u1ec1u do nh\u00e2n lo\u1ea1i c\u1ea7n lao, g\u1ea7n h\u01a1n l\u00e0 \u0111\u1ed3ng b\u00e0o lao \u0111\u1ed9ng cung c\u1ea5p cho ch\u00fang ta. Kh\u00f4ng c\u00f3 s\u1ef1 cung c\u1ea5p \u1ea5y th\u00ec ch\u00fang ta kh\u00f4ng th\u1ec3 s\u1ed1ng \u0111\u01b0\u1ee3c, kh\u00f4ng th\u1ec3 tu t\u1eadp \u0111\u01b0\u1ee3c. \u0110\u00f3 l\u00e0 m\u1ed9t c\u00f4ng \u01a1n r\u1ea5t l\u1edbn, c\u1ea7n b\u00e1o \u0111\u00e1p. B\u00e1o \u0111\u00e1p b\u1eb1ng c\u00e1ch t\u1eadn t\u00e2m t\u1eadn l\u1ef1c b\u1ea3o v\u1ec7 \u0111\u1eddi s\u1ed1ng h\u00f2a b\u00ecnh cho nh\u00e2n lo\u1ea1i, ph\u1ee5c v\u1ee5 nh\u00e2n d\u00e2n lao \u0111\u1ed9ng trong n\u01b0\u1edbc, thi\u1ebft th\u1ef1c bi\u1ebft \u01a1n v\u00e0 ph\u1ee5c v\u1ee5 nh\u00e2n d\u00e2n lao \u0111\u1ed9ng, c\u1ed1 g\u1eafng l\u00e0m tr\u00f2n ch\u1ee9c nghi\u1ec7p v\u00e0 nhi\u1ec7m v\u1ee5 c\u1ee7a m\u00ecnh. L\u00e0 Ph\u1eadt t\u1eed, nh\u1ea5t l\u00e0 c\u00e1c ch\u00fang xu\u1ea5t gia c\u1ea7n bi\u1ebft tr\u00e2n tr\u1ecdng, s\u1eed d\u1ee5ng ti\u1ebft ki\u1ec7m, c\u00f3 hi\u1ec7u qu\u1ea3 c\u00e1c ph\u1ea9m v\u1eadt t\u1ecbnh t\u00e0i, ti\u1ec1n b\u1ea1c m\u00e0 nh\u00e2n d\u00e2n v\u00ec k\u00ednh ng\u01b0\u1ee1ng Tam b\u1ea3o m\u00e0 d\u00e2ng c\u00fang. Nh\u00e0 Ph\u1eadt hay n\u00f3i \u0111\u1ebfn ch\u1eef t\u00f9y duy\u00ean, ph\u01b0\u01a1ng ti\u1ec7n nh\u01b0ng v\u1eabn l\u1ea5y kh\u1ed5 h\u1ea1nh l\u00e0m c\u0103n b\u1ea3n. \u0110\u00f3 l\u00e0 m\u1ed9t c\u00e1ch thi\u1ebft th\u1ef1c \u0111\u1ec3 b\u00e1o \u0111\u1ec1n c\u00f4ng \u01a1n c\u1ee7a x\u00e3 h\u1ed9i, c\u1ee7a nh\u00e2n d\u00e2n. Ch\u1ec9 c\u00f3 nh\u1eefng ng\u01b0\u1eddi th\u1ef1c s\u1ef1 y\u00eau nh\u00e2n d\u00e2n lao \u0111\u1ed9ng m\u1edbi l\u00e0 thi\u1ebft th\u1ef1c y\u00eau T\u1ed5 qu\u1ed1c, y\u00eau D\u00e2n t\u1ed9c v\u00e0 k\u00ednh ng\u01b0\u1ee1ng Tam b\u1ea3o.<\/p>\n","protected":false},"excerpt":{"rendered":"<p>T\u1ee9 \u00e2n trong gi\u00e1o l\u00fd nh\u00e0 Ph\u1eadt Nh\u00e2n d\u1ecbp \u0110\u1ea1i l\u00e3o H\u00f2a th\u01b0\u1ee3ng Th\u00edch Ph\u1ed5 Tu\u1ec7 l\u00ean ng\u00f4i Ph\u00e1p ch\u1ee7 GHPGVN, Ban Bi\u00ean t\u1eadp Ph\u1eadt \u2026 <a class=\"continue-reading-link\" href=\"https:\/\/www.pagodethienminh.fr\/?page_id=264\">Continue \u00e0 lire <span class=\"meta-nav\">&rarr; <\/span><\/a><\/p>\n","protected":false},"author":1,"featured_media":0,"parent":1599,"menu_order":3,"comment_status":"closed","ping_status":"closed","template":"template-onecolumn.php","meta":{"_mc_calendar":[],"footnotes":""},"class_list":["post-264","page","type-page","status-publish","hentry"],"_links":{"self":[{"href":"https:\/\/www.pagodethienminh.fr\/index.php?rest_route=\/wp\/v2\/pages\/264","targetHints":{"allow":["GET"]}}],"collection":[{"href":"https:\/\/www.pagodethienminh.fr\/index.php?rest_route=\/wp\/v2\/pages"}],"about":[{"href":"https:\/\/www.pagodethienminh.fr\/index.php?rest_route=\/wp\/v2\/types\/page"}],"author":[{"embeddable":true,"href":"https:\/\/www.pagodethienminh.fr\/index.php?rest_route=\/wp\/v2\/users\/1"}],"replies":[{"embeddable":true,"href":"https:\/\/www.pagodethienminh.fr\/index.php?rest_route=%2Fwp%2Fv2%2Fcomments&post=264"}],"version-history":[{"count":13,"href":"https:\/\/www.pagodethienminh.fr\/index.php?rest_route=\/wp\/v2\/pages\/264\/revisions"}],"predecessor-version":[{"id":3374,"href":"https:\/\/www.pagodethienminh.fr\/index.php?rest_route=\/wp\/v2\/pages\/264\/revisions\/3374"}],"up":[{"embeddable":true,"href":"https:\/\/www.pagodethienminh.fr\/index.php?rest_route=\/wp\/v2\/pages\/1599"}],"wp:attachment":[{"href":"https:\/\/www.pagodethienminh.fr\/index.php?rest_route=%2Fwp%2Fv2%2Fmedia&parent=264"}],"curies":[{"name":"wp","href":"https:\/\/api.w.org\/{rel}","templated":true}]}}