{"id":260,"date":"2011-05-02T13:44:16","date_gmt":"2011-05-02T13:44:16","guid":{"rendered":"http:\/\/www.pagodethienminh.fr\/?page_id=260"},"modified":"2013-03-14T08:11:58","modified_gmt":"2013-03-14T08:11:58","slug":"l-ni%e1%bb%87m-ph%e1%ba%adt","status":"publish","type":"page","link":"https:\/\/www.pagodethienminh.fr\/?page_id=260","title":{"rendered":"Ni\u1ec7m Ph\u1eadt"},"content":{"rendered":"<p style=\"text-align: center;\"><a href=\"https:\/\/www.pagodethienminh.fr\/?attachment_id=507\" rel=\"attachment wp-att-507\"><img loading=\"lazy\" decoding=\"async\" class=\"aligncenter size-medium wp-image-507\" title=\"R\u00e9citation m\u00e9ditative\" alt=\"\" src=\"https:\/\/www.pagodethienminh.fr\/wp-content\/uploads\/2011\/05\/initiation-bouddhisme-meditation-lecole-shing-L-2-300x253.jpg\" width=\"300\" height=\"253\" srcset=\"https:\/\/www.pagodethienminh.fr\/wp-content\/uploads\/2011\/05\/initiation-bouddhisme-meditation-lecole-shing-L-2-300x253.jpg 300w, https:\/\/www.pagodethienminh.fr\/wp-content\/uploads\/2011\/05\/initiation-bouddhisme-meditation-lecole-shing-L-2-150x126.jpg 150w, https:\/\/www.pagodethienminh.fr\/wp-content\/uploads\/2011\/05\/initiation-bouddhisme-meditation-lecole-shing-L-2.jpeg 500w\" sizes=\"auto, (max-width: 300px) 100vw, 300px\" \/><\/a><\/p>\n<p style=\"text-align: center;\"><strong>S\u1ef1 M\u1ea7u Nhi\u1ec7m v\u00e0 N\u00e9t \u0110\u1eb9p C\u1ee7a Ni\u1ec7m Ph\u1eadt<\/strong><\/p>\n<p style=\"text-align: justify;\">Ph\u00e1p m\u00f4n ni\u1ec7m Ph\u1eadt, c\u00e2u ni\u1ec7m \u201cNam M\u00f4 A Di \u0110\u00e0 Ph\u1eadt\u201d h\u1ecd\u0103c ng\u1eafn g\u1ecdn h\u01a1n \u201cA Di \u0110\u00e0 Ph\u1eadt\u201d \u0111\u00e3 hi\u1ec7n h\u1eefu v\u1edbi d\u00e2n t\u1ed9c Vi\u1ec7t Nam h\u01a1n ng\u00e0n n\u0103m. Ch\u00fang ta c\u1ea5t ti\u1ebfng \u201cA Di \u0110\u00e0 Ph\u1eadt !\u201d th\u00ec ti\u1ebfng \u201cA Di \u0110\u00e0 Ph\u1eadt\u201d tr\u1edf th\u00e0nh m\u1ed9t c\u00e2u ch\u00e0o h\u1ecfi, m\u1ed9t l\u1eddi th\u00e2n thi\u1ec7n, m\u1ed9t l\u1eddi m\u1eebng r\u1ee1 r\u1eb1ng ta c\u00f2n c\u00f3 nhau, m\u1ed9t l\u1eddi ch\u00fac t\u1ee5ng, m\u1ed9t s\u1ef1 k\u00ednh tr\u1ecdng, m\u1ed9t \u01b0\u1edbc v\u1ecdng sau n\u00e0y (khi v\u00e3ng sinh) s\u1ebd l\u1ea1i g\u1eb7p nhau tr\u00ean Qu\u1ed1c \u0110\u1ed9 Thanh T\u1ecbnh c\u1ee7a Ph\u1eadt A Di \u0110\u00e0. Ng\u00f2ai ra ch\u00fang ta c\u1ea7n ph\u1ea3i l\u00e0m s\u00e1ng t\u1ecf c\u00e1i C\u00f3 v\u00e0 Kh\u00f4ng C\u00f3 trong ni\u1ec7m Ph\u1eadt \u0111\u1ec3 cho th\u1ea5y \u0110\u1ea1o Ph\u1eadt kh\u00f4ng ph\u1ea3i l\u00e0 Th\u1ea7n Gi\u00e1o<\/p>\n<p style=\"text-align: justify;\"><strong>Nh\u1eefng C\u00e1i Kh\u00f4ng C\u00f3 Trong Ni\u1ec7m Ph\u1eadt<\/strong><\/p>\n<ol>\n<li style=\"text-align: justify;\">Ni\u1ec7m Ph\u1eadt kh\u00f4ng ph\u1ea3i \u0111\u1ec3 c\u1ea7u xin Ph\u1eadt ban cho m\u1ed9t \u0111i\u1ec1u \u01b0\u1edbc n\u00e0o \u0111\u00f3.<\/li>\n<li style=\"text-align: justify;\">Ni\u1ec7m Ph\u1eadt kh\u00f4ng ph\u1ea3i \u0111\u1ec3 t\u0103ng th\u00eam s\u1ee9c m\u1ea1nh, th\u00eam can \u0111\u1ea3m \u0111\u1ec3 \u0111\u1ed1i ph\u00f3 v\u1edbi k\u1ebb th\u00f9. Cho n\u00ean trong Ph\u1eadt Gi\u00e1o tr\u1ea3i qua h\u01a1n 2500 n\u0103m, kh\u00f4ng h\u1ec1 c\u00f3 chuy\u1ec7n m\u1ed9t \u0111\u00f2an qu\u00e2n l\u00e2m tr\u1eadn d\u01b0\u01a1ng cao bi\u1ec3u t\u01b0\u1ee3ng hay h\u00ecnh \u0110\u1ee9c Ph\u1eadt \u0111\u1ec3 h\u0103ng m\u00e1u, can \u0111\u1ea3m x\u00f4ng l\u00ean ch\u00e9m gi\u1ebft k\u1ebb th\u00f9.<\/li>\n<li style=\"text-align: justify;\">Ni\u1ec7m Ph\u1eadt kh\u00f4ng ph\u1ea3i l\u00e0 \u0111\u1ec3 van xin Ph\u1eadt ban cho m\u00f4t gi\u1ea3i ph\u00e1p \u0111\u1ec3 gi\u1ea3i quy\u1ebft m\u1ed9t t\u00ecnh th\u1ebf kh\u00f3 kh\u0103n.<\/li>\n<li style=\"text-align: justify;\">Ni\u1ec7m Ph\u1eadt kh\u00f4ng ph\u1ea3i \u0111\u1ec3 xin Ph\u1eadt ban b\u1ed1 ph\u00e9p m\u1ea7u, v\u1eb7n c\u1ed5 k\u1ebb th\u00f9 gi\u00fap ch\u00fang ta.<\/li>\n<li style=\"text-align: justify;\">Ni\u1ec7m Ph\u1eadt kh\u00f4ng ph\u1ea3i l\u00e0 qu\u1ef5 l\u1ee5y kh\u00f3c than, tr\u1edf n\u00ean h\u00e8n k\u00e9m \u0111\u1ed1i v\u1edbi Ph\u1eadt.<\/li>\n<li style=\"text-align: justify;\">Ni\u1ec7m Ph\u1eadt kh\u00f4ng ph\u1ea3i xin Ph\u1eadt ch\u1ec9 l\u1ed1i, \u0111\u01b0a \u0111\u01b0\u1eddng cho ch\u00fang ta bu\u00f4n may, b\u00e1n \u0111\u1eaft.<\/li>\n<li style=\"text-align: justify;\">Ni\u1ec7m Ph\u1eadt kh\u00f4ng ph\u1ea3i \u0111\u1ec3 d\u00f4ng d\u00e0i k\u1ec3 l\u1ec3, t\u00e2m s\u1ef1 chuy\u1ec7n k\u00edn, chuy\u1ec7n ri\u00eang t\u01b0 v\u1edbi Ph\u1eadt.<\/li>\n<li style=\"text-align: justify;\">Ni\u1ec7m Ph\u1eadt kh\u00f4ng gi\u1ed1ng nh\u01b0 c\u1ea7u nguy\u1ec7n, van v\u00e1i Th\u1ea7n Linh.<\/li>\n<li style=\"text-align: justify;\">Ni\u1ec7m Ph\u1eadt kh\u00f4ng ph\u1ea3i \u0111\u1ec3 tr\u1edf n\u00ean \u0111\u1eddi \u0111\u1eddi ki\u1ebfp ki\u1ebfp l\u00e0m t\u00f4i \u0111\u00f2i cho Ph\u1eadt.<\/li>\n<li style=\"text-align: justify;\">Ni\u1ec7m Ph\u1eadt nh\u1ea5t thi\u1ebft kh\u00f4ng ph\u1ea3i \u0111\u1ec3 qu\u00ean \u0111\u1eddi.<\/li>\n<\/ol>\n<p style=\"text-align: justify;\"><strong>Nh\u1eefng C\u00e1i C\u00f3 Trong Ni\u1ec7m Ph\u1eadt:<\/strong><\/p>\n<ol>\n<li style=\"text-align: justify;\">Ni\u1ec7m Ph\u1eadt \u0111\u1ec3 t\u00e2m h\u1ed3n thanh th\u1ea3n.<\/li>\n<li style=\"text-align: justify;\">Ni\u1ec7m Ph\u1eadt \u0111\u1ec3 an tr\u1ee5 t\u00e2m. \u0110ang n\u00f3ng n\u1ea3y, ni\u1ec7m Ph\u1eadt l\u00f2ng d\u1ecbu h\u1eb3n xu\u1ed1ng. \u0110ang t\u1ee9c gi\u1eadn ni\u1ec7m Ph\u1eadt, l\u1eeda S\u00e2n t\u1eeb t\u1eeb h\u1ea1. \u0110ang \u0111i\u00ean cu\u1ed3ng, ni\u1ec7m Ph\u1eadt t\u1ef1 nhi\u00ean b\u1edbt \u0111i\u00ean cu\u1ed3ng. \u0110ang th\u00f9 h\u1eadn, ni\u1ec7m Ph\u1eadt h\u1eadn th\u00f9 h\u00f3a gi\u1ea3i. Tham lam, ni\u1ec7m Ph\u1eadt b\u1edbt tham. K\u1ebb hung h\u0103ng, ni\u1ec7m Ph\u1eadt b\u1edbt hung h\u0103ng.<\/li>\n<li style=\"text-align: justify;\">Ni\u1ec7m Ph\u1eadt \u0111\u1ec3 kh\u00f4ng cho ni\u1ec7m \u00c1c n\u1ea3y sinh. N\u1ebfu ni\u1ec7m \u00c1c \u0111\u00e3 n\u1ea3y sinh th\u00ec kh\u00f4ng cho n\u00f3 ph\u00e1t tri\u1ec3n. Do \u0111\u00f3 Ch\u01b0 T\u1ed5 n\u00f3i r\u1eb1ng \u201cNi\u1ec7m Ph\u1eadt qu\u00ean ni\u1ec7m Ma\u201d. Khi ni\u1ec7m Ph\u1eadt th\u00ec t\u00e0 ma, qu\u1ef7 th\u1ea7n s\u1ebd l\u00e1nh xa.<\/li>\n<li style=\"text-align: justify;\">Ni\u1ec7m Ph\u1eadt \u0111\u1ec3 gi\u1eef g\u00ecn Th\u00e2n-Kh\u1ea9u-\u00dd.<\/li>\n<li style=\"text-align: justify;\">Ni\u1ec7m Ph\u1eadt l\u00e0 ph\u01b0\u01a1ng thu\u1eadt gi\u1eef g\u00ecn Ch\u00e1nh Ni\u1ec7m.<\/li>\n<li style=\"text-align: justify;\">Ni\u1ec7m Ph\u1eadt t\u1edbi v\u00f4 ni\u1ec7m ch\u00ednh l\u00e0 Thi\u1ec1n. L\u00fac \u0111\u00f3 s\u1ebd kh\u00f4ng c\u00f2n Ch\u1ed7 Ni\u1ec7m (n\u0103ng) v\u00e0 Ng\u01b0\u1eddi Ni\u1ec7m (s\u1edf), h\u00e0nh gi\u1ea3 hi\u1ec3n l\u1ed9 Ph\u1eadt t\u00e1nh c\u00f3 s\u1eb5n trong con ng\u01b0\u1eddi m\u00ecnh v\u00e0 \u0111i v\u00e0o tr\u1ea1ng th\u00e1i \u0110\u1ecbnh.<\/li>\n<li style=\"text-align: justify;\">Ni\u1ec7m Ph\u1eadt \u0111\u1ec3 nu\u00f4i d\u01b0\u1ee1ng l\u00f2ng T\u1eeb Bi.<\/li>\n<li style=\"text-align: justify;\">Ni\u1ec7m Ph\u1eadt ri\u1ebft r\u1ed3i tr\u1edf th\u00e0nh Ph\u1eadt ch\u1ee9 kh\u00f4ng ph\u1ea3i tr\u1edf th\u00e0nh n\u00f4 l\u1ec7 hay t\u00f4i t\u1edb cho Ph\u1eadt.<\/li>\n<li style=\"text-align: justify;\">Ni\u1ec7m Ph\u1eadt c\u0169ng l\u00e0 ph\u00e9p \u0111i\u1ec1u h\u00f2a h\u01a1i th\u1edf cho nh\u1eb9 nh\u00e0ng. \u0110i, \u0111\u1ee9ng, n\u1eb1m ng\u1ed3i \u0111\u1ec1u c\u00f3 th\u1ec3 ni\u1ec7m Ph\u1eadt. Cho n\u00ean ni\u1ec7m Ph\u1eadt c\u0169ng l\u00e0 ph\u00e9p tr\u1ecb li\u1ec7u, b\u1ea3o v\u1ec7 s\u1ee9c kh\u1ecfe.<\/li>\n<li style=\"text-align: justify;\">Ni\u1ec7m Ph\u1eadt \u0111\u1ec3 gi\u1ea3i tr\u1eeb b\u1edbt \u00c1c Nghi\u1ec7p g\u00e2y t\u1ea1o trong qu\u00e1 kh\u1ee9.<\/li>\n<li style=\"text-align: justify;\">Ni\u1ec7m Ph\u1eadt \u0111\u1ec3 l\u00fac l\u00e2m chung ch\u1eb3ng c\u00f2n lo s\u1ee3. Ch\u1eb3ng c\u1ea7n ph\u1ea3i nh\u1edd ai c\u1ee9u r\u1ed7i. M\u1ed9t m\u00ecnh th\u1eb3ng ti\u1ebfn l\u00ean Th\u1ebf Gi\u1edbi C\u1ef1c L\u1ea1c c\u1ee7a Ph\u1eadt A Di \u0110\u00e0.<\/li>\n<li style=\"text-align: justify;\">C\u00e0ng ni\u1ec7m Ph\u1eadt \u0111\u1ea5u \u00f3c c\u00e0ng trong tr\u1eafng, l\u00f2ng d\u1ea1 th\u1ea3o ngay, t\u00e2m t\u00ednh hi\u1ec1n t\u1eeb.<\/li>\n<li style=\"text-align: justify;\">K\u1ebb \u00e1c kh\u1ea9u, n\u00f3i n\u0103ng hung d\u1eef chuy\u00ean ni\u1ec7m Ph\u1eadt s\u1ebd gi\u1ea3i tr\u1eeb \u0111\u01b0\u1ee3c kh\u1ea9u nghi\u1ec7p. Ni\u1ec7m Ph\u1eadt khi\u1ebfn ta kh\u00f4ng v\u1ea5p ng\u00e3 trong l\u1eddi n\u00f3i. M\u1ed9t l\u1eddi n\u00f3i l\u1ea7m l\u1ee1 c\u00f3 th\u1ec3 ti\u00eau tan s\u1ef1 nghi\u1ec7p.<\/li>\n<li style=\"text-align: justify;\">Ni\u1ec7m Ph\u1eadt khi\u1ebfn l\u1eddi n\u00f3i d\u1ecbu d\u00e0ng, khi\u1ebfm t\u1ed1n do \u0111\u00f3 kh\u00f4ng g\u00e2y th\u00f9 chu\u1ed1c o\u00e1n, kh\u00f4ng b\u1ecb \u201cv\u1ea1 mi\u1ec7ng\u201d.<\/li>\n<li style=\"text-align: justify;\">M\u1eb7t m\u00e0y hung d\u1eef, ni\u1ec7m Ph\u1eadt tr\u1edf n\u00ean hi\u1ec1n t\u1eeb, d\u1ec5 coi. Ni\u1ec7m Ph\u1eadt \u0111\u1ec3 chuy\u1ec3n nghi\u1ec7p.<\/li>\n<li style=\"text-align: justify;\">Ni\u1ec7m Ph\u1eadt khi\u1ebfn \u0111i \u0111\u1ee9ng d\u1ecbu d\u00e0ng, c\u1eed ch\u1ec9 khoan thai.<\/li>\n<li style=\"text-align: justify;\">Ni\u1ec7m Ph\u1eadt c\u00f3 th\u1ec3 ng\u0103n ch\u1eb7n \u0111\u01b0\u1ee3c c\u00e1m d\u1ed7 \u0111i\u00ean cu\u1ed3ng.<\/li>\n<li style=\"text-align: justify;\">Ch\u00e1n n\u1ea3n, th\u1ea5t v\u1ecdng n\u00e3o n\u1ec1, c\u00f9ng \u0111\u01b0\u1eddng kh\u00f4ng l\u1ed1i tho\u00e1t mu\u1ed1n t\u1ef1 t\u1eed ch\u1ebft cho r\u1ed3i, ni\u1ec7m Ph\u1eadt khi\u1ebfn t\u00e2m \u0111\u1ecba b\u00ecnh \u1ed5n t\u1eeb \u0111\u00f3 m\u00e0 t\u00ecm ra gi\u1ea3i \u0111\u00e1p h\u1ee3p l\u00fd.<\/li>\n<li style=\"text-align: justify;\">L\u00e2m v\u00e0o v\u00f2ng lao l\u00fd, t\u00f9 t\u1ed9i m\u1ed7i t\u1ed1i n\u00ean ng\u1ed3i \u1edf t\u01b0 th\u1ebf \u201cb\u00e1n gi\u00e0\u201d, xoay m\u1eb7t v\u00e0o t\u01b0\u1eddng ni\u1ec7m Ph\u1eadt kho\u1ea3ng n\u1eeda ti\u1ebfng \u0111\u1ed3ng h\u1ed3, s\u1ebd th\u1ea5y t\u00e2m h\u1ed3n thanh th\u1ea3n, th\u1eddi gian \u1edf t\u00f9 qua nhanh, kh\u00f4ng ph\u1ea1m th\u00eam t\u1ed9i l\u1ed7i, may m\u1eafn \u00e2n x\u00e1, gi\u1ea3m \u00e1n s\u1ebd t\u1edbi. Nh\u1edd ni\u1ec7m Ph\u1eadt m\u00e0 sau khi \u1edf t\u00f9 ra l\u1ea5y l\u1ea1i t\u1ef1 tin \u0111\u1ec3 x\u00e2y d\u1ef1ng cu\u1ed9c \u0111\u1eddi m\u1edbi.<\/li>\n<li style=\"text-align: justify;\">Trong m\u1ed9t \u0111\u00e1m \u0111\u00f4ng h\u1ed7n l\u1ecdan, \u0111\u00e2m ch\u00e9m, ph\u1eabn n\u1ed9, cu\u1ed3ng \u0111i\u00ean, ni\u1ec7m Ph\u1eadt khi\u1ebfn ta b\u00ecnh t\u0129nh, kh\u00f4ng h\u0103ng m\u00e1u lao v\u00e0o chuy\u1ec7n th\u1ecb phi\u2026<\/li>\n<li style=\"text-align: justify;\">Ni\u1ec7m Ph\u1eadt c\u00f3 th\u1ec3 tr\u1edf th\u00e0nh Th\u00e1nh T\u0103ng. C\u1ee9 th\u1eed nh\u00ecn v\u00e0o h\u00ecnh c\u1ee7a B\u1ed3 T\u00e1t Th\u00edch Qu\u1ea3ng \u0110\u1ee9c m\u00e0 xem. L\u00fac n\u00e0o tr\u00ean tay ng\u00e0i c\u0169ng c\u00f3 chu\u1ed7i h\u1ea1t. \u0110i\u1ec1u \u0111\u00f3 ch\u1ee9ng t\u1ecf ng\u00e0i theo ph\u00e1p m\u00f4n T\u1ecbnh \u0110\u1ed9 t\u1ee9c t\u1ee5ng kinh, ni\u1ec7m Ph\u1eadt\u2026<\/li>\n<\/ol>\n<p style=\"text-align: justify;\"><strong>T\u1ea1i sao ni\u1ec7m Ph\u1eadt l\u1ea1i c\u00f3 uy l\u1ef1c gh\u00ea g\u1edbm nh\u01b0 v\u1eady? <\/strong>Ni\u1ec7m Ph\u1eadt ph\u00e1t xu\u1ea5t t\u1eeb ph\u00e1p m\u00f4n T\u1ecbnh \u0110\u1ed9 m\u00e0 ph\u00e1p m\u00f4n T\u1ecbnh \u0110\u1ed9 ph\u00e1t xu\u1ea5t t\u1eeb b\u1ed9 Kinh A Di \u0110\u00e0. Ph\u1eadt n\u00f3i kinh n\u00e0y t\u1ea1i Th\u00e0nh X\u00e1 V\u1ec7 do t\u1ea5m l\u00f2ng th\u00e0nh c\u1ee7a t\u1ec9 ph\u00fa C\u1ea5p C\u00f4 \u0110\u1ed9c, d\u00e1m tr\u1ea3i v\u00e0ng \u0111\u1ec3 mua v\u01b0\u1eddn ng\u1ef1 uy\u1ec3n c\u1ee7a Th\u00e1i T\u1eed K\u1ef3 \u0110\u00e0 l\u00e0m \u0111\u1ea1o tr\u00e0ng cho Ph\u1eadt thuy\u1ebft ph\u00e1p. Trong ph\u00e1p h\u1ed9i n\u00e0y Ph\u1eadt n\u00f3i r\u1eb1ng Kinh A Di \u0110\u00e0 c\u00f2n c\u00f3 t\u00ean Nh\u1ea5t Thi\u1ebft Ch\u01b0 Ph\u1eadt H\u1ed9 Ni\u1ec7m. Ch\u00fang ta h\u00e3y nghe l\u1eddi Ph\u1eadt d\u1ea1y ng\u00e0i X\u00e1 L\u1ee3i Ph\u1ea5t:\u00a0<em><strong>\u201c N\u00e0y X\u00e1 L\u1ee3i Ph\u1ea5t, \u00fd \u00f4ng th\u1ebf n\u00e0o? Sao g\u1ecdi kinh n\u00e0y l\u00e0 Nh\u1ea5t Thi\u1ebft Ch\u01b0 Ph\u1eadt H\u1ed9 Ni\u1ec7m? X\u00e1 L\u1ee3i Ph\u1ea5t, n\u1ebfu c\u00f3 thi\u1ec7n nam hay thi\u1ec7n n\u1eef, nghe kinh n\u00e0y r\u1ed3i m\u00e0 ch\u1ecbu nh\u1edb l\u1ea5y, c\u1ea3 nh\u1eefng danh hi\u1ec7u, ch\u01b0 Ph\u1eadt s\u00e1u ph\u01b0\u01a1ng nghe r\u1ed3i nh\u1edb l\u1ea5y, th\u00ec thi\u1ec7n nam \u1ea5y, thi\u1ec7n n\u1eef \u1ea5y \u0111\u1ec1u \u0111\u01b0\u1ee3c h\u1ebft th\u1ea3y ch\u01b0 Ph\u1eadt h\u1ed9 ni\u1ec7m v\u00e0 \u0111\u01b0\u1ee3c t\u1edbi c\u00f5i A N\u1eadu Da La Tam Mi\u1ec7u Tam B\u1ed3 \u0110\u1ec1 ch\u1eb3ng h\u1ec1 th\u1ed1i chuy\u1ec3n.\u201c L\u1ea1i n\u1eefa, \u201c X\u00e1 L\u1ee3i Ph\u1ea5t \u01a1i, Ph\u1eadt kia s\u00e1ng l\u00e1ng v\u00f4 c\u00f9ng, v\u00f4 l\u01b0\u1ee3ng, soi kh\u1eafp c\u00e1c n\u01b0\u1edbc su\u1ed1t c\u1ea3 m\u01b0\u1eddi ph\u01b0\u01a1ng, kh\u00f4ng \u0111\u00e2u ch\u01b0\u1edbng ng\u1ea1i, v\u00ec th\u1ebf n\u00ean g\u1ecdi A Di \u0110\u00e0.\u201d<\/strong><\/em><\/p>\n<p style=\"text-align: justify;\">Ch\u00ednh v\u00ec th\u1ebf m\u00e0 khi ch\u00fang ta c\u1ea5t ti\u1ebfng ni\u1ec7m \u201c Nam M\u00f4 A Di \u0110\u00e0 Ph\u1eadt\u201d ho\u1eb7c \u201cA Di \u0110\u00e0 Ph\u1eadt\u201d th\u00ec ch\u01b0 Ph\u1eadt s\u00e1u ph\u01b0\u01a1ng c\u00f9ng hoan h\u1ec9 v\u00e0 h\u1ebft l\u00f2ng tr\u1ee3 l\u1ef1c. H\u01a1n th\u1ebf n\u1eefa, v\u00ec h\u00e0o quang c\u1ee7a A Di \u0110\u00e0 Ph\u1eadt chi\u1ebfu xuy\u00ean su\u1ed1t kh\u00f4ng ch\u01b0\u1edbng ng\u1ea1i cho n\u00ean, d\u00f9 \u1edf \u0111\u00e2u, khi ch\u00fang ta ni\u1ec7m danh hi\u1ec7u ng\u00e0i th\u00ec Ph\u1eadt A Di \u0110\u00e0 c\u0169ng s\u1ebd h\u1ed9 tr\u00ec cho ch\u00fang ta \u0111\u1ea1t m\u1ee5c \u0111\u00edch v\u00e0 kh\u00f4ng th\u00f3ai chuy\u1ec3n\u2026<\/p>\n<p style=\"text-align: justify;\"><strong>Do nh\u1eefng k\u1ebft qu\u1ea3 t\u1ed1t l\u00e0nh n\u00f3i tr\u00ean m\u00e0 ch\u00fang ta:<\/strong><\/p>\n<ul>\n<li style=\"text-align: justify;\">Bu\u1ed5i t\u1ed1i n\u00ean ni\u1ec7m Ph\u1eadt.<\/li>\n<li style=\"text-align: justify;\">Tr\u01b0\u1edbc khi \u0111i ng\u1ee7 n\u00ean ni\u1ec7m Ph\u1eadt cho \u0111\u1ebfn khi n\u00e0o \u0111\u1ea7u \u00f3c thanh th\u1ea3n \u0111\u1ec3 t\u1eeb t\u1eeb \u0111i v\u00e0o gi\u1ea5c ng\u1ee7.<\/li>\n<li style=\"text-align: justify;\">S\u00e1ng th\u1ee9c d\u1eady n\u00ean ni\u1ec7m Ph\u1eadt, d\u00f9 v\u00e0i c\u00e2u, b\u1edfi v\u00ec sau gi\u1ea5c ng\u1ee7 d\u00e0i \u0111\u1ea7u \u00f3c con ng\u01b0\u1eddi th\u01b0\u1eddng h\u00f4n tr\u1ea7m. Ni\u1ec7m Ph\u1eadt v\u00e0o \u0111\u1ea7u s\u1edbm mai c\u0169ng l\u00e0 d\u1ea5u hi\u1ec7u b\u1eaft \u0111\u1ea7u m\u1ed9t ng\u00e0y m\u1edbi t\u1ed1t l\u00e0nh.<\/li>\n<li style=\"text-align: justify;\">Khi n\u00e0o th\u1ea5y bu\u1ed3n ch\u00e1n n\u00ean ni\u1ec7m Ph\u1eadt.<\/li>\n<li style=\"text-align: justify;\">Th\u1ea5y m\u1ea5t t\u1ef1 tin n\u00ean ni\u1ec7m Ph\u1eadt.<\/li>\n<li style=\"text-align: justify;\">Th\u1ea5y long xao xuy\u1ebfn n\u00ean ni\u1ec7m Ph\u1eadt.<\/li>\n<li style=\"text-align: justify;\">Th\u1ea5y c\u00f3 th\u1ec3 b\u1ecb c\u00e1m d\u1ed7 n\u00ean ni\u1ec7m Ph\u1eadt.<\/li>\n<li style=\"text-align: justify;\">Th\u1ea5y th\u1eddi gian k\u00e9o d\u00e0i, v\u00f4 v\u1ecb n\u00ean ni\u1ec7m Ph\u1eadt.<\/li>\n<li style=\"text-align: justify;\">G\u1eb7p r\u1eafc r\u1ed1i v\u1ec1 ph\u00e1p l\u00fd n\u00ean ni\u1ec7m Ph\u1eadt \u0111\u1ec3 b\u00ecnh t\u0129nh \u1ee9ng ph\u00f3.<\/li>\n<li style=\"text-align: justify;\">B\u1ecb ai ch\u1ecdc gi\u1eadn, c\u00f4ng k\u00edch n\u00ean ni\u1ec7m Ph\u1eadt.<\/li>\n<li style=\"text-align: justify;\">T\u1ea1i \u0111\u00e1m \u0111\u00f4ng t\u1ee5 h\u1ecdp, \u0103n nh\u1eadu, vui ch\u01a1i, th\u1ea5y ng\u01b0\u1eddi ta n\u00f3i chuy\u1ec7n \u201cv\u00f4 duy\u00ean\u201d, t\u00e0o lao, nh\u1ea3m nh\u00ed m\u1ea5t th\u00ec gi\u1edd, n\u00ean ni\u1ec7m Ph\u1eadt \u0111\u1ec3 kh\u00f4ng gi\u00e2y d\u01b0a v\u00e0o chuy\u1ec7n v\u00f4 \u00edch<\/li>\n<li style=\"text-align: justify;\">C\u00e1c em khi v\u00e0o thi, n\u00ean ni\u1ec7m Ph\u1eadt \u0111\u1ec3 \u0111\u1ea7u \u00f3c thanh th\u1ea3n, b\u00ecnh t\u0129nh. Thi\u1ebfu b\u00ecnh t\u0129nh, qu\u00e1 lo \u00e2u, xao xuy\u1ebfn \u0111\u01b0a \u0111\u1ebfn vi\u1ec7c kh\u00f4ng \u0111\u1ecdc k\u1ef9 c\u00e2u h\u1ecfi, \u0111\u1ec1 t\u00e0i, t\u00ednh t\u00f3an sai, l\u1ea1c \u0111\u1ec1 v.v..<\/li>\n<li style=\"text-align: justify;\">\u0110\u00eam khuya thanh v\u1eafng m\u1ed9t m\u00ecnh tr\u00ean t\u00e0u, xe, tr\u00ean s\u00f4ng n\u01b0\u1edbc n\u00ean ni\u1ec7m Ph\u1eadt.<\/li>\n<li style=\"text-align: justify;\">Khi b\u1ec7nh t\u1eadt, \u0111au \u1ed1m n\u1eb1m nh\u00e0 th\u01b0\u01a1ng n\u00ean ni\u1ec7m Ph\u1eadt \u0111\u1ec3 kh\u00f4ng m\u1ea5t tinh th\u1ea7n, kh\u00f4ng s\u1ee3 ch\u1ebft. C\u00e0ng r\u00ean la, c\u00e0ng m\u1ea5t tinh th\u1ea7n, c\u00e0ng ch\u1ebft s\u1edbm, l\u00e0m kh\u1ed5 gia \u0111\u00ecnh.<\/li>\n<li style=\"text-align: justify;\">N\u1ebfu ni\u1ec7m Ph\u1eadt c\u00f9ng l\u00fac l\u1ea1i qu\u00e1n s\u1ed5 t\u1ee9c (theo d\u00f5i h\u01a1i th\u1edf) th\u00ec c\u00f4ng n\u0103ng r\u1ea5t l\u1edbn ch\u1eb3ng kh\u00e1c g\u00ec thi\u1ec1n \u0111\u1ecbnh v\u1eady. Ni\u1ec7m Ph\u1eadt mi\u1ec5n ph\u00ed, kh\u00f4ng ph\u1ea3i tr\u1ea3 ti\u1ec1n m\u00e0 c\u0169ng kh\u00f4ng b\u1ecb \u0111\u00f3ng thu\u1ebf, \u0111em l\u1ea1i t\u1ed1t l\u00e0nh cho \u0111\u1eddi t\u1ea1i sao ch\u00fang ta kh\u00f4ng th\u1eed xem? Mi\u1ec7t m\u00e0i \u0111i t\u1edbi m\u1ee5c \u0111\u00edch cu\u1ed1i c\u00f9ng: Gi\u1ea3i th\u00f3at cho ch\u00ednh m\u00ecnh v\u00e0 c\u1ee9u \u0111\u1ed9 ch\u00fang sinh.<\/li>\n<\/ul>\n","protected":false},"excerpt":{"rendered":"<p>S\u1ef1 M\u1ea7u Nhi\u1ec7m v\u00e0 N\u00e9t \u0110\u1eb9p C\u1ee7a Ni\u1ec7m Ph\u1eadt Ph\u00e1p m\u00f4n ni\u1ec7m Ph\u1eadt, c\u00e2u ni\u1ec7m \u201cNam M\u00f4 A Di \u0110\u00e0 Ph\u1eadt\u201d h\u1ecd\u0103c ng\u1eafn g\u1ecdn h\u01a1n \u2026 <a class=\"continue-reading-link\" href=\"https:\/\/www.pagodethienminh.fr\/?page_id=260\">Continue \u00e0 lire <span class=\"meta-nav\">&rarr; <\/span><\/a><\/p>\n","protected":false},"author":1,"featured_media":0,"parent":1599,"menu_order":2,"comment_status":"closed","ping_status":"closed","template":"template-onecolumn.php","meta":{"_mc_calendar":[],"footnotes":""},"class_list":["post-260","page","type-page","status-publish","hentry"],"_links":{"self":[{"href":"https:\/\/www.pagodethienminh.fr\/index.php?rest_route=\/wp\/v2\/pages\/260","targetHints":{"allow":["GET"]}}],"collection":[{"href":"https:\/\/www.pagodethienminh.fr\/index.php?rest_route=\/wp\/v2\/pages"}],"about":[{"href":"https:\/\/www.pagodethienminh.fr\/index.php?rest_route=\/wp\/v2\/types\/page"}],"author":[{"embeddable":true,"href":"https:\/\/www.pagodethienminh.fr\/index.php?rest_route=\/wp\/v2\/users\/1"}],"replies":[{"embeddable":true,"href":"https:\/\/www.pagodethienminh.fr\/index.php?rest_route=%2Fwp%2Fv2%2Fcomments&post=260"}],"version-history":[{"count":18,"href":"https:\/\/www.pagodethienminh.fr\/index.php?rest_route=\/wp\/v2\/pages\/260\/revisions"}],"predecessor-version":[{"id":3373,"href":"https:\/\/www.pagodethienminh.fr\/index.php?rest_route=\/wp\/v2\/pages\/260\/revisions\/3373"}],"up":[{"embeddable":true,"href":"https:\/\/www.pagodethienminh.fr\/index.php?rest_route=\/wp\/v2\/pages\/1599"}],"wp:attachment":[{"href":"https:\/\/www.pagodethienminh.fr\/index.php?rest_route=%2Fwp%2Fv2%2Fmedia&parent=260"}],"curies":[{"name":"wp","href":"https:\/\/api.w.org\/{rel}","templated":true}]}}