{"id":2566,"date":"2012-07-04T14:44:37","date_gmt":"2012-07-04T14:44:37","guid":{"rendered":"http:\/\/www.pagodethienminh.fr\/?page_id=2566"},"modified":"2013-03-14T16:00:51","modified_gmt":"2013-03-14T16:00:51","slug":"kinh-bao-an-cha-me","status":"publish","type":"page","link":"https:\/\/www.pagodethienminh.fr\/?page_id=2566","title":{"rendered":"Kinh B\u00e1o \u00c2n Cha M\u1eb9"},"content":{"rendered":"<div align=\"center\"><center><span style=\"color: #0000d5; font-family: 'Times New Roman';\"><big><big><big>Kinh B\u00e1o \u00c2n Cha M\u1eb9<\/big><\/big><\/big><\/span><\/center><\/div>\n<div align=\"center\"><center><span style=\"color: #a800a8; font-family: 'Times New Roman';\"><big>(HT. Th\u00edch Tr\u00ed Quang d\u1ecbch v\u00e0 hi\u1ec7u ch\u1ec9nh l\u1ea1i b\u1ea3n d\u1ecbch c\u1ed5, 1994)<\/big><\/span><\/center><\/div>\n<hr width=\"15%\" \/>\n<p align=\"JUSTIFY\"><span style=\"font-family: 'Times New Roman';\">Kinh n\u00e0y t\u00f4i nghe \u0110\u1ee9c Th\u1ebf T\u00f4n d\u1ea1y trong th\u1eddi gian Ng\u00e0i c\u00f9ng v\u1edbi r\u1ea5t nhi\u1ec1u c\u00e1c v\u1ecb \u0111\u1ea1i t\u1ef7 kheo v\u00e0 \u0111\u1ea1i b\u1ed3 t\u00e1t \u1edf n\u01a1i t\u1ecbnh x\u00e1 K\u00ec ho\u00e0n, thu\u1ed9c n\u01b0\u1edbc X\u00e1 v\u1ec7.<\/span><\/p>\n<p align=\"JUSTIFY\"><span style=\"font-family: 'Times New Roman';\">L\u00fac b\u1ea5y gi\u1edd \u0110\u1ee9c Th\u1ebf T\u00f4n c\u00f9ng v\u1edbi \u0111\u1ea1i ch\u00fang \u0111i v\u1ec1 ph\u00eda nam tinh x\u00e1, th\u1ea5y m\u1ed9t \u0111\u1ed1ng x\u01b0\u01a1ng kh\u00f4. Ng\u00e0i li\u1ec1n l\u1ea1y s\u00e1t \u0111\u1ea5t. T\u00f4n gi\u1ea3 A nan th\u1ea5y v\u1eady th\u00ec th\u01b0a r\u1eb1ng : &#8220;B\u1ea1ch \u0111\u1ee9c Th\u1ebf T\u00f4n, Ng\u00e0i l\u00e0 \u0111\u1ea1i s\u1ee9 c\u1ee7a ch\u00fang sinh, l\u00e0 t\u1eeb ph\u1ee5 c\u1ee7a mu\u00f4n lo\u00e0i, ai c\u0169ng t\u00f4n k\u00ednh, t\u1ea1i sao l\u1ea1i l\u1ea1y \u0111\u1ed1ng x\u01b0\u01a1ng kh\u00f4 n\u00e0y m\u1ed9t c\u00e1ch cung k\u00ednh nh\u01b0 v\u1eady ?&#8221;<\/span><\/p>\n<p align=\"JUSTIFY\"><span style=\"font-family: 'Times New Roman';\">\u0110\u1ee9c Th\u1ebf T\u00f4n d\u1ea1y : &#8220;A nan, t\u00f4n gi\u1ea3 tuy l\u00e0 \u0111\u1ec7 t\u1eed th\u01b0\u1ee3ng t\u00fac c\u1ee7a Nh\u01b0 Lai, nh\u01b0ng ki\u1ebfn th\u1ee9c c\u00f2n khi\u1ebfm khuy\u1ebft. \u0110\u1ed1ng x\u01b0\u01a1ng kh\u00f4 n\u00e0y ho\u1eb7c l\u00e0 t\u1ed5 t\u00f4ng ki\u1ebfp tr\u01b0\u1edbc, ho\u1eb7c l\u00e0 cha m\u1eb9 nhi\u1ec1u \u0111\u1eddi c\u1ee7a Nh\u01b0 Lai, n\u00ean Nh\u01b0 Lai ch\u00e2n th\u00e0nh k\u00ednh l\u1ea1y.<\/span><\/p>\n<p align=\"JUSTIFY\"><span style=\"font-family: 'Times New Roman';\">T\u00f4n gi\u1ea3 h\u00e3y \u0111em \u0111\u1ed1ng x\u01b0\u01a1ng kh\u00f4 n\u00e0y chia ra hai ph\u1ea7n : n\u1ebfu l\u00e0 nam th\u00ec x\u01b0\u01a1ng tr\u1eafng m\u00e0 n\u1eb7ng, n\u1ebfu l\u00e0 n\u1eef th\u00ec x\u01b0\u01a1ng \u0111en l\u1ea1i nh\u1eb9&#8221;. T\u00f4n gi\u1ea3 A nan th\u01b0a : &#8220;B\u1ea1ch \u0111\u1ee9c Th\u1ebf T\u00f4n, nam v\u00e0 n\u1eef khi c\u00f2n sinh t\u1ed3n th\u00ec nh\u1edd h\u00ecnh d\u00e1ng m\u00e0 nh\u1eadn bi\u1ebft, nay ch\u1ebft r\u1ed3i th\u00ec ch\u1ec9 m\u1ed9t \u0111\u1ed1ng x\u01b0\u01a1ng kh\u00f4 nh\u01b0 nhau, l\u00e0m sao ph\u00e2n bi\u1ec7t ?&#8221; \u0110\u1ee9c Th\u1ebf T\u00f4n d\u1ea1y : &#8220;A nan, ng\u01b0\u1eddi nam khi s\u1ed1ng tinh tu ph\u1ea1n h\u1ea1nh, \u0111a v\u0103n thi\u1ec1n qu\u00e1n, n\u00ean x\u01b0\u01a1ng tr\u1eafng v\u00e0 n\u1eb7ng. Ng\u01b0\u1eddi n\u1eef sinh s\u1ea3n, huy\u1ebft s\u1eefa hao t\u1ed5n, m\u1ec7t nh\u1ecdc lao kh\u1ed5, n\u00ean x\u01b0\u01a1ng \u0111en m\u00e0 nh\u1eb9&#8221;.<\/span><\/p>\n<p align=\"JUSTIFY\"><span style=\"font-family: 'Times New Roman';\">T\u00f4n gi\u1ea3 Anan nghe \u0110\u1ee9c Th\u1ebf T\u00f4n d\u1ea1y nh\u01b0 v\u1eady th\u00ec \u0111au l\u00f2ng r\u01a1i l\u1ee5y, th\u01b0a Ng\u00e0i : &#8220;B\u1ea1ch \u0111\u1ee9c Th\u1ebf T\u00f4n, \u00e2n \u0111\u1ee9c cha m\u1eb9 th\u1ebf n\u00e0o ? L\u00e0m sao b\u00e1o \u0111\u00e1p ?&#8221;. \u0110\u1ee9c Th\u1ebf T\u00f4n d\u1ea1y : &#8220;A nan, h\u00e3y nghe cho k\u0129.. Nh\u01b0 Lai s\u1ebd n\u00f3i cho t\u00f4n gi\u1ea3.<\/span><\/p>\n<p align=\"JUSTIFY\"><span style=\"font-family: 'Times New Roman';\">A nan, m\u01b0\u1eddi hai th\u00e1ng mang thai, m\u1eb9 r\u1ea5t kh\u1ed5 s\u1edf. Thai mang m\u1ed9t th\u00e1ng m\u1edbi nh\u01b0 h\u1ea1t s\u01b0\u01a1ng r\u01a1i tr\u00ean c\u1ecf, t\u1ee5 t\u00e1n mong manh. Hai th\u00e1ng m\u1edbi nh\u01b0 v\u00e1ng s\u1eefa. Ba th\u00e1ng m\u1edbi nh\u01b0 huy\u1ebft \u0111\u1ecdng. B\u1ed1n th\u00e1ng m\u1edbi t\u1ee5 h\u00ecnh ng\u01b0\u1eddi. N\u0103m th\u00e1ng m\u1edbi c\u00f3 \u0111\u1ea7u, hai tay v\u00e0 hai ch\u00e2n. S\u00e1u th\u00e1ng c\u00e1c gi\u00e1c quan m\u1edbi khai t\u01b0\u1ee3ng. B\u1ea3y th\u00e1ng g\u00e2n c\u1ed1t l\u00f4ng da m\u1edbi c\u00f3. T\u00e1m th\u00e1ng m\u1edbi c\u00f3 l\u1ee5c ph\u1ee7 ng\u0169 t\u1ea1ng. Ch\u00edn th\u00e1ng m\u1edbi th\u00e0nh thai nhi, h\u1ea5p th\u1ee5 nguy\u00ean kh\u00ed c\u1ee7am\u1eb9 m\u00e0 s\u1ed1ng. Qua th\u00e1ng th\u1ee9 m\u01b0\u1eddi m\u1edbi kh\u1edfi s\u1ef1 chuy\u1ec3n sinh. N\u1ebfu l\u00e0 hi\u1ebfu thu\u1eadn th\u00ec h\u00e0i nhi xu\u00f4i tay m\u00e0 ra, kh\u00f4ng th\u01b0\u01a1ng t\u1ed5n m\u1eb9. N\u1ebfu l\u00e0 ng\u1ed7 ngh\u1ecbch th\u00ec c\u00e0o c\u1ea5u \u0111\u1ea1p ph\u00e1 thai b\u00e0o, l\u00e0m m\u1eb9 \u0111au \u0111\u1edbn v\u1ea1n tr\u1ea1ng. N\u00ean th\u00e2n n\u00e0y sinh \u0111\u01b0\u1ee3c th\u1eadt l\u00e0 may m\u1eafn ph\u01b0\u1edbc \u0111\u1ee9c.<\/span><\/p>\n<p align=\"JUSTIFY\"><span style=\"font-family: 'Times New Roman';\">A nan, \u00e2n \u0110\u1ee9c cha m\u1eb9 c\u00f3 m\u01b0\u1eddi \u0111i\u1ec1u sau \u0111\u00e2y:<\/span><\/p>\n<p align=\"JUSTIFY\"><span style=\"font-family: 'Times New Roman';\">&#8220;M\u1ed8T l\u00e0 thai mang gi\u1eef g\u00ecn. V\u00ec nghi\u1ec7p l\u1ef1c n\u00ean ch\u00fang sinh th\u00e1c thai m\u1eb9. M\u1eb9 l\u00e2u ng\u00e0y kh\u1ed5 s\u1edf, ch\u00edn th\u00e1ng c\u01b0u mang, n\u1eb7ng nh\u1ecdc nh\u01b0 \u0111\u1ed9i \u0111\u00e1, \u0111i \u0111\u1ee9ng ng\u1ea1i gi\u00f3 m\u01b0a, qu\u1ea7n \u00e1o kh\u00f4ng s\u1eeda so\u1ea1n, trang \u0111i\u1ec3m c\u00f2n k\u1ec3 chi.<\/span><\/p>\n<p align=\"JUSTIFY\"><span style=\"font-family: 'Times New Roman';\">HAI l\u00e0 sinh s\u1ea3n kh\u1ed5 s\u1edf. \u0110\u1ebfn th\u00e1ng th\u1ee9 m\u01b0\u1eddi, g\u1ea7n ng\u00e0y s\u1ea3n n\u1ea1n, th\u00ec \u0111\u00eam \u0111\u00eam nh\u01b0 b\u1ecbnh n\u1eb7ng, ng\u00e0y ng\u00e0y t\u1ee3 ho\u00e0ng h\u00f4n. Khi\u1ebfp h\u00e3i lo ngh\u0129, l\u1ec7 s\u1ea7u tu\u00f4n r\u01a1i, ch\u1ec9 s\u1ee3 t\u1eed th\u1ea7n kh\u00f4ng dung t\u00e1nh m\u1ea1ng.<\/span><\/p>\n<p align=\"JUSTIFY\"><span style=\"font-family: 'Times New Roman';\">BA l\u00e0 sinh r\u1ed3i qu\u00ean lo. Trong khi sinh \u0111\u1ebb, gan ru\u1ed9t t\u1eeb m\u1eabu tu\u1ed3ng nh\u01b0 x\u00e9 r\u00e1ch, \u0111au \u0111\u1edbn m\u00ea man, m\u00e1u huy\u1ebft d\u1ea7m d\u1ec1. Nh\u01b0ng nghe con an to\u00e0n th\u00ec vui m\u1eebng qu\u00ean h\u1ebft. Song vui \u0111\u00f3 l\u1ea1i bu\u1ed3n \u0111\u00f3, lo ngh\u0129 xi\u1ebft ru\u1ed9t gan.<\/span><\/p>\n<p align=\"JUSTIFY\"><span style=\"font-family: 'Times New Roman';\">B\u1ed0N l\u00e0 nu\u1ed1t \u0111\u1eafng nh\u1ed5 ng\u1ecdt. T\u00ecnh th\u01b0\u01a1ng cha m\u1eb9 th\u1eadt s\u00e2u n\u1eb7ng, th\u01b0\u01a1ng m\u1ebfn c\u00f3 bao gi\u1edd l\u1ea1t phai. Nh\u1ed5 ng\u1ecdt kh\u00f4ng ti\u1ebfc nu\u1ed1i, nu\u1ed1t \u0111\u1eafng n\u00e0o phi\u1ec1n h\u00e0. Th\u01b0\u01a1ng m\u1ebfn c\u00e0ng s\u00e2u \u0111\u1eadm, bi s\u1ea7u c\u00e0ng t\u0103ng th\u00eam. Mi\u1ec5n sao con no \u1ea5m, \u0111\u00f3i kh\u00e1t m\u1eb9 n\u00e0o t\u1eeb.<\/span><\/p>\n<p align=\"JUSTIFY\"><span style=\"font-family: 'Times New Roman';\">N\u0102M l\u00e0 nh\u01b0\u1eddng kh\u00f4 n\u1eb1m \u01b0\u1edbt. M\u1eb9 n\u1eb1m ch\u1ed7 \u01b0\u1edbt \u00e1t, n\u00e2ng con ch\u1ed7 \u1ea5m kh\u00f4. \u0110\u00f4i v\u00fa no \u0111\u00f3i kh\u00e1t, hai tay che gi\u00f3 s\u01b0\u01a1ng. Y\u00eau th\u01b0\u01a1ng qu\u00ean ng\u1ee7 ngh\u1ec9, s\u1ee7ng \u00e1i h\u1ebft gi\u00e1 l\u1ea1nh. Ch\u1ec9 mong con y\u00ean \u1ed5n, m\u1eb9 hi\u1ec1n kh\u00f4ng c\u1ea7u an.<\/span><\/p>\n<p align=\"JUSTIFY\"><span style=\"font-family: 'Times New Roman';\">S\u00c1U l\u00e0 b\u00fa m\u1edbm nu\u00f4i n\u1ea5ng. M\u1eb9 hi\u1ec1n \u01a1n h\u01a1n \u0111\u1ea5t, cha nghi\u00eam \u0111\u1ee9c qu\u00e1 tr\u1eddi. Che ch\u1edf \u01a1n cao d\u00e0y, cha m\u1eb9 n\u00e0o t\u00ednh to\u00e1n. Kh\u00f4ng hi\u1ec1m kh\u00f4ng m\u1eaft m\u0169i, kh\u00f4ng gh\u00e9t qu\u00e8 ch\u00e2n tay. Con sinh ra t\u1eeb b\u1ee5ng m\u1eb9, c\u00f2n \u0111\u1ed5i d\u1ea1 th\u01b0\u01a1ng ai.<\/span><\/p>\n<p align=\"JUSTIFY\"><span style=\"font-family: 'Times New Roman';\">B\u1ea2Y l\u00e0 t\u1eafm r\u1eeda s\u0103n s\u00f3c. Kh\u00f4ng ngh\u0129 th\u00e2n ph\u1eadn m\u00ecnh, ch\u1ec9 lo con b\u1ec7nh t\u1eadt, cho n\u00ean h\u1ebft l\u00f2ng t\u1eafm r\u1eeda s\u0103n s\u00f3c. A<\/span>\u9be0<span style=\"font-family: 'Times New Roman';\">qu\u1ea7n lo cho con, r\u00e1ch r\u01b0\u1edbi m\u1eb9 cam ch\u1ecbu. Th\u00e2n con \u0111\u01b0\u1ee3c \u1ea5m \u00e1p l\u00e0 l\u00f2ng m\u1eb9 \u1ea5m \u00e1p.<\/span><\/p>\n<p align=\"JUSTIFY\"><span style=\"font-family: 'Times New Roman';\">T\u00c1M l\u00e0 xa c\u00e1ch th\u01b0\u01a1ng nh\u1edb. Ch\u1ebft m\u00e0 t\u1eeb bi\u1ec7t, \u0111\u00e3 \u0111\u00e0nh kh\u00f3 nh\u1eabn ; s\u1ed1ng m\u00e0 bi\u1ec7t ly, l\u1ea1i c\u00e0ng th\u01b0\u01a1ng nh\u1edb. Con \u0111i \u0111\u01b0\u1eddng xa c\u00e1ch, l\u00f2ng m\u1eb9 b\u00f3ng theo h\u00ecnh. Ng\u00e0y \u0111\u00eam kh\u00f4ng th\u01b0 d\u1ea1, s\u1edbm t\u1ed1i n\u00e0o t\u1ea1m qu\u00ean. Kh\u00f3c nh\u01b0 kh\u00f3c v\u01b0\u1ee3n nh\u1edb con, th\u01b0\u01a1ng nh\u1edb n\u00e1t can tr\u01b0\u1eddng.<\/span><\/p>\n<p align=\"JUSTIFY\"><span style=\"font-family: 'Times New Roman';\">CH\u00cdN l\u00e0 v\u00ec con l\u00e0m \u00e1c. Lao kh\u1ed5 \u0111\u1ee7 mu\u00f4n b\u1ec1, b\u1eefa \u0103n r\u1ea5t kh\u00f3 ki\u1ebfm. V\u00ec mu\u1ed1n con no \u1ea5m, vi\u1ec7c \u00e1c m\u1eb9 kh\u00f3 t\u1eeb. Nu\u00f4i kh\u00f4n l\u1edbn, lo g\u1ea7y d\u1ef1ng. Lo c\u01a1m \u00e1o, s\u1ee3 c\u01a1 h\u00e0n. Kho n\u1ea5u bao sinh v\u1eadt, c\u0169ng v\u00ec ngon mi\u1ec7ng con.<\/span><\/p>\n<p align=\"JUSTIFY\"><span style=\"font-family: 'Times New Roman';\">M\u01af\u1edcI l\u00e0 th\u01b0\u01a1ng m\u1ebfn tr\u1ecdn \u0111\u1eddi. A\u2ba0\u0111\u1ee9c c\u1ee7a cha m\u1eb9 cao s\u00e2u h\u01a1n tr\u1eddi \u0111\u1ea5t. Hi sinh h\u1ebft t\u1ea5t c\u1ea3, v\u1eabn th\u1ea5y ch\u01b0a v\u1eeba l\u00f2ng. M\u1eb9 gi\u00e0 h\u01a1n tr\u0103m tu\u1ed5i c\u00f2n th\u01b0\u01a1ng con t\u00e1m m\u01b0\u01a1i. T\u00ecnh th\u01b0\u01a1ng c\u00f3 ng\u1eebng ch\u0103ng, ch\u1ec9 h\u01a1i th\u1edf cu\u1ed1i c\u00f9ng.<\/span><\/p>\n<p align=\"JUSTIFY\"><span style=\"font-family: 'Times New Roman';\">\u0110\u1ee9c Th\u1ebf T\u00f4n l\u1ea1i d\u1ea1y : &#8220;A nan, Nh\u01b0 Lai x\u00e9t th\u1ea5y ch\u00fang sinh tuy l\u00e0m th\u00e2n ng\u01b0\u1eddi, t\u00e2m tr\u00ed v\u1eabn c\u00f2n t\u1ed1i t\u0103m. Kh\u00f4ng bi\u1ebft \u00e2n \u0111\u1ee9c cha m\u1eb9 cao d\u00e0y. Kh\u00f4ng bi\u1ebft k\u00ednh tr\u1ecdng, vong \u00e2n b\u1ed9i ngh\u0129a. Kh\u00f4ng l\u00f2ng m\u1ebfn th\u01b0\u01a1ng, b\u1ea5t hi\u1ebfu b\u1ea5t m\u1ee5c. T\u1eeb m\u1eabu mang thai trong m\u01b0\u1eddi th\u00e1ng tr\u00f2n, \u0111\u1ee9ng ng\u1ed3i kh\u00f4ng y\u00ean, nh\u01b0 g\u00e1nh g\u00e1nh n\u1eb7ng, \u0103n u\u1ed1ng kh\u00f4ng xu\u1ed1ng, nh\u01b0 b\u1ec7nh l\u00e2u ng\u00e0y. Khi \u0111\u1ee7 ng\u00e0y th\u00e1ng, s\u1eafp s\u1eeda sinh con, th\u00ec \u0111\u1ee7 kh\u1ed5 s\u1edf, khi\u1ebfp s\u1ee3 t\u1eed th\u1ea7n, t\u00e1nh m\u1ea1ng mong manh. Nh\u01b0 v\u1eadt b\u1ecb h\u1ea1i, huy\u1ebft ch\u1ea3y tr\u00e0n \u0111\u1ea5t : m\u1eb9 kh\u1ed5 \u0111\u1ebfn th\u1ebf m\u1edbi sinh ra ta. Sinh r\u1ed3i nu\u1edbt \u0111\u1eafng nh\u1ed5 ng\u1ecdt, b\u1ed3ng \u1eb5m nu\u01a1i n\u1ea5ng, kh\u00f4ng k\u1ec3 m\u1ec7t nh\u1ecdc, ch\u1ecbu n\u1eafng ch\u1ecbu m\u01b0a, kh\u00f4ng t\u1eeb cay \u0111\u1eafng. Ch\u1ed7 kh\u00f4 con n\u1eb1m, ch\u1ed7 \u01b0\u1edbt m\u1eb9 l\u0103n. Su\u1ed1t trong ba n\u0103m, nh\u1edd huy\u1ebft s\u1eefa m\u1eb9 m\u1edbi th\u00e0nh \u0111\u1ee9a b\u00e9. \u0110\u1ebfn khi kh\u00f4n l\u1edbn, lo vi\u1ec7c gi\u00e1o d\u1ee5c, lo vi\u1ec7c h\u00f4n nh\u00e2n, kinh doanh s\u1ea3n nghi\u1ec7p, t\u1eadn t\u1ee5y lao kh\u1ed5. Kh\u1ed5 nh\u1ecdc su\u1ed1t \u0111\u1eddi, kh\u00f4ng k\u1ec3 c\u00f4ng kh\u00f3. Con c\u00e1i t\u1eadt b\u1ec7nh, cha m\u1eb9 b\u1ec7nh theo, b\u1ecbnh con n\u1ebfu h\u1ebft, cha m\u1eb9 m\u1edbi l\u00e0nh.<\/span><\/p>\n<p align=\"JUSTIFY\"><span style=\"font-family: 'Times New Roman';\">Th\u1ebf m\u00e0 tr\u01b0\u1edfng th\u00e0nh l\u1ea1i b\u1ea5t hi\u1ebfu. N\u00f3i v\u1edbi cha m\u1eb9 l\u1eddi ti\u1ebfng h\u1ed7n h\u00e0o, tr\u1ee3n m\u1eaft tr\u1eebng ng\u01b0\u01a1i. Khinh khi ch\u00fa b\u00e1c, \u0111\u00e1nh \u0111\u1eadp anh em. Ph\u1ec9 nh\u1ee5c b\u00e0 con, kh\u00f4ng c\u00f3 l\u1ec5 ngh\u0129a. Th\u1ea7y d\u1ea1y kh\u00f4ng tu\u00e2n, cha m\u1eb9 r\u0103n b\u1ea3o, to\u00e0n kh\u00f4ng y c\u1ee9. \u0110\u1ed1i x\u1eed anh em c\u1ed1 t\u00ecnh g\u00e2y g\u1ed5. \u0110i \u1edf ra v\u00e0o kh\u00f4ng c\u1ea7n cha m\u1eb9. ng\u00f4n h\u1ea1nh th\u00f4 b\u1ec9, t\u1ef1 chuy\u00ean manh \u0111\u1ed9ng. Cha m\u1eb9 qu\u1edf tr\u00e1ch, ch\u00fa b\u00e1c r\u0103n \u0111\u00e8, th\u00ec sing s\u00e2n h\u1eadn, ch\u1ed1ng tr\u1ea3 ph\u1ea3n ngh\u1ecbch. M\u1eb7c d\u1ea7u ch\u00ednh ta do cha m\u1eb9 sinh ra, do cha nu\u00f4i l\u1edbn. Ru\u1ed3ng b\u1ecf b\u1ea1n t\u1ed1t, tr\u00edu m\u1ebfn k\u1ebb x\u1ea5u. Hu\u00e2n t\u1eadp th\u00e0nh t\u00e1nh, b\u00e8n th\u00e0nh cu\u1ed3ng b\u1ea1o. Tho\u00e1t ly gia \u0111\u00ecnh, giang h\u1ed3 m\u00f4ng lung. Ho\u1eb7c chinh chi\u1ebfn x\u00e2m l\u01b0\u1ee3c, ho\u1eb7c bi\u1ebfm tru\u1ea5t t\u00f9 \u0111\u00e0y, ho\u1eb7c kh\u1ed1n kh\u1ed5 \u0111\u00f3i kh\u00e1t, ho\u1eb7c tai n\u1ea1n hi\u1ec3m nguy. V\u00ec v\u1eady th\u00e2n ch\u1ebft, th\u00e2y ph\u01a1i gi\u00f3 s\u01b0\u01a1ng, x\u01b0\u01a1ng tr\u1eafng b\u1ed9c l\u1ed9. \u0110\u1ec3 cho cha m\u1eb9 nh\u1edb th\u01b0\u01a1ng s\u1ea7u kh\u1ed5, kh\u00f3c \u0111\u1ebfn lo\u00e8 m\u1eaft, bi ai th\u00e0nh b\u1ec7nh. C\u00f3 khi bu\u1ed3n kh\u1ed5, \u0111\u1ebfn n\u1ed7i t\u1eed vong.<\/span><\/p>\n<p align=\"JUSTIFY\"><span style=\"font-family: 'Times New Roman';\">Ho\u1eb7c th\u1ea5y con c\u00e1i m\u00ea t\u00edn d\u1ecb \u0111oan, kh\u00f4ng lo h\u1ecdc t\u1eadp, xao l\u00e3ng ngh\u1ec1 nghi\u1ec7p, l\u00e0m cho cha m\u1eb9 l\u1ea1i c\u00e0ng u bu\u1ed3n. Th\u1ebf nh\u01b0ng con c\u00e1i l\u1ea1i c\u00f2n c\u1edd b\u1ea1c, hoang \u0111\u00e3ng ph\u00f3ng t\u00fang. T\u1ed9i l\u00e2y cha m\u1eb9, h\u1ecda \u0111\u1ebfn b\u00e0 con. Trong khi cha m\u1eb9 \u0111au \u0111\u1edbn kh\u00f4ng hay, \u0111\u00f3i l\u1ea1nh kh\u00f4ng bi\u1ebft. Th\u1ea5y cha nh\u01b0 th\u1ea5y n\u1ee3, th\u1ea5y m\u1eb9 nh\u01b0 th\u1ea5y kh\u00e1ch, kh\u00f4ng h\u1ecfi han, ch\u1eb3ng \u0111o\u00e1i ho\u00e0i. Cha m\u1eb9 bu\u1ed3n t\u1ee7i, c\u00f4 \u0111\u01a1n l\u1ea1nh l\u00f9ng, ng\u1ee7 ph\u1ea3i ng\u1ee7 nh\u1edd, \u0103n ph\u1ea3i \u0103n xin, ng\u00e0y \u0111\u00eam than th\u1edf, bi th\u1ea3m mu\u00f4n v\u00e0n, con c\u00e1i v\u1eabn kh\u00f4ng hay kh\u00f4ng bi\u1ebft. Cho d\u1eabu hay bi\u1ebft l\u1ea1i th\u1ea5y x\u1ea5u h\u1ed5. X\u1ea5u h\u1ed5 h\u01a1n n\u1eefa, khi th\u1ea5y cha m\u1eb9, v\u00ec tu\u1ed5i t\u00e1c cao v\u00ec bu\u1ed3n kh\u1ed5 nhi\u1ec1u, m\u00e0 ph\u1ea3i th\u00e2n h\u00ecnh g\u1ea7y \u1ed1m x\u1ea5u x\u00ed, th\u00ec sinh ra b\u1ef1c t\u1ee9c m\u1eafng nhi\u1ebfc li\u00ean t\u1ee5c. Cha m\u1eb9 cao c\u1ea3, \u0111\u00e1ng d\u00e2ng x\u01b0\u01a1ng th\u1ecbt, nh\u01b0ng cho m\u1ed9t b\u1eefa l\u1ea1i th\u1ea5y h\u1ed5 ng\u01b0\u01a1i, s\u1ee3 ng\u01b0\u1eddi ch\u00ea c\u01b0\u1eddi. C\u00f2n v\u1edbi v\u1ee3 con, c\u00f9 \u0111\u00e0y ph\u1ee5c d\u1ecbch, tr\u00fat h\u1ebft m\u1ed3 h\u00f4i, \u0111\u1ed5 h\u1ebft gia s\u1ea3n m\u00e0 v\u1eabn cam t\u00e2m. Th\u00ea thi\u1ebfp sai b\u1ea3o, nh\u1ea5t thi\u1ebft thi h\u00e0nh, cha m\u1eb9 khuy\u00ean r\u0103n kh\u00f4ng th\u00e8m \u0111\u1ebfm x\u1ec9a. N\u1ebfu l\u00e0 con g\u00e1i th\u00ec khi ch\u01b0a ch\u1ed3ng, c\u00f3 th\u1ec3 hi\u1ebfu thu\u1eadn, nh\u01b0ng khi l\u1ea5y ch\u1ed3ng r\u1ed3i, l\u1ea1i sinh b\u1ea5t hi\u1ebfu. Cha m\u1eb9 h\u01a1i s\u00e2n l\u1ea1i sinh o\u00e1n gi\u1eadn, c\u00f2n ch\u1ed3ng \u0111\u00e1nh m\u1eafng l\u1ea1i cam ch\u1ecbu \u0111\u1ef1ng. Kh\u00e1c h\u1ecd kh\u00e1c d\u00f2ng m\u00e0 t\u00ecnh n\u1eb7ng ngh\u0129a s\u00e2u, x\u01b0\u01a1ng m\u00ecnh th\u1ecbt m\u00ecnh l\u1ea1i coi nh\u01b0 n\u01b0\u1edbc l\u00e3. M\u00ea theo ch\u1ed3ng con qu\u00ean ng\u00e0y qu\u00ean th\u00e1ng, b\u1ecf qu\u00ean cha m\u1eb9 kh\u00f4ng tin kh\u00f4ng h\u1ecfi.<\/span><\/p>\n<p align=\"JUSTIFY\"><span style=\"font-family: 'Times New Roman';\">A\u2ba0\u0111\u1ee9c cha m\u1eb9 v\u00f4 l\u01b0\u1ee3ng v\u00f4 bi\u00ean, t\u1ed9i l\u1ed7i b\u1ea5t hi\u1ebfu v\u00f4 c\u00f9ng v\u00f4 t\u1eadn. N\u00f3i kh\u00f4ng bao gi\u1edd h\u1ebft, t\u1ea3 kh\u00f4ng bao gi\u1edd c\u00f9ng.<\/span><\/p>\n<p align=\"JUSTIFY\"><span style=\"font-family: 'Times New Roman';\">To\u00e0n th\u1ec3 \u0111\u1ea1i ch\u00fang nghe \u0110\u1ee9c Th\u1ebf T\u00f4n k\u1ec3 ra \u00e2n \u0111\u1ee9c v\u00f4 l\u01b0\u1ee3ng nh\u01b0 v\u1eady, th\u00ec to\u00e0n th\u00e2n r\u00fang \u0111\u1ed9ng, h\u01a1i th\u1edf ng\u1eebng l\u1ea1i, m\u1ed3 h\u00f4i to\u00e1t ra, l\u1eb7ng \u0111i m\u1ed9t l\u00e1t, m\u1edbi cao ti\u1ebfng m\u00e0 than, r\u1eb1ng ch\u00fang ta k\u1ebb kh\u1ed1n n\u1ea1n \u0111\u00e1ng tr\u00e1ch. H\u1ed3i n\u00e0o \u0111\u1ebfn gi\u1edd m\u00f9 m\u1edd nh\u01b0 k\u1ebb \u0111i \u0111\u00eam, ng\u00e0y nay m\u1edbi bi\u1ebft vi\u1ec7c m\u00ecnh l\u00e0m sai l\u1ea7m t\u1ed9i l\u1ed7i. L\u00f2ng d\u1ea1 \u0111au th\u01b0\u01a1ng, t\u00e2m can th\u1ed1ng li\u1ec7t, c\u00f9ng nhau m\u00e0 th\u01b0a &#8220;B\u1ea1ch \u0110\u1ee9c Th\u1ebf T\u00f4n, \u00e2n \u0110\u1ee9c cha m\u1eb9 cao s\u00e2u nh\u01b0 v\u1eady, \u0111\u1ec7 t\u1eed ch\u00fang con l\u00e0m sao b\u00e1o \u0111\u00e1p ?&#8221;<\/span><\/p>\n<p align=\"JUSTIFY\"><span style=\"font-family: 'Times New Roman';\">B\u1ea5y gi\u1edd \u0110\u1ee9c Th\u1ebf T\u00f4n d\u00f9ng ti\u1ebfng Ph\u1ea1n \u00e2m nh\u01b0 ti\u1ebfng h\u1ea3i tri\u1ec1u, n\u00f3i v\u1edbi \u0111\u1ea1i ch\u00fang :<\/span><\/p>\n<p align=\"JUSTIFY\"><span style=\"font-family: 'Times New Roman';\">&#8220;Gi\u1ea3 nh\u01b0 c\u00f3 ng\u01b0\u1eddi vai tr\u00e1i c\u00f5ng cha, vai ph\u1ea3i mang m\u1eb9, c\u1eaft da \u0111\u1ebfn x\u01b0\u01a1ng, nghi\u1ec1n x\u01b0\u01a1ng th\u1ea5u t\u1ee7y, m\u00e1u \u0111\u1ed5 th\u1ecbt r\u01a1i v\u1eabn kh\u00f4ng th\u1ec3 b\u00e1o \u0111\u00e1p \u00e2n s\u00e2u c\u1ee7a cha m\u1eb9. Gi\u1ea3 nh\u01b0 c\u00f3 ai, g\u1eb7p l\u00fac \u0111\u00f3i kh\u00e1t, h\u1ee7y th\u00e2n th\u1ec3, cung ph\u1ee5ng cha m\u1eb9, c\u0169ng kh\u00f4ng b\u00e1o \u0111\u01b0\u1ee3c \u00e2n \u0111\u1ee9c cha m\u1eb9. Tr\u0103m ki\u1ebfp ng\u00e0n \u0111\u1eddi th\u00edch tr\u00f2ng con m\u1eaft, c\u1eaft \u0111\u1ebfn tim gan, dao s\u1eaft xu\u1ea5t nh\u1eadp kh\u1eafp c\u1ea3 ch\u00e2u th\u00e2n, c\u0169ng kh\u00f4ng tr\u1ea3 n\u1ed5i \u00e2n \u0111\u1ee9c cha m\u1eb9. V\u00e0 d\u1eabu cu\u1ed1i c\u00f9ng, v\u00ec cha v\u00ec m\u1eb9, l\u1ea5y th\u00e2n l\u00e0m \u0111\u00e8n, hi\u1ebfn c\u00fang Nh\u01b0 Lai, c\u0169ng kh\u00f4ng b\u00e1o \u0111\u01b0\u1ee3c h\u1ed3ng \u00e2n cha m\u1eb9&#8221;<\/span><\/p>\n<p align=\"JUSTIFY\"><span style=\"font-family: 'Times New Roman';\">\u0110\u1ea1i ch\u00fang nghe n\u00f3i l\u00f2ng c\u00e0ng \u0111au \u0111\u1edbn, \u0111\u1ed3ng thanh m\u00e0 th\u01b0a :&#8221;B\u1ea1ch \u0110\u1ee9c Th\u1ebf T\u00f4n, nh\u01b0 v\u1eady l\u00e0m sao m\u1edbi b\u00e1o \u0111\u01b0\u1ee3c \u00e2n \u0111\u1ee9c cha m\u1eb9 ?&#8221;<\/span><\/p>\n<p align=\"JUSTIFY\"><span style=\"font-family: 'Times New Roman';\">\u0110\u1ee9c Th\u1ebf T\u00f4n d\u1ea1y : &#8220;Ch\u01b0 v\u1ecb Ph\u1eadt t\u1eed ! C\u00e1c ng\u01b0\u1eddi mu\u1ed1n b\u00e1o \u00e2n cha ngh\u0129a m\u1eb9 th\u00ec ph\u1ea3i th\u00e2n h\u00e0nh sao ch\u00e9p tr\u00ec t\u1ee5ng, th\u1ef1c h\u00e0nh kinh n\u00e0y. Ph\u1ea3i bi\u1ebft s\u00e1m h\u1ed1i t\u1ed9i l\u1ed7i cha m\u1eb9, b\u1eb1ng c\u00e1ch khuy\u1ebfn kh\u00edch cha m\u1eb9 th\u1ef1c h\u00e0nh ch\u00e1nh ph\u00e1p t\u1ed1i th\u01b0\u1ee3ng. Ph\u1ea3i v\u00ec cha m\u1eb9 m\u00e0 gi\u1eef t\u1ecbnh gi\u1edbi, m\u00e0 l\u00e0m b\u1ed1 th\u00ed, l\u00e0m h\u1ea1nh l\u1ee3i tha. L\u00e0m \u0111\u01b0\u1ee3c nh\u01b0 v\u1eady m\u1edbi l\u00e0 hi\u1ebfu t\u1eed. Kh\u00f4ng l\u00e0 hi\u1ebfu t\u1eed l\u00e0 ng\u01b0\u1eddi \u0111\u1ecba ng\u1ee5c.<\/span><\/p>\n<p align=\"JUSTIFY\"><span style=\"font-family: 'Times New Roman';\">A\u2ba0\u0111\u1ee9c cha m\u1eb9 cao c\u1ea3 ng\u1ea7n n\u00e0o, t\u1ed9i b\u00e1o b\u1ea5t hi\u1ebfu n\u1eb7ng n\u1ec1 ng\u1ea7n \u1ea5y. Cho n\u00ean nh\u1eefng k\u1ebb b\u1ea5t hi\u1ebfu ph\u1ea3n b\u1ed9i, t\u1ed9i kh\u1ed5 v\u00f4 c\u00f9ng, kh\u00f4ng chi s\u00e1nh b\u1eb1ng, kh\u00f4ng th\u1ec3 n\u00f3i h\u1ebft&#8221;<\/span><\/p>\n<p align=\"JUSTIFY\"><span style=\"font-family: 'Times New Roman';\">Nh\u1eefng ai qu\u1ea3ng b\u00e1, th\u1ef1c h\u00e0nh kinh n\u00e0y, m\u1edbi l\u00e0 ch\u00e2n ch\u00ednh b\u00e1o \u0111\u00e1p th\u00e2m \u00e2n c\u1ee7a cha c\u1ee7a m\u1eb9. V\u00ec mu\u1ed1n b\u00e1o \u0111\u00e1p th\u00e2m \u00e2n c\u1ee7a cha m\u1eb9 m\u00e0 \u1ea5n h\u00e0nh kinh n\u00e0y, th\u00ec c\u1ee9 m\u1ed7i cu\u1ed1n l\u00e0 nh\u01b0 g\u1eb7p \u0111\u01b0\u1ee3c m\u1ed9t \u0110\u1ee9c Nh\u01b0 Lai. V\u00e0 do uy l\u1ef1c c\u1ee7a ch\u01b0 Nh\u01b0 Lai, h\u1ee3p v\u1edbi ph\u01b0\u1edbc \u0111\u1ee9c c\u1ee7a ng\u01b0\u1eddi tr\u00ec t\u1ee5ng, th\u1ef1c h\u00e0nh kinh n\u00e0y, l\u00e0m cho cha m\u1eb9 ng\u01b0\u1eddi \u1ea5y ph\u01b0\u1edbc l\u1ea1c v\u00f4 bi\u00ean, cho \u0111\u1ebfn d\u1ea7n d\u1ea7n th\u1ef1c hi\u1ec7n gi\u1ea3i tho\u00e1t.<\/span><\/p>\n<p align=\"JUSTIFY\"><span style=\"font-family: 'Times New Roman';\">B\u1ea5y gi\u1edd \u0111\u1ea1i ch\u00fang nghe \u0110\u1ee9c Th\u1ebf T\u00f4n d\u1ea1y b\u1ea3o nh\u01b0 v\u1eady, \u0111\u1ec1u ph\u00e1t th\u1ec7 nguy\u1ec7n, nguy\u1ec7n r\u1eb1ng : &#8220;T\u1eeb nay cho \u0111\u1ebfn t\u1eadn c\u00f9ng th\u1edd\u00ec gian v\u1ecb lai, d\u00f9 cho s\u1eaft n\u00f3ng l\u0103n quay tr\u00ean \u0111\u1ea7u, ch\u00fang con c\u0169ng nguy\u1ec7n kh\u00f4ng tr\u00e1i hu\u1ea5n d\u1ee5 c\u1ee7a \u0110\u1ee9c Th\u1ebf T\u00f4n&#8221;<\/span><\/p>\n<p align=\"JUSTIFY\"><span style=\"font-family: 'Times New Roman';\">T\u00f4n gi\u1ea3 A nan th\u01b0a ng\u00e0i : &#8220;B\u1ea1ch \u0110\u1ee9c Th\u1ebf T\u00f4n, kinh n\u00e0y n\u00ean g\u1ecdi l\u00e0 g\u00ec ? Ch\u00fang con l\u00e0m sao ph\u1ee5ng tr\u00ec kinh n\u00e0y ?&#8221; \u0110\u1ee9c Th\u1ebf T\u00f4n d\u1ea1y : &#8220;Anan, kinh n\u00e0y t\u00ean l\u00e0 kinh B\u00e1o A\u2ba0Cha M\u1eb9. C\u00e1c ng\u01b0\u1eddi c\u1ee9 ph\u1ee5ng tr\u00ec \u0111\u00fang nh\u01b0 danh hi\u1ec7u \u1ea5y.&#8221;<\/span><\/p>\n<p align=\"JUSTIFY\"><span style=\"font-family: 'Times New Roman';\">Khi \u0110\u1ee9c Th\u1ebf T\u00f4n d\u1ea1y xong kinh n\u00e0y, t\u1ea5t c\u1ea3 \u0111\u1ea1i ch\u00fang hoan h\u1ec9 ph\u1ee5ng h\u00e0nh.<\/span><\/p>\n","protected":false},"excerpt":{"rendered":"<p>Kinh B\u00e1o \u00c2n Cha M\u1eb9 (HT. Th\u00edch Tr\u00ed Quang d\u1ecbch v\u00e0 hi\u1ec7u ch\u1ec9nh l\u1ea1i b\u1ea3n d\u1ecbch c\u1ed5, 1994) Kinh n\u00e0y t\u00f4i nghe \u0110\u1ee9c Th\u1ebf T\u00f4n \u2026 <a class=\"continue-reading-link\" href=\"https:\/\/www.pagodethienminh.fr\/?page_id=2566\">Continue \u00e0 lire <span class=\"meta-nav\">&rarr; <\/span><\/a><\/p>\n","protected":false},"author":1,"featured_media":0,"parent":836,"menu_order":12,"comment_status":"closed","ping_status":"closed","template":"template-onecolumn.php","meta":{"_mc_calendar":[],"footnotes":""},"class_list":["post-2566","page","type-page","status-publish","hentry"],"_links":{"self":[{"href":"https:\/\/www.pagodethienminh.fr\/index.php?rest_route=\/wp\/v2\/pages\/2566","targetHints":{"allow":["GET"]}}],"collection":[{"href":"https:\/\/www.pagodethienminh.fr\/index.php?rest_route=\/wp\/v2\/pages"}],"about":[{"href":"https:\/\/www.pagodethienminh.fr\/index.php?rest_route=\/wp\/v2\/types\/page"}],"author":[{"embeddable":true,"href":"https:\/\/www.pagodethienminh.fr\/index.php?rest_route=\/wp\/v2\/users\/1"}],"replies":[{"embeddable":true,"href":"https:\/\/www.pagodethienminh.fr\/index.php?rest_route=%2Fwp%2Fv2%2Fcomments&post=2566"}],"version-history":[{"count":2,"href":"https:\/\/www.pagodethienminh.fr\/index.php?rest_route=\/wp\/v2\/pages\/2566\/revisions"}],"predecessor-version":[{"id":3512,"href":"https:\/\/www.pagodethienminh.fr\/index.php?rest_route=\/wp\/v2\/pages\/2566\/revisions\/3512"}],"up":[{"embeddable":true,"href":"https:\/\/www.pagodethienminh.fr\/index.php?rest_route=\/wp\/v2\/pages\/836"}],"wp:attachment":[{"href":"https:\/\/www.pagodethienminh.fr\/index.php?rest_route=%2Fwp%2Fv2%2Fmedia&parent=2566"}],"curies":[{"name":"wp","href":"https:\/\/api.w.org\/{rel}","templated":true}]}}