{"id":2539,"date":"2012-07-04T13:46:43","date_gmt":"2012-07-04T13:46:43","guid":{"rendered":"http:\/\/www.pagodethienminh.fr\/?page_id=2539"},"modified":"2013-03-14T16:00:06","modified_gmt":"2013-03-14T16:00:06","slug":"bai-kinh-ngan-nhat","status":"publish","type":"page","link":"https:\/\/www.pagodethienminh.fr\/?page_id=2539","title":{"rendered":"Kinh &#8211; B\u00e0i kinh ng\u1eafn Nh\u1ea5t"},"content":{"rendered":"<p style=\"text-align: justify;\" align=\"justify\">B\u00e0i kinh ng\u1eafn \u201cNh\u1ea5t D\u1ea1 Hi\u1ec1n\u201d \u0111\u1ec3 lu\u00f4n nh\u1eafc m\u00ecnh h\u00e3y s\u1ed1ng h\u1ebft l\u00f2ng v\u1edbi ph\u00fat gi\u00e2y hi\u1ec7n t\u1ea1i, d\u00f9 cho nh\u00e2n duy\u00ean c\u00f3 nh\u01b0 th\u1ebf n\u00e0o:<\/p>\n<p align=\"justify\">\u201cQu\u00e1 kh\u1ee9 kh\u00f4ng truy t\u00ecm,<br \/>\nT\u01b0\u01a1ng lai kh\u00f4ng \u01b0\u1edbc v\u1ecdng,<br \/>\nQu\u00e1 kh\u1ee9 \u0111\u00e3 \u0111o\u1ea1n t\u1eadn,<br \/>\nT\u01b0\u01a1ng lai th\u00ec ch\u01b0a \u0111\u1ebfn\u2026<br \/>\nCh\u1ec9 c\u00f3 ph\u00e1p hi\u1ec7n t\u1ea1i,<br \/>\nTu\u1ec7 qu\u00e1n ch\u00ednh \u1edf \u0111\u00e2y,<br \/>\nKh\u00f4ng \u0111\u1ed9ng, kh\u00f4ng rung chuy\u1ec3n!\u2026\u201d<\/p>\n","protected":false},"excerpt":{"rendered":"<p>B\u00e0i kinh ng\u1eafn \u201cNh\u1ea5t D\u1ea1 Hi\u1ec1n\u201d \u0111\u1ec3 lu\u00f4n nh\u1eafc m\u00ecnh h\u00e3y s\u1ed1ng h\u1ebft l\u00f2ng v\u1edbi ph\u00fat gi\u00e2y hi\u1ec7n t\u1ea1i, d\u00f9 cho nh\u00e2n duy\u00ean c\u00f3 nh\u01b0 \u2026 <a class=\"continue-reading-link\" href=\"https:\/\/www.pagodethienminh.fr\/?page_id=2539\">Continue \u00e0 lire <span class=\"meta-nav\">&rarr; <\/span><\/a><\/p>\n","protected":false},"author":1,"featured_media":0,"parent":836,"menu_order":10,"comment_status":"closed","ping_status":"closed","template":"template-onecolumn.php","meta":{"_mc_calendar":[],"footnotes":""},"class_list":["post-2539","page","type-page","status-publish","hentry"],"_links":{"self":[{"href":"https:\/\/www.pagodethienminh.fr\/index.php?rest_route=\/wp\/v2\/pages\/2539","targetHints":{"allow":["GET"]}}],"collection":[{"href":"https:\/\/www.pagodethienminh.fr\/index.php?rest_route=\/wp\/v2\/pages"}],"about":[{"href":"https:\/\/www.pagodethienminh.fr\/index.php?rest_route=\/wp\/v2\/types\/page"}],"author":[{"embeddable":true,"href":"https:\/\/www.pagodethienminh.fr\/index.php?rest_route=\/wp\/v2\/users\/1"}],"replies":[{"embeddable":true,"href":"https:\/\/www.pagodethienminh.fr\/index.php?rest_route=%2Fwp%2Fv2%2Fcomments&post=2539"}],"version-history":[{"count":5,"href":"https:\/\/www.pagodethienminh.fr\/index.php?rest_route=\/wp\/v2\/pages\/2539\/revisions"}],"predecessor-version":[{"id":2543,"href":"https:\/\/www.pagodethienminh.fr\/index.php?rest_route=\/wp\/v2\/pages\/2539\/revisions\/2543"}],"up":[{"embeddable":true,"href":"https:\/\/www.pagodethienminh.fr\/index.php?rest_route=\/wp\/v2\/pages\/836"}],"wp:attachment":[{"href":"https:\/\/www.pagodethienminh.fr\/index.php?rest_route=%2Fwp%2Fv2%2Fmedia&parent=2539"}],"curies":[{"name":"wp","href":"https:\/\/api.w.org\/{rel}","templated":true}]}}