{"id":253,"date":"2011-05-02T13:29:15","date_gmt":"2011-05-02T13:29:15","guid":{"rendered":"http:\/\/www.pagodethienminh.fr\/?page_id=253"},"modified":"2013-03-14T08:03:10","modified_gmt":"2013-03-14T08:03:10","slug":"m-28-avantages-dus-aux-merites","status":"publish","type":"page","link":"https:\/\/www.pagodethienminh.fr\/?page_id=253","title":{"rendered":"Les 28 avantages des m\u00e9rites"},"content":{"rendered":"<div>\n<div>\n<p style=\"text-align: center;\"><strong>28 avantages et cons\u00e9quences dus aux m\u00e9rites<\/strong><\/p>\n<p style=\"text-align: center;\"><a href=\"https:\/\/www.pagodethienminh.fr\/wp-content\/uploads\/2011\/10\/Om_Mani_Padme_Hum144.jpg\"><img loading=\"lazy\" decoding=\"async\" class=\" wp-image-1334 aligncenter\" alt=\"Om_Mani_Padme_Hum\" src=\"https:\/\/www.pagodethienminh.fr\/wp-content\/uploads\/2011\/10\/Om_Mani_Padme_Hum144.jpg\" width=\"500\" height=\"549\" srcset=\"https:\/\/www.pagodethienminh.fr\/wp-content\/uploads\/2011\/10\/Om_Mani_Padme_Hum144.jpg 500w, https:\/\/www.pagodethienminh.fr\/wp-content\/uploads\/2011\/10\/Om_Mani_Padme_Hum144-136x150.jpg 136w, https:\/\/www.pagodethienminh.fr\/wp-content\/uploads\/2011\/10\/Om_Mani_Padme_Hum144-273x300.jpg 273w\" sizes=\"auto, (max-width: 500px) 100vw, 500px\" \/><\/a><\/p>\n<ol>\n<li style=\"text-align: justify;\"><strong>Avantage 1<\/strong> : Une personne ne peut acqu\u00e9rir les m\u00e9rites acquis par les autres (Pali\u00a0: Ajeyya)<\/li>\n<li style=\"text-align: justify;\"><strong>Avantage 2 <\/strong>: Les m\u00e9rites sont attach\u00e9s \u00e0 la personne qui les a cr\u00e9\u00e9s (comme l\u2019ombre appartient \u00e0 l\u2019objet). Apr\u00e8s la mort, seuls les m\u00e9rites restent attach\u00e9s \u00e0 la personne (Pali\u00a0: Anugamin\u012b)<\/li>\n<li style=\"text-align: justify;\"><strong>Avantage 3<\/strong> : Au moment de la mort, l\u2019\u00eatre d\u00e9c\u00e9d\u00e9 n\u2019emm\u00e8ne avec elle uniquement les m\u00e9rites (Pali\u00a0: Eta\u1e43 adaya gacchati)<\/li>\n<li style=\"text-align: justify;\"><strong>Avantage 4\u00a0:<\/strong> Le plus grand des voleurs ne pourrait voler les m\u00e9rites d\u2019autrui (Pali\u00a0: Acoro)<\/li>\n<li style=\"text-align: justify;\"><strong>Avantage 5\u00a0:<\/strong> Les m\u00e9rites sont destin\u00e9s \u00e0 la personne qui les a cr\u00e9\u00e9es, elle r\u00e9coltera le fruit du Bonheur et le fruit du souhait de ne plus rencontrer dans l\u2019avenir l\u2019\u00e9tat de souffrance. (Pali\u00a0: Sabbakammadd\u0101)<\/li>\n<li style=\"text-align: justify;\"><strong>Avantage 6 :<\/strong> Les m\u00e9rites r\u00e9alisent les souhaits, qui ont une orientation li\u00e9e au bien \u00eatre et au bonheur d\u2019autrui (Pali\u00a0: Ya\u1e43 ya\u1e43 devahipatthanni)<\/li>\n<li style=\"text-align: justify;\"><strong>Avantage 7 <\/strong>: Les m\u00e9rites apportent d\u2019un point de vue karmique du physique une peau belle et saine (Pali\u00a0: Suva\u1e47\u1e47at\u0101)<\/li>\n<li style=\"text-align: justify;\"><strong>Avantage 8\u00a0:<\/strong> Les m\u00e9rites d\u00e9veloppent la beaut\u00e9 sonore dans la voix \u00e0 la fois douce et claire (Pali\u00a0: Sussarat\u0101).<\/li>\n<li style=\"text-align: justify;\"><strong>Avantage 9<\/strong> : Les m\u00e9rites fait d\u00e9gager chez la personne une beaut\u00e9 dans l\u2019attitude (Pali\u00a0: Sousankana)<\/li>\n<li style=\"text-align: justify;\"><strong>Avantage 10 <\/strong>: Les m\u00e9rites apportent chez la personne la beaut\u00e9 dans l\u2019apparence (Pali\u00a0: Sourouktata)<\/li>\n<li style=\"text-align: justify;\"><strong>Avantage 11<\/strong> : Les m\u00e9rites permettent d\u2019obtenir une relation karmique forte autrui (Pali\u00a0: Kariwaro)<\/li>\n<li style=\"text-align: justify;\"><strong>Avantage 12<\/strong> : C\u2019est d\u2019obtenir une profession ayant une grande responsabilit\u00e9 dans la vie (Pali\u00a0: Abipatcha)<\/li>\n<li style=\"text-align: justify;\"><strong>Avantage 13<\/strong> : C\u2019est de renaitre dans une vie ais\u00e9e et riche (Pali\u00a0: Manosika)<\/li>\n<li style=\"text-align: justify;\"><strong>Avantage 14<\/strong> : C\u2019est d\u2019obtenir la possibilit\u00e9 de renaitre dans le monde des divinit\u00e9s (Pali\u00a0: Devalak\u00e9)<\/li>\n<li style=\"text-align: justify;\"><strong>Avantage 15<\/strong> : C\u2019est d\u2019obtenir de nombreux bons amis, ceux qui ont une sagesse, qui apportent une aide (Pali\u00a0: Nitasam padamagama)<\/li>\n<li style=\"text-align: justify;\"><strong>Avantage 16<\/strong> : Les m\u00e9rites sont l\u2019origine de l\u2019\u00e9tat de Bonheur (Pali\u00a0: Sukanam Nibanam)<\/li>\n<li style=\"text-align: justify;\"><strong>Avantage 17<\/strong> : Les m\u00e9rites sont la source de la richesse mat\u00e9rielle (Pali\u00a0: Sampatinam mualam)<\/li>\n<li style=\"text-align: justify;\"><strong>Avantage 18<\/strong> : Les m\u00e9rites sont la source de la richesse terrestre (Pali\u00a0: Boganam Patotita )<\/li>\n<li style=\"text-align: justify;\"><strong>Avantage 19<\/strong> : Les m\u00e9rites servent de supports pour la personne qui vit encore dans le samsara\u00a0: ils suivent le cycle, pour l\u2019aider \u00e0 \u00e9viter de subir l\u2019\u00e9tat de souffrance (Pali\u00a0: wissama gattassa tanam)<\/li>\n<li style=\"text-align: justify;\"><strong>Avantage 20<\/strong> : Rien n\u2019est plus sur, que les m\u00e9rites, apr\u00e8s la mort on laisse tout (les hommes, le mat\u00e9riel) sauf les m\u00e9rites qu\u2019on embarque avec soi (Pali\u00a0: dana avassayo)<\/li>\n<li style=\"text-align: justify;\"><strong>Avantage 21<\/strong> : les m\u00e9rites sont comme une corde attach\u00e9e \u00e0 l\u2019esprit, pour lui \u00e9viter de partir, de s\u2019enfuir pour cr\u00e9er des mauvaises actions ou des actions qui n\u2019ont pas de valeurs b\u00e9n\u00e9fiques pour soi et les \u00eatres (Pali\u00a0: rassiodissam)<\/li>\n<li style=\"text-align: justify;\"><strong>Avantage 22<\/strong> : Les m\u00e9rites sont comme une barque qui emm\u00e8ne la personne sur la rive du Bonheur \u00e0 travers l\u2019oc\u00e9an de souffrance (Pali :nava sadisam )<\/li>\n<li style=\"text-align: justify;\"><strong>Avantage 23<\/strong> : Les m\u00e9rites sont comme la fleur de lotus qui n\u2019a pas l\u2019odeur de la boue, c\u2019est \u00e0 dire qu\u2019ils n\u2019emm\u00e8nent pas la personne sur la voie des mauvaises actions (Pali\u00a0: Tadou massa dissa)<\/li>\n<li style=\"text-align: justify;\"><strong>Avantage 24<\/strong> : Les m\u00e9rites sont comme le feu qui br\u00fble les \u00e9motions perturbatrices dues \u00e0 l\u2019ignorance (Pali\u00a0: Agui padissam)<\/li>\n<li style=\"text-align: justify;\"><strong>Avantage 25<\/strong> : L\u2019\u00e9tat de m\u00e9rites est le chemin des \u00eatres \u00e9veill\u00e9s, des ahrats ou des bodhisattvas c\u2019est leur motivation premi\u00e8re (Pali\u00a0: gatama gam)<\/li>\n<li style=\"text-align: justify;\"><strong>Avantage 26<\/strong> : L\u2019\u00e9tat de m\u00e9rites est la lign\u00e9e des Bouddhas , cad dire pour acqu\u00e9rir l\u2019\u00e9tat de Bouddha, il faut cr\u00e9er beaucoup de m\u00e9rites (Pali\u00a0: Bouddha Waensein)<\/li>\n<li style=\"text-align: justify;\"><strong>Avantage 27\u00a0:<\/strong> L\u2019\u00e9tat de m\u00e9rites est n\u00e9cessaire les vies futures<\/li>\n<li style=\"text-align: justify;\"><strong>Avantage 28 <\/strong>: L\u2019\u00e9tat de m\u00e9rites est la cause qui apporte trois aboutissements\u00a0: renaissance en \u00eatre humain dans le calme mental, renaissance dans les mondes sup\u00e9rieurs, renaissance pour obtenir l\u2019\u00e9tat de paranibbana<\/li>\n<\/ol>\n<p style=\"text-align: justify;\">Pour pouvoir cr\u00e9er correctement les m\u00e9rites il faut savoir choisir les conditions, le lieu, la terre et l\u2019effort qu\u2019il faut apporter pour obtenir les fruits des m\u00e9rites.<\/p>\n<\/div>\n<\/div>\n","protected":false},"excerpt":{"rendered":"<p>28 avantages et cons\u00e9quences dus aux m\u00e9rites Avantage 1 : Une personne ne peut acqu\u00e9rir les m\u00e9rites acquis par les autres (Pali\u00a0: Ajeyya) Avantage 2 \u2026 <a class=\"continue-reading-link\" href=\"https:\/\/www.pagodethienminh.fr\/?page_id=253\">Continue \u00e0 lire <span class=\"meta-nav\">&rarr; <\/span><\/a><\/p>\n","protected":false},"author":1,"featured_media":0,"parent":450,"menu_order":13,"comment_status":"closed","ping_status":"closed","template":"template-onecolumn.php","meta":{"_mc_calendar":[],"footnotes":""},"class_list":["post-253","page","type-page","status-publish","hentry"],"_links":{"self":[{"href":"https:\/\/www.pagodethienminh.fr\/index.php?rest_route=\/wp\/v2\/pages\/253","targetHints":{"allow":["GET"]}}],"collection":[{"href":"https:\/\/www.pagodethienminh.fr\/index.php?rest_route=\/wp\/v2\/pages"}],"about":[{"href":"https:\/\/www.pagodethienminh.fr\/index.php?rest_route=\/wp\/v2\/types\/page"}],"author":[{"embeddable":true,"href":"https:\/\/www.pagodethienminh.fr\/index.php?rest_route=\/wp\/v2\/users\/1"}],"replies":[{"embeddable":true,"href":"https:\/\/www.pagodethienminh.fr\/index.php?rest_route=%2Fwp%2Fv2%2Fcomments&post=253"}],"version-history":[{"count":7,"href":"https:\/\/www.pagodethienminh.fr\/index.php?rest_route=\/wp\/v2\/pages\/253\/revisions"}],"predecessor-version":[{"id":256,"href":"https:\/\/www.pagodethienminh.fr\/index.php?rest_route=\/wp\/v2\/pages\/253\/revisions\/256"}],"up":[{"embeddable":true,"href":"https:\/\/www.pagodethienminh.fr\/index.php?rest_route=\/wp\/v2\/pages\/450"}],"wp:attachment":[{"href":"https:\/\/www.pagodethienminh.fr\/index.php?rest_route=%2Fwp%2Fv2%2Fmedia&parent=253"}],"curies":[{"name":"wp","href":"https:\/\/api.w.org\/{rel}","templated":true}]}}