{"id":2427,"date":"2012-04-18T11:57:03","date_gmt":"2012-04-18T11:57:03","guid":{"rendered":"http:\/\/www.pagodethienminh.fr\/?page_id=2427"},"modified":"2013-03-13T14:15:03","modified_gmt":"2013-03-13T14:15:03","slug":"annee-2011","status":"publish","type":"page","link":"https:\/\/www.pagodethienminh.fr\/?page_id=2427","title":{"rendered":"Ann\u00e9e 2011"},"content":{"rendered":"<p style=\"text-align: center;\"><strong>NAM M\u00d4 VU LAN TH\u1eaeNG H\u1ed8I PH\u1eacT B\u1ed2 T\u00c1T<\/strong><br \/>\n<strong> Lettre d\u2019invitation de Vu Lan<\/strong><\/p>\n<p style=\"text-align: justify;\">A l\u2019arriv\u00e9e de la p\u00e9riode de Vu Lan (Ullambana), p\u00e9riode de reconnaissance et de gratitude envers les anc\u00eatres et les parents, l\u2019esprit d\u2019un enfant bouddhiste s\u2019anime de pens\u00e9es \u00ab particuli\u00e8res \u00bb : celles orient\u00e9es vers l\u2019origine de son existence dans ce monde.<br \/>\nD\u2019Ouest en Est, malgr\u00e9 la diff\u00e9rence culturelle, le sentiment de reconnaissance et de gratitude envers les parents pour avoir donn\u00e9 la vie \u00e0 l\u2019enfant et le sentiment d&#8217;amour ne sont pas si diff\u00e9rents : comme une m\u00e8re portant son enfant, lui donnant la vie et lui subvenant aux besoins, et comme un p\u00e8re lui donnant son amour paternel en se sacrifiant, en le prot\u00e9geant et en d\u00e9veloppant de la bienveillance. Il n\u2019existe aucun autre amour aussi durable et aussi pur que celui des parents !<\/p>\n<p style=\"text-align: justify;\">P\u00e9riode de Vu Lan \u2013 Cette p\u00e9riode de reconnaissance et de gratitude est une p\u00e9riode pr\u00e9cieuse pour les enfants, ce moment marque une conscience sur la compr\u00e9hension et la pratique pour les enfants, de l\u2019\u00e9tat infini de compassion, d\u2019amour et de bienveillance. C\u2019est aussi un moment o\u00f9 ils peuvent s\u2019agenouiller devant l\u2019autel des Trois Joyaux, en \u00e9mettant des souhaits pour \u00ab br\u00fbler \u00bb les \u00ab mauvaises \u00bb actions et cr\u00e9er les \u00ab bonnes \u00bb actions, et cela pour garder un esprit \u00ab pur \u00bb et \u00ab \u00e9clair\u00e9 \u00bb, pour souhaiter une vie heureuse et \u00e9quilibr\u00e9e aux parents vivants, et pour ceux qui ne sont plus de ce monde, pour leur lib\u00e9rer des souffrances et leur \u00e9clairer le chemin des renaissances futures. Cet \u00e9v\u00e9nement rassemble aussi la reconnaissance et de la gratitude envers la patrie, envers le sol d\u2019accueil, envers les ma\u00eetres et les professeurs, envers la soci\u00e9t\u00e9 et envers les \u00eatres vivants.<br \/>\nC\u2019est avec toutes ses significations que la pagode Thi\u00ean Minh organise la c\u00e9l\u00e9bration de Vu Lan sur la gratitude et la reconnaissance le Dimanche 28 Ao\u00fbt 2011. Au nom de la pagode, nous, invitons tous les bouddhistes \u00e0 venir participer \u00e0 cette comm\u00e9moration, afin d\u2019\u00e9mettre des souhaits sur les 4 Gratitudes, pour lib\u00e9rer les \u00eatres des 3 sph\u00e8res de la souffrance, pour que le monde cesse d\u2019\u00eatre en guerre, pour que les catastrophes naturelles et les maladies cessent de se r\u00e9pandre, et pour que les \u00eatres puissent retrouver la paix int\u00e9rieure.<\/p>\n<p style=\"text-align: justify;\">Afin de conserver la m\u00eame \u00e9thique sur \u00ab comprendre la reconnaissance et pratiquer la reconnaissance \u00bb, chaque ann\u00e9e, la Congr\u00e9gation Bouddhique Vietnamienne Unifi\u00e9e en Europe organise avec la participation de la Sangha des Cinq continents, la c\u00e9r\u00e9monie de transmission des \u00ab pratiques \u00bb et de retour aux \u00ab sources \u00bb des Grands Ma\u00eetres qui ont v\u00e9cu pour le Dharma. Transmises aux membres de la Sangha actuelle, elles constituent le Refuge \u00ab monastique \u00bb, celui refl\u00e8te la lumi\u00e8re du Dharma, celui-ci repr\u00e9sente le Refuge de la doctrine bouddhiste depuis des si\u00e8cles jusqu\u2019\u00e0 de nos jours. C\u2019est aussi un \u00e9v\u00e9nement qui r\u00e9unira les membres de la Sangha du Mahayana des cinq continents, un riche partage d\u2019exp\u00e9riences de la pratique et des activit\u00e9s li\u00e9es \u00e0 la pratique. Le Grand Ma\u00eetre Bouddha de son vivant a enseign\u00e9 : \u00ab Le lieu o\u00f9 les pratiquants de la Sangha se r\u00e9unissent dans l\u2019harmonie, ce lieu rayonnera de la lumi\u00e8re du Dharma, et le lieu o\u00f9 le Dharma rayonnera, le Bouddha vie dans ce lieu. \u00bb<\/p>\n<p style=\"text-align: justify;\">Pour \u00eatre reconnaissant aux Trois Refuges d\u2019avoir guid\u00e9 les \u00eatres vers la lumi\u00e8re, la congr\u00e9gation Bouddhiste Vi\u00eatnamienne Unifi\u00e9e en Europe organisera une transmission spirituelle du Bodhisattva Qu\u1ea3ng \u0110\u1ee9c le 08-09-10 et 11 Septembre 2011, en ordonnant les moines, les V\u00e9n\u00e9rables et les bouddhistes pratiquants. Ce rituel permet de cr\u00e9er de \u00ab bonnes \u00bb conditions futures pendant la c\u00e9r\u00e9monie de prise de v\u0153ux. C\u2019est aussi dans cette interd\u00e9pendance que nous informons \u00e0 tous les bouddhistes qui ont d\u00e9j\u00e0 ou pas encore pris les v\u0153ux de venir au temple, de d\u00e9velopper l\u2019esprit de Bodh\u00e9it\u00e9, pour accepter les v\u0153ux ou continuer pratiquer les v\u0153ux. Il est dit que \u00ab les v\u0153ux sont comme un oc\u00e9an sans rivage, comme un mat\u00e9riel permanent, comme une bou\u00e9e qui nous fait traverser l\u2019oc\u00e9an de souffrance. \u00bb<\/p>\n<p style=\"text-align: justify;\">A cette occasion, nous avons invit\u00e9s 150 membres de la Sangha \u00e0 y venir participer. Cet \u00e9v\u00e9nement est aussi pour tous un moyen de pouvoir pratiquer la g\u00e9n\u00e9rosit\u00e9 par l\u2019offrande, et cela permettra \u00e0 tous, bouddhistes ou non, parents, et amis proches de cr\u00e9er des m\u00e9rites. Tous les participants peuvent s\u2019unir avec le comit\u00e9 organisateur de l\u2019\u00e9v\u00e9nement pour maintenir l\u2019harmonie et l\u2019\u00e9quilibre de la Sangha, de garder une s\u00e9r\u00e9nit\u00e9 parfaite comme la Terre Pure au milieu du monde des hommes.<\/p>\n<p style=\"text-align: justify;\">\u00ab La vie est impermanente, mais la pratique am\u00e8ne \u00e0 la voie de la permanence<br \/>\nLe monde est changeant, mais en semant la graine des m\u00e9rites,<br \/>\nOn rena\u00eetra stable et non-agit\u00e9 au milieu d\u2019un monde agit\u00e9. \u00bb<\/p>\n<p style=\"text-align: justify;\">Emettons des souhaits avec l\u2019aide des Bouddhas, pour qu\u2019ils puissent amener \u00e0 chaque famille une graine de s\u00e9r\u00e9nit\u00e9, une graine de bonheur sous la Sagesse des Bouddhas du pass\u00e9, du pr\u00e9sent et du futur.<\/p>\n<p style=\"text-align: right;\"><strong><em>Sainte Foy-l\u00e8s-Lyon, le 20 Juillet 2011<\/em><\/strong><br \/>\n<strong><em> Comit\u00e9 organisateur pr\u00e9sid\u00e9 par<\/em><\/strong><br \/>\n<strong><em> Tr\u00e8s Grand V\u00e9n\u00e9rable Th\u00edch T\u00e1nh Thi\u1ec7t<\/em><\/strong><\/p>\n","protected":false},"excerpt":{"rendered":"<p>NAM M\u00d4 VU LAN TH\u1eaeNG H\u1ed8I PH\u1eacT B\u1ed2 T\u00c1T Lettre d\u2019invitation de Vu Lan A l\u2019arriv\u00e9e de la p\u00e9riode de Vu Lan (Ullambana), p\u00e9riode de \u2026 <a class=\"continue-reading-link\" href=\"https:\/\/www.pagodethienminh.fr\/?page_id=2427\">Continue \u00e0 lire <span class=\"meta-nav\">&rarr; <\/span><\/a><\/p>\n","protected":false},"author":1,"featured_media":0,"parent":91,"menu_order":5,"comment_status":"closed","ping_status":"closed","template":"template-onecolumn.php","meta":{"_mc_calendar":[],"footnotes":""},"class_list":["post-2427","page","type-page","status-publish","hentry"],"_links":{"self":[{"href":"https:\/\/www.pagodethienminh.fr\/index.php?rest_route=\/wp\/v2\/pages\/2427","targetHints":{"allow":["GET"]}}],"collection":[{"href":"https:\/\/www.pagodethienminh.fr\/index.php?rest_route=\/wp\/v2\/pages"}],"about":[{"href":"https:\/\/www.pagodethienminh.fr\/index.php?rest_route=\/wp\/v2\/types\/page"}],"author":[{"embeddable":true,"href":"https:\/\/www.pagodethienminh.fr\/index.php?rest_route=\/wp\/v2\/users\/1"}],"replies":[{"embeddable":true,"href":"https:\/\/www.pagodethienminh.fr\/index.php?rest_route=%2Fwp%2Fv2%2Fcomments&post=2427"}],"version-history":[{"count":3,"href":"https:\/\/www.pagodethienminh.fr\/index.php?rest_route=\/wp\/v2\/pages\/2427\/revisions"}],"predecessor-version":[{"id":2429,"href":"https:\/\/www.pagodethienminh.fr\/index.php?rest_route=\/wp\/v2\/pages\/2427\/revisions\/2429"}],"up":[{"embeddable":true,"href":"https:\/\/www.pagodethienminh.fr\/index.php?rest_route=\/wp\/v2\/pages\/91"}],"wp:attachment":[{"href":"https:\/\/www.pagodethienminh.fr\/index.php?rest_route=%2Fwp%2Fv2%2Fmedia&parent=2427"}],"curies":[{"name":"wp","href":"https:\/\/api.w.org\/{rel}","templated":true}]}}