{"id":2424,"date":"2012-04-18T11:48:49","date_gmt":"2012-04-18T11:48:49","guid":{"rendered":"http:\/\/www.pagodethienminh.fr\/?page_id=2424"},"modified":"2014-09-16T14:20:45","modified_gmt":"2014-09-16T14:20:45","slug":"annee-2012","status":"publish","type":"page","link":"https:\/\/www.pagodethienminh.fr\/?page_id=2424","title":{"rendered":"Ann\u00e9e 2012"},"content":{"rendered":"<div>\n<p align=\"center\"><strong>Ch\u01b0\u01a1ng tr\u00ecnh sinh ho\u1ea1t : 13h30 -&gt; 17h<\/strong><\/p>\n<\/div>\n<address>\u00a0<span class=\"Apple-style-span\" style=\"color: #444444; font-family: Georgia, 'Bitstream Charter', serif; font-style: italic; line-height: 22px;\"><strong>13g30<\/strong> : l\u1ec5 Ph\u1eadt \u2013 c\u00e9r\u00e9monie g\u0111pt, m\u00e9ditation<\/span><\/address>\n<address><strong>14g00<\/strong> : Ph\u1eadt Ph\u00e1p (Th\u1ea7y QVi\u00ean &#8211; Ch\u00fa Long &#8211; Anh Vincent) &#8211; enseignt<\/address>\n<address><strong>15g00<\/strong> : gi\u00e3i lao &#8211; pause<\/address>\n<address><strong>15g10<\/strong> : chuy\u00ean m\u00f4n (sous groupe : s\u00e9curit\u00e9, d\u00e9bat, thuy\u1ebft tr\u00ecnh &#8230;)<\/address>\n<address><strong>16g00<\/strong> : b\u1ea3n sinh h\u1ecdat G\u0110PT, t\u1ef1 tr\u1ecb &#8211; auto gestion<\/address>\n<address><strong>16g30<\/strong> : sinh h\u1ecdat t\u1eadp th\u1ec3 (tai chi &#8211; tr\u00f2 ch\u01a1i) \u2013 jeux en groupe<\/address>\n<address><strong>17g00<\/strong> : k\u1ebft gi\u00e2y<\/address>\n<p style=\"text-align: justify;\">&#8212;&#8212;&#8212;&#8212;&#8212;&#8212;&#8212;&#8212;&#8212;&#8212;&#8212;&#8212;&#8212;&#8212;&#8212;&#8212;&#8212;&#8212;&#8212;&#8212;&#8212;&#8212;&#8212;&#8212;&#8212;&#8212;&#8212;&#8212;&#8212;&#8212;&#8212;&#8212;&#8212;<\/p>\n<p><strong>*\u00a0Th\u00e1ng 01\/2012\u00a0:<\/strong><\/p>\n<address>&#8211;\u00a0Ch\u1ee7 nh\u1eadt\u00a008 \/ dim. 08 : Chu\u1ea9n b\u1ecb t\u1ebft (m\u00faa l\u00e2n, m\u00faa &#8230;)<\/address>\n<address>&#8211;\u00a0Ch\u1ee7 nh\u1eadt\u00a022 \/ dim. 22 :\u00a0\u0111\u00eam giao th\u1eeba<\/address>\n<address>&#8211;\u00a0Th\u1ee9 Hai\u00a023 \/ Lundi 23 :\u00a0ng\u00e0y m\u00f9ng 1 t\u1ebft<\/address>\n<address>&#8211;\u00a0Ch\u1ee7 nh\u1eadt\u00a029 \/ dim. 29 : t\u1ebft salle V\u00e9nissieux\u00a0<\/address>\n<p><strong>*\u00a0Th\u00e1ng 02\/2012\u00a0:<\/strong><\/p>\n<address>&#8211;\u00a0Ch\u1ee7 nh\u1eadt\u00a005 \/ dim. 05: r\u1eb1m th\u00e1ng 1<\/address>\n<address>&#8211;\u00a0Ch\u1ee7 nh\u1eadt\u00a012 \/ dim. 12:\u00a0h\u1ed9i cao ni\u00ean<\/address>\n<address><strong>*\u00a0Th\u00e1ng 03\/2012\u00a0:<\/strong><\/address>\n<address>&#8211;\u00a0Ch\u1ee7 nh\u1eadt\u00a011 \/ dim. 11:\u00a0Sinh Ho\u1ea1t (13h15)\u00a0<\/address>\n<address>&#8211;\u00a0Ch\u1ee7 nh\u1eadt\u00a025 \/ dim. 25:\u00a0Sinh Ho\u1ea1t (13h15)\u00a0<\/address>\n<address><strong>*\u00a0Th\u00e1ng 04\/2012\u00a0:<\/strong><\/address>\n<address>&#8211;\u00a007-08-09:\u00a0Tr\u1ea1i\/Camp \u00e0 Ch\u00f9a\/Pagode Kh\u00e1nh Anh \u2013 Bagneux &#8211; Paris<\/address>\n<address>&#8211;\u00a028-29\/04:\u00a0Sortie Ph\u1eadt \u0110\u1ea3n Ch\u00f9a\/Pagode Ph\u1eadt Quang &#8211; Valence<\/address>\n<address><strong>*\u00a0Th\u00e1ng 05\/2012\u00a0:<\/strong><\/address>\n<address>&#8211;\u00a0Ch\u1ee7 nh\u1eadt\u00a013 \/ dim. 13:\u00a0Ph\u1eadt \u0110\u1ea3n V\u00e9sak Ch\u00f9a Thi\u1ec7n Minh\u00a0<\/address>\n<address>&#8211;\u00a0Ch\u1ee7 nh\u1eadt\u00a027 \/ dim. 27:\u00a0Sinh Ho\u1ea1t (13h15)\u00a0<\/address>\n<address><strong>*\u00a0Th\u00e1ng 06\/2012\u00a0:<\/strong><\/address>\n<address>&#8211;\u00a0Ch\u1ee7 nh\u1eadt\u00a010 \/ dim. 10:\u00a0Sinh Ho\u1ea1t (13h15)<\/address>\n<address>&#8211;\u00a0Ch\u1ee7 nh\u1eadt\u00a024 \/ dim. 24:\u00a0Sinh Ho\u1ea1t (13h15)<\/address>\n<address><strong>*\u00a0Th\u00e1ng 07\/2012\u00a0:<\/strong><\/address>\n<address>&#8211;\u00a0Ch\u1ee7 nh\u1eadt\u00a008 \/ dim. 08:\u00a0C\u01a1m X\u00e3 H\u1ed9i Repas amical<\/address>\n<address>&#8211;\u00a0Ch\u1ee7 nh\u1eadt\u00a015\u00a0\/ dim. 15:\u00a0Sortie \u00a0Vall\u00e9e bleue<\/address>\n<address>&#8211;\u00a026\/07 &#8211; 05\/08:\u00a0S\u00e9minaire Angleterre<\/address>\n<address><strong>*\u00a0Th\u00e1ng 08\/2012\u00a0:<\/strong><\/address>\n<address>&#8211;\u00a0Ch\u1ee7 nh\u1eadt\u00a026 \/ dim. 26:\u00a0Sinh Ho\u1ea1t (13h15)\u00a0<\/address>\n<address><strong>*\u00a0Th\u00e1ng 09\/2012\u00a0:<\/strong><\/address>\n<address>&#8211;\u00a0Ch\u1ee7 nh\u1eadt\u00a002 \/ dim. 02:\u00a0Vu Lan &#8211; Ulumbana sutra<\/address>\n<address>&#8211;\u00a0Ch\u1ee7 nh\u1eadt\u00a016 \/ dim. 16:\u00a0Trung Thu \u00a0&#8211; F\u00eate des enfants<\/address>\n<address>&#8211;\u00a0Ch\u1ee7 nh\u1eadt\u00a030 \/ dim. 30:\u00a0Sinh Ho\u1ea1t (13h15)\u00a0<\/address>\n<address><strong>*\u00a0Th\u00e1ng 10\/2012\u00a0:<\/strong><\/address>\n<address>&#8211;\u00a0Ch\u1ee7 nh\u1eadt\u00a014 \/ dim. 14:\u00a0Sinh Ho\u1ea1t (13h15)\u00a0<\/address>\n<address>&#8211;\u00a0Ch\u1ee7 nh\u1eadt 28 \/ dim. 28:\u00a0Sinh Ho\u1ea1t (13h15)\u00a0<\/address>\n<address><strong>*\u00a0Th\u00e1ng 11\/2012\u00a0:<\/strong><\/address>\n<address>&#8211;\u00a0Ch\u1ee7 nh\u1eadt 04\u00a0\/ dim. 04:\u00a0Chu Ni\u00ean\/Anniversaire l\u1ea7n th\u1ee9 19<\/address>\n<address>&#8211;\u00a0Ch\u1ee7 nh\u1eadt\u00a018\u00a0\/ dim. 18:\u00a0Sinh Ho\u1ea1t (13h15)\u00a0<\/address>\n<address><strong>*\u00a0Th\u00e1ng 12\/2012\u00a0:<\/strong><\/address>\n<address>&#8211;\u00a0Ch\u1ee7 nh\u1eadt\u00a002\u00a0\/ dim. 02: \u00a0Sinh Ho\u1ea1t (13h15)-\u00a0Ch\u1ee7 nh\u1eadt\u00a016\u00a0\/ dim. 16: \u00a0T\u1ea5t Ni\u00ean + Sinh Ho\u1ea1t<\/address>\n","protected":false},"excerpt":{"rendered":"<p>Ch\u01b0\u01a1ng tr\u00ecnh sinh ho\u1ea1t : 13h30 -&gt; 17h \u00a013g30 : l\u1ec5 Ph\u1eadt \u2013 c\u00e9r\u00e9monie g\u0111pt, m\u00e9ditation 14g00 : Ph\u1eadt Ph\u00e1p (Th\u1ea7y QVi\u00ean &#8211; Ch\u00fa Long \u2026 <a class=\"continue-reading-link\" href=\"https:\/\/www.pagodethienminh.fr\/?page_id=2424\">Continue \u00e0 lire <span class=\"meta-nav\">&rarr; <\/span><\/a><\/p>\n","protected":false},"author":1,"featured_media":0,"parent":4325,"menu_order":2,"comment_status":"closed","ping_status":"closed","template":"template-onecolumn.php","meta":{"_mc_calendar":[],"footnotes":""},"class_list":["post-2424","page","type-page","status-publish","hentry"],"_links":{"self":[{"href":"https:\/\/www.pagodethienminh.fr\/index.php?rest_route=\/wp\/v2\/pages\/2424","targetHints":{"allow":["GET"]}}],"collection":[{"href":"https:\/\/www.pagodethienminh.fr\/index.php?rest_route=\/wp\/v2\/pages"}],"about":[{"href":"https:\/\/www.pagodethienminh.fr\/index.php?rest_route=\/wp\/v2\/types\/page"}],"author":[{"embeddable":true,"href":"https:\/\/www.pagodethienminh.fr\/index.php?rest_route=\/wp\/v2\/users\/1"}],"replies":[{"embeddable":true,"href":"https:\/\/www.pagodethienminh.fr\/index.php?rest_route=%2Fwp%2Fv2%2Fcomments&post=2424"}],"version-history":[{"count":7,"href":"https:\/\/www.pagodethienminh.fr\/index.php?rest_route=\/wp\/v2\/pages\/2424\/revisions"}],"predecessor-version":[{"id":4329,"href":"https:\/\/www.pagodethienminh.fr\/index.php?rest_route=\/wp\/v2\/pages\/2424\/revisions\/4329"}],"up":[{"embeddable":true,"href":"https:\/\/www.pagodethienminh.fr\/index.php?rest_route=\/wp\/v2\/pages\/4325"}],"wp:attachment":[{"href":"https:\/\/www.pagodethienminh.fr\/index.php?rest_route=%2Fwp%2Fv2%2Fmedia&parent=2424"}],"curies":[{"name":"wp","href":"https:\/\/api.w.org\/{rel}","templated":true}]}}