{"id":2420,"date":"2012-04-18T11:40:22","date_gmt":"2012-04-18T11:40:22","guid":{"rendered":"http:\/\/www.pagodethienminh.fr\/?page_id=2420"},"modified":"2014-09-16T14:19:38","modified_gmt":"2014-09-16T14:19:38","slug":"2011-2","status":"publish","type":"page","link":"https:\/\/www.pagodethienminh.fr\/?page_id=2420","title":{"rendered":"Ann\u00e9e 2011"},"content":{"rendered":"<div>\n<p align=\"center\"><strong>Ch\u01b0\u01a1ng tr\u00ecnh sinh ho\u1ea1t : 13h30 -&gt; 17h<\/strong><\/p>\n<\/div>\n<address>\u00a0<span class=\"Apple-style-span\" style=\"color: #444444; font-family: Georgia, 'Bitstream Charter', serif; font-style: italic; line-height: 22px;\"><strong>13g30<\/strong> : l\u1ec5 Ph\u1eadt \u2013 c\u00e9r\u00e9monie g\u0111pt, m\u00e9ditation<\/span><\/address>\n<address><strong>14g00<\/strong> : Ph\u1eadt Ph\u00e1p (Th\u1ea7y QVi\u00ean &#8211; Ch\u00fa Long &#8211; Anh Vincent) &#8211; enseignt<\/address>\n<address><strong>15g00<\/strong> : gi\u00e3i lao &#8211; pause<\/address>\n<address><strong>15g10<\/strong> : chuy\u00ean m\u00f4n (sous groupe : s\u00e9curit\u00e9, d\u00e9bat, thuy\u1ebft tr\u00ecnh &#8230;)<\/address>\n<address><strong>16g00<\/strong> : b\u1ea3n sinh h\u1ecdat G\u0110PT, t\u1ef1 tr\u1ecb &#8211; auto gestion<\/address>\n<address><strong>16g30<\/strong> : sinh h\u1ecdat t\u1eadp th\u1ec3 (tai chi &#8211; tr\u00f2 ch\u01a1i) \u2013 jeux en groupe<\/address>\n<address><strong>17g00<\/strong> : k\u1ebft gi\u00e2y<\/address>\n<p style=\"text-align: justify;\">&#8212;&#8212;&#8212;&#8212;&#8212;&#8212;&#8212;&#8212;&#8212;&#8212;&#8212;&#8212;&#8212;&#8212;&#8212;&#8212;&#8212;&#8212;&#8212;&#8212;&#8212;&#8212;&#8212;&#8212;&#8212;&#8212;&#8212;&#8212;&#8212;&#8212;&#8212;&#8212;-<\/p>\n<ul>\n<li style=\"text-align: justify;\"><strong>20 Mars<\/strong>: Sinh H\u1ecdat \u00e0 13h15<\/li>\n<li style=\"text-align: justify;\"><strong>26-27 Mars<\/strong>: \u0110\u1ea1i H\u1ed9i Huynh Tr\u01b0\u1edfng \u1edf Paris &#8211; R\u00e9\u00e9lection du Bureau de GDPT de France, uniquement les Huynh Tr\u01b0\u1edfng (Responsables) sont concern\u00e9s<\/li>\n<li style=\"text-align: justify;\"><strong>10 Avril<\/strong>: Sinh H\u1ecdat \u00e0 13h15<\/li>\n<li style=\"text-align: justify;\"><strong>23-24-25<\/strong> Avril: Tr\u1ea1i H\u1ee3p B\u1ea1n \u1edf Strasbourg &#8211; Camp des GDPT de France \u00e0 Strasbourg<\/li>\n<li style=\"text-align: justify;\"><strong>08 Mai<\/strong>: Sinh H\u1ecdat \u00e0 13h15<\/li>\n<li style=\"text-align: justify;\"><strong>14 et 15 Mai<\/strong>: Sortie \u00e0 Valence et L\u1ec5 Ph\u1eadt \u0110\u1ea3n \u1edf Valence &#8211; Sortie GDPT et V\u00e9sak \u00e0 Valence (Labyrinthe des v\u00e9g\u00e9taux)<\/li>\n<li style=\"text-align: justify;\"><strong>21-22 Mai<\/strong>: L\u1ec5 Ph\u1eadt \u0110\u1ea3n \u1edf Paris &#8211; V\u00e9sak \u00e0 Evry (Pagode \u00e0 Paris)<\/li>\n<li style=\"text-align: justify;\"><strong>03-04-05 Juin<\/strong>: L\u1ec5 Kh\u00e1nh Th\u00e0nh v\u00e0 L\u1ec5 Ph\u1eadt \u0110\u1ea3n \u1edf Lyon &#8211; Inauguration de la pagode et V\u00e9sak (Pagode Thi\u00ean Minh)<\/li>\n<\/ul>\n<address style=\"padding-left: 90px;\"><span style=\"text-decoration: underline;\"><strong>Vendredi 03 Juin<\/strong><\/span><\/address>\n<address style=\"padding-left: 120px;\"><strong>08h30<\/strong> : Khai kinh, th\u1ec9nh linh, th\u1ec9nh Di\u00eau Di\u1ec7n S\u1ec9<\/address>\n<address style=\"padding-left: 180px;\">Ouverture des Soutras<\/address>\n<address style=\"padding-left: 120px;\"><strong>10h30<\/strong> : T\u1ee5ng Kinh \u0110\u1ecba T\u1ea1ng quy\u1ec3n th\u01b0\u1ee3ng, c\u00fang ng\u1ecd<\/address>\n<address style=\"padding-left: 180px;\">Soutra k\u1e63itigarbha sph\u00e8re sup, offrande aux d\u00e9funts<\/address>\n<address style=\"padding-left: 120px;\"><strong>12h00<\/strong> : Ng\u1ecd trai \u2013 repas v\u00e9g\u00e9tarien<\/address>\n<address style=\"padding-left: 120px;\"><strong>14h30<\/strong> : T\u1ee5ng Kinh \u0110\u1ecba T\u1ea1ng quy\u1ec3n Trung<\/address>\n<address style=\"padding-left: 180px;\">Soutra k\u1e63itigarbha sph\u00e8re moyenne<\/address>\n<address style=\"padding-left: 120px;\"><strong>19h00<\/strong> : D\u00f9ng c\u01a1m chi\u1ec1u \u2013 repas du soir<\/address>\n<address style=\"padding-left: 120px;\"><strong>20h00<\/strong> : T\u1ee5ng Kinh A Di \u0110\u00e0, tuy\u00ean s\u1edb c\u1ea7u si\u00eau<\/address>\n<address style=\"padding-left: 180px;\">R\u00e9citation Bouddha Amitabha, Soutra de renaissance<\/address>\n<address style=\"padding-left: 90px;\"><span style=\"text-decoration: underline;\"><strong>Samedi 04 Juin<\/strong><\/span><\/address>\n<address style=\"padding-left: 120px;\"><strong>08h30<\/strong> : T\u1ee5ng Kinh \u0110\u1ecba T\u1ea1ng quy\u1ec3n h\u1ea1, d\u00e2ng s\u1edb c\u1ea7u si\u00eau<\/address>\n<address style=\"padding-left: 180px;\">Soutra k\u1e63itigarbha sph\u00e8re inf\u00e9rieure<\/address>\n<address style=\"padding-left: 120px;\"><strong>11h00<\/strong> : C\u00fang linh, c\u00fang Ti\u00eau Di\u1ec7n \u0110\u1ea1i S\u1ec9<\/address>\n<address style=\"padding-left: 180px;\">Offrande aux d\u00e9funts<\/address>\n<address style=\"padding-left: 120px;\"><strong>12h00<\/strong> : Ng\u1ecd trai \u2013 repas v\u00e9g\u00e9tarien offert<\/address>\n<address style=\"padding-left: 120px;\"><strong>15h00 <\/strong> : C\u00fang \u0110\u1ea1i Th\u00ed \u00a0M\u00f4ng S\u01a1n, l\u1ef1\u01a1t khoa<\/address>\n<address style=\"padding-left: 180px;\">Offrande et Rituels<\/address>\n<address style=\"padding-left: 120px;\"><strong>19h00<\/strong> : D\u00f9ng c\u01a1m chi\u1ec1u \u2013 repas du soir<\/address>\n<address style=\"padding-left: 120px;\"><strong>20h00<\/strong> : T\u1ee5ng Kinh Ph\u1ed5 M\u00f4n c\u1ea7u an<\/address>\n<address style=\"padding-left: 180px;\">R\u00e9citation Soutra Bodhisattva Avalokit\u00e9svara et souhaits<\/address>\n<address>\u00a0<\/address>\n<address>\u00a0<\/address>\n<address style=\"padding-left: 90px;\"><span style=\"text-decoration: underline;\"><em><strong>Dimanche 05 Juin<\/strong><\/em><\/span><\/address>\n<address style=\"padding-left: 120px;\"><strong>10h30<\/strong> : C\u1eaft b\u0103ng Kh\u00e1nh th\u00e0nh Ch\u00f9a<\/address>\n<address style=\"padding-left: 180px;\">C\u00e9r\u00e9monie d\u2019inauguration (Coupe du Ruban)<\/address>\n<address style=\"padding-left: 120px;\"><strong>11h00<\/strong> : Di\u1ec3n v\u0103n Khai M\u1ea1c, C\u1eed H\u00e0nh \u0110\u1ea1i L\u1ec5 Ph\u1eadt \u0110\u1ea3n 2635<\/address>\n<address style=\"padding-left: 180px;\">Discours et c\u00e9r\u00e9monie de V\u00e9sak<\/address>\n<address style=\"padding-left: 120px;\"><strong>12h00<\/strong> : Ng\u1ecd trai \u2013 repas v\u00e9g\u00e9tarien offert<\/address>\n<address style=\"padding-left: 120px;\"><strong>13h30<\/strong> : Thuy\u1ebft ph\u00e1p \u2013 Enseignement bouddhiste<\/address>\n<address style=\"padding-left: 120px;\"><strong>14h30<\/strong> : V\u0103n ngh\u1ec7 c\u00fang d\u01b0\u1eddng<\/address>\n<address style=\"padding-left: 180px;\">Spectacle en offrande \u00e0 V\u00e9sak<\/address>\n<address style=\"padding-left: 120px;\"><strong>17h30<\/strong> : H\u00f2an m\u00e3n &#8211; Fin<\/address>\n<address>\u00a0<\/address>\n<ul>\n<li style=\"text-align: justify;\"><strong>19 Juin<\/strong>: Dernier Sinh Hoat et Examen (Pagode Thi\u00ean Minh)<\/li>\n<li style=\"text-align: justify;\"><strong>03 Juillet<\/strong>: C\u01a1m x\u00e3 H\u1ed9i &#8211; Repas Amical (GDPT pour le service, pas tout le monde) (Pagode Thi\u00ean Minh)<\/li>\n<li style=\"text-align: justify;\"><strong>09 et\/ou 10 Juillet<\/strong> : Camping a Grande-Motte ( Projet) sinon on garde Vall\u00e9e Bleue &#8211; Sortie du Groupe Gde Motte ou Vall\u00e9e Bleue<\/li>\n<li style=\"text-align: justify;\"><strong>Du 22 au 31 Juillet<\/strong> : Kho\u00e1 Tu H\u1ecdc \u1edf Autriche &#8211; S\u00e9minaires en Autriche<\/li>\n<li style=\"text-align: justify;\"><strong>28 Aout<\/strong> : Vu Lan &#8211; C\u00e9r\u00e9monie de Reconnaissance envers les Anc\u00eatres (Pagode Thi\u00ean Minh)<\/li>\n<li style=\"text-align: justify;\"><strong>08-09-10-11 Septembre<\/strong> : L\u1ec3 Hi\u1ec7p K\u1ef3 &#8211; Grande C\u00e9r\u00e9monie mondiale : Transmission de voeux des Grands Ma\u00eetres, ordination, Grands rituels (Programme \u00e0 venir) (Pagode Thi\u00ean Minh)<\/li>\n<\/ul>\n<p style=\"text-align: justify;\">Actuellement en vue des catastrophes au Japon, que tous les bonnes actions qu&#8217;on r\u00e9alise chaque jour soient b\u00e9n\u00e9fici\u00e9s par tous les \u00eatres qui sont touch\u00e9s par les catastrophes naturel et que nos souhaits puissent-ils \u00eatre orient\u00e9s vers les \u00eatres qui sont prisonnier de la souffrance.<\/p>\n<address><strong>* Th\u00e1ng 10\/2011 :\u00a0<\/strong><br \/>\n&#8211;\u00a0Ch\u1ee7 nh\u1eadt\u00a09 \/ dim. 09\u00a0\u00a0\u00a0: Sinh H\u1ecdat<\/address>\n<address>&#8211;\u00a0Ch\u1ee7 nh\u1eadt\u00a016\u00a0\/ dim. 16\u00a0: Ph\u1eadt Ng\u1ecdc Grenoble (GDPT )<br \/>\n&#8211; W.E. 22-23 : Mini tr\u1ea1i G\u0110PT TM ch\u00f9a Valence (Vacances scolaires)<\/address>\n<address>\u00a0<\/address>\n<address>\u00a0<\/address>\n<address><strong>* Th\u00e1ng 11\/2011\u00a0:\u00a0<\/strong><\/address>\n<address>\u00a0\u00a0\u00a0 &#8211;\u00a0Ch\u1ee7 nh\u1eadt 6 \/ dim. 06 : Chu ni\u00ean l\u1ea7n th\u1ee9 18<br \/>\n&#8211; Th\u1ee9 b\u1ea3y 12 \/ Sam. 12 : Soir\u00e9e Mariage Anh Hi\u1ebfu et Chi Th\u1ea3o (G\u0110PT)<br \/>\n&#8211;\u00a0Ch\u1ee7 nh\u1eadt 13 \/ dim. 13 : R\u1eb1m th\u00e1ng 10<br \/>\n&#8211;\u00a0Ch\u1ee7 nh\u1eadt\u00a019 \/ dim. 19 :\u00a0Sinh H\u1ecdat<br \/>\n&#8211; W.E. 19-20 : Ph\u1eadt Ng\u1ecdc, ch\u00f9a Ph\u1ed9 \u0110\u00e0 (Marseille)\u00a0: Ban m\u00faa (GDPT)<\/address>\n<address>\u00a0<\/address>\n<address>\u00a0<\/address>\n<address><strong>*\u00a0Th\u00e1ng 12\/2011\u00a0:<\/strong><\/address>\n<address>\u00a0&#8211;\u00a0Ch\u1ee7 nh\u1eadt\u00a04 \/ dim. 04 : C\u01a1m x\u00e3 h\u1ed9i<br \/>\n&#8211;\u00a0Ch\u1ee7 nh\u1eadt\u00a011 \/ dim. 11 : T\u1ea5t Ni\u00ean (thi)<\/address>\n<address>\u00a0<\/address>\n<address>\u00a0<\/address>\n","protected":false},"excerpt":{"rendered":"<p>Ch\u01b0\u01a1ng tr\u00ecnh sinh ho\u1ea1t : 13h30 -&gt; 17h \u00a013g30 : l\u1ec5 Ph\u1eadt \u2013 c\u00e9r\u00e9monie g\u0111pt, m\u00e9ditation 14g00 : Ph\u1eadt Ph\u00e1p (Th\u1ea7y QVi\u00ean &#8211; Ch\u00fa Long \u2026 <a class=\"continue-reading-link\" href=\"https:\/\/www.pagodethienminh.fr\/?page_id=2420\">Continue \u00e0 lire <span class=\"meta-nav\">&rarr; <\/span><\/a><\/p>\n","protected":false},"author":1,"featured_media":0,"parent":4325,"menu_order":1,"comment_status":"closed","ping_status":"closed","template":"template-onecolumn.php","meta":{"_mc_calendar":[],"footnotes":""},"class_list":["post-2420","page","type-page","status-publish","hentry"],"_links":{"self":[{"href":"https:\/\/www.pagodethienminh.fr\/index.php?rest_route=\/wp\/v2\/pages\/2420","targetHints":{"allow":["GET"]}}],"collection":[{"href":"https:\/\/www.pagodethienminh.fr\/index.php?rest_route=\/wp\/v2\/pages"}],"about":[{"href":"https:\/\/www.pagodethienminh.fr\/index.php?rest_route=\/wp\/v2\/types\/page"}],"author":[{"embeddable":true,"href":"https:\/\/www.pagodethienminh.fr\/index.php?rest_route=\/wp\/v2\/users\/1"}],"replies":[{"embeddable":true,"href":"https:\/\/www.pagodethienminh.fr\/index.php?rest_route=%2Fwp%2Fv2%2Fcomments&post=2420"}],"version-history":[{"count":6,"href":"https:\/\/www.pagodethienminh.fr\/index.php?rest_route=\/wp\/v2\/pages\/2420\/revisions"}],"predecessor-version":[{"id":4327,"href":"https:\/\/www.pagodethienminh.fr\/index.php?rest_route=\/wp\/v2\/pages\/2420\/revisions\/4327"}],"up":[{"embeddable":true,"href":"https:\/\/www.pagodethienminh.fr\/index.php?rest_route=\/wp\/v2\/pages\/4325"}],"wp:attachment":[{"href":"https:\/\/www.pagodethienminh.fr\/index.php?rest_route=%2Fwp%2Fv2%2Fmedia&parent=2420"}],"curies":[{"name":"wp","href":"https:\/\/api.w.org\/{rel}","templated":true}]}}