{"id":2416,"date":"2012-04-11T07:23:14","date_gmt":"2012-04-11T07:23:14","guid":{"rendered":"http:\/\/www.pagodethienminh.fr\/?page_id=2416"},"modified":"2012-04-11T07:23:14","modified_gmt":"2012-04-11T07:23:14","slug":"quan-th%e1%ba%bf-am","status":"publish","type":"page","link":"https:\/\/www.pagodethienminh.fr\/?page_id=2416","title":{"rendered":"QU\u00c1N TH\u1ebe \u00c2M"},"content":{"rendered":"\n<li>S\u1ef0 T\u00cdCH QU\u00c1N TH\u1ebe \u00c2M (1) PHIM PH\u1eacT GI\u00c1O<\/li>\n<p><iframe loading=\"lazy\" width=\"425\" height=\"349\" src=\"http:\/\/www.youtube.com\/embed\/uX0i1j21gwU\" frameborder=\"0\" allowfullscreen><\/iframe><\/p>\n<li>S\u1ef0 T\u00cdCH QU\u00c1N TH\u1ebe \u00c2M (2) PHIM PH\u1eacT GI\u00c1O<\/li>\n<p><iframe loading=\"lazy\" width=\"425\" height=\"349\" src=\"http:\/\/www.youtube.com\/embed\/FOUZlRW8xBU\" frameborder=\"0\" allowfullscreen><\/iframe><\/p>\n<li>S\u1ef1 T\u00edch Quan Th\u1ebf \u00c2m v\u00e0 \u0110\u1ea1i Th\u1ebf Ch\u00ed B\u1ed3 T\u00e1t<\/li>\n<p><iframe loading=\"lazy\" width=\"425\" height=\"349\" src=\"http:\/\/www.youtube.com\/embed\/WgmWvii_rCo\" frameborder=\"0\" allowfullscreen><\/iframe><\/p>\n","protected":false},"excerpt":{"rendered":"<p>S\u1ef0 T\u00cdCH QU\u00c1N TH\u1ebe \u00c2M (1) PHIM PH\u1eacT GI\u00c1O S\u1ef0 T\u00cdCH QU\u00c1N TH\u1ebe \u00c2M (2) PHIM PH\u1eacT GI\u00c1O S\u1ef1 T\u00edch Quan Th\u1ebf \u00c2m v\u00e0 \u0110\u1ea1i \u2026 <a class=\"continue-reading-link\" href=\"https:\/\/www.pagodethienminh.fr\/?page_id=2416\">Continue \u00e0 lire <span class=\"meta-nav\">&rarr; <\/span><\/a><\/p>\n","protected":false},"author":1,"featured_media":0,"parent":702,"menu_order":3,"comment_status":"closed","ping_status":"closed","template":"full-width-page.php","meta":{"_mc_calendar":[],"footnotes":""},"class_list":["post-2416","page","type-page","status-publish","hentry"],"_links":{"self":[{"href":"https:\/\/www.pagodethienminh.fr\/index.php?rest_route=\/wp\/v2\/pages\/2416","targetHints":{"allow":["GET"]}}],"collection":[{"href":"https:\/\/www.pagodethienminh.fr\/index.php?rest_route=\/wp\/v2\/pages"}],"about":[{"href":"https:\/\/www.pagodethienminh.fr\/index.php?rest_route=\/wp\/v2\/types\/page"}],"author":[{"embeddable":true,"href":"https:\/\/www.pagodethienminh.fr\/index.php?rest_route=\/wp\/v2\/users\/1"}],"replies":[{"embeddable":true,"href":"https:\/\/www.pagodethienminh.fr\/index.php?rest_route=%2Fwp%2Fv2%2Fcomments&post=2416"}],"version-history":[{"count":1,"href":"https:\/\/www.pagodethienminh.fr\/index.php?rest_route=\/wp\/v2\/pages\/2416\/revisions"}],"predecessor-version":[{"id":2417,"href":"https:\/\/www.pagodethienminh.fr\/index.php?rest_route=\/wp\/v2\/pages\/2416\/revisions\/2417"}],"up":[{"embeddable":true,"href":"https:\/\/www.pagodethienminh.fr\/index.php?rest_route=\/wp\/v2\/pages\/702"}],"wp:attachment":[{"href":"https:\/\/www.pagodethienminh.fr\/index.php?rest_route=%2Fwp%2Fv2%2Fmedia&parent=2416"}],"curies":[{"name":"wp","href":"https:\/\/api.w.org\/{rel}","templated":true}]}}