{"id":2409,"date":"2012-04-11T07:18:43","date_gmt":"2012-04-11T07:18:43","guid":{"rendered":"http:\/\/www.pagodethienminh.fr\/?page_id=2409"},"modified":"2012-04-11T07:21:29","modified_gmt":"2012-04-11T07:21:29","slug":"ph%e1%ba%adt-a-di-da","status":"publish","type":"page","link":"https:\/\/www.pagodethienminh.fr\/?page_id=2409","title":{"rendered":"Ph\u1eadt A Di \u0110\u00e0"},"content":{"rendered":"\n<li>Ph\u1eadt Thuy\u1ebft A Di \u0110\u00e0 Kinh (Ph\u1ea7n 1\/6)<\/li>\n<p><iframe loading=\"lazy\" width=\"425\" height=\"349\" src=\"http:\/\/www.youtube.com\/embed\/qtYuHGtpu68\" frameborder=\"0\" allowfullscreen><\/iframe><\/p>\n<li>Ph\u1eadt Thuy\u1ebft A Di \u0110\u00e0 Kinh (Ph\u1ea7n 2\/6)<\/li>\n<p><iframe loading=\"lazy\" width=\"425\" height=\"349\" src=\"http:\/\/www.youtube.com\/embed\/sdWFkYT6b38\" frameborder=\"0\" allowfullscreen><\/iframe><\/p>\n<li>Ph\u1eadt Thuy\u1ebft A Di \u0110\u00e0 Kinh (Ph\u1ea7n 3\/6)<\/li>\n<p><iframe loading=\"lazy\" width=\"425\" height=\"349\" src=\"http:\/\/www.youtube.com\/embed\/7LaReinGFxw\" frameborder=\"0\" allowfullscreen><\/iframe><\/p>\n<li>Ph\u1eadt Thuy\u1ebft A Di \u0110\u00e0 Kinh (Ph\u1ea7n 4\/6)<\/li>\n<p><iframe loading=\"lazy\" width=\"425\" height=\"349\" src=\"http:\/\/www.youtube.com\/embed\/m67oPJO4x2U\" frameborder=\"0\" allowfullscreen><\/iframe><\/p>\n<li>Ph\u1eadt Thuy\u1ebft A Di \u0110\u00e0 Kinh (Ph\u1ea7n 5\/6)<\/li>\n<p><iframe loading=\"lazy\" width=\"425\" height=\"349\" src=\"http:\/\/www.youtube.com\/embed\/1sqs1h6ac6w\" frameborder=\"0\" allowfullscreen><\/iframe><\/p>\n<li>Ph\u1eadt Thuy\u1ebft A Di \u0110\u00e0 Kinh (Ph\u1ea7n 6\/6)<\/li>\n<p><iframe loading=\"lazy\" width=\"425\" height=\"349\" src=\"http:\/\/www.youtube.com\/embed\/fPuNhi0mbCo\" frameborder=\"0\" allowfullscreen><\/iframe><\/p>\n<li>S\u1ef1 T\u00edch Ph\u1eadt A Di \u0110\u00e0 V\u00e0 B\u1ea3y V\u1ecb B\u1ed3 T\u00e1t<\/li>\n<p><iframe loading=\"lazy\" width=\"560\" height=\"349\" src=\"http:\/\/www.youtube.com\/embed\/0O4vraxjEqo\" frameborder=\"0\" allowfullscreen><\/iframe><\/p>\n","protected":false},"excerpt":{"rendered":"<p>Ph\u1eadt Thuy\u1ebft A Di \u0110\u00e0 Kinh (Ph\u1ea7n 1\/6) Ph\u1eadt Thuy\u1ebft A Di \u0110\u00e0 Kinh (Ph\u1ea7n 2\/6) Ph\u1eadt Thuy\u1ebft A Di \u0110\u00e0 Kinh (Ph\u1ea7n 3\/6) Ph\u1eadt \u2026 <a class=\"continue-reading-link\" href=\"https:\/\/www.pagodethienminh.fr\/?page_id=2409\">Continue \u00e0 lire <span class=\"meta-nav\">&rarr; <\/span><\/a><\/p>\n","protected":false},"author":1,"featured_media":0,"parent":702,"menu_order":1,"comment_status":"closed","ping_status":"closed","template":"full-width-page.php","meta":{"_mc_calendar":[],"footnotes":""},"class_list":["post-2409","page","type-page","status-publish","hentry"],"_links":{"self":[{"href":"https:\/\/www.pagodethienminh.fr\/index.php?rest_route=\/wp\/v2\/pages\/2409","targetHints":{"allow":["GET"]}}],"collection":[{"href":"https:\/\/www.pagodethienminh.fr\/index.php?rest_route=\/wp\/v2\/pages"}],"about":[{"href":"https:\/\/www.pagodethienminh.fr\/index.php?rest_route=\/wp\/v2\/types\/page"}],"author":[{"embeddable":true,"href":"https:\/\/www.pagodethienminh.fr\/index.php?rest_route=\/wp\/v2\/users\/1"}],"replies":[{"embeddable":true,"href":"https:\/\/www.pagodethienminh.fr\/index.php?rest_route=%2Fwp%2Fv2%2Fcomments&post=2409"}],"version-history":[{"count":2,"href":"https:\/\/www.pagodethienminh.fr\/index.php?rest_route=\/wp\/v2\/pages\/2409\/revisions"}],"predecessor-version":[{"id":2414,"href":"https:\/\/www.pagodethienminh.fr\/index.php?rest_route=\/wp\/v2\/pages\/2409\/revisions\/2414"}],"up":[{"embeddable":true,"href":"https:\/\/www.pagodethienminh.fr\/index.php?rest_route=\/wp\/v2\/pages\/702"}],"wp:attachment":[{"href":"https:\/\/www.pagodethienminh.fr\/index.php?rest_route=%2Fwp%2Fv2%2Fmedia&parent=2409"}],"curies":[{"name":"wp","href":"https:\/\/api.w.org\/{rel}","templated":true}]}}