{"id":238,"date":"2011-05-02T12:28:49","date_gmt":"2011-05-02T12:28:49","guid":{"rendered":"http:\/\/www.pagodethienminh.fr\/?page_id=238"},"modified":"2013-03-14T07:51:58","modified_gmt":"2013-03-14T07:51:58","slug":"g-quatre-nobles-verites","status":"publish","type":"page","link":"https:\/\/www.pagodethienminh.fr\/?page_id=238","title":{"rendered":"Les Quatre Nobles V\u00e9rit\u00e9s"},"content":{"rendered":"<p style=\"text-align: justify;\"><a href=\"https:\/\/www.pagodethienminh.fr\/?attachment_id=484\" rel=\"attachment wp-att-484\"><img loading=\"lazy\" decoding=\"async\" class=\"alignleft size-medium wp-image-484\" title=\"Posture de l'enseignement\" alt=\"\" src=\"https:\/\/www.pagodethienminh.fr\/wp-content\/uploads\/2011\/05\/phat_thich_ca274-216x300.jpg\" width=\"216\" height=\"300\" srcset=\"https:\/\/www.pagodethienminh.fr\/wp-content\/uploads\/2011\/05\/phat_thich_ca274-216x300.jpg 216w, https:\/\/www.pagodethienminh.fr\/wp-content\/uploads\/2011\/05\/phat_thich_ca274-108x150.jpg 108w, https:\/\/www.pagodethienminh.fr\/wp-content\/uploads\/2011\/05\/phat_thich_ca274.jpg 547w\" sizes=\"auto, (max-width: 216px) 100vw, 216px\" \/><\/a>Les quatres Nobles V\u00e9rit\u00e9s marquent le d\u00e9part de la roue du dharma et ainsi de la transmission du bouddhisme dans ce monde. Cet enseignement donn\u00e9 par le Bouddha au Parc des Gazelles, \u00e0 Sanarth pr\u00e8s de B\u00e9nar\u00e8s, aux 5 fr\u00e8res asc\u00e8tes, compagnons et pratiquants de route du Prince Siddharta (avant de trouver l\u2019Eveil) forme la base de la compr\u00e9hension fondamentale de l\u2019existence du Samsara et des moyens \u00e9labor\u00e9s dans la pratique du bouddhisme. L\u2019\u00e9tat de souffrance est au coeur des quatres Nobles V\u00e9rit\u00e9s. Le Bouddha a d\u00e9fini l\u2019\u00e9tat de souffrance, sa provenance et le moyen de de l\u2019\u00e9liminer. Une souffrance, conceptualis\u00e9e comme telle, est souvent le r\u00e9sultat d\u2019un empilement d\u2019autres \u00e9tats de souffrance. L\u2019homme soumis \u00e0 l\u2019\u00e9tat d\u2019ignorance va rechercher l\u2019origine de cette souffrance et va consid\u00e9rer le 1er niveau de cause comme la source de sa souffrance. En admettant cela, il ne pourra pas \u00e9radiquer &#8220;correctement&#8221; la cause de sa souffrance. On ne parlera pas d\u2019esprit d\u2019\u00e9veil dans ce cas.<\/p>\n<p style=\"text-align: justify;\">On peut lister quelques \u00e9tats de souffrance, tels que la col\u00e8re, la peur, la haine, la jalousie, les craintes, &#8230; tous ces \u00e9tats provoquent une agitation mentale.<\/p>\n<p style=\"text-align: justify;\">Les 4 Nobles V\u00e9rit\u00e9s (t\u1ee9 di\u1ec7u \u0111\u1ebf) forment la base du bouddhisme. Les enseignements du Bouddha tournent autour de ces 4 Nobles V\u00e9rit\u00e9s\u00a0:<\/p>\n<p style=\"text-align: justify;\">1.La Noble V\u00e9rit\u00e9 sur l\u2019existence de la Souffrance 2.La Noble V\u00e9rit\u00e9 sur l\u2019origine de l\u2019existence de la Souffrance 3.La Noble V\u00e9rit\u00e9 sur la cessation de la Souffrance 4.La Noble V\u00e9rit\u00e9 sur la voie qui m\u00e8ne \u00e0 la cessation de la Souffrance<\/p>\n<p style=\"text-align: justify;\">On remarque que<\/p>\n<ul style=\"text-align: justify;\">\n<li>La Noble V\u00e9rit\u00e9 n\u00b02 est la cause de la Noble V\u00e9rit\u00e9 n\u00b01 ou bien<\/li>\n<li>La Noble V\u00e9rit\u00e9 n\u00b01 est la cons\u00e9quence de la Noble V\u00e9rit\u00e9 n\u00b01<\/li>\n<\/ul>\n<p style=\"text-align: justify;\">et que\u00a0:<\/p>\n<ul style=\"text-align: justify;\">\n<li>La Noble V\u00e9rit\u00e9 n\u00b04 est la cause de la Noble V\u00e9rit\u00e9 n\u00b03 ou bien<\/li>\n<li>La Noble V\u00e9rit\u00e9 n\u00b03 est la cons\u00e9quence de la Noble V\u00e9rit\u00e9 n\u00b04<\/li>\n<\/ul>\n<p style=\"text-align: justify;\">En comprenant que chaque cons\u00e9quence a une cause principale (Loi du Karma), la connaissance de chaque V\u00e9rit\u00e9 a une importance dans le d\u00e9veloppement de l\u2019esprit d\u2019\u00e9veil et sur le chemin qui relie ces 4 nobles V\u00e9rit\u00e9s.<\/p>\n<p style=\"text-align: justify;\">A travers le savoir et la compr\u00e9hension de ces 4 Nobles V\u00e9rit\u00e9s, le Bouddha a vu la &#8220;maladie&#8221;, son sympt\u00f4me, la gu\u00e9rison et le rem\u00e8de qui permet de s\u2019en lib\u00e9rer.<\/p>\n<p style=\"text-align: justify;\">La premi\u00e8re Noble V\u00e9rit\u00e9 Cette v\u00e9rit\u00e9 est la conscience sur l\u2019\u00e9tat de souffrance. L\u2019\u00e9veil sur cet v\u00e9rit\u00e9 montre qu\u2019il existe 3 forment de souffrances.<\/p>\n","protected":false},"excerpt":{"rendered":"<p>Les quatres Nobles V\u00e9rit\u00e9s marquent le d\u00e9part de la roue du dharma et ainsi de la transmission du bouddhisme dans ce monde. Cet enseignement donn\u00e9 \u2026 <a class=\"continue-reading-link\" href=\"https:\/\/www.pagodethienminh.fr\/?page_id=238\">Continue \u00e0 lire <span class=\"meta-nav\">&rarr; <\/span><\/a><\/p>\n","protected":false},"author":1,"featured_media":0,"parent":450,"menu_order":7,"comment_status":"closed","ping_status":"closed","template":"template-onecolumn.php","meta":{"_mc_calendar":[],"footnotes":""},"class_list":["post-238","page","type-page","status-publish","hentry"],"_links":{"self":[{"href":"https:\/\/www.pagodethienminh.fr\/index.php?rest_route=\/wp\/v2\/pages\/238","targetHints":{"allow":["GET"]}}],"collection":[{"href":"https:\/\/www.pagodethienminh.fr\/index.php?rest_route=\/wp\/v2\/pages"}],"about":[{"href":"https:\/\/www.pagodethienminh.fr\/index.php?rest_route=\/wp\/v2\/types\/page"}],"author":[{"embeddable":true,"href":"https:\/\/www.pagodethienminh.fr\/index.php?rest_route=\/wp\/v2\/users\/1"}],"replies":[{"embeddable":true,"href":"https:\/\/www.pagodethienminh.fr\/index.php?rest_route=%2Fwp%2Fv2%2Fcomments&post=238"}],"version-history":[{"count":7,"href":"https:\/\/www.pagodethienminh.fr\/index.php?rest_route=\/wp\/v2\/pages\/238\/revisions"}],"predecessor-version":[{"id":3331,"href":"https:\/\/www.pagodethienminh.fr\/index.php?rest_route=\/wp\/v2\/pages\/238\/revisions\/3331"}],"up":[{"embeddable":true,"href":"https:\/\/www.pagodethienminh.fr\/index.php?rest_route=\/wp\/v2\/pages\/450"}],"wp:attachment":[{"href":"https:\/\/www.pagodethienminh.fr\/index.php?rest_route=%2Fwp%2Fv2%2Fmedia&parent=238"}],"curies":[{"name":"wp","href":"https:\/\/api.w.org\/{rel}","templated":true}]}}