{"id":2366,"date":"2012-04-02T13:54:06","date_gmt":"2012-04-02T13:54:06","guid":{"rendered":"http:\/\/www.pagodethienminh.fr\/?page_id=2366"},"modified":"2012-04-02T13:56:11","modified_gmt":"2012-04-02T13:56:11","slug":"bai-th%c6%a1-ph%e1%ba%adt-phap","status":"publish","type":"page","link":"https:\/\/www.pagodethienminh.fr\/?page_id=2366","title":{"rendered":"B\u00e0i th\u01a1 Ph\u1eadt ph\u00e1p"},"content":{"rendered":"<p>N\u00fai cao tr\u0103ng s\u00e1ng \u0111\u00e0o xinh<br \/>\n\u0110\u00f4i chim li\u1ec1n c\u00e1nh h\u1eefu t\u00ecnh bi\u1ebft bao<br \/>\nGh\u00e9p th\u00e0nh ch\u1eef Minh H\u1ed3 \u0110\u00e0o<br \/>\nMinh H\u1ed3 \u2013 H\u00e2n h\u1ea1nh \u0111\u00f3n ch\u00e0o b\u1ed1n ph\u01b0\u01a1ng<\/p>\n<p>&#8212;&#8212;&#8212;&#8212;&#8212;&#8212;&#8212;&#8212;&#8211;<\/p>\n","protected":false},"excerpt":{"rendered":"<p>N\u00fai cao tr\u0103ng s\u00e1ng \u0111\u00e0o xinh \u0110\u00f4i chim li\u1ec1n c\u00e1nh h\u1eefu t\u00ecnh bi\u1ebft bao Gh\u00e9p th\u00e0nh ch\u1eef Minh H\u1ed3 \u0110\u00e0o Minh H\u1ed3 \u2013 H\u00e2n h\u1ea1nh \u2026 <a class=\"continue-reading-link\" href=\"https:\/\/www.pagodethienminh.fr\/?page_id=2366\">Continue \u00e0 lire <span class=\"meta-nav\">&rarr; <\/span><\/a><\/p>\n","protected":false},"author":1,"featured_media":0,"parent":2359,"menu_order":3,"comment_status":"closed","ping_status":"closed","template":"full-width-page.php","meta":{"_mc_calendar":[],"footnotes":""},"class_list":["post-2366","page","type-page","status-publish","hentry"],"_links":{"self":[{"href":"https:\/\/www.pagodethienminh.fr\/index.php?rest_route=\/wp\/v2\/pages\/2366","targetHints":{"allow":["GET"]}}],"collection":[{"href":"https:\/\/www.pagodethienminh.fr\/index.php?rest_route=\/wp\/v2\/pages"}],"about":[{"href":"https:\/\/www.pagodethienminh.fr\/index.php?rest_route=\/wp\/v2\/types\/page"}],"author":[{"embeddable":true,"href":"https:\/\/www.pagodethienminh.fr\/index.php?rest_route=\/wp\/v2\/users\/1"}],"replies":[{"embeddable":true,"href":"https:\/\/www.pagodethienminh.fr\/index.php?rest_route=%2Fwp%2Fv2%2Fcomments&post=2366"}],"version-history":[{"count":3,"href":"https:\/\/www.pagodethienminh.fr\/index.php?rest_route=\/wp\/v2\/pages\/2366\/revisions"}],"predecessor-version":[{"id":2368,"href":"https:\/\/www.pagodethienminh.fr\/index.php?rest_route=\/wp\/v2\/pages\/2366\/revisions\/2368"}],"up":[{"embeddable":true,"href":"https:\/\/www.pagodethienminh.fr\/index.php?rest_route=\/wp\/v2\/pages\/2359"}],"wp:attachment":[{"href":"https:\/\/www.pagodethienminh.fr\/index.php?rest_route=%2Fwp%2Fv2%2Fmedia&parent=2366"}],"curies":[{"name":"wp","href":"https:\/\/api.w.org\/{rel}","templated":true}]}}