{"id":2315,"date":"2012-03-22T15:03:16","date_gmt":"2012-03-22T15:03:16","guid":{"rendered":"http:\/\/www.pagodethienminh.fr\/?page_id=2315"},"modified":"2013-03-14T08:03:33","modified_gmt":"2013-03-14T08:03:33","slug":"les-12-liens-interdependants","status":"publish","type":"page","link":"https:\/\/www.pagodethienminh.fr\/?page_id=2315","title":{"rendered":"Les 12 Liens Interd\u00e9pendants"},"content":{"rendered":"<p style=\"text-align: center;\"><strong>Les 12 Liens Interd\u00e9pendants<\/strong><\/p>\n<p style=\"text-align: justify;\">Ces douze facteurs sont \u00e0 l&#8217;origine de la souffrance et du cycle des renaissances conditionn\u00e9es. Les six premiers liens interd\u00e9pendants sont g\u00e9n\u00e9ralement expliqu\u00e9s dans la Noble V\u00e9rit\u00e9 de l&#8217;Origine de la Souffrance; les six premiers concernent l&#8217;origine et les six autres le r\u00e9sultat. Les six derniers liens interd\u00e9pendants sont donc expliqu\u00e9s dans l&#8217;enseignement sur la loi de cause \u00e0 effet.<\/p>\n<p style=\"text-align: justify;\"><strong>L&#8217;ignorance<\/strong><\/p>\n<p style=\"text-align: justify;\">C&#8217;est la non compr\u00e9hension de la v\u00e9ritable nature de la r\u00e9alit\u00e9. Elle est repr\u00e9sent\u00e9e par un aveugle. On pourrait parler de l&#8217;ignorance &#8220;teint\u00e9e d&#8217;\u00e9motions&#8221;, naissant d\u00e8s que l&#8217;esprit exp\u00e9rimente une \u00e9motion: attachement, aversion, jalousie, &#8230; Et aussi de l&#8217;ignorance &#8220;non teint\u00e9e d&#8217;\u00e9motion&#8221;, tr\u00e8s subtile, qui sera la dernier voile \u00e0 lever pour atteindre l&#8217;Omniscience.<\/p>\n<p style=\"text-align: justify;\"><strong>Les formations karmiques<\/strong><\/p>\n<p style=\"text-align: justify;\">On le repr\u00e9sente par un potier en train de fabriquer des objets. On pourrait aussi l&#8217;appeler &#8220;Formations Mentales&#8221;. Ces formations mentales peuvent \u00eatre vertueuses, non vertueuses, ou neutres et pourront engendrer des exp\u00e9riences plaisantes ou la souffrance, des liens envers les trois royaumes de renaissance sup\u00e9rieurs ou inf\u00e9rieurs. On dit que le royaume des animaux est domin\u00e9 par la stupidit\u00e9, celui des esprits avides par l&#8217;avidit\u00e9, et celui des enfers par la col\u00e8re.<\/p>\n<p style=\"text-align: justify;\"><strong>La conscience de base<\/strong><\/p>\n<p style=\"text-align: justify;\">Elle est symbolis\u00e9e par un singe qui joue dans un arbre. Ce qu&#8217;on appelle la conscience de base, &#8220;courant de conscience&#8221; ou &#8220;courant de pens\u00e9e&#8221;, c&#8217;est la base sur laquelle vont se d\u00e9poser les potentiels karmiques cr\u00e9\u00e9s. C&#8217;est un champ dans lequel on plante une graine qui va rester \u00e0 l&#8217;\u00e9tat latent un certain temps, et qui va m\u00fbrir d\u00e8s que les conditions seront favorables.<\/p>\n<p style=\"text-align: justify;\">La loi de cause \u00e0 effet fonctionne de cette fa\u00e7on. Au moment o\u00f9 nous nous mettons en col\u00e8re, nous n&#8217;en subissons pas imm\u00e9diatement les cons\u00e9quences, nous ne tombons pas imm\u00e9diatement en enfer. Mais ce potentiel karmique, cette graine karmique, est plant\u00e9e et va rester l\u00e0. \u00c0 chaque fois que des dispositions n\u00e9gatives vont resurgir, la col\u00e8re, la jalousie, ou autre, ce sera comme un arrosage, un engrais; cette graine va pousser et son fruit m\u00fbrir. Le fruit sera un ph\u00e9nom\u00e8ne de notre vie actuelle, ou de notre devenir. C&#8217;est donc sur cette conscience de base que vont se d\u00e9poser tous les potentiels positifs, n\u00e9gatifs ou neutres que nous cr\u00e9ons.<\/p>\n<p style=\"text-align: justify;\"><strong>Le nom et la forme<\/strong><\/p>\n<p style=\"text-align: justify;\">C&#8217;est l&#8217;apparition des agr\u00e9gats. Une fois que les causes cr\u00e9\u00e9es nous ont dirig\u00e9 vers un lieu de renaissance, nous nous incarnons. C&#8217;est l&#8217;apparition d&#8217;une forme que l&#8217;on peut nommer, qui est symbolis\u00e9e par un homme dans un bateau. Les cinq agr\u00e9gats sont ceux de la forme, de la sensation, de la perception, de la volition et de la conscience. Nous avons la conscience d&#8217;un &#8220;Je&#8221; \u00e0 travers les agr\u00e9gats, C&#8217;est par la saisie des agr\u00e9gats que l&#8217;on peut dire &#8220;j&#8217;existe, je suis, j&#8217;ai un nom, j&#8217;habite ici dans ma maison&#8221;.<\/p>\n<p style=\"text-align: justify;\"><strong>Les six consciences sensorielles<\/strong><\/p>\n<p style=\"text-align: justify;\">Une fois les cinq agr\u00e9gats cr\u00e9\u00e9s, ils n&#8217;ont pas encore la possibilit\u00e9 d&#8217;entrer en contact avec l&#8217;ext\u00e9rieur. Les organes sensoriels sont l\u00e0, mais leur conscience respective ne vient qu&#8217;avec le cinqui\u00e8me lien: les six consciences sensorielles, ou sources de perceptions, ou encore &#8220;facult\u00e9s cognitives&#8221;, repr\u00e9sent\u00e9es par un singe dans une maison \u00e0 six fen\u00eatres.<\/p>\n<p style=\"text-align: justify;\">Si je peux voir cette fleur, c&#8217;est qu&#8217;il y a une conscience visuelle animant l&#8217;oeil. Il y a donc six consciences; cinq en relation avec le corps ( tactile, visuelle, gustative, olfactive et auditive ), et une mentale. Lorsque je pose mon doigt sur la table, je peux dire &#8220;je touche une table&#8221; uniquement si la conscience sensorielle se r\u00e9f\u00e8re \u00e0 la conscience principale, celle de l&#8217;esprit.<\/p>\n<p style=\"text-align: justify;\"><strong>Le contact<\/strong><\/p>\n<p style=\"text-align: justify;\">Une fois que le nom et la forme sont pr\u00e9sents et que les six consciences sensorielles ont \u00e9t\u00e9 cr\u00e9\u00e9es, le contact peut avoir lieu. Ce contact na\u00eet de la relation entre l&#8217;organe des sens, les consciences sensorielles et les objets des sens. Ce lien est repr\u00e9sent\u00e9 par un homme et une femme.<\/p>\n<p style=\"text-align: justify;\"><strong>La sensation<\/strong><\/p>\n<p style=\"text-align: justify;\">\u00c9mergeant du contact entre un sens et un objet appara\u00eet la sensation symbolis\u00e9e par une fl\u00e8che dans un oeil. Agr\u00e9able, d\u00e9sagr\u00e9able, ou neutre, on peut parler de cinq types de sensations ( olfactive, gustative, tactile, visuelle et auditive).<\/p>\n<p style=\"text-align: justify;\"><strong>Le d\u00e9sir<\/strong><\/p>\n<p style=\"text-align: justify;\">Repr\u00e9sent\u00e9 par une personne en train de boire. C&#8217;est l&#8217;attraction, l&#8217;aversion, ou la simple acceptation vis-\u00e0-vis d&#8217;exp\u00e9riences agr\u00e9ables, d\u00e9sagr\u00e9ables ou neutres.<\/p>\n<p style=\"text-align: justify;\"><strong>L&#8217;attachement ou la saisie<\/strong><\/p>\n<p style=\"text-align: justify;\">Plus fort que le d\u00e9sir vient ensuite la saisie. En anglais, nous parlerions de &#8220;grasping&#8221;, image tr\u00e8s expressive, qu&#8217;on pourrait traduire par &#8220;agripper&#8221; quelque chose. Ce lien est repr\u00e9sent\u00e9 par un singe cueillant des fruits.<\/p>\n<p style=\"text-align: justify;\">C&#8217;est la motivation, surgie de l&#8217;esprit, de tenter quelque chose afin de maintenir, rejeter, ou continuer une exp\u00e9rience.<\/p>\n<p style=\"text-align: justify;\"><strong>Le devenir<\/strong><\/p>\n<p style=\"text-align: justify;\">\u00c0 cause de la saisie, on \u00e9tablit une cause karmique qui se manifestera dans le futur pour d\u00e9terminer un certain \u00e9tat de renaissance. C&#8217;est le devenir, repr\u00e9sent\u00e9 par une femme enceinte.<\/p>\n<p style=\"text-align: justify;\"><strong>La naissance<\/strong><\/p>\n<p style=\"text-align: justify;\">Le karma accumul\u00e9 par le processus de devenir m\u00e8ne \u00e0 la naissance, symbolis\u00e9e, et on le comprendra ais\u00e9ment, par une femme qui accouche. La naissance peut \u00eatre de quatre types : celle qui se produit \u00e0 travers une matrice; celle par un oeuf; la naissance par divisions, comme certains \u00eatres cellulaires; et la naissance spontan\u00e9e ou &#8220;miraculeuse&#8221;, en des lieux o\u00f9 le corps est subtil.<\/p>\n<p style=\"text-align: justify;\"><strong>La vieillesse et la mort<\/strong><\/p>\n<p style=\"text-align: justify;\">Par l&#8217;apparition d&#8217;une forme, vient la vieillesse et la mort, symbolis\u00e9e par un vieillard portant un cadavre sur le dos. La vieillesse n&#8217;est pas uniquement l&#8217;avanc\u00e9e de l&#8217;\u00e2ge, mais la d\u00e9t\u00e9rioration continuelle depuis la naissance, avec son lot de maladies et souffrances diverses.<\/p>\n<p style=\"text-align: justify;\">Pour se rappeler des douze liens, on peut dire que:<\/p>\n<p style=\"text-align: justify;\">L&#8217;ignorance am\u00e8ne \u00e0 cr\u00e9er les karmas qui doivent s&#8217;imprimer sur un continuum produisant les agr\u00e9gats et les six consciences, permettant au contact d&#8217;entra\u00eener la sensation qui produira l&#8217;attachement puis la saisie, ce qui cr\u00e9era le devenir, engendrant la naissance \u00e0 partir de laquelle la vieillesse et la mort seront exp\u00e9riment\u00e9es.<\/p>\n","protected":false},"excerpt":{"rendered":"<p>Les 12 Liens Interd\u00e9pendants Ces douze facteurs sont \u00e0 l&#8217;origine de la souffrance et du cycle des renaissances conditionn\u00e9es. Les six premiers liens interd\u00e9pendants sont \u2026 <a class=\"continue-reading-link\" href=\"https:\/\/www.pagodethienminh.fr\/?page_id=2315\">Continue \u00e0 lire <span class=\"meta-nav\">&rarr; <\/span><\/a><\/p>\n","protected":false},"author":1,"featured_media":0,"parent":450,"menu_order":19,"comment_status":"closed","ping_status":"closed","template":"template-onecolumn.php","meta":{"_mc_calendar":[],"footnotes":""},"class_list":["post-2315","page","type-page","status-publish","hentry"],"_links":{"self":[{"href":"https:\/\/www.pagodethienminh.fr\/index.php?rest_route=\/wp\/v2\/pages\/2315","targetHints":{"allow":["GET"]}}],"collection":[{"href":"https:\/\/www.pagodethienminh.fr\/index.php?rest_route=\/wp\/v2\/pages"}],"about":[{"href":"https:\/\/www.pagodethienminh.fr\/index.php?rest_route=\/wp\/v2\/types\/page"}],"author":[{"embeddable":true,"href":"https:\/\/www.pagodethienminh.fr\/index.php?rest_route=\/wp\/v2\/users\/1"}],"replies":[{"embeddable":true,"href":"https:\/\/www.pagodethienminh.fr\/index.php?rest_route=%2Fwp%2Fv2%2Fcomments&post=2315"}],"version-history":[{"count":3,"href":"https:\/\/www.pagodethienminh.fr\/index.php?rest_route=\/wp\/v2\/pages\/2315\/revisions"}],"predecessor-version":[{"id":2317,"href":"https:\/\/www.pagodethienminh.fr\/index.php?rest_route=\/wp\/v2\/pages\/2315\/revisions\/2317"}],"up":[{"embeddable":true,"href":"https:\/\/www.pagodethienminh.fr\/index.php?rest_route=\/wp\/v2\/pages\/450"}],"wp:attachment":[{"href":"https:\/\/www.pagodethienminh.fr\/index.php?rest_route=%2Fwp%2Fv2%2Fmedia&parent=2315"}],"curies":[{"name":"wp","href":"https:\/\/api.w.org\/{rel}","templated":true}]}}