{"id":2272,"date":"2012-03-20T09:31:17","date_gmt":"2012-03-20T09:31:17","guid":{"rendered":"http:\/\/www.pagodethienminh.fr\/?page_id=2272"},"modified":"2019-01-30T16:58:31","modified_gmt":"2019-01-30T16:58:31","slug":"annee-2011","status":"publish","type":"page","link":"https:\/\/www.pagodethienminh.fr\/?page_id=2272","title":{"rendered":"Ann\u00e9e 2011"},"content":{"rendered":"<p style=\"text-align: left;\"><strong>Samedi 12 et dimanche 13 mars<\/strong><\/p>\n<div>\n<ul>\n<li><strong>Enseignement du Lama Seunam Dordj\u00e9<\/strong><\/li>\n<li>15h00 \u00e0 17h00 &#8211;\u00a0<strong>Participation : 5 \u20ac par personne (par jour)<\/strong><\/li>\n<\/ul>\n<\/div>\n<address>\u00a0<\/address>\n<address><strong>Samedi 2 avril<\/strong><\/address>\n<ul>\n<li>\u00ab\u00a0<strong>Rencontre et pratique dans le Bouddhisme<\/strong>\u00a0\u00bb<\/li>\n<li>14h30 \u00e0 17h15 &#8211;\u00a0Participation : 5 \u20ac par personne<\/li>\n<\/ul>\n<address>\u00a0<\/address>\n<address><strong>Samedi 16 et dimanche 17 avril<\/strong><\/address>\n<ul>\n<li><strong>Enseignement du Lama Seunam Dordj\u00e9<\/strong><\/li>\n<li>15h00 \u00e0 17h00 &#8211;\u00a0<strong>Participation : 5 \u20ac par personne (par jour)<\/strong><\/li>\n<\/ul>\n<address>\u00a0<\/address>\n<address><strong>Samedi 7 mai<\/strong><\/address>\n<ul>\n<li>\u00ab\u00a0<strong>Rencontre et pratique dans le Bouddhisme<\/strong>\u00a0\u00bb<\/li>\n<li>14h30 \u00e0 17h15 &#8211;\u00a0<strong>Participation : 5 \u20ac par personne<\/strong><\/li>\n<\/ul>\n<address>\u00a0<\/address>\n<address><strong>Dimanche 5 juin<\/strong><\/address>\n<address>\u00ab\u00a0<strong>F\u00eate de V\u00e9sak<\/strong>\u00a0\u00bb &#8211; \u00ab\u00a0<strong>Inauguration de la pagode reconstruite<\/strong>\u00a0\u00bb<\/address>\n<ul>\n<li>\n<address><strong>10h30<\/strong>\u00a0: C\u00e9r\u00e9monie d\u2019inauguration (Coupe du Ruban)<\/address>\n<\/li>\n<li>\n<address><strong>11h00<\/strong>\u00a0:\u00a0Discours et c\u00e9r\u00e9monie de V\u00e9sak (2555e)<\/address>\n<\/li>\n<li>\n<address><strong>12h00<\/strong>\u00a0: repas v\u00e9g\u00e9tarien offert (+ stands **)<\/address>\n<\/li>\n<li>\n<address><strong>13h30<\/strong>\u00a0: Pas de participation<\/address>\n<\/li>\n<\/ul>\n<p><strong>Enseignement bouddhiste<\/strong>\u00a0(V\u00e9n.Thich T\u00e2m Hu\u00ea en Vietnamien \u00e0 l&#8217;ext\u00e9rieur sur la sc\u00e8ne)<br \/>\n<strong>Enseignement bouddhiste<\/strong>\u00a0(Lama Seunam Dorj\u00e9 en Fran\u00e7ais dans le temple 1er \u00e9tage)<\/p>\n<ul>\n<li>\n<address><strong>14h30<\/strong>\u00a0: Spectacle en offrande \u00e0 V\u00e9sak<\/address>\n<\/li>\n<li>\n<address><strong>17h30<\/strong>\u00a0: \u00a0Fin<\/address>\n<\/li>\n<\/ul>\n<p>**Stands de plats vietnamiens en vente.<\/p>\n<address>\u00a0<\/address>\n<address><strong>Samedi 18 et dimanche 19 juin<\/strong><\/address>\n<ul>\n<li><strong>Enseignement du Lama Seunam Dordj\u00e9<\/strong><\/li>\n<li>15h00 \u00e0 17h00 &#8211;\u00a0<strong>Participation : 5 \u20ac par personne (par jour)<\/strong><\/li>\n<\/ul>\n<address>\u00a0<\/address>\n<address><strong>Samedi 02 juillet\u00a0:<\/strong><\/address>\n<ul>\n<li>\u00ab\u00a0<strong>Rencontre et pratique dans le Bouddhisme<\/strong>\u00a0\u00bb<\/li>\n<li><em>14h30 \u00e0 17h15 &#8211;\u00a0<\/em><strong>Participation : 5 \u20ac par personne<\/strong><\/li>\n<\/ul>\n<address><strong><strong>Dimanche 03 Juillet<\/strong>:<\/strong><\/address>\n<ul>\n<li><strong>Repas Amica<\/strong>l \u00a0\u00e0 la Pagode Thi\u00ean Minh (16 euros \/ personne de + de 12 ans)<\/li>\n<\/ul>\n<p><strong>Dimanche 28 Ao\u00fbt (Public)<\/strong><\/p>\n<div><strong>C\u00e9l\u00e9bration de Vu Lan (Ullumbana)<\/strong>: Comm\u00e9moration de la F\u00eate de Reconnaissance et de Gratitude envers les Anc\u00eatres (Issue du Soutra de Vu Lan sur la Pi\u00e9t\u00e9 Filiale du Bouddha)<\/div>\n<div>\n<ul>\n<li><strong>10h00 \u2013 11h00<\/strong>\u00a0: Accueil et pr\u00e9paration \u00e0 l\u2019office de Vu Lan<\/li>\n<li><strong>11h00 \u2013 12h00<\/strong>\u00a0: C\u00e9r\u00e9monie officielle de Vu Lan et rituel d\u2019offrande de nourriture devant l\u2019autel des d\u00e9funts<\/li>\n<li><strong>12h00 \u2013 13h30<\/strong>\u00a0: repas v\u00e9g\u00e9tarien offert et stands de sp\u00e9cialit\u00e9s en vente<\/li>\n<li><strong>13h30 \u2013 14h15<\/strong>\u00a0: Enseignement en VN (Traduit en FR?)<\/li>\n<li><strong>14h15 \u2013 17h00<\/strong>\u00a0: Spectacle traditionnel en offrande \u00e0 l\u2019\u00e9v\u00e8nement de Vu Lan<\/li>\n<li><strong>17h00<\/strong>\u00a0: Fin de la Journ\u00e9e de Vu Lan<\/li>\n<\/ul>\n<\/div>\n<div>\u2014\u2014\u2014\u2014\u2014<\/div>\n<div style=\"text-align: justify;\"><em><strong>Grand \u00e9v\u00e8nement mondial : Rituel, Ordination et\u00a0Transmission spirituelle des Grands Ma\u00eetres du Jeudi 08 au Dimanche 11 Septembre (Public, uniquement en vi\u00eatnamien, en raison du contenu de l\u2019\u00e9v\u00e9menent: \u00ab\u00a0une traduction prolonge le temps\u00a0\u00bb)<\/strong><\/em><\/div>\n<p><strong><strong>Jeudi 08\u00a0<\/strong>Septembre<\/strong><\/p>\n<div>\n<address style=\"padding-left: 30px;\">15h00 : C\u00e9r\u00e9monie d\u2019ouverture de\u00a0\u00e9v\u00e8nements<\/address>\n<address style=\"padding-left: 30px;\">18h30 : Repas du soir<\/address>\n<address style=\"padding-left: 30px;\">20h00 : Ordination et transmission des Voeux de\u00a0moine<\/address>\n<\/div>\n<div>\n<address style=\"padding-left: 30px;\">22:00 : Fin de la journ\u00e9e<\/address>\n<address>\u00a0<\/address>\n<\/div>\n<div><strong>Vendredi 09 Septembre<\/strong><\/div>\n<div>\n<address style=\"padding-left: 30px;\">06h00 :\u00a0R\u00e9citation du Soutra sur le Shurangama Mantra<\/address>\n<address style=\"padding-left: 30px;\">08h00 :\u00a0Petit d\u00e9jeuner<\/address>\n<address style=\"padding-left: 30px;\">09h00\u00a0:\u00a0Ordination et transmission des Voeux de V\u00e9n\u00e9rable<\/address>\n<address style=\"padding-left: 30px;\">12h00 :\u00a0D\u00e9jeuner<\/address>\n<address style=\"padding-left: 30px;\">14h00 : C\u00e9r\u00e9monie de Prise de Voeux de Bodhisattva<\/address>\n<address style=\"padding-left: 30px;\">16h00 :\u00a0Enseignement ( Grand V\u00e9n\u00e9rable Th\u00edch Th\u00e1i Si\u00eau)<\/address>\n<address style=\"padding-left: 30px;\">18h30 :\u00a0Repas du soir<\/address>\n<address style=\"padding-left: 30px;\">20h00 :\u00a0Transmission des 10 Voeux<\/address>\n<address style=\"padding-left: 30px;\">22h00 :\u00a0Fin de la journ\u00e9e<\/address>\n<address>\u00a0<\/address>\n<\/div>\n<div><strong>Samedi 10 Septembre<\/strong><\/div>\n<div>\n<address style=\"padding-left: 30px;\">06h00 :\u00a0R\u00e9citation des\u00a0Voeux de Bodhisatva<\/address>\n<address style=\"padding-left: 30px;\">08h00 :\u00a0Petit d\u00e9jeuner<\/address>\n<address style=\"padding-left: 30px;\">09h00 :\u00a0Histoire du\u00a0Bodhisattva\u00a0Th\u00edch Qu\u1ea3ng \u0110\u1ee9c (Gd V\u00e9n.\u00a0Th\u00edch B\u00e0o L\u1ea1c)<\/address>\n<address style=\"padding-left: 30px;\">12h00 :\u00a0D\u00e9jeuner<\/address>\n<address style=\"padding-left: 30px;\">14h00 :\u00a0Histoire du Grand V\u00e9n\u00e9rable\u00a0Th\u00edch Thi\u1ec7n Minh<\/address>\n<address style=\"padding-left: 30px;\">\u00a0 \u00a0 \u00a0 \u00a0 \u00a0 \u00a0 \u00a0 \u00a0 (Gd V\u00e9n.Th\u00edch T\u00edn Ngh\u0129a &amp; Gd V\u00e9n. Th\u00edch Nguy\u00ean Si\u00eau)<\/address>\n<address style=\"padding-left: 30px;\">17h00 :\u00a0???<\/address>\n<address style=\"padding-left: 30px;\">18h30 :\u00a0Repas du soir<\/address>\n<address style=\"padding-left: 30px;\">20h00 :\u00a0D\u00e9bat et Spectable (V\u00e9n. Th\u00edch Tr\u01b0\u1eddng Sanh)<\/address>\n<address style=\"padding-left: 30px;\">22h00 :\u00a0Fin de la journ\u00e9e<\/address>\n<address>\u00a0<\/address>\n<\/div>\n<div>\n<div><strong><strong>Dimanche\u00a0<\/strong>11 Septembre<\/strong><\/div>\n<div style=\"text-align: justify;\">\n<address style=\"padding-left: 30px;\">06h00 :\u00a0Rituel de prosternation<\/address>\n<address style=\"padding-left: 30px;\">08h00 :\u00a0Petit d\u00e9jeuner<\/address>\n<address style=\"padding-left: 30px;\">09h00 :\u00a0Procession et c\u00e9r\u00e9monie de cet \u00e9v\u00e9nement<\/address>\n<address style=\"padding-left: 30px;\">11h30 :\u00a0Offrande aux membres de la Sangha<\/address>\n<address style=\"padding-left: 30px;\">\u00a0 \u00a0 \u00a0 \u00a0 \u00a0 \u00a0 \u00a0 C\u00e9r\u00e9monie de cl\u00f4ture<\/address>\n<address style=\"padding-left: 30px;\">12h00 : Fin<\/address>\n<address>\u00a0<\/address>\n<\/div>\n<\/div>\n<p><strong>Samedi 24 Septembre<\/strong><\/p>\n<div>\n<ul>\n<li>\u00ab\u00a0<strong>Rencontre et pratique dans le Bouddhisme<\/strong>\u00a0\u00bb<\/li>\n<li>14h30 \u00e0 17h15 &#8211;\u00a0Participation : 5 \u20ac par personne<\/li>\n<\/ul>\n<address><strong>Samedi 15 Octobre<\/strong><\/address>\n<ul>\n<li>\u00ab\u00a0<strong>Rencontre et pratique dans le Bouddhisme<\/strong>\u00a0\u00bb<\/li>\n<li>14h30 \u00e0 17h15 &#8211;\u00a0Participation : 5 \u20ac par personne<\/li>\n<\/ul>\n<\/div>\n<div><strong>Samedi 05 Novembre<\/strong><\/div>\n<div>\n<ul>\n<li>\u00ab\u00a0<strong>Rencontre et pratique dans le Bouddhisme<\/strong>\u00a0\u00bb<\/li>\n<li>14h30 \u00e0 17h15 &#8211;\u00a0Participation : 5 \u20ac par personne<\/li>\n<\/ul>\n<address><strong>Samedi 03 D\u00e9cembre<\/strong><\/address>\n<\/div>\n<div>\n<ul>\n<li>\u00ab\u00a0<strong>Rencontre et pratique dans le Bouddhisme<\/strong>\u00a0\u00bb<\/li>\n<li>14h30 \u00e0 17h15 &#8211;\u00a0Participation : 5 \u20ac par personne<\/li>\n<\/ul>\n<p>Pour tout renseignement, contactez-le\u00a0:<\/p>\n<ul>\n<li><strong>06.22.53.10.86\u00a0<\/strong>ou<\/li>\n<li>par mail\u00a0:\u00a0<strong><em><a href=\"mailto:huyencao2803@yahoo.fr\">huyencao2803@yahoo.fr<\/a><\/em><\/strong><\/li>\n<\/ul>\n<\/div>\n","protected":false},"excerpt":{"rendered":"<p>Samedi 12 et dimanche 13 mars Enseignement du Lama Seunam Dordj\u00e9 15h00 \u00e0 17h00 &#8211;\u00a0Participation : 5 \u20ac par personne (par jour) \u00a0 Samedi 2 \u2026 <a class=\"continue-reading-link\" href=\"https:\/\/www.pagodethienminh.fr\/?page_id=2272\">Continue \u00e0 lire <span class=\"meta-nav\">&rarr; <\/span><\/a><\/p>\n","protected":false},"author":1,"featured_media":0,"parent":51,"menu_order":100,"comment_status":"closed","ping_status":"closed","template":"template-onecolumn.php","meta":{"_mc_calendar":[],"footnotes":""},"class_list":["post-2272","page","type-page","status-publish","hentry"],"_links":{"self":[{"href":"https:\/\/www.pagodethienminh.fr\/index.php?rest_route=\/wp\/v2\/pages\/2272","targetHints":{"allow":["GET"]}}],"collection":[{"href":"https:\/\/www.pagodethienminh.fr\/index.php?rest_route=\/wp\/v2\/pages"}],"about":[{"href":"https:\/\/www.pagodethienminh.fr\/index.php?rest_route=\/wp\/v2\/types\/page"}],"author":[{"embeddable":true,"href":"https:\/\/www.pagodethienminh.fr\/index.php?rest_route=\/wp\/v2\/users\/1"}],"replies":[{"embeddable":true,"href":"https:\/\/www.pagodethienminh.fr\/index.php?rest_route=%2Fwp%2Fv2%2Fcomments&post=2272"}],"version-history":[{"count":7,"href":"https:\/\/www.pagodethienminh.fr\/index.php?rest_route=\/wp\/v2\/pages\/2272\/revisions"}],"predecessor-version":[{"id":3214,"href":"https:\/\/www.pagodethienminh.fr\/index.php?rest_route=\/wp\/v2\/pages\/2272\/revisions\/3214"}],"up":[{"embeddable":true,"href":"https:\/\/www.pagodethienminh.fr\/index.php?rest_route=\/wp\/v2\/pages\/51"}],"wp:attachment":[{"href":"https:\/\/www.pagodethienminh.fr\/index.php?rest_route=%2Fwp%2Fv2%2Fmedia&parent=2272"}],"curies":[{"name":"wp","href":"https:\/\/api.w.org\/{rel}","templated":true}]}}