{"id":2235,"date":"2012-03-14T12:52:44","date_gmt":"2012-03-14T12:52:44","guid":{"rendered":"http:\/\/www.pagodethienminh.fr\/?page_id=2235"},"modified":"2013-03-14T15:38:46","modified_gmt":"2013-03-14T15:38:46","slug":"ph%e1%ba%adt-thuy%e1%ba%bft-kinh-a-di-da","status":"publish","type":"page","link":"https:\/\/www.pagodethienminh.fr\/?page_id=2235","title":{"rendered":"Ph\u1eadt Thuy\u1ebft Kinh A Di \u0110\u00e0"},"content":{"rendered":"<p>T\u1eadp 1:<\/p>\n<p style=\"text-align: justify;\">A-di-\u0111\u00e0 kinh l\u00e0 b\u1ea3n r\u00fat ng\u1eafn c\u1ee7a \u0110\u1ea1i Th\u1eeba V\u00f4 L\u01b0\u1ee3ng Th\u1ecd Trang Nghi\u00eam Kinh. \u0110\u00e2y l\u00e0 m\u1ed9t trong ba b\u1ed9 kinh quan tr\u1ecdng nh\u1ea5t c\u1ee7a T\u1ecbnh \u0110\u1ed9 t\u00f4ng, l\u01b0u h\u00e0nh r\u1ed9ng r\u00e3i t\u1ea1i Trung Qu\u1ed1c, Nh\u1eadt B\u1ea3n v\u00e0 Vi\u1ec7t Nam. Kinh n\u00e0y tr\u00ecnh b\u00e0y ph\u01b0\u01a1ng ph\u00e1p nh\u1ea5t t\u00e2m ni\u1ec7m danh hi\u1ec7u A-di-\u0111\u00e0 v\u00e0 s\u1ebd \u0111\u01b0\u1ee3c A-di-\u0111\u00e0 ti\u1ebfp \u0111\u1ed9 v\u1ec1 c\u00f5i C\u1ef1c l\u1ea1c l\u00fac l\u00e2m chung (ni\u1ec7m Ph\u1eadt).<\/p>\n<p><iframe loading=\"lazy\" src=\"http:\/\/www.youtube.com\/embed\/XxQEI9tIbF8\" height=\"480\" width=\"640\" allowfullscreen=\"\" frameborder=\"0\"><\/iframe><\/p>\n<p>Kinh A Di \u0110\u00e0 do \u0111\u1ee9c Ph\u1eadt Th\u00edch Ca M\u00e2u Ni thuy\u1ebft v\u1ec1 y v\u00e0 ch\u00e1nh b\u00e1o c\u1ee7a \u0111\u1ee9c Ph\u1eadt A Di \u0110\u00e0 n\u01a1i th\u1ebf gi\u1edbi C\u1ef1c l\u1ea1c \u1edf ph\u01b0\u01a1ng T\u00e2y, c\u00e1ch c\u00f5i Ta b\u00e0 n\u00e0y m\u01b0\u1eddi mu\u00f4n \u1ee9c c\u00f5i Ph\u1eadt. Kinh c\u0169ng ch\u1ec9 b\u00e0y ph\u00e1p m\u00f4n ni\u1ec7m Ph\u1eadt \u0111\u1ec3 \u0111\u01b0\u1ee3c v\u00e3ng sanh v\u1ec1 c\u00f5i C\u1ef1c l\u1ea1c c\u1ee7a \u0111\u1ee9c Ph\u1eadt A Di \u0110\u00e0.<\/p>\n<p>&nbsp;<\/p>\n<p>T\u1eadp 2:<\/p>\n<p><iframe loading=\"lazy\" src=\"http:\/\/www.youtube.com\/embed\/_P5VIvw8EWQ\" height=\"480\" width=\"640\" allowfullscreen=\"\" frameborder=\"0\"><\/iframe><\/p>\n<p>A Di \u0110\u00e0 Ph\u1eadt<br \/>\nB\u1ea1n v\u00e0o m\u1ea1ng k\u1ebft n\u1ed1i d\u01b0\u1edbi \u0111\u00e2y, \u0111\u1ec3 \u0111\u1ecdc to\u00e0n b\u1ed9 &#8220;Ph\u1eadt N\u00f3i Kinh A Di \u0110\u00e0&#8221;:<br \/>\nhttp:\/\/www.tangthuphathoc.net\/kinh\/adida.htm<br \/>\n<iframe loading=\"lazy\" src=\"http:\/\/www.youtube.com\/embed\/y2LF6zYs9lA\" height=\"480\" width=\"640\" allowfullscreen=\"\" frameborder=\"0\"><\/iframe><\/p>\n","protected":false},"excerpt":{"rendered":"<p>T\u1eadp 1: A-di-\u0111\u00e0 kinh l\u00e0 b\u1ea3n r\u00fat ng\u1eafn c\u1ee7a \u0110\u1ea1i Th\u1eeba V\u00f4 L\u01b0\u1ee3ng Th\u1ecd Trang Nghi\u00eam Kinh. \u0110\u00e2y l\u00e0 m\u1ed9t trong ba b\u1ed9 kinh quan \u2026 <a class=\"continue-reading-link\" href=\"https:\/\/www.pagodethienminh.fr\/?page_id=2235\">Continue \u00e0 lire <span class=\"meta-nav\">&rarr; <\/span><\/a><\/p>\n","protected":false},"author":1,"featured_media":0,"parent":836,"menu_order":9,"comment_status":"closed","ping_status":"closed","template":"template-onecolumn.php","meta":{"_mc_calendar":[],"footnotes":""},"class_list":["post-2235","page","type-page","status-publish","hentry"],"_links":{"self":[{"href":"https:\/\/www.pagodethienminh.fr\/index.php?rest_route=\/wp\/v2\/pages\/2235","targetHints":{"allow":["GET"]}}],"collection":[{"href":"https:\/\/www.pagodethienminh.fr\/index.php?rest_route=\/wp\/v2\/pages"}],"about":[{"href":"https:\/\/www.pagodethienminh.fr\/index.php?rest_route=\/wp\/v2\/types\/page"}],"author":[{"embeddable":true,"href":"https:\/\/www.pagodethienminh.fr\/index.php?rest_route=\/wp\/v2\/users\/1"}],"replies":[{"embeddable":true,"href":"https:\/\/www.pagodethienminh.fr\/index.php?rest_route=%2Fwp%2Fv2%2Fcomments&post=2235"}],"version-history":[{"count":2,"href":"https:\/\/www.pagodethienminh.fr\/index.php?rest_route=\/wp\/v2\/pages\/2235\/revisions"}],"predecessor-version":[{"id":3493,"href":"https:\/\/www.pagodethienminh.fr\/index.php?rest_route=\/wp\/v2\/pages\/2235\/revisions\/3493"}],"up":[{"embeddable":true,"href":"https:\/\/www.pagodethienminh.fr\/index.php?rest_route=\/wp\/v2\/pages\/836"}],"wp:attachment":[{"href":"https:\/\/www.pagodethienminh.fr\/index.php?rest_route=%2Fwp%2Fv2%2Fmedia&parent=2235"}],"curies":[{"name":"wp","href":"https:\/\/api.w.org\/{rel}","templated":true}]}}