{"id":2144,"date":"2012-02-19T12:34:48","date_gmt":"2012-02-19T12:34:48","guid":{"rendered":"http:\/\/www.pagodethienminh.fr\/?page_id=2144"},"modified":"2012-11-18T12:39:20","modified_gmt":"2012-11-18T12:39:20","slug":"2012-2","status":"publish","type":"page","link":"https:\/\/www.pagodethienminh.fr\/?page_id=2144","title":{"rendered":"2012"},"content":{"rendered":"<ul>\n<li>Lyon : Ch\u00f9a Thi\u00ean Minh\u00a0<a href=\"https:\/\/picasaweb.google.com\/gdptthienminh2010\/2011_01_09_SinhHoat#\" target=\"_blank\">Sinh h\u1ecdat 09 Janvier<\/a><\/li><embed type=\"application\/x-shockwave-flash\" src=\"https:\/\/picasaweb.google.com\/s\/c\/bin\/slideshow.swf\" width=\"800\" height=\"533\" flashvars=\"host=picasaweb.google.com&#038;captions=1&#038;hl=fr&#038;feat=flashalbum&#038;RGB=0x000000&#038;feed=https%3A%2F%2Fpicasaweb.google.com%2Fdata%2Ffeed%2Fapi%2Fuser%2Fgdptthienminh2010%2Falbumid%2F5562012451674180305%3Falt%3Drss%26kind%3Dphoto%26hl%3Dfr\" pluginspage=\"http:\/\/www.macromedia.com\/go\/getflashplayer\"><\/embed><li>Lyon : Ch\u00f9a Thi\u1ec7n Minh\u00a0<a title=\"Nouvel an chinois 2012\" href=\"https:\/\/picasaweb.google.com\/103143811405025549013\/NouvelAnVietnamien20122223Janvier\" target=\"_blank\">T\u1ebft &#8211; 22-23 Janvier<\/a><\/li>\n<p style=\"text-align: justify;\">22-23 Janvier 2012, Photos du nouvel An vietnamien au temple bouddhiste de Sainte Foy-L\u00e8s-Lyon<br \/>\nLa nuit du 22 Janvier 2012 : R\u00e9veillon du nouvel An avec accueil de la communaut\u00e9 catholique vietnamienne de Lyon, discours du Grand V\u00e9n\u00e9rable, c\u00e9r\u00e9monie de souhaits pour la paix dans le monde et remise des porte bonheur de la nouvelle ann\u00e9e.<br \/>\nLa journ\u00e9e du 23 Janvier 2012 : Jour de l\u2019an, ann\u00e9e du dragon d\u2019eau, qui a commenc\u00e9 par les p\u00e9tards et la danse du dragon pour chasser les mauvaises \u00e9nergies de l\u2019ann\u00e9e pr\u00e9c\u00e9dente et par la danse des dragons pour amener les bonnes \u00e9nergies pour cette nouvelle ann\u00e9e. La journ\u00e9e a poursuivi par des c\u00e9r\u00e9monies et des rituels \u00e0 travers les soutras et les offrandes. Beaucoup personnes sont venues se recueillir devant l\u2019autel des bouddhas et des anc\u00eatres pour se ressourcer pour b\u00e2tir des bonnes r\u00e9solutions pour cette ann\u00e9e.<\/p>\n<p style=\"text-align: justify;\"><embed type=\"application\/x-shockwave-flash\" src=\"https:\/\/picasaweb.google.com\/s\/c\/bin\/slideshow.swf\" width=\"800\" height=\"533\" flashvars=\"host=picasaweb.google.com&#038;captions=1&#038;hl=fr&#038;feat=flashalbum&#038;RGB=0x000000&#038;feed=https%3A%2F%2Fpicasaweb.google.com%2Fdata%2Ffeed%2Fapi%2Fuser%2F103143811405025549013%2Falbumid%2F5701506868932962673%3Falt%3Drss%26kind%3Dphoto%26hl%3Dfr\" pluginspage=\"http:\/\/www.macromedia.com\/go\/getflashplayer\"><\/embed><li>Lyon :\u00a0<a title=\"Spectacle de danses et chants - T\u1ebft 2012\" href=\"https:\/\/picasaweb.google.com\/103143811405025549013\/TetXuan2012SalleVenissieux#\" target=\"_blank\">Spectacle de Nouvel An V\u00e9nissieux &#8211; 29 Janvier<\/a><\/li><embed type=\"application\/x-shockwave-flash\" src=\"https:\/\/picasaweb.google.com\/s\/c\/bin\/slideshow.swf\" width=\"800\" height=\"533\" flashvars=\"host=picasaweb.google.com&#038;captions=1&#038;hl=fr&#038;feat=flashalbum&#038;RGB=0x000000&#038;feed=https%3A%2F%2Fpicasaweb.google.com%2Fdata%2Ffeed%2Fapi%2Fuser%2F103143811405025549013%2Falbumid%2F5716404265977729697%3Falt%3Drss%26kind%3Dphoto%26hl%3Dfr\" pluginspage=\"http:\/\/www.macromedia.com\/go\/getflashplayer\"><\/embed><li>Lyon : Ch\u00f9a Thi\u1ec7n Minh\u00a0<a href=\"https:\/\/picasaweb.google.com\/103143811405025549013\/HoiCaoNien20121202#\" target=\"_blank\">H\u1ed9i C\u00e2u Ni\u00ean &#8211; 12\/02 <\/a><\/li>\n<p style=\"text-align: justify;\">Le 12 F\u00e9vrier 2012, la pagode organise comme tous les ans, une rencontre des personnes \u00e2g\u00e9es de l&#8217;association, de leur famille, des jeunes de la famille bouddhiste et les membres de la pagode. Cette journ\u00e9e est un moyen d&#8217;offrir des souhaits de la nouvelle ann\u00e9e entre les g\u00e9n\u00e9rations. On sait que &#8220;<strong><em>sans nos anc\u00eatres, il n&#8217;y aurait pas nos parents, et sans nos parents, on ne serait pas l\u00e0<\/em><\/strong>&#8220;. C&#8217;est aussi un rappel sur les valeurs humaines, qui sont de plus en plus oubli\u00e9es\u00a0dans cette soci\u00e9t\u00e9 mat\u00e9rialiste et \u00e9go\u00efste. Donner un sens \u00e0 la vie, c&#8217;est donner un peu de temps pour les autres, et saveur respecter les marches des g\u00e9n\u00e9rations, les diff\u00e9rences de cultures, et plus g\u00e9n\u00e9ralement\u00a0la vie des \u00eatres.<\/p>\n<p><object width=\"800\" height=\"533\" classid=\"clsid:d27cdb6e-ae6d-11cf-96b8-444553540000\" codebase=\"http:\/\/download.macromedia.com\/pub\/shockwave\/cabs\/flash\/swflash.cab#version=6,0,40,0\"><param name=\"src\" value=\"https:\/\/picasaweb.google.com\/s\/c\/bin\/slideshow.swf\" \/><param name=\"flashvars\" value=\"host=picasaweb.google.com&amp;captions=1&amp;hl=fr&amp;feat=flashalbum&amp;RGB=0x000000&amp;feed=https%3A%2F%2Fpicasaweb.google.com%2Fdata%2Ffeed%2Fapi%2Fuser%2F103143811405025549013%2Falbumid%2F5711167664463003921%3Falt%3Drss%26kind%3Dphoto%26hl%3Dfr\" \/><param name=\"pluginspage\" value=\"http:\/\/www.macromedia.com\/go\/getflashplayer\" \/><embed width=\"800\" height=\"533\" type=\"application\/x-shockwave-flash\" src=\"https:\/\/picasaweb.google.com\/s\/c\/bin\/slideshow.swf\" flashvars=\"host=picasaweb.google.com&amp;captions=1&amp;hl=fr&amp;feat=flashalbum&amp;RGB=0x000000&amp;feed=https%3A%2F%2Fpicasaweb.google.com%2Fdata%2Ffeed%2Fapi%2Fuser%2F103143811405025549013%2Falbumid%2F5711167664463003921%3Falt%3Drss%26kind%3Dphoto%26hl%3Dfr\" pluginspage=\"http:\/\/www.macromedia.com\/go\/getflashplayer\" \/><\/object><\/p>\n<li>Lyon : G\u0110PT Thi\u1ec7n Minh\u00a0<a href=\"https:\/\/picasaweb.google.com\/103143811405025549013\/GPTThienMinhSortieLuge19022012\" target=\"_blank\">Sortie Luges &#8211; 19\/02 <\/a><\/li>\n<p style=\"text-align: justify;\">Apr\u00e8s la p\u00e9riode du nouvel an vietnamien, le groupe de jeunes G\u0110PT a organis\u00e9 une sortie de luges pour se d\u00e9compresser. Cette sortie a pour deux objectifs, la premi\u00e8re est consolider les liens du groupe dans le partage du temps et du bonheur, et la deuxi\u00e8me est celui de l&#8217;\u00e9quilibre mentale.<\/p>\n<p style=\"text-align: justify;\"><embed type=\"application\/x-shockwave-flash\" src=\"https:\/\/picasaweb.google.com\/s\/c\/bin\/slideshow.swf\" width=\"800\" height=\"533\" flashvars=\"host=picasaweb.google.com&#038;captions=1&#038;hl=fr&#038;feat=flashalbum&#038;RGB=0x000000&#038;feed=https%3A%2F%2Fpicasaweb.google.com%2Fdata%2Ffeed%2Fapi%2Fuser%2F103143811405025549013%2Falbumid%2F5711196843913022097%3Falt%3Drss%26kind%3Dphoto%26hl%3Dfr\" pluginspage=\"http:\/\/www.macromedia.com\/go\/getflashplayer\"><\/embed><li>Lyon : G\u0110PT Thi\u1ec7n Minh\u00a0<a href=\"https:\/\/picasaweb.google.com\/115197954404756450145\/2012_03_11_SinhHoatScouts\" target=\"_blank\">Sinh Ho\u1ea1t &#8211; 11\/03 avec les scouts de France <\/a><\/li>\n<p style=\"text-align: justify;\">Dimanche 11 Mars: le groupe GDPT a re\u00e7u un groupe de scouts de France. C\u2019est dans ce moment de partage que la richesse sur les diff\u00e9rences est la plus importante. L\u2019esprit d\u2019\u00e9change et l\u2019\u00e9tat d\u2019harmonie sont les points clefs du maintien des relations entre les groupes en particulier, et les \u00eatres en g\u00e9n\u00e9ral. C\u2019est dans les diff\u00e9rences que le respect prend de la valeur. C\u2019est dans ces moments qu\u2019on n\u2019apprend \u00e0 se comprendre, et que la tol\u00e9rance parle d\u2019elle m\u00eame. Les chemins changent le monde, les qualit\u00e9s changent les \u00eatres, et les couleurs changent le d\u00e9cor.<\/p>\n<p style=\"text-align: justify;\"><embed type=\"application\/x-shockwave-flash\" src=\"https:\/\/picasaweb.google.com\/s\/c\/bin\/slideshow.swf\" width=\"800\" height=\"533\" flashvars=\"host=picasaweb.google.com&#038;captions=1&#038;hl=fr&#038;feat=flashalbum&#038;RGB=0x000000&#038;feed=https%3A%2F%2Fpicasaweb.google.com%2Fdata%2Ffeed%2Fapi%2Fuser%2Fgdptthienminh2010%2Falbumid%2F5719011760991863649%3Falt%3Drss%26kind%3Dphoto%26hl%3Dfr\" pluginspage=\"http:\/\/www.macromedia.com\/go\/getflashplayer\"><\/embed><li>Lyon : G\u0110PT Thi\u1ec7n Minh\u00a0: V\u00e9sak P.L.2556-2012 13\/05<\/li>\n<p style=\"text-align: justify;\">Le 13 Mai 2012, la pagode Thi\u00ean Minh de Sainte Foy L\u00e8s Lyon a c\u00e9l\u00e9br\u00e9 le 2556e \u00e9v\u00e9nement de V\u00e9sak \u00e0 travers une c\u00e9r\u00e9monie de tradition bouddhiste mondiale, qui marque un rappel sur les qualit\u00e9s qu&#8217;un \u00eatre humain doit d\u00e9velopper si son d\u00e9sir est de vivre dans un monde sans violence, \u00a0sans haine, sans jalousie, c&#8217;est \u00e0 dire nourrir la g\u00e9n\u00e9rosit\u00e9, le respect, la tol\u00e9rance, l&#8217;amour et la compassion.<br \/>\n<object width=\"600\" height=\"400\" classid=\"clsid:d27cdb6e-ae6d-11cf-96b8-444553540000\" codebase=\"http:\/\/download.macromedia.com\/pub\/shockwave\/cabs\/flash\/swflash.cab#version=6,0,40,0\"><param name=\"src\" value=\"https:\/\/picasaweb.google.com\/s\/c\/bin\/slideshow.swf\" \/><param name=\"flashvars\" value=\"host=picasaweb.google.com&amp;captions=1&amp;hl=fr&amp;feat=flashalbum&amp;RGB=0x000000&amp;feed=https%3A%2F%2Fpicasaweb.google.com%2Fdata%2Ffeed%2Fapi%2Fuser%2F103143811405025549013%2Falbumid%2F5761608891182241329%3Falt%3Drss%26kind%3Dphoto%26hl%3Dfr\" \/><param name=\"pluginspage\" value=\"http:\/\/www.macromedia.com\/go\/getflashplayer\" \/><embed width=\"600\" height=\"400\" type=\"application\/x-shockwave-flash\" src=\"https:\/\/picasaweb.google.com\/s\/c\/bin\/slideshow.swf\" flashvars=\"host=picasaweb.google.com&amp;captions=1&amp;hl=fr&amp;feat=flashalbum&amp;RGB=0x000000&amp;feed=https%3A%2F%2Fpicasaweb.google.com%2Fdata%2Ffeed%2Fapi%2Fuser%2F103143811405025549013%2Falbumid%2F5761608891182241329%3Falt%3Drss%26kind%3Dphoto%26hl%3Dfr\" pluginspage=\"http:\/\/www.macromedia.com\/go\/getflashplayer\" \/><\/object><\/p>\n<li>Lyon : G\u0110PT Thi\u1ec7n Minh\u00a0: Vu Lan 01-02\/09\/2012 &#8211; F\u00eate de Reconnaissance envers les anc\u00eatres<\/li>\n<p>Cette c\u00e9r\u00e9monie de Vu Lan date depuis l&#8217;\u00e9poque du Bouddha Sakyamauni, gr\u00e2ce au Bodhisattva Maudgalayana (Muc Ki\u00ean Li\u00ean).<br \/>\n<object width=\"600\" height=\"400\" classid=\"clsid:d27cdb6e-ae6d-11cf-96b8-444553540000\" codebase=\"http:\/\/download.macromedia.com\/pub\/shockwave\/cabs\/flash\/swflash.cab#version=6,0,40,0\"><param name=\"src\" value=\"https:\/\/picasaweb.google.com\/s\/c\/bin\/slideshow.swf\" \/><param name=\"flashvars\" value=\"host=picasaweb.google.com&amp;captions=1&amp;hl=fr&amp;feat=flashalbum&amp;RGB=0x000000&amp;feed=https%3A%2F%2Fpicasaweb.google.com%2Fdata%2Ffeed%2Fapi%2Fuser%2F105036892613133309525%2Falbumid%2F5784748739276847105%3Falt%3Drss%26kind%3Dphoto%26hl%3Dfr\" \/><param name=\"pluginspage\" value=\"http:\/\/www.macromedia.com\/go\/getflashplayer\" \/><embed width=\"600\" height=\"400\" type=\"application\/x-shockwave-flash\" src=\"https:\/\/picasaweb.google.com\/s\/c\/bin\/slideshow.swf\" flashvars=\"host=picasaweb.google.com&amp;captions=1&amp;hl=fr&amp;feat=flashalbum&amp;RGB=0x000000&amp;feed=https%3A%2F%2Fpicasaweb.google.com%2Fdata%2Ffeed%2Fapi%2Fuser%2F105036892613133309525%2Falbumid%2F5784748739276847105%3Falt%3Drss%26kind%3Dphoto%26hl%3Dfr\" pluginspage=\"http:\/\/www.macromedia.com\/go\/getflashplayer\" \/><\/object><\/p>\n<li>Lyon : G\u0110PT Thi\u1ec7n Minh\u00a0: T\u00eat Trung Thu 16\/09\/2012 &#8211; F\u00eate des enfants<\/li><embed type=\"application\/x-shockwave-flash\" src=\"https:\/\/picasaweb.google.com\/s\/c\/bin\/slideshow.swf\" width=\"800\" height=\"533\" flashvars=\"host=picasaweb.google.com&#038;captions=1&#038;hl=fr&#038;feat=flashalbum&#038;RGB=0x000000&#038;feed=https%3A%2F%2Fpicasaweb.google.com%2Fdata%2Ffeed%2Fapi%2Fuser%2F105036892613133309525%2Falbumid%2F5789072354961471681%3Falt%3Drss%26kind%3Dphoto%26hl%3Dfr\" pluginspage=\"http:\/\/www.macromedia.com\/go\/getflashplayer\"><\/embed><br \/>\n","protected":false},"excerpt":{"rendered":"<p>Lyon : Ch\u00f9a Thi\u00ean Minh\u00a0Sinh h\u1ecdat 09 JanvierLyon : Ch\u00f9a Thi\u1ec7n Minh\u00a0T\u1ebft &#8211; 22-23 Janvier 22-23 Janvier 2012, Photos du nouvel An vietnamien au temple \u2026 <a class=\"continue-reading-link\" href=\"https:\/\/www.pagodethienminh.fr\/?page_id=2144\">Continue \u00e0 lire <span class=\"meta-nav\">&rarr; <\/span><\/a><\/p>\n","protected":false},"author":1,"featured_media":0,"parent":304,"menu_order":0,"comment_status":"closed","ping_status":"closed","template":"","meta":{"_mc_calendar":[],"footnotes":""},"class_list":["post-2144","page","type-page","status-publish","hentry"],"_links":{"self":[{"href":"https:\/\/www.pagodethienminh.fr\/index.php?rest_route=\/wp\/v2\/pages\/2144","targetHints":{"allow":["GET"]}}],"collection":[{"href":"https:\/\/www.pagodethienminh.fr\/index.php?rest_route=\/wp\/v2\/pages"}],"about":[{"href":"https:\/\/www.pagodethienminh.fr\/index.php?rest_route=\/wp\/v2\/types\/page"}],"author":[{"embeddable":true,"href":"https:\/\/www.pagodethienminh.fr\/index.php?rest_route=\/wp\/v2\/users\/1"}],"replies":[{"embeddable":true,"href":"https:\/\/www.pagodethienminh.fr\/index.php?rest_route=%2Fwp%2Fv2%2Fcomments&post=2144"}],"version-history":[{"count":10,"href":"https:\/\/www.pagodethienminh.fr\/index.php?rest_route=\/wp\/v2\/pages\/2144\/revisions"}],"predecessor-version":[{"id":2146,"href":"https:\/\/www.pagodethienminh.fr\/index.php?rest_route=\/wp\/v2\/pages\/2144\/revisions\/2146"}],"up":[{"embeddable":true,"href":"https:\/\/www.pagodethienminh.fr\/index.php?rest_route=\/wp\/v2\/pages\/304"}],"wp:attachment":[{"href":"https:\/\/www.pagodethienminh.fr\/index.php?rest_route=%2Fwp%2Fv2%2Fmedia&parent=2144"}],"curies":[{"name":"wp","href":"https:\/\/api.w.org\/{rel}","templated":true}]}}