{"id":211,"date":"2011-05-02T11:53:52","date_gmt":"2011-05-02T11:53:52","guid":{"rendered":"http:\/\/www.pagodethienminh.fr\/?page_id=211"},"modified":"2014-06-20T09:20:31","modified_gmt":"2014-06-20T09:20:31","slug":"10-danh-hi%e1%bb%87u-c%e1%bb%a7a-ph%e1%ba%adt-thich-ca","status":"publish","type":"page","link":"https:\/\/www.pagodethienminh.fr\/?page_id=211","title":{"rendered":"10 DANH HI\u1ec6U PH\u1eacT"},"content":{"rendered":"<p style=\"text-align: center;\"><strong>M\u01af\u1edcI DANH HI\u1ec6U C\u1ee6A \u0110\u1ee8C PH\u1eacT TH\u00cdCH CA<\/strong><\/p>\n<p style=\"text-align: justify;\">\n<a href=\"https:\/\/www.pagodethienminh.fr\/?attachment_id=212\" rel=\"attachment wp-att-212\"><img loading=\"lazy\" decoding=\"async\" class=\"aligncenter size-medium wp-image-212\" title=\"Bouddha Sakyamuni\" src=\"https:\/\/www.pagodethienminh.fr\/wp-content\/uploads\/2011\/05\/84580993-200x300.jpg\" alt=\"\" width=\"200\" height=\"300\" srcset=\"https:\/\/www.pagodethienminh.fr\/wp-content\/uploads\/2011\/05\/84580993-200x300.jpg 200w, https:\/\/www.pagodethienminh.fr\/wp-content\/uploads\/2011\/05\/84580993-100x150.jpg 100w, https:\/\/www.pagodethienminh.fr\/wp-content\/uploads\/2011\/05\/84580993.jpg 560w\" sizes=\"auto, (max-width: 200px) 100vw, 200px\" \/><\/a><br \/>\n<span style=\"color: #0000ff;\"><strong>1. NH\u01af LAI:<\/strong><\/span>B\u1eadc th\u00e0nh \u0111\u1ea1o, Ph\u1eadt t\u00e1nh ch\u00e2n nh\u01b0, Ni\u1ebft B\u00e0n th\u01b0\u1eddng tr\u1ee5, b\u1ea5t bi\u1ebfn. Nh\u01b0 lai l\u00e0 th\u1eadt t\u01b0\u1edbng vi di\u1ec7u, kh\u00f4ng c\u00f3 \u0111i c\u0169ng kh\u00f4ng c\u00f3 \u0111\u1ebfn.<\/p>\n<p style=\"text-align: justify;\"><span style=\"color: #0000ff;\"><strong>2. \u1ee8NG C\u00daNG:<\/strong> <\/span>B\u1eadc ph\u01b0\u1edbc \u0111i\u1ec1n v\u00e0 tr\u00ed tu\u1ec7 \u0111\u1ea7y \u0111\u1ee7 \u0111\u01b0\u1ee3c th\u1ecd l\u00e3nh s\u1ef1 c\u00fang d\u01b0\u1eddng. M\u1ecdi h\u01b0\u01a1ng hoa, anh l\u1ea1c, tr\u00e0ng phan, th\u1ea5t b\u1ea3o c\u00fang d\u01b0\u1eddng \u0111\u1ec1u \u0111\u01b0\u1ee3c h\u01b0\u1edfng ph\u01b0\u1edbc b\u00e1o.<\/p>\n<p style=\"text-align: justify;\"><span style=\"color: #0000ff;\"><strong>3. CH\u00c1NH BI\u1ebeN TRI:<\/strong> <\/span>B\u1eadc ch\u00e1nh tr\u00ed v\u00e0 th\u1ec3 t\u00e1nh s\u00e1ng su\u1ed1t, gi\u00e1c ng\u1ed9 ho\u00e0n to\u00e0n. Hi\u1ec3u bi\u1ebft r\u00f5 s\u1ef1 bi\u1ebfn \u0111\u1ed5i m\u1ecdi s\u1ef1 v\u1eadt trong tr\u1eddi \u0111\u1ea5t m\u1ed9t c\u00e1ch \u0111\u00fang \u0111\u1eafn v\u00e0 ch\u00e2n th\u1eadt.<\/p>\n<p style=\"text-align: justify;\"><span style=\"color: #0000ff;\"><strong>4. MINH H\u1ea0NH T\u00daC:<\/strong> <\/span>B\u1eadc \u0111\u1ee9c h\u1ea1nh vi\u00ean m\u00e3n, thi\u1ec7n nghi\u1ec7p ho\u00e0n to\u00e0n v\u00e0 \u0111\u1ea7y \u0111\u1ee7. Ch\u1ee9ng \u0111\u1ea1t tam minh l\u1ee5c th\u00f4ng, th\u1ea5u tri\u1ec7t ch\u00e2n l\u00fd nguy\u00ean nh\u00e2n c\u00e1c duy\u00ean sanh di\u1ec7t.<\/p>\n<p style=\"text-align: justify;\"><span style=\"color: #0000ff;\"><strong>5. THI\u1ec6N TH\u1ec6:<\/strong> <\/span>B\u1eadc ho\u00e0n thi\u1ec7n t\u1ea5t c\u1ea3 m\u1ecdi vi\u1ec7c l\u00e0nh, h\u1ea1nh nguy\u1ec7n t\u1ebf \u0111\u1ed9 \u0111\u00e3 r\u1ed1t r\u00e1o \u0111\u1ebfn n\u01a1i. Ch\u1ea5m d\u1ee9t nh\u1eefng duy\u00ean nghi\u1ec7p, kh\u00f4ng c\u00f2n lu\u00e2n h\u1ed3i n\u1eefa.<\/p>\n<p style=\"text-align: justify;\"><span style=\"color: #0000ff;\"><strong>6. TH\u1ebe GIAN GI\u1ea2I:<\/strong> <\/span>\u0110\u1ea5ng hi\u1ec3u bi\u1ebft s\u1ef1 l\u00fd vi\u00ean dung v\u00e0 th\u1ea5y r\u00f5 r\u00e0ng m\u1ecdi chuy\u1ec7n \u1edf th\u1ebf gian. T\u1eeb lo\u00e0i h\u1eefu t\u00ecnh \u0111\u1ebfn v\u00f4 t\u00ecnh \u0111\u1ec1u r\u00f5 su\u1ed1t th\u1ea5u \u0111\u00e1o.<\/p>\n<p style=\"text-align: justify;\"><span style=\"color: #0000ff;\"><strong>7. V\u00d4 TH\u01af\u1ee2NG S\u0128, \u0110I\u1ec0U NG\u1ef0 TR\u01af\u1ee2NG PHU:<\/strong> <\/span>B\u1eadc cao t\u1ed9t, c\u00f3 th\u1ec3 ch\u1ebf ng\u1ef1 v\u00e0 \u0111\u1ed1i tr\u1ecb m\u1ecdi nh\u00e2n duy\u00ean trong ph\u00e1p gi\u1edbi, gi\u00e1o h\u00f3a \u0111i\u1ec1u ph\u1ee5c \u0111\u1ebfn gi\u00e1c ng\u1ed9 v\u00e0 gi\u1ea3i tho\u00e1t.<\/p>\n<p style=\"text-align: justify;\"><span style=\"color: #0000ff;\"><strong>8. THI\u00caN NH\u01a0N S\u01af:<\/strong><\/span>B\u1eadc Th\u1ea7y c\u1ee7a c\u00f5i tr\u1eddi v\u00e0 ng\u01b0\u1eddi, ch\u1ec9 d\u1ea1y con \u0111\u01b0\u1eddng tu ph\u01b0\u1edbc \u0111\u1ee9c v\u00e0 tu tr\u00ed tu\u1ec7 \u0111\u1ec3 tho\u00e1t kh\u1ecfi \u0111au kh\u1ed5 sanh t\u1eed lu\u00e2n h\u1ed3i.<\/p>\n<p style=\"text-align: justify;\"><span style=\"color: #0000ff;\"><strong>9. PH\u1eacT: <\/strong><\/span>Ph\u1eadt l\u00e0 th\u1ec3 t\u00e1nh thanh t\u1ecbnh, tr\u00ed tu\u1ec7 s\u00e1ng su\u1ed1t. B\u1eadc gi\u00e1c ng\u1ed9 ho\u00e0n to\u00e0n, t\u1ef1 gi\u00e1c, gi\u00e1c tha, gi\u00e1c h\u1ea1nh vi\u00ean m\u00e3n. Ph\u00fac Tu\u1ec7 l\u01b0\u1ee1ng to\u00e0n.<\/p>\n<p style=\"text-align: justify;\"><span style=\"color: #0000ff;\"><strong>10. TH\u1ebe T\u00d4N:<\/strong> <\/span>B\u1eadc \u0111\u1ee9c h\u1ea1nh v\u1eb9n to\u00e0n mu\u00f4n lo\u00e0i \u0111\u1ec1u t\u00f4n k\u00ednh. Th\u1ebf t\u00f4n c\u00f2n c\u00f3 t\u01b0\u1edbng l\u00e0nh cao qu\u00ed, ba m\u01b0\u01a1i hai t\u01b0\u1edbng t\u1ed1t, t\u00e1m m\u01b0\u01a1i v\u1ebd \u0111\u1eb9p, ng\u01b0\u1eddi tr\u1eddi \u0111\u1ec1u cung k\u00ednh.<\/p>\n","protected":false},"excerpt":{"rendered":"<p>M\u01af\u1edcI DANH HI\u1ec6U C\u1ee6A \u0110\u1ee8C PH\u1eacT TH\u00cdCH CA 1. NH\u01af LAI:B\u1eadc th\u00e0nh \u0111\u1ea1o, Ph\u1eadt t\u00e1nh ch\u00e2n nh\u01b0, Ni\u1ebft B\u00e0n th\u01b0\u1eddng tr\u1ee5, b\u1ea5t bi\u1ebfn. Nh\u01b0 lai \u2026 <a class=\"continue-reading-link\" href=\"https:\/\/www.pagodethienminh.fr\/?page_id=211\">Continue \u00e0 lire <span class=\"meta-nav\">&rarr; <\/span><\/a><\/p>\n","protected":false},"author":1,"featured_media":0,"parent":4146,"menu_order":5,"comment_status":"closed","ping_status":"closed","template":"template-onecolumn.php","meta":{"_mc_calendar":[],"footnotes":""},"class_list":["post-211","page","type-page","status-publish","hentry"],"_links":{"self":[{"href":"https:\/\/www.pagodethienminh.fr\/index.php?rest_route=\/wp\/v2\/pages\/211","targetHints":{"allow":["GET"]}}],"collection":[{"href":"https:\/\/www.pagodethienminh.fr\/index.php?rest_route=\/wp\/v2\/pages"}],"about":[{"href":"https:\/\/www.pagodethienminh.fr\/index.php?rest_route=\/wp\/v2\/types\/page"}],"author":[{"embeddable":true,"href":"https:\/\/www.pagodethienminh.fr\/index.php?rest_route=\/wp\/v2\/users\/1"}],"replies":[{"embeddable":true,"href":"https:\/\/www.pagodethienminh.fr\/index.php?rest_route=%2Fwp%2Fv2%2Fcomments&post=211"}],"version-history":[{"count":15,"href":"https:\/\/www.pagodethienminh.fr\/index.php?rest_route=\/wp\/v2\/pages\/211\/revisions"}],"predecessor-version":[{"id":4155,"href":"https:\/\/www.pagodethienminh.fr\/index.php?rest_route=\/wp\/v2\/pages\/211\/revisions\/4155"}],"up":[{"embeddable":true,"href":"https:\/\/www.pagodethienminh.fr\/index.php?rest_route=\/wp\/v2\/pages\/4146"}],"wp:attachment":[{"href":"https:\/\/www.pagodethienminh.fr\/index.php?rest_route=%2Fwp%2Fv2%2Fmedia&parent=211"}],"curies":[{"name":"wp","href":"https:\/\/api.w.org\/{rel}","templated":true}]}}