{"id":1971,"date":"2011-12-06T08:59:14","date_gmt":"2011-12-06T08:59:14","guid":{"rendered":"http:\/\/www.pagodethienminh.fr\/?page_id=1971"},"modified":"2013-03-14T15:21:44","modified_gmt":"2013-03-14T15:21:44","slug":"d%e1%bb%a9c-ph%e1%ba%adt-d%e1%ba%a1y-v%e1%bb%81-tinh-yeu","status":"publish","type":"page","link":"https:\/\/www.pagodethienminh.fr\/?page_id=1971","title":{"rendered":"\u0110\u1ee9c Ph\u1eadt D\u1ea1y v\u1ec1 T\u00ecnh Y\u00eau"},"content":{"rendered":"<p style=\"text-align: justify;\"><strong>N\u00e0y ng\u01b0\u1eddi tr\u1ebb, b\u1ea1n c\u00f3 bi\u1ebft Ph\u1eadt d\u1ea1y nh\u01b0 th\u1ebf n\u00e0o v\u1ec1 t\u00ecnh y\u00eau? T\u00f4i \u0111\u00e3 may m\u1eafn tham d\u1ef1 m\u1ed9t bu\u1ed5i ph\u00e1p tho\u1ea1i c\u1ee7a Thi\u1ec1n s\u01b0 Nh\u1ea5t H\u1ea1nh v\u1ec1 t\u00ecnh y\u00eau: m\u1ed1i quan h\u1ec7 gi\u1eefa y\u00eau th\u01b0\u01a1ng v\u00e0 hi\u1ec3u bi\u1ebft, t\u00ecnh y\u00eau t\u1eeb bi h\u1ec9 x\u1ea3, t\u00ecnh y\u00eau v\u00e0 t\u00ecnh d\u1ee5c. \u00d4ng g\u1ecdi \u0111\u00f3 l\u00e0 \u201cy\u00eau th\u01b0\u01a1ng theo ph\u01b0\u01a1ng ph\u00e1p Ph\u1eadt d\u1ea1y\u201d.<\/strong><\/p>\n<p style=\"text-align: justify;\">Tr\u01b0\u1edbc khi b\u1eaft \u0111\u1ea7u b\u00e0i thuy\u1ebft ph\u00e1p c\u1ee7a m\u00ecnh t\u1ea1i T\u1ed5 \u0110\u00ecnh Trung H\u1eadu \u2013 V\u0129nh Ph\u00fac, Thi\u1ec1n s\u01b0 Nh\u1ea5t H\u1ea1nh \u0111\u00e3 m\u1eddi c\u00e1c b\u1ea1n tr\u1ebb ng\u1ed3i l\u00ean tr\u00ean, \u0111\u1ec3 c\u00f3 th\u1ec3 nghe th\u1eadt r\u00f5. \u00d4ng mu\u1ed1n n\u00f3i v\u1ec1 t\u00ecnh y\u00eau, b\u1ea3n ch\u1ea5t t\u00ecnh y\u00eau nh\u00ecn t\u1eeb g\u00f3c \u0111\u1ed9 Ph\u1eadt gi\u00e1o.<\/p>\n<p style=\"text-align: justify;\">Mi\u1ec7ng m\u1ec9m c\u01b0\u1eddi, \u00f4ng \u0111\u00e3 k\u1ec3 m\u1ed9t c\u00e2u chuy\u1ec7n t\u00ecnh y\u00eau, gi\u1ea3n d\u1ecb th\u00f4i nh\u01b0ng h\u00e0m \u00fd s\u00e2u s\u1eafc: C\u00f3 m\u1ed9t ch\u00e0ng trai \u1edf v\u00f9ng California \u2013 M\u1ef9, r\u1ea5t \u0111\u1eb9p trai, h\u1ecdc gi\u1ecfi, t\u1ed1t nghi\u1ec7p m\u1ed9t tr\u01b0\u1eddng \u0111\u1ea1i h\u1ecdc n\u1ed5i ti\u1ebfng, c\u00f3 nhi\u1ec1u b\u1ea1n g\u00e1i xinh \u0111\u1eb9p. Ch\u00e0ng trai s\u1ed1ng v\u1edbi m\u1eb9, ng\u01b0\u1eddi m\u1eb9 bi\u1ebft trong c\u00e1c c\u00f4 g\u00e1i ng\u01b0\u1ee1ng m\u1ed9 con m\u00ecnh, c\u00f3 m\u1ed9t c\u00f4 g\u00e1i kh\u00f4ng xinh nh\u1ea5t, c\u00f4 kh\u00f4ng tr\u1eafng, kh\u00f4ng cao l\u1eafm nh\u01b0ng \u0111\u01b0\u1ee3c ch\u00e0ng trai \u0111\u1eb7c bi\u1ec7t ch\u00fa \u00fd. Ng\u1ea1c nhi\u00ean, ng\u01b0\u1eddi m\u1eb9 h\u1ecfi con trai: V\u00ec sao con l\u1ea1i th\u00edch c\u00f4 g\u00e1i \u1ea5y, c\u00f4 ta \u0111\u00e2u c\u00f3 g\u00ec n\u1ed5i b\u1eadt ? C\u00f4 \u1ea5y hi\u1ec3u con \u2013 ch\u00e0ng trai tr\u1ea3 l\u1eddi \u0111\u01a1n gi\u1ea3n.<\/p>\n<p style=\"text-align: justify;\"><em>T\u00ecnh y\u00eau ph\u1ea3i h\u1ed9i t\u1ee5 \u0111\u1ee7 b\u1ed1n y\u1ebfu t\u1ed1: T\u1eeb, bi, h\u1ec9, x\u1ea3 \u2013 \u1ea2nh: B\u1ea3o Thi\u00ean<\/em><\/p>\n<p style=\"text-align: justify;\">Ch\u00e0ng trai h\u1ecdc ng\u00e0nh c\u00f4ng ngh\u1ec7 th\u00f4ng tin nh\u01b0ng r\u1ea5t hay l\u00e0m th\u01a1. M\u1ed7i l\u1ea7n ch\u00e0ng \u0111\u1ecdc th\u01a1, c\u00f4 g\u00e1i n\u1ecd l\u1eafng nghe r\u1ea5t ch\u0103m ch\u00fa v\u00e0 c\u00f3 nh\u1eefng nh\u1eadn x\u00e9t s\u00e2u s\u1eafc, trong khi nh\u1eefng c\u00f4 g\u00e1i xinh \u0111\u1eb9p kia kh\u00f4ng \u0111\u1ec3 \u00fd g\u00ec \u0111\u1ebfn. Ch\u00e0ng trai \u0111\u00e3 ch\u1ecdn ng\u01b0\u1eddi y\u00eau kh\u00f4ng v\u00ec v\u1ebb \u0111\u1eb9p b\u1ec1 ngo\u00e0i, m\u00e0 b\u1edfi s\u1ef1 l\u1eafng nghe v\u00e0 th\u1ea5u hi\u1ec3u.<\/p>\n<p style=\"text-align: justify;\">\u201c\u0110\u1ea1o Ph\u1eadt c\u0169ng d\u1ea1y nh\u01b0 v\u1eady, c\u00f3 hi\u1ec3u m\u1edbi c\u00f3 th\u01b0\u01a1ng, t\u00ecnh y\u00eau ph\u1ea3i l\u00e0m b\u1eb1ng s\u1ef1 hi\u1ec3u bi\u1ebft\u201d, Thi\u1ec1n s\u01b0 k\u1ebft lu\u1eadn.<\/p>\n<p style=\"text-align: justify;\"><strong>Mu\u1ed1n th\u01b0\u01a1ng ph\u1ea3i hi\u1ec3u<\/strong><\/p>\n<p style=\"text-align: justify;\">Trong \u0111\u1ea1o Ph\u1eadt, t\u1eeb bi g\u1eafn li\u1ec1n v\u1edbi tr\u00ed tu\u1ec7. Kh\u00f4ng hi\u1ec3u, kh\u00f4ng th\u1ec3 th\u01b0\u01a1ng y\u00eau s\u00e2u s\u1eafc. Kh\u00f4ng hi\u1ec3u, kh\u00f4ng th\u1ec3 th\u01b0\u01a1ng y\u00eau \u0111\u00edch th\u1ef1c. Hi\u1ec3u ch\u00ednh l\u00e0 n\u1ec1n t\u1ea3ng c\u1ee7a t\u00ecnh th\u01b0\u01a1ng y\u00eau.<\/p>\n<p style=\"text-align: justify;\">M\u1ed7i ng\u01b0\u1eddi c\u00f3 nh\u1eefng n\u1ed7i ni\u1ec1m, nh\u1eefng kh\u1ed5 \u0111au, b\u1ee9c x\u00fac ri\u00eang, n\u1ebfu kh\u00f4ng hi\u1ec3u, s\u1ebd kh\u00f4ng th\u01b0\u01a1ng m\u00e0 gi\u1eadn h\u1eddn, tr\u00e1ch m\u00f3c. Kh\u00f4ng hi\u1ec3u, t\u00ecnh th\u01b0\u01a1ng c\u1ee7a m\u00ecnh s\u1ebd l\u00e0m ng\u01b0\u1eddi kh\u00e1c ng\u1ed9t ng\u1ea1t, kh\u1ed5 \u0111au. Kh\u00f4ng hi\u1ec3u, s\u1ebd l\u00e0m ng\u01b0\u1eddi m\u00ecnh th\u01b0\u01a1ng \u0111au kh\u1ed5 su\u1ed1t \u0111\u1eddi.<\/p>\n<p style=\"text-align: justify;\">Nh\u00e2n danh t\u00ecnh th\u01b0\u01a1ng, ng\u01b0\u1eddi ta l\u00e0m kh\u1ed5 nhau. Chuy\u1ec7n \u0111\u00f3 v\u1eabn th\u01b0\u1eddng x\u1ea3y ra.<\/p>\n<p style=\"text-align: justify;\">\u0110\u01b0\u1ee3c hi\u1ec3u v\u00e0 \u0111\u01b0\u1ee3c th\u01b0\u01a1ng v\u1ed1n l\u00e0 m\u1ed9t nhu c\u1ea7u mu\u00f4n \u0111\u1eddi c\u1ee7a con ng\u01b0\u1eddi. Nhi\u1ec1u ng\u01b0\u1eddi th\u01b0\u1eddng c\u1ea3m th\u1ea5y kh\u00f4ng ai hi\u1ec3u m\u00ecnh. H\u1ecd \u201c\u0111\u00f3i\u201d th\u01b0\u01a1ng, \u201c\u0111\u00f3i\u201d hi\u1ec3u. H\u1ecd th\u01a1 th\u1ea9n, lang thang trong cu\u1ed9c \u0111\u1eddi t\u00ecm ng\u01b0\u1eddi hi\u1ec3u m\u00ecnh, th\u01b0\u01a1ng m\u00ecnh. G\u1eb7p \u0111\u01b0\u1ee3c ng\u01b0\u1eddi hi\u1ec3u m\u00ecnh, th\u01b0\u01a1ng m\u00ecnh l\u00e0 may m\u1eafn l\u1edbn c\u1ee7a cu\u1ed9c \u0111\u1eddi. T\u00ecnh y\u00eau n\u1ea3y n\u1edf, l\u1edbn l\u00ean t\u1eeb \u0111\u00f3.<\/p>\n<p style=\"text-align: justify;\">V\u1eady n\u00ean, \u201cc\u00f3 hi\u1ec3u m\u1edbi c\u00f3 th\u01b0\u01a1ng\u201d l\u00e0 nguy\u00ean t\u1eafc ch\u1ecdn ng\u01b0\u1eddi y\u00eau, ch\u1ecdn ch\u1ed3ng\/v\u1ee3 theo quan \u0111i\u1ec3m Ph\u1eadt gi\u00e1o. D\u00f9 ng\u01b0\u1eddi ta c\u00f3 \u0111\u1eb9p, c\u00f3 gi\u00e0u \u0111\u1ebfn \u0111\u00e2u nh\u01b0ng kh\u00f4ng hi\u1ec3u m\u00ecnh s\u1ebd l\u00e0m m\u00ecnh kh\u1ed5 su\u1ed1t \u0111\u1eddi. H\u00f4n nh\u00e2n c\u00f3 th\u1ec3 m\u1edf ra nh\u1eefng con \u0111\u01b0\u1eddng hoa h\u1ed3ng, c\u00f3 th\u1ec3 m\u1edf ra c\u00e1nh c\u1eeda t\u00f9 ng\u1ee5c. Ch\u1ecdn v\u1ee3, ch\u1ecdn ch\u1ed3ng l\u00e0 m\u1ed9t s\u1ef1 m\u1ea1o hi\u1ec3m l\u1edbn. H\u00e3y c\u1ea9n th\u1eadn, n\u1ebfu kh\u00f4ng mu\u1ed1n ch\u1ecdn \u00e1n t\u00f9 chung th\u00e2n cho cu\u1ed9c \u0111\u1eddi m\u00ecnh.<\/p>\n<p style=\"text-align: justify;\">Ch\u1ecdn ng\u01b0\u1eddi hi\u1ec3u v\u00e0 th\u01b0\u01a1ng m\u00ecnh \u2013 h\u00e3y nh\u1edb \u2013 \u0111\u00f3 l\u00e0 nguy\u00ean t\u1eafc t\u00ecm ng\u01b0\u1eddi tri k\u1ef7 trong cu\u1ed9c \u0111\u1eddi.<\/p>\n<p style=\"text-align: justify;\"><strong>B\u1ed1n y\u1ebfu t\u1ed1 c\u1ee7a t\u00ecnh y\u00eau: T\u1eeb &#8211;\u00a0bi &#8211;\u00a0h\u1ec9\u00a0&#8211; x\u1ea3<\/strong><\/p>\n<p style=\"text-align: justify;\">Ph\u1eadt d\u1ea1y v\u1ec1 t\u00ecnh y\u00eau r\u1ea5t s\u00e2u s\u1eafc. T\u00ecnh y\u00eau ph\u1ea3i h\u1ed9i t\u1ee5 \u0111\u1ee7 b\u1ed1n y\u1ebfu t\u1ed1: t\u1eeb, bi, h\u1ec9, x\u1ea3.<\/p>\n<p style=\"text-align: justify;\">\u201cT\u1eeb\u201d l\u00e0 kh\u1ea3 n\u0103ng hi\u1ebfn t\u1eb7ng h\u1ea1nh ph\u00fac cho ng\u01b0\u1eddi m\u00ecnh y\u00eau. Y\u00eau th\u01b0\u01a1ng kh\u00f4ng ph\u1ea3i l\u00e0 v\u1ea5n \u0111\u1ec1 h\u01b0\u1edfng th\u1ee5, y\u00eau th\u01b0\u01a1ng l\u00e0 hi\u1ebfn t\u1eb7ng. T\u00ecnh th\u01b0\u01a1ng m\u00e0 kh\u00f4ng \u0111em \u0111\u1ebfn h\u1ea1nh ph\u00fac cho ng\u01b0\u1eddi y\u00eau kh\u00f4ng ph\u1ea3i l\u00e0 t\u00ecnh th\u01b0\u01a1ng \u0111\u00edch th\u1ef1c. Y\u00eau m\u00e0 l\u00e0m kh\u1ed5 nhau kh\u00f4ng ph\u1ea3i t\u00ecnh y\u00eau. C\u00f3 nh\u1eefng ng\u01b0\u1eddi y\u00eau nhau, ng\u00e0y n\u00e0o c\u0169ng kh\u1ed5, \u0111\u00f3 l\u00e0 t\u00ecnh y\u00eau h\u1ec7 lu\u1ef5, ch\u1ec9 mang t\u1edbi s\u1ef1 kh\u1ed5 \u0111au. Y\u00eau th\u01b0\u01a1ng ai \u0111\u00f3 th\u1ef1c s\u1ef1, ngh\u0129a l\u00e0 l\u00e0m cho ng\u01b0\u1eddi ta h\u1ea1nh ph\u00fac, m\u1ed7i ng\u00e0y.<\/p>\n<p style=\"text-align: justify;\">\u201cBi\u201d l\u00e0 kh\u1ea3 n\u0103ng ng\u01b0\u1eddi ta l\u1ea5y c\u00e1i kh\u1ed5 ra kh\u1ecfi m\u00ecnh. M\u00ecnh \u0111\u00e3 kh\u1ed5, ng\u01b0\u1eddi ta l\u00e0m cho th\u00eam kh\u1ed5, \u0111\u00f3 kh\u00f4ng th\u1ec3 l\u00e0 t\u00ecnh y\u00eau \u0111\u00edch th\u1ef1c. C\u00f2n g\u00ec cho nhau n\u1ebfu ch\u1ec9 c\u00f3 kh\u1ed5 \u0111au tuy\u1ec7t v\u1ecdng. Ng\u01b0\u1eddi y\u00eau m\u00ecnh ph\u1ea3i l\u00e0 ng\u01b0\u1eddi bi\u1ebft s\u1ebb chia, bi\u1ebft xoa d\u1ecbu, l\u00e0m v\u01a1i b\u1edbt n\u1ed7i kh\u1ed5 c\u1ee7a m\u00ecnh trong cu\u1ed9c \u0111\u1eddi.<\/p>\n<p style=\"text-align: justify;\">Nh\u01b0 v\u1eady, \u201ct\u1eeb bi\u201d theo Ph\u1eadt d\u1ea1y l\u00e0 kh\u1ea3 n\u0103ng \u0111em l\u1ea1i h\u1ea1nh ph\u00fac cho nhau. Y\u00eau th\u01b0\u01a1ng ai l\u00e0 ph\u1ea3i l\u00e0m cho ng\u01b0\u1eddi ta b\u1edbt kh\u1ed5. N\u1ebfu kh\u00f4ng, ch\u1ec9 l\u00e0 \u0111am m\u00ea, say \u0111\u1eafm nh\u1ea5t th\u1eddi, kh\u00f4ng ph\u1ea3i l\u00e0 t\u00ecnh y\u00eau th\u01b0\u01a1ng \u0111\u00edch th\u1ef1c. \u201cT\u1eeb bi\u201d trong t\u00ecnh y\u00eau kh\u00f4ng ph\u1ea3i t\u1ef1 d\u01b0ng m\u00e0 c\u00f3. Ph\u1ea3i h\u1ecdc, ph\u1ea3i \u201ctu t\u1eadp\u201d. C\u1ea7n nhi\u1ec1u th\u1eddi gian, \u0111\u1ec3 quan s\u00e1t, \u0111\u1ec3 l\u1eafng nghe, \u0111\u1ec3 th\u1ea5u hi\u1ec3u nh\u1eefng n\u1ed7i kh\u1ed5 ni\u1ec1m \u0111au c\u1ee7a ng\u01b0\u1eddi y\u00eau, \u0111\u1ec3 gi\u00fap ng\u01b0\u1eddi ta v\u01b0\u1ee3t qua, th\u00e1o g\u1ee1, b\u1edbt kh\u1ed5 \u0111au, th\u00eam h\u1ea1nh ph\u00fac.<\/p>\n<p style=\"text-align: justify;\">\u201cH\u1ec9\u201d l\u00e0 ni\u1ec1m vui, t\u00ecnh y\u00eau ch\u00e2n th\u1eadt ph\u1ea3i l\u00e0m cho c\u1ea3 hai \u0111\u1ec1u vui. D\u1ea5u \u1ea5n c\u1ee7a t\u00ecnh y\u00eau \u0111\u00edch th\u1ef1c l\u00e0 ni\u1ec1m vui. C\u00e0ng y\u00eau, c\u00e0ng vui, ni\u1ec1m vui l\u1edbn, c\u1ea3 gia \u0111\u00ecnh c\u00f9ng h\u1ea1nh ph\u00fac. Cu\u1ed9c nh\u00e2n duy\u00ean nh\u01b0 th\u1ebf l\u00e0 th\u00e0nh c\u00f4ng.<\/p>\n<p style=\"text-align: justify;\">\u201cX\u1ea3\u201d l\u00e0 kh\u00f4ng ph\u00e2n bi\u1ec7t, k\u00ec th\u1ecb trong t\u00ecnh y\u00eau. M\u00ecnh y\u00eau ai, h\u1ea1nh ph\u00fac c\u1ee7a ng\u01b0\u1eddi ta l\u00e0 c\u1ee7a m\u00ecnh, kh\u00f3 kh\u0103n c\u1ee7a ng\u01b0\u1eddi ta l\u00e0 c\u1ee7a m\u00ecnh, kh\u1ed5 \u0111au c\u1ee7a ng\u01b0\u1eddi ta l\u00e0 c\u1ee7a m\u00ecnh. Kh\u00f4ng th\u1ec3 n\u00f3i \u0111\u00e2y l\u00e0 v\u1ea5n \u0111\u1ec1 c\u1ee7a em\/ anh, em\/ anh r\u00e1ng ch\u1ecbu. Khi y\u00eau, hai ng\u01b0\u1eddi kh\u00f4ng ph\u1ea3i l\u00e0 hai th\u1ef1c th\u1ec3 ri\u00eang bi\u1ec7t n\u1eefa, h\u1ea1nh ph\u00fac kh\u1ed5 \u0111au kh\u00f4ng c\u00f2n l\u00e0 v\u1ea5n \u0111\u1ec1 c\u00e1 nh\u00e2n. T\u1ea5t c\u1ea3 nh\u1eefng g\u00ec m\u00ecnh ph\u1ea3i l\u00e0m coi \u0111\u00f3 l\u00e0 v\u1ea5n \u0111\u1ec1 c\u1ee7a hai ng\u01b0\u1eddi, chuy\u1ec3n ho\u00e1 n\u1ed7i kh\u1ed5 \u0111au, l\u00e0m l\u1edbn th\u00eam h\u1ea1nh ph\u00fac.<\/p>\n<p style=\"text-align: center;\"><img loading=\"lazy\" decoding=\"async\" class=\"aligncenter\" style=\"border-style: initial; border-color: initial; border-width: 0px;\" alt=\"tinhyeu.jpg\" src=\"http:\/\/www.giacngo.vn\/UserImages\/5\/2009\/09\/10\/tinhyeu.jpg\" width=\"440\" height=\"303\" border=\"0\" \/><\/p>\n<p style=\"text-align: justify;\"><em>T\u00ecnh y\u00eau ph\u1ea3i l\u00e0m b\u1eb1ng s\u1ef1 hi\u1ec3u bi\u1ebft \u2013 \u1ea2nh minh h\u1ecda<\/em><\/p>\n<p style=\"text-align: justify;\">N\u00e0y ng\u01b0\u1eddi tr\u1ebb, b\u1ea1n ngh\u0129 v\u1ec1 t\u00ecnh y\u00eau c\u1ee7a m\u00ecnh \u0111i, c\u00f3 \u201ct\u1eeb bi h\u1ec9 x\u1ea3 kh\u00f4ng\u201d? B\u1ea1n h\u00e3y can \u0111\u1ea3m t\u1ef1 h\u1ecfi m\u00ecnh r\u1eb1ng \u201cNg\u01b0\u1eddi y\u00eau ta c\u00f3 hi\u1ec3u ni\u1ec1m vui n\u1ed7i kh\u1ed5 c\u1ee7a ta kh\u00f4ng? C\u00f3 quan t\u00e2m \u0111\u1ebfn an vui h\u00e0ng ng\u00e0y c\u1ee7a ta kh\u00f4ng? Ng\u01b0\u1eddi \u1ea5y c\u00f3 n\u00e2ng \u0111\u1ee1 ta tr\u00ean con \u0111\u01b0\u1eddng s\u1ef1 nghi\u1ec7p kh\u00f4ng?\u2026\u201d V\u00e0 t\u1ef1 h\u1ecfi l\u1ea1i m\u00ecnh, li\u1ec7u b\u1ea1n c\u00f3 \u0111ang th\u00e0nh th\u1ef1c v\u1edbi t\u00ecnh y\u00eau c\u1ee7a m\u00ecnh?! Li\u1ec7u t\u00ecnh y\u00eau c\u1ee7a b\u1ea1n \u0111\u00e3 \u0111\u1ee7 \u201ct\u1eeb bi h\u1ec9 x\u1ea3\u201d?!<\/p>\n<p style=\"text-align: justify;\"><strong>T\u00ecnh d\u1ee5c v\u00e0 t\u00ecnh y\u00eau<\/strong><\/p>\n<p style=\"text-align: justify;\">Ph\u1eadt gi\u00e1o quan ni\u1ec7m nh\u01b0 th\u1ebf n\u00e0o v\u1ec1 t\u00ecnh d\u1ee5c trong t\u00ecnh y\u00eau? Kh\u00f4ng ph\u1ea3i ng\u1eabu nhi\u00ean m\u00e0 v\u1ecb thi\u1ec1n s\u01b0 t\u00f4i \u0111\u01b0\u1ee3c h\u1ea1nh ng\u1ed9 b\u1eaft \u0111\u1ea7u v\u1ea5n \u0111\u1ec1 n\u00e0y b\u1eb1ng c\u00e1ch b\u00e0n v\u1ec1 \u201cth\u00e2n t\u00e2m\u201d trong truy\u1ec1n th\u1ed1ng v\u0103n ho\u00e1 \u00c1 \u0110\u00f4ng.<\/p>\n<p style=\"text-align: justify;\">Trong truy\u1ec1n th\u1ed1ng v\u0103n ho\u00e1 ta, th\u00e2n v\u1edbi t\u00e2m l\u00e0 \u201cnh\u1ea5t nh\u01b0\u201d, t\u1ee9c l\u00e0 n\u1ebfu ta kh\u00f4ng t\u00f4n k\u00ednh th\u00e2n th\u1ec3 ng\u01b0\u1eddi y\u00eau th\u00ec c\u0169ng kh\u00f4ng t\u00f4n k\u00ednh \u0111\u01b0\u1ee3c t\u00e2m h\u1ed3n ng\u01b0\u1eddi \u1ea5y. Y\u00eau nhau l\u00e0 gi\u1eef g\u00ecn cho nhau, k\u00ednh tr\u1ecdng nhau. Khi s\u1ef1 r\u1ebb r\u00fang xem th\u01b0\u1eddng x\u1ea3y ra th\u00ec t\u00ecnh y\u00eau \u0111\u00edch th\u1ef1c kh\u00f4ng c\u00f2n.<\/p>\n<p style=\"text-align: justify;\">Th\u00e2n th\u1ec3 ta c\u0169ng nh\u01b0 t\u00e2m h\u1ed3n ta. C\u00f3 nh\u1eefng n\u1ed7i ni\u1ec1m s\u00e2u k\u00edn trong t\u00e2m h\u1ed3n, ch\u00fang ta ch\u1ec9 chia s\u1ebb v\u1edbi ng\u01b0\u1eddi tri k\u1ec9. Th\u00e2n th\u1ec3 ta c\u0169ng v\u1eady, c\u00f3 nh\u1eefng v\u00f9ng thi\u00eang li\u00eang v\u00e0 ri\u00eang t\u01b0, ta kh\u00f4ng mu\u1ed1n ai ch\u1ea1m t\u1edbi, ngo\u00e0i ng\u01b0\u1eddi ta y\u00eau, ta tin, ta mu\u1ed1n s\u1ed1ng tr\u1ecdn \u0111\u1eddi, tr\u1ecdn ki\u1ebfp.<\/p>\n<p style=\"text-align: justify;\">Trong t\u00ecnh y\u00eau l\u1edbn v\u00e0 cao qu\u00fd, b\u1ea5t c\u1ee9 l\u1eddi n\u00f3i v\u00e0 c\u1eed ch\u1ec9 n\u00e0o c\u0169ng ph\u1ea3i bi\u1ec3u l\u1ed9 s\u1ef1 t\u01b0\u01a1ng k\u00ednh. Ng\u01b0\u1eddi con trai ph\u1ea3i t\u00f4n tr\u1ecdng ng\u01b0\u1eddi con g\u00e1i m\u00ecnh y\u00eau, c\u1ea3 th\u00e2n th\u1ec3 l\u1eabn t\u00e2m h\u1ed3n. Ng\u01b0\u1eddi con g\u00e1i bi\u1ebft gi\u1eef g\u00ecn, c\u0169ng l\u00e0 bi\u1ebft l\u00e0m ng\u01b0\u1eddi y\u00eau th\u00eam t\u01b0\u01a1ng k\u00ednh, nu\u00f4i d\u01b0\u1ee1ng h\u1ea1nh ph\u00fac l\u00e2u d\u00e0i v\u1ec1 sau.<\/p>\n<p style=\"text-align: justify;\">B\u1ea1n mu\u1ed1n th\u01b0\u01a1ng y\u00eau theo ph\u01b0\u01a1ng ph\u00e1p Ph\u1eadt d\u1ea1y ch\u0103ng? H\u00e3y hi\u1ec3u, th\u01b0\u01a1ng v\u00e0 t\u01b0\u01a1ng k\u00ednh ng\u01b0\u1eddi y\u00eau c\u1ee7a m\u00ecnh, c\u0169ng ch\u00ednh l\u00e0 \u0111em h\u1ea1nh ph\u00fac \u0111\u1ebfn cho ng\u01b0\u1eddi v\u00e0 cho m\u00ecnh v\u1eady!<\/p>\n<p style=\"text-align: right;\"><em>Theo<\/em>\u00a0<strong>D\u00e2n Tr\u00ed<\/strong><\/p>\n","protected":false},"excerpt":{"rendered":"<p>N\u00e0y ng\u01b0\u1eddi tr\u1ebb, b\u1ea1n c\u00f3 bi\u1ebft Ph\u1eadt d\u1ea1y nh\u01b0 th\u1ebf n\u00e0o v\u1ec1 t\u00ecnh y\u00eau? T\u00f4i \u0111\u00e3 may m\u1eafn tham d\u1ef1 m\u1ed9t bu\u1ed5i ph\u00e1p tho\u1ea1i c\u1ee7a \u2026 <a class=\"continue-reading-link\" href=\"https:\/\/www.pagodethienminh.fr\/?page_id=1971\">Continue \u00e0 lire <span class=\"meta-nav\">&rarr; <\/span><\/a><\/p>\n","protected":false},"author":1,"featured_media":0,"parent":1599,"menu_order":32,"comment_status":"closed","ping_status":"closed","template":"template-onecolumn.php","meta":{"_mc_calendar":[],"footnotes":""},"class_list":["post-1971","page","type-page","status-publish","hentry"],"_links":{"self":[{"href":"https:\/\/www.pagodethienminh.fr\/index.php?rest_route=\/wp\/v2\/pages\/1971","targetHints":{"allow":["GET"]}}],"collection":[{"href":"https:\/\/www.pagodethienminh.fr\/index.php?rest_route=\/wp\/v2\/pages"}],"about":[{"href":"https:\/\/www.pagodethienminh.fr\/index.php?rest_route=\/wp\/v2\/types\/page"}],"author":[{"embeddable":true,"href":"https:\/\/www.pagodethienminh.fr\/index.php?rest_route=\/wp\/v2\/users\/1"}],"replies":[{"embeddable":true,"href":"https:\/\/www.pagodethienminh.fr\/index.php?rest_route=%2Fwp%2Fv2%2Fcomments&post=1971"}],"version-history":[{"count":3,"href":"https:\/\/www.pagodethienminh.fr\/index.php?rest_route=\/wp\/v2\/pages\/1971\/revisions"}],"predecessor-version":[{"id":3438,"href":"https:\/\/www.pagodethienminh.fr\/index.php?rest_route=\/wp\/v2\/pages\/1971\/revisions\/3438"}],"up":[{"embeddable":true,"href":"https:\/\/www.pagodethienminh.fr\/index.php?rest_route=\/wp\/v2\/pages\/1599"}],"wp:attachment":[{"href":"https:\/\/www.pagodethienminh.fr\/index.php?rest_route=%2Fwp%2Fv2%2Fmedia&parent=1971"}],"curies":[{"name":"wp","href":"https:\/\/api.w.org\/{rel}","templated":true}]}}