{"id":1895,"date":"2011-12-04T09:14:16","date_gmt":"2011-12-04T09:14:16","guid":{"rendered":"http:\/\/www.pagodethienminh.fr\/?page_id=1895"},"modified":"2017-10-03T10:07:28","modified_gmt":"2017-10-03T10:07:28","slug":"vu-lan","status":"publish","type":"page","link":"https:\/\/www.pagodethienminh.fr\/?page_id=1895","title":{"rendered":"Vu Lan"},"content":{"rendered":"<p>2017<\/p>\n<p><strong>Sentiments profonds de Reconnaissance universelle envers les parents<\/strong><\/p>\n<p>&nbsp;<\/p>\n<p><em>Chers respectueux membres du Sangha, Chers fid\u00e8les bouddhistes et amis participants,<\/em><\/p>\n<p>&nbsp;<\/p>\n<p>A chaque fin de l\u2019\u00e9t\u00e9, le monde animal se retire d\u2019instant en instant, pour se pr\u00e9parer \u00e0 accueillir les reflets de la douceur de l\u2019automne, ce mouvement continu et naturel, marque l\u2019arriv\u00e9e de cette p\u00e9riode d\u2019Ullambana. Encore une fois mes pens\u00e9es se figent, devant l\u2019origine de l\u2019Amour de la vie, celui de rallumer la flamme de la Reconnaissance envers le maintien de ma profonde r\u00e9alisation. L\u2019exp\u00e9rience me dit:<\/p>\n<p><em>\u00ab\u00a0<strong>En parcourant l\u2019espace de ce monde, aucune bont\u00e9 n\u2019est \u00e9gale \u00e0 celle de la m\u00e8re<\/strong><\/em><\/p>\n<p><em><strong>En portant le fardeau de cette vie, aucun poids ne peut d\u00e9passer celui du p\u00e8re.<\/strong><\/em><em>\u00a0\u00bb<\/em><\/p>\n<p>&nbsp;<\/p>\n<p><em>Chers respectueux membres du Sangha, Chers fid\u00e8les bouddhistes et amis participants,<\/em><\/p>\n<p>&nbsp;<\/p>\n<p>Pendant que le doux courant de la vie continue \u00e0 d\u00e9river au fil du temps, des mois et des ann\u00e9es, l\u2019ombre de ma vie grandit et se fortifie. Encore hier, j\u2019\u00e9tais dans les mains de ma ch\u00e8re maman, elle, qui par sa bienveillance me donnait chaque goutte de son lait et me dorlotait, \u00e0 chaque fois que mes yeux se fermaient.<\/p>\n<p>Cette travers\u00e9e de ce temps me paraissait si lointaine, mais l\u2019image aimante de cette femme m\u2019anime encore en ce moment. Dans les souvenirs de mes premiers mots, j\u2019entends encore celui de \u00ab\u00a0<strong>Maman<\/strong> \u00bb\u00a0!<\/p>\n<p>\u00ab\u00a0<strong>Maman<\/strong>\u00a0\u00bb \u00e9tait le mot que je pronon\u00e7ais quand je commen\u00e7ais \u00e0 balbutier\u00a0: cette m\u00e8re,\u00a0 profond\u00e9ment affective, remplie d\u2019amour, toujours pr\u00e9sente, et m\u00eame jusqu\u2019\u00e0 aujourd\u2019hui je n\u2019ai pas encore compris compl\u00e8tement son sens. Elle incarne la vie, l\u2019amour bienveillant, elle est le go\u00fbt sucr\u00e9 et amer du canarium, elle est l\u2019odeur parfum\u00e9, elle est la lumi\u00e8re qui \u00e9claire le chemin de ma vie.<\/p>\n<p>Et puis tranquillement, le temps s\u2019\u00e9coula, chaque jour je grandis et devins adulte, alors, que elle, vieillit: les traits de son visage sillonnaient et sortaient lentement de l\u2019ombre, ses cheveux portaient la marque blanche du temps. Je sais qu\u2019elle est toujours pr\u00e9sente, toujours \u00e0 mes c\u00f4t\u00e9s depuis ma naissance jusqu\u2019\u00e0 mon \u00e2ge adulte. Aucun mot ne pourrait d\u00e9finir, pr\u00e9cis\u00e9ment les m\u00e9rites qu\u2019elle a su cr\u00e9er. Nos anc\u00eatres disaient\u00a0:<\/p>\n<p><em><strong>&#8220;La langue du monde est comme un ruban d\u00e9chir\u00e9<\/strong><\/em><\/p>\n<p><em><strong>Comment la r\u00e9parer par les deux syllabes \u2018Maman\u2019.\u00a0\u00bb<\/strong><\/em><\/p>\n<p>&nbsp;<\/p>\n<p>\u00ab\u00a0<strong>Maman<\/strong>\u00a0! Pour moi tu es tout, tu es le Bodhisattva rempli d\u2019amour sans condition et sans rivage. Tu me dorlotes, tu m\u2019aimes de tout ton c\u0153ur, un amour gard\u00e9 particuli\u00e8rement pour moi. Quand j\u2019ai soif, quand j\u2019ai faim, tu es la personne qui me donne goutte par goutte ton lait, qui me nourrit cuill\u00e8re par cuill\u00e8re la soupe de riz; quand j\u2019avais envie de dormir, tu \u00e9tais l\u00e0, pr\u00e9sente pour bercer paisiblement mon sommeil. \u00ab\u00a0<em>Toi, m\u00eame avec cent ans d\u2019\u00e2ge, tu continues \u00e0 aimer ton enfant de quatre-vingt: c\u2019est une v\u00e9rit\u00e9, ta vie, tu la donnes \u00e0 ton enfant, et ton bonheur est le reflet de celui de tes enfants\u00a0\u00bb<\/em>.<\/p>\n<p>Cette m\u00e8re nous enseigne la sagesse des actions, les principes de la vertu pour que nous puissions devenir un meilleur \u00eatre humain, pour b\u00e2tir une vie honorable, aux b\u00e9n\u00e9fices de la soci\u00e9t\u00e9. Pourtant nous ne pr\u00eatons pas attention pour l\u2019\u00e9couter, au contraire souvent nous \u00a0la contredisons parfois dans une violence verbale.<\/p>\n<p>\u00ab\u00a0<strong><em>Maman! Insensibles \u00e0 ta peine, que maintes fois je t\u2019ai intentionnellement inflig\u00e9e, et que tu as du supporter toute ta vie, maintenant je voudrais me prosterner devant les Trois Joyaux, et je demande aux membres du Sangha d\u2019\u00eatre t\u00e9moins de ma repentance, et je te demande, Maman, de me pardonner.<\/em>\u00a0<\/strong>\u00bb<\/p>\n<p>Face \u00e0 cette r\u00e9alit\u00e9, les m\u00e9rites du p\u00e8re sont \u00e9quivalents \u00e0 ceux de la m\u00e8re, il a su aussi nous laisser une base solide de vie pour poser nos fondations. Ses actions sont tellement immenses, qu\u2019aucun mot ne peut les d\u00e9finir, tel l\u2019Himalaya, tel le ciel, tel l\u2019oc\u00e9an. Ses efforts continus et p\u00e9nibles sont un grand sacrifice de sa personne, pour nourrir et habiller notre vie. Sa rigueur et sa d\u00e9votion dans l\u2019\u00e9ducation nous guident \u00e0 devenir bon, et honn\u00eate: gr\u00e2ce \u00e0 cette rigueur, nous pouvons aujourd\u2019hui h\u00e9riter de sa personnalit\u00e9 vertueuse, pour que notre vie puisse se remplir de bonheur et qu\u2019elle puisse \u00eatre aim\u00e9e.<\/p>\n<p>&nbsp;<\/p>\n<p><strong>\u00ab\u00a0<em>Papa, tu es l\u2019ombre qui me prot\u00e8ge<\/em><\/strong><\/p>\n<p><strong><em>L\u2019amour sinc\u00e8re qui jamais ne s\u2019efface<\/em><\/strong><\/p>\n<p><strong><em>Tu es cette vie sans fronti\u00e8re<\/em><\/strong><\/p>\n<p><strong><em>Profond de sens, tu incarnes un amour solide et pur<\/em><\/strong><strong>\u00a0\u00bb.<\/strong><\/p>\n<p>&nbsp;<\/p>\n<p>\u00ab\u00a0Aujourd\u2019hui, ton amour est ce qui est de plus n\u00e9cessaire pour ma vie, tes pas me suivent \u00e0 chaque instant. A aucun moment, tes pens\u00e9es ne se d\u00e9tachent de moi, depuis l\u2019instant de ma conception, tu \u00e9tais la personne indirecte qui a su porter l\u2019affection pour me consoler et me soigner par des actes purs. Ton sommeil tardif et ton r\u00e9veil matinal \u00e9taient l\u00e0, pour pr\u00e9server le bien \u00eatre de maman, en la rempla\u00e7ant dans les t\u00e2ches du quotidien. Ainsi elle se pr\u00e9servait du repos et de l\u2019\u00e9quilibre, pour la sant\u00e9 de mon \u00eatre, encore en elle. De plus, lorsque maman \u00e9tait en g\u00e9sine pour me mettre au monde, tu \u00e9tais la premi\u00e8re personne inqui\u00e8te, pr\u00e9sente, aux grands soins pour le bon d\u00e9roulement de ma venue.<\/p>\n<p>Et le temps passe, un jour je grandis et je deviens adulte. Papa, ton temps tu le consacres pour \u00eatre \u00e0 mes c\u00f4t\u00e9s pour entretenir mon \u00e9quilibre, en m\u2019enseignant chaque d\u00e9tail de la vie. Quand j\u2019\u00e9tais malade, tu \u00e9tais pr\u00e8s de moi aux petits soins, en souhaitant que je gu\u00e9risse.<\/p>\n<p><strong>Papa<\/strong>\u00a0! Je te remercie de tout mon c\u0153ur car tu es la principale personne qui m\u2019a guid\u00e9 sur un chemin de vie sem\u00e9 d\u2019\u00e9pines et d\u2019obstacles. Tu es aussi mon sentiment de bonheur, ainsi qu\u2019un pr\u00e9cieux enseignant, qui m\u2019a donn\u00e9 une compr\u00e9hension juste de la vertu profonde, empreinte des hommes.<\/p>\n<p><strong>Papa, maman<\/strong>\u00a0! Je voudrais vous pr\u00e9senter de ce que j\u2019ai de plus cher, au fond de mon c\u0153ur et vous l\u2019offrir respectueusement.\u00a0\u00bb<\/p>\n<p>Aujourd\u2019hui, la p\u00e9riode d\u2019Ullambana est revenue, dans une atmosph\u00e8re solennelle empreinte d\u2019amour, et elle est le reflet de la vertu reconnaissante et gratifiante, de la Grande Pi\u00e9t\u00e9 du disciple <strong>Maudgalyayana\u00a0<\/strong>: Nous, avec sinc\u00e9rit\u00e9, demandons de t\u00e9moigner notre reconnaissance envers nos parents.<\/p>\n<p>&nbsp;<\/p>\n<p>Ullambana est le jour de l\u2019amour filial, le jour de la pi\u00e9t\u00e9 vertueuse pour les enfants, pr\u00e9sents dans ce monde. Que cette p\u00e9riode d\u2019Ullambana puisse \u00e9ternellement se cultiver, pour que nous puissions nous nourrir de la Reconnaissance. A cet instant, nous tournons avec respect et sinc\u00e9rit\u00e9 nos pens\u00e9es vers ces \u00eatres r\u00e9alis\u00e9s, puissions-nous d\u00e9velopper les \u00e9nergies de la pers\u00e9v\u00e9rance, dans l\u2019\u00e9tude et la pratique du dharma, pour toujours devenir un enfant, t\u00e9moin de la pi\u00e9t\u00e9 filiale pour en \u00eatre reconnaissant.<\/p>\n<p>&nbsp;<\/p>\n<p><strong>NAMO DE LA GRANDE PIETE DE MAUDGALYAYANA BODHISATTVA MAHASATTVA.<\/strong><\/p>\n","protected":false},"excerpt":{"rendered":"<p>2017 Sentiments profonds de Reconnaissance universelle envers les parents &nbsp; Chers respectueux membres du Sangha, Chers fid\u00e8les bouddhistes et amis participants, &nbsp; A chaque fin \u2026 <a class=\"continue-reading-link\" href=\"https:\/\/www.pagodethienminh.fr\/?page_id=1895\">Continue \u00e0 lire <span class=\"meta-nav\">&rarr; <\/span><\/a><\/p>\n","protected":false},"author":1,"featured_media":0,"parent":1890,"menu_order":3,"comment_status":"closed","ping_status":"closed","template":"template-onecolumn.php","meta":{"_mc_calendar":[],"footnotes":""},"class_list":["post-1895","page","type-page","status-publish","hentry"],"_links":{"self":[{"href":"https:\/\/www.pagodethienminh.fr\/index.php?rest_route=\/wp\/v2\/pages\/1895","targetHints":{"allow":["GET"]}}],"collection":[{"href":"https:\/\/www.pagodethienminh.fr\/index.php?rest_route=\/wp\/v2\/pages"}],"about":[{"href":"https:\/\/www.pagodethienminh.fr\/index.php?rest_route=\/wp\/v2\/types\/page"}],"author":[{"embeddable":true,"href":"https:\/\/www.pagodethienminh.fr\/index.php?rest_route=\/wp\/v2\/users\/1"}],"replies":[{"embeddable":true,"href":"https:\/\/www.pagodethienminh.fr\/index.php?rest_route=%2Fwp%2Fv2%2Fcomments&post=1895"}],"version-history":[{"count":3,"href":"https:\/\/www.pagodethienminh.fr\/index.php?rest_route=\/wp\/v2\/pages\/1895\/revisions"}],"predecessor-version":[{"id":5999,"href":"https:\/\/www.pagodethienminh.fr\/index.php?rest_route=\/wp\/v2\/pages\/1895\/revisions\/5999"}],"up":[{"embeddable":true,"href":"https:\/\/www.pagodethienminh.fr\/index.php?rest_route=\/wp\/v2\/pages\/1890"}],"wp:attachment":[{"href":"https:\/\/www.pagodethienminh.fr\/index.php?rest_route=%2Fwp%2Fv2%2Fmedia&parent=1895"}],"curies":[{"name":"wp","href":"https:\/\/api.w.org\/{rel}","templated":true}]}}